{"id":1686,"date":"2024-06-22T14:56:03","date_gmt":"2024-06-22T14:56:03","guid":{"rendered":"https:\/\/membraneswitchmfg.com\/manufacturer\/ul-high-temperature-resistant-certification-label\/"},"modified":"2024-06-26T00:55:30","modified_gmt":"2024-06-26T00:55:30","slug":"ul-high-temperature-resistant-certification-label","status":"publish","type":"product","link":"https:\/\/membraneswitchmfg.com\/cs\/manufacturer\/ul-high-temperature-resistant-certification-label\/","title":{"rendered":"Certifika\u010dn\u00ed \u0161t\u00edtek UL odoln\u00fd v\u016f\u010di vysok\u00fdm teplot\u00e1m"},"content":{"rendered":"<h2 class=\"\" data-sourcepos=\"1:1-1:109\">Certifika\u010dn\u00ed \u0161t\u00edtky UL odoln\u00e9 v\u016f\u010di vysok\u00fdm teplot\u00e1m: Zaji\u0161t\u011bn\u00ed bezpe\u010dnosti a odolnosti v extr\u00e9mn\u00edch prost\u0159ed\u00edch<\/h2>\n<p data-sourcepos=\"3:1-3:104\">Chra\u0148te sv\u00e9 v\u00fdrobky a zna\u010dku pomoc\u00ed \u0161t\u00edtk\u016f odoln\u00fdch v\u016f\u010di vysok\u00fdm teplot\u00e1m s certifikac\u00ed UL, kter\u00e9 odol\u00e1vaj\u00ed n\u00e1ro\u010dn\u00fdm podm\u00ednk\u00e1m.<\/p>\n<p data-sourcepos=\"5:1-5:49\"><strong>Bezkonkuren\u010dn\u00ed odolnost pro extr\u00e9mn\u00ed prost\u0159ed\u00ed<\/strong><\/p>\n<p data-sourcepos=\"7:1-7:155\">Na\u0161e etikety s certifikac\u00ed UL odoln\u00e9 v\u016f\u010di vysok\u00fdm teplot\u00e1m jsou vyrobeny z prvot\u0159\u00eddn\u00edch materi\u00e1l\u016f, kter\u00e9 vydr\u017e\u00ed nep\u0159etr\u017eit\u00e9 vystaven\u00ed teplot\u00e1m v rozmez\u00ed od -40 \u00b0C do 500 \u00b0C (-40\u00b0F a\u017e 932\u00b0F). Jsou odoln\u00e9 proti vyblednut\u00ed, roztr\u017een\u00ed a chemick\u00e9 degradaci, tak\u017ee jsou ide\u00e1ln\u00ed pro pou\u017eit\u00ed v \u0161irok\u00e9 \u0161k\u00e1le aplikac\u00ed.<\/p>\n<p data-sourcepos=\"9:1-9:38\"><strong>Certifikace UL pro klid du\u0161e<\/strong><\/p>\n<p data-sourcepos=\"11:1-11:62\">Na\u0161e \u0161t\u00edtky UL odoln\u00e9 v\u016f\u010di vysok\u00fdm teplot\u00e1m jsou p\u0159\u00edsn\u011b testov\u00e1ny a certifikov\u00e1ny spole\u010dnost\u00ed Underwriters Laboratories (UL), celosv\u011btov\u011b uzn\u00e1van\u00fdm l\u00eddrem v oblasti bezpe\u010dnostn\u00edch norem. Tato certifikace zaru\u010duje, \u017ee na\u0161e etikety spl\u0148uj\u00ed nejvy\u0161\u0161\u00ed standardy odolnosti, v\u00fdkonu a bezpe\u010dnosti.<\/p>\n<p data-sourcepos=\"13:1-13:89\"><strong>Spolupr\u00e1ce s \u010d\u00ednsk\u00fdmi dodavateli tisk\u00e1ren \u010d\u00e1rov\u00fdch k\u00f3d\u016f pro \u0161pi\u010dkovou kvalitu a odbornost<\/strong><\/p>\n<p data-sourcepos=\"15:1-15:207\">Dodavatel\u00e9 tisk\u00e1ren \u010d\u00e1rov\u00fdch k\u00f3d\u016f v \u010c\u00edn\u011b se zav\u00e1zali poskytovat sv\u00fdm z\u00e1kazn\u00edk\u016fm \u0161t\u00edtky UL s vysokou teplotn\u00ed odolnost\u00ed nejvy\u0161\u0161\u00ed kvality a odborn\u00e9 znalosti, kter\u00e9 spl\u0148uj\u00ed jejich specifick\u00e9 pot\u0159eby.<\/p>\n<p data-sourcepos=\"17:1-17:82\"><strong>Kontaktujte n\u00e1s je\u0161t\u011b dnes<\/strong> se dozv\u00edte v\u00edce o na\u0161ich \u0161t\u00edtc\u00edch UL odoln\u00fdch v\u016f\u010di vysok\u00fdm teplot\u00e1m.<\/p>","protected":false},"excerpt":{"rendered":"<p>Certifika\u010dn\u00ed \u0161t\u00edtek UL pro odolnost v\u016f\u010di vysok\u00fdm teplot\u00e1m potvrzuje, \u017ee v\u00fdrobek byl testov\u00e1n a certifikov\u00e1n spole\u010dnost\u00ed UL (Underwriters Laboratories), aby bezpe\u010dn\u011b odol\u00e1val vysok\u00fdm teplot\u00e1m.<\/p>","protected":false},"featured_media":1660,"template":"","meta":[],"product_brand":[],"product_cat":[15],"product_tag":[],"class_list":{"0":"post-1686","1":"product","2":"type-product","3":"status-publish","4":"has-post-thumbnail","6":"product_cat-print-label","8":"first","9":"instock","10":"shipping-taxable","11":"product-type-simple"},"_links":{"self":[{"href":"https:\/\/membraneswitchmfg.com\/cs\/wp-json\/wp\/v2\/product\/1686","targetHints":{"allow":["GET"]}}],"collection":[{"href":"https:\/\/membraneswitchmfg.com\/cs\/wp-json\/wp\/v2\/product"}],"about":[{"href":"https:\/\/membraneswitchmfg.com\/cs\/wp-json\/wp\/v2\/types\/product"}],"wp:featuredmedia":[{"embeddable":true,"href":"https:\/\/membraneswitchmfg.com\/cs\/wp-json\/wp\/v2\/media\/1660"}],"wp:attachment":[{"href":"https:\/\/membraneswitchmfg.com\/cs\/wp-json\/wp\/v2\/media?parent=1686"}],"wp:term":[{"taxonomy":"product_brand","embeddable":true,"href":"https:\/\/membraneswitchmfg.com\/cs\/wp-json\/wp\/v2\/product_brand?post=1686"},{"taxonomy":"product_cat","embeddable":true,"href":"https:\/\/membraneswitchmfg.com\/cs\/wp-json\/wp\/v2\/product_cat?post=1686"},{"taxonomy":"product_tag","embeddable":true,"href":"https:\/\/membraneswitchmfg.com\/cs\/wp-json\/wp\/v2\/product_tag?post=1686"}],"curies":[{"name":"wp","href":"https:\/\/api.w.org\/{rel}","templated":true}]}}