{"id":1687,"date":"2024-06-22T14:56:03","date_gmt":"2024-06-22T14:56:03","guid":{"rendered":"https:\/\/membraneswitchmfg.com\/manufacturer\/csa-high-temperature-resistant-certification-label\/"},"modified":"2024-06-26T00:55:06","modified_gmt":"2024-06-26T00:55:06","slug":"csa-high-temperature-resistant-certification-label","status":"publish","type":"product","link":"https:\/\/membraneswitchmfg.com\/cs\/manufacturer\/csa-high-temperature-resistant-certification-label\/","title":{"rendered":"Certifika\u010dn\u00ed \u0161t\u00edtek CSA odoln\u00fd v\u016f\u010di vysok\u00fdm teplot\u00e1m"},"content":{"rendered":"<h2 class=\"\" data-sourcepos=\"1:1-1:108\">Certifika\u010dn\u00ed \u0161t\u00edtky CSA odoln\u00e9 v\u016f\u010di vysok\u00fdm teplot\u00e1m: Zaji\u0161t\u011bn\u00ed shody a bezpe\u010dnosti v drsn\u00fdch prost\u0159ed\u00edch<\/h2>\n<p data-sourcepos=\"3:1-3:119\">Chra\u0148te sv\u00e9 v\u00fdrobky a zna\u010dku pomoc\u00ed \u0161t\u00edtk\u016f odoln\u00fdch v\u016f\u010di vysok\u00fdm teplot\u00e1m s certifikac\u00ed CSA, kter\u00e9 odol\u00e1vaj\u00ed extr\u00e9mn\u00edm podm\u00ednk\u00e1m.<\/p>\n<p data-sourcepos=\"5:1-5:51\"><strong>Bezkonkuren\u010dn\u00ed odolnost pro n\u00e1ro\u010dn\u00e1 prost\u0159ed\u00ed<\/strong><\/p>\n<p data-sourcepos=\"7:1-7:152\">Na\u0161e \u0161t\u00edtky CSA odoln\u00e9 v\u016f\u010di vysok\u00fdm teplot\u00e1m jsou navr\u017eeny tak, aby vydr\u017eely i ty nejn\u00e1ro\u010dn\u011bj\u0161\u00ed podm\u00ednky a zajistily, \u017ee informace o va\u0161em produktu z\u016fstanou \u010diteln\u00e9, viditeln\u00e9 a v souladu s p\u0159edpisy i p\u0159i p\u016fsoben\u00ed intenzivn\u00edho tepla, drsn\u00fdch chemik\u00e1li\u00ed a abrazivn\u00edho opot\u0159eben\u00ed. Tyto \u0161t\u00edtky jsou vyrobeny z prvot\u0159\u00eddn\u00edch materi\u00e1l\u016f a vydr\u017e\u00ed nep\u0159etr\u017eit\u00e9 vystaven\u00ed teplot\u00e1m v rozmez\u00ed od -40 \u00b0C do 500 \u00b0C (-40\u00b0F a\u017e 932\u00b0F).<\/p>\n<p data-sourcepos=\"9:1-9:23\"><strong>Certifikace CSA pro klid du\u0161e<\/strong><\/p>\n<p data-sourcepos=\"11:1-11:433\">Na\u0161e \u0161t\u00edtky CSA odoln\u00e9 v\u016f\u010di vysok\u00fdm teplot\u00e1m jsou p\u0159\u00edsn\u011b testov\u00e1ny a certifikov\u00e1ny Kanadskou asociac\u00ed pro normalizaci (CSA), kter\u00e1 je celosv\u011btov\u011b uzn\u00e1van\u00fdm l\u00eddrem v oblasti bezpe\u010dnostn\u00edch norem. Tato certifikace zaru\u010duje, \u017ee na\u0161e etikety spl\u0148uj\u00ed nejvy\u0161\u0161\u00ed standardy odolnosti, v\u00fdkonu a bezpe\u010dnosti, a poskytuje v\u00e1m tak jistotu, \u017ee identifika\u010dn\u00ed a bezpe\u010dnostn\u00ed zna\u010den\u00ed va\u0161ich v\u00fdrobk\u016f z\u016fstane neporu\u0161en\u00e9 i v t\u011bch nejn\u00e1ro\u010dn\u011bj\u0161\u00edch prost\u0159ed\u00edch.<\/p>\n<p data-sourcepos=\"13:1-13:42\"><strong>Ide\u00e1ln\u00ed pro \u0161irokou \u0161k\u00e1lu aplikac\u00ed<\/strong><\/p>\n<p data-sourcepos=\"15:1-15:91\">Na\u0161e \u0161t\u00edtky CSA odoln\u00e9 v\u016f\u010di vysok\u00fdm teplot\u00e1m jsou ide\u00e1ln\u00ed pro pou\u017eit\u00ed v \u0161irok\u00e9 \u0161k\u00e1le aplikac\u00ed, v\u010detn\u011b:<\/p>\n<ul data-sourcepos=\"17:1-22:0\">\n<li data-sourcepos=\"17:1-17:36\">Pr\u016fmyslov\u00e9 stroje a za\u0159\u00edzen\u00ed<\/li>\n<li data-sourcepos=\"18:1-18:37\">Automobilov\u00e9 a leteck\u00e9 komponenty<\/li>\n<li data-sourcepos=\"19:1-19:28\">Spot\u0159ebi\u010de a elektronika<\/li>\n<li data-sourcepos=\"20:1-20:17\">Zdravotnick\u00e9 prost\u0159edky<\/li>\n<li data-sourcepos=\"21:1-22:0\">Venkovn\u00ed zna\u010den\u00ed a \u0161t\u00edtky<\/li>\n<\/ul>\n<p data-sourcepos=\"23:1-23:89\"><strong>Spolupr\u00e1ce s \u010d\u00ednsk\u00fdmi dodavateli tisk\u00e1ren \u010d\u00e1rov\u00fdch k\u00f3d\u016f pro \u0161pi\u010dkovou kvalitu a odbornost<\/strong><\/p>\n<p data-sourcepos=\"25:1-25:353\">Dodavatel\u00e9 tisk\u00e1ren \u010d\u00e1rov\u00fdch k\u00f3d\u016f v \u010c\u00edn\u011b se zav\u00e1zali poskytovat sv\u00fdm z\u00e1kazn\u00edk\u016fm \u0161t\u00edtky CSA nejvy\u0161\u0161\u00ed kvality odoln\u00e9 v\u016f\u010di vysok\u00fdm teplot\u00e1m a odborn\u00e9 znalosti, kter\u00e9 spl\u0148uj\u00ed jejich specifick\u00e9 aplika\u010dn\u00ed pot\u0159eby. N\u00e1\u0161 t\u00fdm zku\u0161en\u00fdch odborn\u00edk\u016f v\u00e1m pom\u016f\u017ee vybrat spr\u00e1vn\u00fd materi\u00e1l \u0161t\u00edtk\u016f, lepidlo a mo\u017enosti tisku pro va\u0161e jedine\u010dn\u00e9 po\u017eadavky.<\/p>\n<p data-sourcepos=\"27:1-27:181\"><strong>Kontaktujte n\u00e1s je\u0161t\u011b dnes<\/strong> a dozv\u00edte se v\u00edce o na\u0161ich \u0161t\u00edtc\u00edch CSA odoln\u00fdch v\u016f\u010di vysok\u00fdm teplot\u00e1m a o tom, jak v\u00e1m m\u016f\u017eeme pomoci chr\u00e1nit va\u0161e v\u00fdrobky a zna\u010dku i v t\u011bch nejn\u00e1ro\u010dn\u011bj\u0161\u00edch prost\u0159ed\u00edch.<\/p>","protected":false},"excerpt":{"rendered":"<p>Certifika\u010dn\u00ed \u0161t\u00edtek odolnosti v\u016f\u010di vysok\u00fdm teplot\u00e1m CSA znamen\u00e1, \u017ee v\u00fdrobek byl testov\u00e1n a certifikov\u00e1n Kanadskou asociac\u00ed pro normalizaci (CSA), aby \u00fa\u010dinn\u011b a bezpe\u010dn\u011b odol\u00e1val vysok\u00fdm teplot\u00e1m.<\/p>","protected":false},"featured_media":1653,"template":"","meta":[],"product_brand":[],"product_cat":[15],"product_tag":[],"class_list":{"0":"post-1687","1":"product","2":"type-product","3":"status-publish","4":"has-post-thumbnail","6":"product_cat-print-label","8":"first","9":"instock","10":"shipping-taxable","11":"product-type-simple"},"_links":{"self":[{"href":"https:\/\/membraneswitchmfg.com\/cs\/wp-json\/wp\/v2\/product\/1687","targetHints":{"allow":["GET"]}}],"collection":[{"href":"https:\/\/membraneswitchmfg.com\/cs\/wp-json\/wp\/v2\/product"}],"about":[{"href":"https:\/\/membraneswitchmfg.com\/cs\/wp-json\/wp\/v2\/types\/product"}],"wp:featuredmedia":[{"embeddable":true,"href":"https:\/\/membraneswitchmfg.com\/cs\/wp-json\/wp\/v2\/media\/1653"}],"wp:attachment":[{"href":"https:\/\/membraneswitchmfg.com\/cs\/wp-json\/wp\/v2\/media?parent=1687"}],"wp:term":[{"taxonomy":"product_brand","embeddable":true,"href":"https:\/\/membraneswitchmfg.com\/cs\/wp-json\/wp\/v2\/product_brand?post=1687"},{"taxonomy":"product_cat","embeddable":true,"href":"https:\/\/membraneswitchmfg.com\/cs\/wp-json\/wp\/v2\/product_cat?post=1687"},{"taxonomy":"product_tag","embeddable":true,"href":"https:\/\/membraneswitchmfg.com\/cs\/wp-json\/wp\/v2\/product_tag?post=1687"}],"curies":[{"name":"wp","href":"https:\/\/api.w.org\/{rel}","templated":true}]}}