{"id":1688,"date":"2024-06-22T14:56:03","date_gmt":"2024-06-22T14:56:03","guid":{"rendered":"https:\/\/membraneswitchmfg.com\/manufacturer\/outdoor-sun-and-weather-resistant-certification-label\/"},"modified":"2024-06-26T00:54:35","modified_gmt":"2024-06-26T00:54:35","slug":"outdoor-sun-and-weather-resistant-certification-label","status":"publish","type":"product","link":"https:\/\/membraneswitchmfg.com\/cs\/manufacturer\/outdoor-sun-and-weather-resistant-certification-label\/","title":{"rendered":"Certifika\u010dn\u00ed \u0161t\u00edtek odolnosti proti venkovn\u00edmu slunci a pov\u011btrnostn\u00edm vliv\u016fm"},"content":{"rendered":"<h2 class=\"\" data-sourcepos=\"1:1-1:103\">Certifika\u010dn\u00ed \u0161t\u00edtky odoln\u00e9 proti venkovn\u00edmu slunci a pov\u011btrnostn\u00edm vliv\u016fm: Trval\u00e1 ochrana pro va\u0161e venkovn\u00ed zna\u010den\u00ed<\/h2>\n<p data-sourcepos=\"3:1-3:110\">Chra\u0148te sv\u00e9 venkovn\u00ed zna\u010den\u00ed a \u0161t\u00edtky p\u0159ed nep\u0159\u00edzniv\u00fdmi vlivy pomoc\u00ed na\u0161ich odoln\u00fdch certifika\u010dn\u00edch \u0161t\u00edtk\u016f odoln\u00fdch proti pov\u011btrnostn\u00edm vliv\u016fm. Na\u0161e \u0161t\u00edtky jsou navr\u017eeny tak, aby odolaly ne\u00faprosn\u00e9mu slunci, de\u0161ti, v\u011btru a extr\u00e9mn\u00edm teplot\u00e1m, a zaji\u0161\u0165uj\u00ed, \u017ee va\u0161e d\u016fle\u017eit\u00e1 sd\u011blen\u00ed z\u016fstanou jasn\u00e1, viditeln\u00e1 a v souladu s p\u0159edpisy po mnoho let.<\/p>\n<p data-sourcepos=\"5:1-5:49\"><strong>Bezkonkuren\u010dn\u00ed odolnost pro venkovn\u00ed prost\u0159ed\u00ed<\/strong><\/p>\n<p data-sourcepos=\"7:1-7:266\">Na\u0161e venkovn\u00ed certifika\u010dn\u00ed \u0161t\u00edtky odoln\u00e9 proti slunci a pov\u011btrnostn\u00edm vliv\u016fm jsou vyrobeny z prvot\u0159\u00eddn\u00edch materi\u00e1l\u016f a vyu\u017e\u00edvaj\u00ed pokro\u010dil\u00e9 tiskov\u00e9 techniky. Jsou odoln\u00e9 proti vyblednut\u00ed, roztr\u017een\u00ed a chemick\u00e9 degradaci, a to i v t\u011bch nejn\u00e1ro\u010dn\u011bj\u0161\u00edch venkovn\u00edch podm\u00ednk\u00e1ch.<\/p>\n<p data-sourcepos=\"9:1-9:50\"><strong>Ide\u00e1ln\u00ed pro \u0161irokou \u0161k\u00e1lu venkovn\u00edch aplikac\u00ed<\/strong><\/p>\n<p data-sourcepos=\"11:1-11:113\">Na\u0161e venkovn\u00ed certifika\u010dn\u00ed \u0161t\u00edtky odoln\u00e9 proti slunci a pov\u011btrnostn\u00edm vliv\u016fm jsou ide\u00e1ln\u00ed pro \u0161irokou \u0161k\u00e1lu aplikac\u00ed, v\u010detn\u011b:<\/p>\n<ul data-sourcepos=\"13:1-18:0\">\n<li data-sourcepos=\"13:1-13:35\"><strong>Identifika\u010dn\u00ed \u0161t\u00edtky v\u00fdrobk\u016f<\/strong><\/li>\n<li data-sourcepos=\"14:1-14:38\"><strong>Bezpe\u010dnostn\u00ed upozorn\u011bn\u00ed a pokyny<\/strong><\/li>\n<li data-sourcepos=\"15:1-15:36\"><strong>Ozna\u010den\u00ed shody s p\u0159edpisy<\/strong><\/li>\n<li data-sourcepos=\"16:1-16:27\"><strong>\u0160t\u00edtky pro sledov\u00e1n\u00ed majetku<\/strong><\/li>\n<li data-sourcepos=\"17:1-18:0\"><strong>Propaga\u010dn\u00ed a marketingov\u00e9 zna\u010den\u00ed<\/strong><\/li>\n<\/ul>\n<p data-sourcepos=\"19:1-19:89\"><strong>Spolupr\u00e1ce s \u010d\u00ednsk\u00fdmi dodavateli tisk\u00e1ren \u010d\u00e1rov\u00fdch k\u00f3d\u016f pro \u0161pi\u010dkovou kvalitu a odbornost<\/strong><\/p>\n<p data-sourcepos=\"21:1-21:183\">Dodavatel\u00e9 tisk\u00e1ren \u010d\u00e1rov\u00fdch k\u00f3d\u016f v \u010c\u00edn\u011b se zav\u00e1zali poskytovat sv\u00fdm z\u00e1kazn\u00edk\u016fm certifika\u010dn\u00ed \u0161t\u00edtky nejvy\u0161\u0161\u00ed kvality odoln\u00e9 proti slune\u010dn\u00edmu z\u00e1\u0159en\u00ed a pov\u011btrnostn\u00edm vliv\u016fm a odborn\u00e9 znalosti, kter\u00e9 spl\u0148uj\u00ed jejich specifick\u00e9 aplika\u010dn\u00ed pot\u0159eby. N\u00e1\u0161 t\u00fdm zku\u0161en\u00fdch odborn\u00edk\u016f v\u00e1m pom\u016f\u017ee vybrat spr\u00e1vn\u00fd materi\u00e1l \u0161t\u00edtk\u016f, lepidlo a mo\u017enosti tisku pro va\u0161e jedine\u010dn\u00e9 po\u017eadavky.<\/p>\n<p data-sourcepos=\"23:1-23:182\"><strong>Kontaktujte n\u00e1s je\u0161t\u011b dnes<\/strong> a dozv\u00edte se v\u00edce o na\u0161ich certifika\u010dn\u00edch \u0161t\u00edtc\u00edch odoln\u00fdch proti venkovn\u00edmu slunci a pov\u011btrnostn\u00edm vliv\u016fm a o tom, jak v\u00e1m m\u016f\u017eeme pomoci ochr\u00e1nit va\u0161e venkovn\u00ed zna\u010den\u00ed a \u0161t\u00edtky p\u0159ed pov\u011btrnostn\u00edmi vlivy.<\/p>","protected":false},"excerpt":{"rendered":"<p>Certifika\u010dn\u00ed \u0161t\u00edtek odolnosti proti venkovn\u00edmu slunci a pov\u011btrnostn\u00edm vliv\u016fm ozna\u010duje, \u017ee v\u00fdrobek byl testov\u00e1n a certifikov\u00e1n tak, aby vydr\u017eel vystaven\u00ed slune\u010dn\u00edmu z\u00e1\u0159en\u00ed a r\u016fzn\u00fdm pov\u011btrnostn\u00edm podm\u00ednk\u00e1m p\u0159i zachov\u00e1n\u00ed jeho v\u00fdkonu a trvanlivosti.<\/p>","protected":false},"featured_media":1655,"template":"","meta":[],"product_brand":[],"product_cat":[15],"product_tag":[],"class_list":{"0":"post-1688","1":"product","2":"type-product","3":"status-publish","4":"has-post-thumbnail","6":"product_cat-print-label","8":"first","9":"instock","10":"shipping-taxable","11":"product-type-simple"},"_links":{"self":[{"href":"https:\/\/membraneswitchmfg.com\/cs\/wp-json\/wp\/v2\/product\/1688","targetHints":{"allow":["GET"]}}],"collection":[{"href":"https:\/\/membraneswitchmfg.com\/cs\/wp-json\/wp\/v2\/product"}],"about":[{"href":"https:\/\/membraneswitchmfg.com\/cs\/wp-json\/wp\/v2\/types\/product"}],"wp:featuredmedia":[{"embeddable":true,"href":"https:\/\/membraneswitchmfg.com\/cs\/wp-json\/wp\/v2\/media\/1655"}],"wp:attachment":[{"href":"https:\/\/membraneswitchmfg.com\/cs\/wp-json\/wp\/v2\/media?parent=1688"}],"wp:term":[{"taxonomy":"product_brand","embeddable":true,"href":"https:\/\/membraneswitchmfg.com\/cs\/wp-json\/wp\/v2\/product_brand?post=1688"},{"taxonomy":"product_cat","embeddable":true,"href":"https:\/\/membraneswitchmfg.com\/cs\/wp-json\/wp\/v2\/product_cat?post=1688"},{"taxonomy":"product_tag","embeddable":true,"href":"https:\/\/membraneswitchmfg.com\/cs\/wp-json\/wp\/v2\/product_tag?post=1688"}],"curies":[{"name":"wp","href":"https:\/\/api.w.org\/{rel}","templated":true}]}}