{"id":1689,"date":"2024-06-22T14:56:03","date_gmt":"2024-06-22T14:56:03","guid":{"rendered":"https:\/\/membraneswitchmfg.com\/manufacturer\/outdoor-warning-signs\/"},"modified":"2024-06-26T00:53:33","modified_gmt":"2024-06-26T00:53:33","slug":"outdoor-warning-signs","status":"publish","type":"product","link":"https:\/\/membraneswitchmfg.com\/cs\/manufacturer\/outdoor-warning-signs\/","title":{"rendered":"Venkovn\u00ed v\u00fdstra\u017en\u00e9 zna\u010dky"},"content":{"rendered":"<h2 class=\"\" data-sourcepos=\"1:1-1:84\">Venkovn\u00ed v\u00fdstra\u017en\u00e9 zna\u010dky: Zvy\u0161ov\u00e1n\u00ed bezpe\u010dnosti a komunikace ve venkovn\u00edm prost\u0159ed\u00ed<\/h2>\n<p data-sourcepos=\"3:1-3:144\">Pomoc\u00ed na\u0161ich odoln\u00fdch a p\u0159izp\u016fsobiteln\u00fdch venkovn\u00edch v\u00fdstra\u017en\u00fdch zna\u010dek m\u016f\u017eete \u00fa\u010dinn\u011b informovat o potenci\u00e1ln\u00edch nebezpe\u010d\u00edch a d\u016fle\u017eit\u00fdch informac\u00edch ve venkovn\u00edm prost\u0159ed\u00ed. Na\u0161e zna\u010dky jsou navr\u017eeny tak, aby odolaly n\u00e1ro\u010dn\u00fdm podm\u00ednk\u00e1m venkovn\u00edho prost\u0159ed\u00ed, a zaji\u0161\u0165uj\u00ed, \u017ee va\u0161e sd\u011blen\u00ed z\u016fstanou jasn\u00e1, viditeln\u00e1 a upoutaj\u00ed pozornost i za nep\u0159\u00edzniv\u00fdch pov\u011btrnostn\u00edch podm\u00ednek.<\/p>\n<p data-sourcepos=\"5:1-5:49\"><strong>Bezkonkuren\u010dn\u00ed odolnost pro venkovn\u00ed prost\u0159ed\u00ed<\/strong><\/p>\n<p data-sourcepos=\"7:1-7:133\">Na\u0161e venkovn\u00ed v\u00fdstra\u017en\u00e9 zna\u010dky jsou vyrobeny z vysoce kvalitn\u00edch materi\u00e1l\u016f a vyu\u017e\u00edvaj\u00ed pokro\u010dil\u00e9 tiskov\u00e9 techniky. Jsou odoln\u00e9 proti vyblednut\u00ed, roztr\u017een\u00ed a chemick\u00e9 degradaci, co\u017e zaru\u010duje, \u017ee va\u0161e sd\u011blen\u00ed z\u016fstanou viditeln\u00e1 a \u00fa\u010dinn\u00e1 po mnoho let.<\/p>\n<p data-sourcepos=\"9:1-9:44\"><strong>P\u0159izp\u016fsoben\u00ed va\u0161im specifick\u00fdm pot\u0159eb\u00e1m<\/strong><\/p>\n<p data-sourcepos=\"11:1-11:86\">Nab\u00edz\u00edme \u0161irokou \u0161k\u00e1lu mo\u017enost\u00ed p\u0159izp\u016fsoben\u00ed va\u0161im specifick\u00fdm pot\u0159eb\u00e1m, v\u010detn\u011b:<\/p>\n<ul data-sourcepos=\"13:1-17:0\">\n<li data-sourcepos=\"13:1-13:60\"><strong>R\u016fzn\u00e9 velikosti a tvary, kter\u00e9 se hod\u00ed pro jakoukoli zpr\u00e1vu<\/strong><\/li>\n<li data-sourcepos=\"14:1-14:49\"><strong>Plnobarevn\u00fd tisk pro p\u016fsobiv\u00e9 vizu\u00e1ln\u00ed efekty<\/strong><\/li>\n<li data-sourcepos=\"15:1-15:67\"><strong>P\u0159izp\u016fsobiteln\u00fd text a grafika pro jasn\u00e9 p\u0159ed\u00e1n\u00ed va\u0161eho sd\u011blen\u00ed<\/strong><\/li>\n<li data-sourcepos=\"16:1-17:0\"><strong>V\u00fdb\u011br materi\u00e1l\u016f, kter\u00e9 vyhovuj\u00ed va\u0161emu prost\u0159ed\u00ed<\/strong><\/li>\n<\/ul>\n<p data-sourcepos=\"18:1-18:50\"><strong>Ide\u00e1ln\u00ed pro \u0161irokou \u0161k\u00e1lu venkovn\u00edch aplikac\u00ed<\/strong><\/p>\n<p data-sourcepos=\"20:1-20:80\">Na\u0161e venkovn\u00ed v\u00fdstra\u017en\u00e9 zna\u010dky jsou ide\u00e1ln\u00ed pro \u0161irokou \u0161k\u00e1lu pou\u017eit\u00ed, v\u010detn\u011b:<\/p>\n<ul data-sourcepos=\"22:1-22:10\">\n<li data-sourcepos=\"22:1-22:10\"><strong>Bezpe\u010dnostn\u00ed upozorn\u011bn\u00ed a pokyny<\/strong><\/li>\n<li data-sourcepos=\"23:1-23:36\"><strong>Ozna\u010den\u00ed shody s p\u0159edpisy<\/strong><\/li>\n<li data-sourcepos=\"24:1-24:47\"><strong>Ozna\u010den\u00ed nebezpe\u010d\u00ed a v\u00fdstra\u017en\u00e9 zna\u010dky<\/strong><\/li>\n<li data-sourcepos=\"25:1-25:43\"><strong>Sm\u011brov\u00e9 a informa\u010dn\u00ed zna\u010den\u00ed<\/strong><\/li>\n<li data-sourcepos=\"26:1-27:0\"><strong>Ozna\u010den\u00ed staveni\u0161t\u011b<\/strong><\/li>\n<\/ul>\n<p data-sourcepos=\"28:1-28:89\"><strong>Spolupr\u00e1ce s \u010d\u00ednsk\u00fdmi dodavateli tisk\u00e1ren \u010d\u00e1rov\u00fdch k\u00f3d\u016f pro \u0161pi\u010dkovou kvalitu a odbornost<\/strong><\/p>\n<p data-sourcepos=\"30:1-30:309\">Dodavatel\u00e9 tisk\u00e1ren \u010d\u00e1rov\u00fdch k\u00f3d\u016f v \u010c\u00edn\u011b se zav\u00e1zali poskytovat sv\u00fdm z\u00e1kazn\u00edk\u016fm nejkvalitn\u011bj\u0161\u00ed venkovn\u00ed v\u00fdstra\u017en\u00e9 zna\u010dky a odborn\u00e9 znalosti pro spln\u011bn\u00ed jejich specifick\u00fdch aplika\u010dn\u00edch pot\u0159eb. N\u00e1\u0161 t\u00fdm zku\u0161en\u00fdch odborn\u00edk\u016f v\u00e1m pom\u016f\u017ee navrhnout a vytvo\u0159it dokonal\u00e9 zna\u010dky pro va\u0161e jedine\u010dn\u00e9 po\u017eadavky.<\/p>\n<p data-sourcepos=\"32:1-32:148\"><strong>Kontaktujte n\u00e1s je\u0161t\u011b dnes<\/strong> a dozv\u00edte se v\u00edce o na\u0161ich venkovn\u00edch v\u00fdstra\u017en\u00fdch zna\u010dk\u00e1ch a o tom, jak v\u00e1m m\u016f\u017eeme pomoci zv\u00fd\u0161it bezpe\u010dnost a komunikaci ve venkovn\u00edm prost\u0159ed\u00ed.<\/p>","protected":false},"excerpt":{"rendered":"<p>Venkovn\u00ed v\u00fdstra\u017en\u00e9 zna\u010dky jsou speci\u00e1ln\u011b navr\u017een\u00e9 zna\u010dky um\u00edst\u011bn\u00e9 ve venkovn\u00edm prost\u0159ed\u00ed, kter\u00e9 informuj\u00ed o nebezpe\u010d\u00ed, poskytuj\u00ed pokyny nebo sd\u011bluj\u00ed d\u016fle\u017eit\u00e9 informace. Tyto zna\u010dky maj\u00ed z\u00e1sadn\u00ed v\u00fdznam pro udr\u017een\u00ed bezpe\u010dnosti a po\u0159\u00e1dku v oblastech, kde faktory prost\u0159ed\u00ed a potenci\u00e1ln\u00ed nebezpe\u010d\u00ed p\u0159edstavuj\u00ed riziko pro osoby nebo majetek.<\/p>","protected":false},"featured_media":1656,"template":"","meta":[],"product_brand":[],"product_cat":[15],"product_tag":[],"class_list":{"0":"post-1689","1":"product","2":"type-product","3":"status-publish","4":"has-post-thumbnail","6":"product_cat-print-label","8":"first","9":"instock","10":"shipping-taxable","11":"product-type-simple"},"_links":{"self":[{"href":"https:\/\/membraneswitchmfg.com\/cs\/wp-json\/wp\/v2\/product\/1689","targetHints":{"allow":["GET"]}}],"collection":[{"href":"https:\/\/membraneswitchmfg.com\/cs\/wp-json\/wp\/v2\/product"}],"about":[{"href":"https:\/\/membraneswitchmfg.com\/cs\/wp-json\/wp\/v2\/types\/product"}],"wp:featuredmedia":[{"embeddable":true,"href":"https:\/\/membraneswitchmfg.com\/cs\/wp-json\/wp\/v2\/media\/1656"}],"wp:attachment":[{"href":"https:\/\/membraneswitchmfg.com\/cs\/wp-json\/wp\/v2\/media?parent=1689"}],"wp:term":[{"taxonomy":"product_brand","embeddable":true,"href":"https:\/\/membraneswitchmfg.com\/cs\/wp-json\/wp\/v2\/product_brand?post=1689"},{"taxonomy":"product_cat","embeddable":true,"href":"https:\/\/membraneswitchmfg.com\/cs\/wp-json\/wp\/v2\/product_cat?post=1689"},{"taxonomy":"product_tag","embeddable":true,"href":"https:\/\/membraneswitchmfg.com\/cs\/wp-json\/wp\/v2\/product_tag?post=1689"}],"curies":[{"name":"wp","href":"https:\/\/api.w.org\/{rel}","templated":true}]}}