{"id":1691,"date":"2024-06-22T14:56:03","date_gmt":"2024-06-22T14:56:03","guid":{"rendered":"https:\/\/membraneswitchmfg.com\/manufacturer\/anti-counterfeiting-anti-theft-label\/"},"modified":"2024-06-26T00:51:33","modified_gmt":"2024-06-26T00:51:33","slug":"anti-counterfeiting-anti-theft-label","status":"publish","type":"product","link":"https:\/\/membraneswitchmfg.com\/cs\/manufacturer\/anti-counterfeiting-anti-theft-label\/","title":{"rendered":"\u0160t\u00edtek proti pad\u011bl\u00e1n\u00ed a kr\u00e1de\u017ei"},"content":{"rendered":"<h2 class=\"\" data-sourcepos=\"1:1-1:76\">\u0160t\u00edtky proti pad\u011bl\u00e1n\u00ed a kr\u00e1de\u017ei: Chra\u0148te sv\u00e9 v\u00fdrobky a zna\u010dku<\/h2>\n<p data-sourcepos=\"3:1-3:90\">Chra\u0148te sv\u00e9 v\u00fdrobky a pov\u011bst zna\u010dky pomoc\u00ed na\u0161ich inovativn\u00edch etiket proti pad\u011bl\u00e1n\u00ed a kr\u00e1de\u017ei. Tyto pokro\u010dil\u00e9 etikety jsou navr\u017eeny tak, aby br\u00e1nily pad\u011bl\u00e1n\u00ed, p\u0159edch\u00e1zely kr\u00e1de\u017e\u00edm a zaji\u0161\u0165ovaly pravost va\u0161ich v\u00fdrobk\u016f, \u010d\u00edm\u017e poskytuj\u00ed klid v\u00e1m i va\u0161im z\u00e1kazn\u00edk\u016fm.<\/p>\n<p data-sourcepos=\"5:1-5:31\"><strong>Bezkonkuren\u010dn\u00ed bezpe\u010dnostn\u00ed funkce<\/strong><\/p>\n<p data-sourcepos=\"7:1-7:110\">Na\u0161e etikety proti pad\u011bl\u00e1n\u00ed a kr\u00e1de\u017ei obsahuj\u00ed \u0159adu sofistikovan\u00fdch bezpe\u010dnostn\u00edch prvk\u016f, v\u010detn\u011b:<\/p>\n<ul data-sourcepos=\"9:1-11:15\">\n<li data-sourcepos=\"9:1-9:85\"><strong>Jedine\u010dn\u00e9 vzory s ochranou proti neopr\u00e1vn\u011bn\u00e9 manipulaci<\/strong> kter\u00e9 se po odstran\u011bn\u00ed rozbij\u00ed nebo odhal\u00ed skryt\u00e9 zpr\u00e1vy<\/li>\n<li data-sourcepos=\"10:1-10:66\"><strong>Vlo\u017een\u00fd mikrotext<\/strong> kter\u00e1 je viditeln\u00e1 pouze p\u0159i zv\u011bt\u0161en\u00ed<\/li>\n<li data-sourcepos=\"11:1-11:15\"><strong>Holografick\u00e9 obrazy<\/strong> kter\u00e9 nelze replikovat<\/li>\n<li data-sourcepos=\"12:1-13:0\"><strong>Specializovan\u00e9 inkousty<\/strong> kter\u00e9 reaguj\u00ed na specifick\u00e9 chemik\u00e1lie nebo rozpou\u0161t\u011bdla.<\/li>\n<\/ul>\n<p data-sourcepos=\"14:1-14:152\">Tyto vlastnosti prakticky znemo\u017e\u0148uj\u00ed pad\u011blatel\u016fm kop\u00edrovat va\u0161e etikety a chr\u00e1n\u00ed va\u0161e v\u00fdrobky a zna\u010dku p\u0159ed neopr\u00e1vn\u011bn\u00fdm napodobov\u00e1n\u00edm.<\/p>\n<p data-sourcepos=\"16:1-16:49\"><strong>V\u0161estrann\u00e9 aplikace pro ochranu v\u00fdrobk\u016f<\/strong><\/p>\n<p data-sourcepos=\"18:1-18:99\">Na\u0161e etikety proti pad\u011bl\u00e1n\u00ed a kr\u00e1de\u017ei jsou vhodn\u00e9 pro \u0161irokou \u0161k\u00e1lu aplikac\u00ed, v\u010detn\u011b:<\/p>\n<ul data-sourcepos=\"20:1-23:1\">\n<li data-sourcepos=\"20:1-20:45\"><strong>Farmaceutick\u00e9 a zdravotnick\u00e9 v\u00fdrobky<\/strong><\/li>\n<li data-sourcepos=\"21:1-21:36\"><strong>Elektronika a spot\u0159ebn\u00ed zbo\u017e\u00ed<\/strong><\/li>\n<li data-sourcepos=\"22:1-22:32\"><strong>Luxusn\u00ed zbo\u017e\u00ed a kosmetika<\/strong><\/li>\n<li data-sourcepos=\"23:1-23:1\"><strong>Pr\u016fmyslov\u00e9 komponenty a stroje<\/strong><\/li>\n<li data-sourcepos=\"24:1-25:0\"><strong>Software a digit\u00e1ln\u00ed produkty<\/strong><\/li>\n<\/ul>\n<p data-sourcepos=\"26:1-26:166\">Pou\u017eit\u00edm na\u0161ich \u0161t\u00edtk\u016f na sv\u00e9 v\u00fdrobky m\u016f\u017eete zabr\u00e1nit pad\u011bl\u00e1n\u00ed, zabr\u00e1nit kr\u00e1de\u017e\u00edm a zajistit, aby va\u0161i z\u00e1kazn\u00edci dost\u00e1vali origin\u00e1ln\u00ed v\u00fdrobky z autorizovan\u00fdch zdroj\u016f.<\/p>\n<p data-sourcepos=\"28:1-28:89\"><strong>Spolupr\u00e1ce s \u010d\u00ednsk\u00fdmi dodavateli tisk\u00e1ren \u010d\u00e1rov\u00fdch k\u00f3d\u016f pro \u0161pi\u010dkovou kvalitu a odbornost<\/strong><\/p>\n<p data-sourcepos=\"30:1-30:362\">Dodavatel\u00e9 tisk\u00e1ren \u010d\u00e1rov\u00fdch k\u00f3d\u016f v \u010c\u00edn\u011b se zav\u00e1zali poskytovat sv\u00fdm z\u00e1kazn\u00edk\u016fm \u0161t\u00edtky proti pad\u011bl\u00e1n\u00ed a kr\u00e1de\u017ei nejvy\u0161\u0161\u00ed kvality a odborn\u00e9 znalosti, kter\u00e9 spl\u0148uj\u00ed jejich specifick\u00e9 pot\u0159eby. N\u00e1\u0161 t\u00fdm zku\u0161en\u00fdch odborn\u00edk\u016f v\u00e1m pom\u016f\u017ee vybrat spr\u00e1vn\u00fd materi\u00e1l \u0161t\u00edtk\u016f, bezpe\u010dnostn\u00ed prvky a mo\u017enosti tisku pro va\u0161e jedine\u010dn\u00e9 po\u017eadavky.<\/p>\n<p data-sourcepos=\"32:1-32:169\"><strong>Kontaktujte n\u00e1s je\u0161t\u011b dnes<\/strong> a dozv\u00edte se v\u00edce o na\u0161ich etiket\u00e1ch proti pad\u011bl\u00e1n\u00ed a kr\u00e1de\u017ei a o tom, jak v\u00e1m m\u016f\u017eeme pomoci ochr\u00e1nit va\u0161e v\u00fdrobky a zna\u010dku p\u0159ed pad\u011bl\u00e1n\u00edm a kr\u00e1de\u017e\u00ed.<\/p>\n<p data-sourcepos=\"34:1-34:80\"><strong>Dal\u0161\u00ed kl\u00ed\u010dov\u00e1 slova:<\/strong> tisk\u00e1rna \u0161t\u00edtk\u016f, spole\u010dnost zab\u00fdvaj\u00edc\u00ed se tiskem \u0161t\u00edtk\u016f proti pad\u011bl\u00e1n\u00ed<\/p>","protected":false},"excerpt":{"rendered":"<p>\u0160t\u00edtky proti pad\u011bl\u00e1n\u00ed a kr\u00e1de\u017ei jsou specializovan\u00e9 bezpe\u010dnostn\u00ed zna\u010dky a ozna\u010den\u00ed ur\u010den\u00e9 k ochran\u011b v\u00fdrobk\u016f a majetku p\u0159ed neopr\u00e1vn\u011bnou reprodukc\u00ed, kr\u00e1de\u017e\u00ed a manipulac\u00ed. Tyto \u0161t\u00edtky obsahuj\u00ed pokro\u010dil\u00e9 technologie, kter\u00e9 ov\u011b\u0159uj\u00ed pravost, zabra\u0148uj\u00ed pad\u011bl\u00e1n\u00ed a br\u00e1n\u00ed kr\u00e1de\u017e\u00edm, \u010d\u00edm\u017e zaji\u0161\u0165uj\u00ed integritu a bezpe\u010dnost zbo\u017e\u00ed v r\u016fzn\u00fdch odv\u011btv\u00edch.<\/p>","protected":false},"featured_media":1652,"template":"","meta":[],"product_brand":[],"product_cat":[15],"product_tag":[],"class_list":{"0":"post-1691","1":"product","2":"type-product","3":"status-publish","4":"has-post-thumbnail","6":"product_cat-print-label","8":"first","9":"instock","10":"shipping-taxable","11":"product-type-simple"},"_links":{"self":[{"href":"https:\/\/membraneswitchmfg.com\/cs\/wp-json\/wp\/v2\/product\/1691","targetHints":{"allow":["GET"]}}],"collection":[{"href":"https:\/\/membraneswitchmfg.com\/cs\/wp-json\/wp\/v2\/product"}],"about":[{"href":"https:\/\/membraneswitchmfg.com\/cs\/wp-json\/wp\/v2\/types\/product"}],"wp:featuredmedia":[{"embeddable":true,"href":"https:\/\/membraneswitchmfg.com\/cs\/wp-json\/wp\/v2\/media\/1652"}],"wp:attachment":[{"href":"https:\/\/membraneswitchmfg.com\/cs\/wp-json\/wp\/v2\/media?parent=1691"}],"wp:term":[{"taxonomy":"product_brand","embeddable":true,"href":"https:\/\/membraneswitchmfg.com\/cs\/wp-json\/wp\/v2\/product_brand?post=1691"},{"taxonomy":"product_cat","embeddable":true,"href":"https:\/\/membraneswitchmfg.com\/cs\/wp-json\/wp\/v2\/product_cat?post=1691"},{"taxonomy":"product_tag","embeddable":true,"href":"https:\/\/membraneswitchmfg.com\/cs\/wp-json\/wp\/v2\/product_tag?post=1691"}],"curies":[{"name":"wp","href":"https:\/\/api.w.org\/{rel}","templated":true}]}}