{"id":1692,"date":"2024-06-22T14:56:03","date_gmt":"2024-06-22T14:56:03","guid":{"rendered":"https:\/\/membraneswitchmfg.com\/manufacturer\/variability-qr-code-label\/"},"modified":"2024-06-26T00:51:06","modified_gmt":"2024-06-26T00:51:06","slug":"variability-qr-code-label","status":"publish","type":"product","link":"https:\/\/membraneswitchmfg.com\/cs\/manufacturer\/variability-qr-code-label\/","title":{"rendered":"\u0160t\u00edtek s k\u00f3dem QR pro variabilitu"},"content":{"rendered":"<div class=\"response-container ng-tns-c1921205209-93 ng-star-inserted response-container-has-multiple-responses\">\n<div class=\"presented-response-container ng-tns-c1921205209-93\">\n<div class=\"response-container-content ng-tns-c1921205209-93 tunable-selection-with-avatar\">\n<div class=\"response-content ng-tns-c1921205209-93\">\n<div class=\"markdown markdown-main-panel\" dir=\"ltr\">\n<h2 class=\"\" data-sourcepos=\"1:1-1:69\">Variabiln\u00ed QR k\u00f3dov\u00e9 \u0161t\u00edtky: Dynamick\u00e1 data a bezkonkuren\u010dn\u00ed univerz\u00e1lnost<\/h2>\n<p data-sourcepos=\"3:1-3:133\">Pozvedn\u011bte sv\u00e9 mo\u017enosti ozna\u010dov\u00e1n\u00ed a spr\u00e1vy dat s na\u0161imi inovativn\u00edmi variabiln\u00edmi QR k\u00f3dov\u00fdmi \u0161t\u00edtky. Tyto univerz\u00e1ln\u00ed \u0161t\u00edtky nab\u00edzej\u00ed jedine\u010dn\u00e9 \u0159e\u0161en\u00ed pro aplikace vy\u017eaduj\u00edc\u00ed dynamick\u00e1 data a personalizovan\u00e9 informace a poskytuj\u00ed v\u00fdkonn\u00fd n\u00e1stroj pro \u0161irokou \u0161k\u00e1lu pr\u016fmyslov\u00fdch odv\u011btv\u00ed.<\/p>\n<p data-sourcepos=\"5:1-5:50\"><strong>Bezkonkuren\u010dn\u00ed univerz\u00e1lnost pro r\u016fzn\u00e9 aplikace<\/strong><\/p>\n<p data-sourcepos=\"7:1-7:175\">Variabiln\u00ed QR k\u00f3dov\u00e9 \u0161t\u00edtky jsou ide\u00e1ln\u00ed pro aplikace, kde data mus\u00ed b\u00fdt jedine\u010dn\u00e1 nebo se \u010dasto m\u011bnit. Ka\u017ed\u00fd \u0161t\u00edtek obsahuje jedine\u010dn\u00fd QR k\u00f3d, kter\u00fd lze propojit s konkr\u00e9tn\u00ed datab\u00e1z\u00ed nebo webovou str\u00e1nkou, co\u017e v\u00e1m umo\u017en\u00ed ukl\u00e1dat a p\u0159istupovat k obrovsk\u00e9mu mno\u017estv\u00ed dynamick\u00fdch informac\u00ed. D\u00edky tomu jsou ide\u00e1ln\u00ed pro:<\/p>\n<ul data-sourcepos=\"9:1-10:1\">\n<li data-sourcepos=\"9:1-9:47\"><strong>Sledov\u00e1n\u00ed produkt\u016f a \u0159\u00edzen\u00ed z\u00e1sob<\/strong><\/li>\n<li data-sourcepos=\"10:1-10:1\"><strong>Marketingov\u00e9 kampan\u011b a personalizovan\u00e9 propaga\u010dn\u00ed akce<\/strong><\/li>\n<li data-sourcepos=\"11:1-11:39\"><strong>Sledov\u00e1n\u00ed a identifikace majetku<\/strong><\/li>\n<li data-sourcepos=\"12:1-12:43\"><strong>\u0158\u00edzen\u00ed dodavatelsk\u00e9ho \u0159et\u011bzce a logistika<\/strong><\/li>\n<li data-sourcepos=\"13:1-14:0\"><strong>Ov\u011b\u0159ov\u00e1n\u00ed a opat\u0159en\u00ed proti pad\u011bl\u00e1n\u00ed<\/strong><\/li>\n<\/ul>\n<p data-sourcepos=\"15:1-15:89\"><strong>Spolupr\u00e1ce s \u010d\u00ednsk\u00fdmi dodavateli tisk\u00e1ren \u010d\u00e1rov\u00fdch k\u00f3d\u016f pro \u0161pi\u010dkovou kvalitu a odbornost<\/strong><\/p>\n<p data-sourcepos=\"17:1-17:348\">Ve spole\u010dnosti China Label Barcode Printer Suppliers jsme odhodl\u00e1ni poskytovat na\u0161im z\u00e1kazn\u00edk\u016fm nejkvalitn\u011bj\u0161\u00ed variabiln\u00ed QR k\u00f3dov\u00e9 \u0161t\u00edtky a odborn\u00e9 znalosti, abychom splnili jejich specifick\u00e9 aplika\u010dn\u00ed pot\u0159eby. N\u00e1\u0161 t\u00fdm zku\u0161en\u00fdch odborn\u00edk\u016f v\u00e1m m\u016f\u017ee pomoci vybrat spr\u00e1vn\u00fd materi\u00e1l \u0161t\u00edtku, form\u00e1t QR k\u00f3du a mo\u017enosti tisku pro va\u0161e jedine\u010dn\u00e9 po\u017eadavky.<\/p>\n<p data-sourcepos=\"19:1-19:127\"><strong>Kontaktujte n\u00e1s je\u0161t\u011b dnes<\/strong> Chcete-li se dozv\u011bd\u011bt v\u00edce o na\u0161ich variabiln\u00edch QR k\u00f3dov\u00fdch \u0161t\u00edtc\u00edch a o tom, jak v\u00e1m m\u016f\u017eeme pomoci zefektivnit spr\u00e1vu dat a vylep\u0161it mo\u017enosti ozna\u010dov\u00e1n\u00ed.<\/p>\n<\/div>\n<\/div>\n<\/div>\n<\/div>\n<\/div>","protected":false},"excerpt":{"rendered":"<p>Prom\u011bnn\u00e9 \u0161t\u00edtky s QR k\u00f3dy jsou specializovan\u00e9 \u0161t\u00edtky, kter\u00e9 obsahuj\u00ed jedine\u010dn\u00e9 k\u00f3dy Quick Response (QR) na ka\u017ed\u00e9m jednotliv\u00e9m \u0161t\u00edtku. Tyto QR k\u00f3dy obsahuj\u00ed prom\u011bnn\u00e1 data, co\u017e znamen\u00e1, \u017ee ka\u017ed\u00fd k\u00f3d m\u016f\u017ee ukl\u00e1dat r\u016fzn\u00e9 informace, d\u00edky \u010demu\u017e jsou ide\u00e1ln\u00ed pro aplikace, kter\u00e9 vy\u017eaduj\u00ed jedine\u010dn\u00e9 identifik\u00e1tory, sledovateln\u00e1 data nebo personalizovan\u00e9 informace.<\/p>","protected":false},"featured_media":1661,"template":"","meta":[],"product_brand":[],"product_cat":[15],"product_tag":[],"class_list":{"0":"post-1692","1":"product","2":"type-product","3":"status-publish","4":"has-post-thumbnail","6":"product_cat-print-label","8":"first","9":"instock","10":"shipping-taxable","11":"product-type-simple"},"_links":{"self":[{"href":"https:\/\/membraneswitchmfg.com\/cs\/wp-json\/wp\/v2\/product\/1692","targetHints":{"allow":["GET"]}}],"collection":[{"href":"https:\/\/membraneswitchmfg.com\/cs\/wp-json\/wp\/v2\/product"}],"about":[{"href":"https:\/\/membraneswitchmfg.com\/cs\/wp-json\/wp\/v2\/types\/product"}],"wp:featuredmedia":[{"embeddable":true,"href":"https:\/\/membraneswitchmfg.com\/cs\/wp-json\/wp\/v2\/media\/1661"}],"wp:attachment":[{"href":"https:\/\/membraneswitchmfg.com\/cs\/wp-json\/wp\/v2\/media?parent=1692"}],"wp:term":[{"taxonomy":"product_brand","embeddable":true,"href":"https:\/\/membraneswitchmfg.com\/cs\/wp-json\/wp\/v2\/product_brand?post=1692"},{"taxonomy":"product_cat","embeddable":true,"href":"https:\/\/membraneswitchmfg.com\/cs\/wp-json\/wp\/v2\/product_cat?post=1692"},{"taxonomy":"product_tag","embeddable":true,"href":"https:\/\/membraneswitchmfg.com\/cs\/wp-json\/wp\/v2\/product_tag?post=1692"}],"curies":[{"name":"wp","href":"https:\/\/api.w.org\/{rel}","templated":true}]}}