{"id":1693,"date":"2024-06-22T14:56:03","date_gmt":"2024-06-22T14:56:03","guid":{"rendered":"https:\/\/membraneswitchmfg.com\/manufacturer\/removable-non-residual-electrostatic-film-label\/"},"modified":"2024-06-25T14:49:18","modified_gmt":"2024-06-25T14:49:18","slug":"removable-non-residual-electrostatic-film-label","status":"publish","type":"product","link":"https:\/\/membraneswitchmfg.com\/cs\/manufacturer\/removable-non-residual-electrostatic-film-label\/","title":{"rendered":"Sn\u00edmateln\u00fd \u0161t\u00edtek z elektrostatick\u00e9 f\u00f3lie, kter\u00fd nelze odstranit"},"content":{"rendered":"<h2 class=\"\" data-sourcepos=\"3:1-3:94\">Odn\u00edmateln\u00e9 elektrostatick\u00e9 f\u00f3liov\u00e9 etikety pro jednor\u00e1zov\u00e9 pou\u017eit\u00ed: V\u0161estrann\u00e1 a opakovan\u011b pou\u017eiteln\u00e1 \u0159e\u0161en\u00ed pro ozna\u010dov\u00e1n\u00ed<\/h2>\n<p data-sourcepos=\"5:1-5:318\">Vyu\u017eijte pohodl\u00ed opakovan\u011b pou\u017eiteln\u00fdch \u0161t\u00edtk\u016f s na\u0161imi sn\u00edmateln\u00fdmi elektrostatick\u00fdmi f\u00f3liov\u00fdmi \u0161t\u00edtky. Tyto v\u0161estrann\u00e9 etikety nab\u00edzej\u00ed bezprobl\u00e9mov\u00e9 \u0159e\u0161en\u00ed pro do\u010dasn\u00e9 zna\u010den\u00ed, identifikaci v\u00fdrobk\u016f a propaga\u010dn\u00ed sd\u011blen\u00ed a bezpe\u010dn\u011b p\u0159ilnou na \u0161irokou \u0161k\u00e1lu povrch\u016f, ani\u017e by za sebou zanech\u00e1valy lepkav\u00e9 stopy.<\/p>\n<p data-sourcepos=\"7:1-7:52\"><strong>Bezkonkuren\u010dn\u00ed v\u0161estrannost pro do\u010dasn\u00e9 aplikace<\/strong><\/p>\n<p data-sourcepos=\"9:1-9:162\">Na\u0161e sn\u00edmateln\u00e9 nerezidentn\u00ed elektrostatick\u00e9 f\u00f3liov\u00e9 etikety jsou ide\u00e1ln\u00ed pro aplikace, kde je t\u0159eba etikety \u010dasto odstra\u0148ovat a p\u0159emis\u0165ovat. Jsou ide\u00e1ln\u00ed pro:<\/p>\n<ul data-sourcepos=\"11:1-16:0\">\n<li data-sourcepos=\"11:1-11:36\"><strong>Maloobchodn\u00ed a propaga\u010dn\u00ed zna\u010den\u00ed<\/strong><\/li>\n<li data-sourcepos=\"12:1-12:38\"><strong>Ozna\u010dov\u00e1n\u00ed sklad\u016f a z\u00e1sob<\/strong><\/li>\n<li data-sourcepos=\"13:1-13:40\"><strong>Do\u010dasn\u00e9 ozna\u010den\u00ed kancel\u00e1\u0159\u00ed a akc\u00ed<\/strong><\/li>\n<li data-sourcepos=\"14:1-14:41\"><strong>Ozna\u010dov\u00e1n\u00ed a identifikace v\u00fdrobk\u016f<\/strong><\/li>\n<li data-sourcepos=\"15:1-16:0\"><strong>V\u00fdukov\u00e9 a instrukt\u00e1\u017en\u00ed zna\u010den\u00ed<\/strong><\/li>\n<\/ul>\n<p data-sourcepos=\"17:1-17:29\"><strong>Opakovan\u011b pou\u017eiteln\u00e9 a beze zbytk\u016f<\/strong><\/p>\n<p data-sourcepos=\"19:1-19:284\">Tyto \u0161t\u00edtky jsou vyrobeny z vysoce kvalitn\u00ed elektrostatick\u00e9 f\u00f3lie a bezpe\u010dn\u011b p\u0159ilnou k hladk\u00e9mu povrchu bez nutnosti pou\u017eit\u00ed lepidel. Lze je snadno odstranit a znovu um\u00edstit, ani\u017e by zanech\u00e1valy lepiv\u00e9 zbytky, co\u017e z nich \u010din\u00ed udr\u017eitelnou a ekologickou volbu pro ozna\u010dov\u00e1n\u00ed.<\/p>\n<p data-sourcepos=\"21:1-21:2\"><strong>Kompatibilita s \u0161irokou \u0161k\u00e1lou tisk\u00e1ren<\/strong><\/p>\n<p data-sourcepos=\"23:1-23:243\">Na\u0161e odn\u00edmateln\u00e9 elektrostatick\u00e9 f\u00f3liov\u00e9 etikety jsou kompatibiln\u00ed s \u0161irokou \u0161k\u00e1lou inkoustov\u00fdch a laserov\u00fdch tisk\u00e1ren, co\u017e v\u00e1m umo\u017en\u00ed vytv\u00e1\u0159et vlastn\u00ed etikety p\u0159\u00edmo ve firm\u011b. Jsou k dispozici v r\u016fzn\u00fdch velikostech a tvarech, aby vyhovovaly va\u0161im specifick\u00fdm pot\u0159eb\u00e1m.<\/p>\n<p data-sourcepos=\"25:1-25:89\"><strong>Spolupr\u00e1ce s \u010d\u00ednsk\u00fdmi dodavateli tisk\u00e1ren \u010d\u00e1rov\u00fdch k\u00f3d\u016f pro \u0161pi\u010dkovou kvalitu a odbornost<\/strong><\/p>\n<p data-sourcepos=\"27:1-27:360\">Dodavatel\u00e9 tisk\u00e1ren \u010d\u00e1rov\u00fdch k\u00f3d\u016f v \u010c\u00edn\u011b se zav\u00e1zali poskytovat sv\u00fdm z\u00e1kazn\u00edk\u016fm nejkvalitn\u011bj\u0161\u00ed sn\u00edmateln\u00e9 nerezov\u00e9 elektrostatick\u00e9 f\u00f3liov\u00e9 \u0161t\u00edtky a odborn\u00e9 znalosti, kter\u00e9 spl\u0148uj\u00ed jejich specifick\u00e9 aplika\u010dn\u00ed pot\u0159eby. N\u00e1\u0161 t\u00fdm zku\u0161en\u00fdch odborn\u00edk\u016f v\u00e1m pom\u016f\u017ee vybrat spr\u00e1vn\u00fd materi\u00e1l \u0161t\u00edtk\u016f, velikost a mo\u017enosti tisku pro va\u0161e jedine\u010dn\u00e9 po\u017eadavky.<\/p>\n<p data-sourcepos=\"29:1-29:170\"><strong>Kontaktujte n\u00e1s je\u0161t\u011b dnes<\/strong> a dozv\u00edte se v\u00edce o na\u0161ich sn\u00edmateln\u00fdch elektrostatick\u00fdch f\u00f3liov\u00fdch etiket\u00e1ch a o tom, jak v\u00e1m m\u016f\u017eeme pomoci zefektivnit va\u0161e procesy ozna\u010dov\u00e1n\u00ed a sn\u00ed\u017eit mno\u017estv\u00ed odpadu.<\/p>","protected":false},"excerpt":{"rendered":"<p>Sn\u00edmateln\u00e9 nerezidu\u00e1ln\u00ed elektrostatick\u00e9 f\u00f3liov\u00e9 \u0161t\u00edtky jsou typem \u0161t\u00edtk\u016f, kter\u00e9 se na povrch lep\u00ed sp\u00ed\u0161e pomoc\u00ed statick\u00e9 elekt\u0159iny ne\u017e lepidla. Tato jedine\u010dn\u00e1 vlastnost umo\u017e\u0148uje jejich snadnou aplikaci a odstran\u011bn\u00ed bez zanech\u00e1n\u00ed lepiv\u00fdch zbytk\u016f nebo po\u0161kozen\u00ed.<\/p>","protected":false},"featured_media":1658,"template":"","meta":[],"product_brand":[],"product_cat":[15],"product_tag":[],"class_list":{"0":"post-1693","1":"product","2":"type-product","3":"status-publish","4":"has-post-thumbnail","6":"product_cat-print-label","8":"first","9":"instock","10":"shipping-taxable","11":"product-type-simple"},"_links":{"self":[{"href":"https:\/\/membraneswitchmfg.com\/cs\/wp-json\/wp\/v2\/product\/1693","targetHints":{"allow":["GET"]}}],"collection":[{"href":"https:\/\/membraneswitchmfg.com\/cs\/wp-json\/wp\/v2\/product"}],"about":[{"href":"https:\/\/membraneswitchmfg.com\/cs\/wp-json\/wp\/v2\/types\/product"}],"wp:featuredmedia":[{"embeddable":true,"href":"https:\/\/membraneswitchmfg.com\/cs\/wp-json\/wp\/v2\/media\/1658"}],"wp:attachment":[{"href":"https:\/\/membraneswitchmfg.com\/cs\/wp-json\/wp\/v2\/media?parent=1693"}],"wp:term":[{"taxonomy":"product_brand","embeddable":true,"href":"https:\/\/membraneswitchmfg.com\/cs\/wp-json\/wp\/v2\/product_brand?post=1693"},{"taxonomy":"product_cat","embeddable":true,"href":"https:\/\/membraneswitchmfg.com\/cs\/wp-json\/wp\/v2\/product_cat?post=1693"},{"taxonomy":"product_tag","embeddable":true,"href":"https:\/\/membraneswitchmfg.com\/cs\/wp-json\/wp\/v2\/product_tag?post=1693"}],"curies":[{"name":"wp","href":"https:\/\/api.w.org\/{rel}","templated":true}]}}