{"id":1694,"date":"2024-06-22T14:56:04","date_gmt":"2024-06-22T14:56:04","guid":{"rendered":"https:\/\/membraneswitchmfg.com\/manufacturer\/listing-card-product-manual\/"},"modified":"2024-06-25T14:40:27","modified_gmt":"2024-06-25T14:40:27","slug":"listing-card-product-manual","status":"publish","type":"product","link":"https:\/\/membraneswitchmfg.com\/cs\/manufacturer\/listing-card-product-manual\/","title":{"rendered":"Katalogov\u00e1 karta a p\u0159\u00edru\u010dka k v\u00fdrobku"},"content":{"rendered":"<h2 class=\"\" data-sourcepos=\"1:1-1:87\">Katalogov\u00e9 karty a p\u0159\u00edru\u010dky k produkt\u016fm: Zlep\u0161en\u00ed prezentace produkt\u016f a identity zna\u010dky<\/h2>\n<p data-sourcepos=\"3:1-3:108\">Vylep\u0161ete prezentaci sv\u00fdch produkt\u016f a identitu zna\u010dky pomoc\u00ed na\u0161ich vysoce kvalitn\u00edch katalogov\u00fdch karet a produktov\u00fdch manu\u00e1l\u016f. Tyto z\u00e1kladn\u00ed n\u00e1stroje poskytuj\u00ed z\u00e1kazn\u00edk\u016fm cenn\u00e9 informace, zlep\u0161uj\u00ed jejich n\u00e1kupn\u00ed zku\u0161enosti a podporuj\u00ed v\u011brnost zna\u010dce.<\/p>\n<p data-sourcepos=\"5:1-5:56\"><strong>V\u00fdpis karet: Jasn\u00e9 a stru\u010dn\u00e9 informace o produktu<\/strong><\/p>\n<p data-sourcepos=\"7:1-7:21\">Katalogov\u00e9 karty nab\u00edzej\u00ed stru\u010dn\u00fd a informativn\u00ed p\u0159ehled o va\u0161ich produktech a poskytuj\u00ed z\u00e1kladn\u00ed informace na prvn\u00ed pohled. Jsou ide\u00e1ln\u00ed pro:<\/p>\n<ul data-sourcepos=\"9:1-12:0\">\n<li data-sourcepos=\"9:1-9:64\"><strong>Zobrazen\u00ed n\u00e1zv\u016f, popis\u016f a specifikac\u00ed produkt\u016f<\/strong><\/li>\n<li data-sourcepos=\"10:1-10:44\"><strong>Zd\u016frazn\u011bn\u00ed kl\u00ed\u010dov\u00fdch vlastnost\u00ed a v\u00fdhod<\/strong><\/li>\n<li data-sourcepos=\"11:1-12:0\"><strong>P\u0159edv\u00e1d\u011bn\u00ed obr\u00e1zk\u016f produkt\u016f a zna\u010dek<\/strong><\/li>\n<\/ul>\n<p data-sourcepos=\"13:1-13:48\"><strong>P\u0159\u00edru\u010dky k v\u00fdrobku: Komplexn\u00ed u\u017eivatelsk\u00e9 p\u0159\u00edru\u010dky<\/strong><\/p>\n<p data-sourcepos=\"15:1-15:23\">Produktov\u00e9 p\u0159\u00edru\u010dky poskytuj\u00ed komplexn\u00ed pokyny a n\u00e1vody k va\u0161im produkt\u016fm, zaji\u0161\u0165uj\u00ed spokojenost z\u00e1kazn\u00edk\u016f a sni\u017euj\u00ed n\u00e1klady na podporu. Zahrnuj\u00ed:<\/p>\n<ul data-sourcepos=\"17:1-21:0\">\n<li data-sourcepos=\"17:1-17:50\"><strong>Podrobn\u00e9 pokyny k instalaci a nastaven\u00ed<\/strong><\/li>\n<li data-sourcepos=\"18:1-18:39\"><strong>Pracovn\u00ed postupy krok za krokem<\/strong><\/li>\n<li data-sourcepos=\"19:1-19:35\"><strong>Tipy pro \u0159e\u0161en\u00ed pot\u00ed\u017e\u00ed a \u010dasto kladen\u00e9 dotazy<\/strong><\/li>\n<li data-sourcepos=\"20:1-21:0\"><strong>Bezpe\u010dnostn\u00ed upozorn\u011bn\u00ed a opat\u0159en\u00ed<\/strong><\/li>\n<\/ul>\n<p data-sourcepos=\"22:1-22:89\"><strong>Spolupr\u00e1ce s \u010d\u00ednsk\u00fdmi dodavateli tisk\u00e1ren \u010d\u00e1rov\u00fdch k\u00f3d\u016f pro \u0161pi\u010dkovou kvalitu a odbornost<\/strong><\/p>\n<p data-sourcepos=\"24:1-24:316\">Dodavatel\u00e9 tisk\u00e1ren \u010d\u00e1rov\u00fdch k\u00f3d\u016f v \u010c\u00edn\u011b se zav\u00e1zali poskytovat sv\u00fdm z\u00e1kazn\u00edk\u016fm karty s v\u00fdpisem a p\u0159\u00edru\u010dky k produkt\u016fm nejvy\u0161\u0161\u00ed kvality. N\u00e1\u0161 t\u00fdm zku\u0161en\u00fdch odborn\u00edk\u016f v\u00e1m pom\u016f\u017ee navrhnout a vytvo\u0159it vlastn\u00ed materi\u00e1ly, kter\u00e9 budou v souladu s identitou va\u0161\u00ed zna\u010dky a budou efektivn\u011b sd\u011blovat informace o v\u00fdrobku.<\/p>\n<p data-sourcepos=\"26:1-26:62\"><strong>Kontaktujte n\u00e1s je\u0161t\u011b dnes<\/strong> a dozv\u00edte se v\u00edce o na\u0161ich katalogov\u00fdch kart\u00e1ch a produktov\u00fdch p\u0159\u00edru\u010dk\u00e1ch a o tom, jak v\u00e1m m\u016f\u017eeme pomoci zlep\u0161it prezentaci va\u0161ich produkt\u016f, zlep\u0161it zku\u0161enosti z\u00e1kazn\u00edk\u016f a pos\u00edlit va\u0161i zna\u010dku.<\/p>\n<p data-sourcepos=\"28:1-28:150\"><strong>Dal\u0161\u00ed kl\u00ed\u010dov\u00e1 slova:<\/strong> tisk\u00e1rna \u0161t\u00edtk\u016f na sd karty, tisk\u00e1rna \u0161t\u00edtk\u016f na identifika\u010dn\u00ed karty, tisk\u00e1rna \u0161t\u00edtk\u016f na karty, tisk \u0161t\u00edtk\u016f na v\u00e1no\u010dn\u00ed karty, ti\u0161t\u011bn\u00e9 kartonov\u00e9 \u0161t\u00edtky<\/p>","protected":false},"excerpt":{"rendered":"<p>Katalogov\u00e1 karta nebo p\u0159\u00edru\u010dka k produktu je dokument, kter\u00fd poskytuje podrobn\u00e9 informace o produktu nebo slu\u017eb\u011b. Obvykle ji pou\u017e\u00edvaj\u00ed podniky, aby informovaly z\u00e1kazn\u00edky o vlastnostech, v\u00fdhod\u00e1ch a specifikac\u00edch sv\u00fdch v\u00fdrobk\u016f.<\/p>","protected":false},"featured_media":1657,"template":"","meta":[],"product_brand":[],"product_cat":[15],"product_tag":[],"class_list":{"0":"post-1694","1":"product","2":"type-product","3":"status-publish","4":"has-post-thumbnail","6":"product_cat-print-label","8":"first","9":"instock","10":"shipping-taxable","11":"product-type-simple"},"_links":{"self":[{"href":"https:\/\/membraneswitchmfg.com\/cs\/wp-json\/wp\/v2\/product\/1694","targetHints":{"allow":["GET"]}}],"collection":[{"href":"https:\/\/membraneswitchmfg.com\/cs\/wp-json\/wp\/v2\/product"}],"about":[{"href":"https:\/\/membraneswitchmfg.com\/cs\/wp-json\/wp\/v2\/types\/product"}],"wp:featuredmedia":[{"embeddable":true,"href":"https:\/\/membraneswitchmfg.com\/cs\/wp-json\/wp\/v2\/media\/1657"}],"wp:attachment":[{"href":"https:\/\/membraneswitchmfg.com\/cs\/wp-json\/wp\/v2\/media?parent=1694"}],"wp:term":[{"taxonomy":"product_brand","embeddable":true,"href":"https:\/\/membraneswitchmfg.com\/cs\/wp-json\/wp\/v2\/product_brand?post=1694"},{"taxonomy":"product_cat","embeddable":true,"href":"https:\/\/membraneswitchmfg.com\/cs\/wp-json\/wp\/v2\/product_cat?post=1694"},{"taxonomy":"product_tag","embeddable":true,"href":"https:\/\/membraneswitchmfg.com\/cs\/wp-json\/wp\/v2\/product_tag?post=1694"}],"curies":[{"name":"wp","href":"https:\/\/api.w.org\/{rel}","templated":true}]}}