{"id":1772,"date":"2024-06-24T05:57:57","date_gmt":"2024-06-24T05:57:57","guid":{"rendered":"https:\/\/membraneswitchmfg.com\/manufacturer\/high-life-membrane-switches-with-5-million-times\/"},"modified":"2024-06-25T13:24:08","modified_gmt":"2024-06-25T13:24:08","slug":"high-life-membrane-switches-with-5-million-times","status":"publish","type":"product","link":"https:\/\/membraneswitchmfg.com\/cs\/manufacturer\/high-life-membrane-switches-with-5-million-times\/","title":{"rendered":"Membr\u00e1nov\u00e9 sp\u00edna\u010de s vysokou \u017eivotnost\u00ed a 5 miliony \u010das\u016f"},"content":{"rendered":"<h2><strong><b>Membr\u00e1nov\u00e9 sp\u00edna\u010de s vysokou \u017eivotnost\u00ed a 5milionovou \u017eivotnost\u00ed<\/b><\/strong><\/h2>\n<p><strong>Bezkonkuren\u010dn\u00ed odolnost a spolehlivost<\/strong><\/p>\n<p>Na\u0161e membr\u00e1nov\u00e9 sp\u00edna\u010de s vysokou \u017eivotnost\u00ed jsou konstruov\u00e1ny tak, aby vydr\u017eely:<\/p>\n<ul>\n<li><strong>Robustn\u00ed konstrukce z prvot\u0159\u00eddn\u00edch materi\u00e1l\u016f<\/strong><\/li>\n<li><strong>P\u0159esn\u011b navr\u017een\u00e9 komponenty pro konzistentn\u00ed v\u00fdkon<\/strong><\/li>\n<li><strong>D\u016fkladn\u00e9 testov\u00e1n\u00ed pro zaji\u0161t\u011bn\u00ed dlouhodob\u00e9 spolehlivosti<\/strong><\/li>\n<\/ul>\n<p><strong>Za\u017eijte rozd\u00edl<\/strong><\/p>\n<p>S na\u0161imi membr\u00e1nov\u00fdmi sp\u00edna\u010di s vysokou \u017eivotnost\u00ed m\u016f\u017eete o\u010dek\u00e1vat:<\/p>\n<ul>\n<li><strong>Sn\u00ed\u017een\u00ed n\u00e1klad\u016f na \u00fadr\u017ebu a prostoj\u016f<\/strong><\/li>\n<li><strong>V\u011bt\u0161\u00ed spokojenost u\u017eivatel\u016f a lep\u0161\u00ed pov\u011bst produktu<\/strong><\/li>\n<li><strong>Klid a jistota, \u017ee v\u00e1\u0161 v\u00fdrobek bude fungovat po mnoho let.<\/strong><\/li>\n<\/ul>\n<p><strong>Aplikace<\/strong><\/p>\n<p>Na\u0161e membr\u00e1nov\u00e9 sp\u00edna\u010de s vysokou \u017eivotnost\u00ed jsou vhodn\u00e9 pro \u0161irokou \u0161k\u00e1lu aplikac\u00ed, v\u010detn\u011b:<\/p>\n<ul>\n<li><strong>Pr\u016fmyslov\u00e9 \u0159\u00eddic\u00ed panely<\/strong><\/li>\n<li><strong>Zdravotnick\u00e9 prost\u0159edky<\/strong><\/li>\n<li><strong>Spot\u0159ebn\u00ed elektronika<\/strong><\/li>\n<li><strong>Dopravn\u00ed za\u0159\u00edzen\u00ed<\/strong><\/li>\n<li><strong>A mnoho dal\u0161\u00edch<\/strong><\/li>\n<\/ul>\n<p><strong>P\u0159izp\u016fsobiteln\u00e1 \u0159e\u0161en\u00ed<\/strong><\/p>\n<p>Nab\u00edz\u00edme \u0161irokou \u0161k\u00e1lu mo\u017enost\u00ed p\u0159izp\u016fsoben\u00ed va\u0161im specifick\u00fdm pot\u0159eb\u00e1m, v\u010detn\u011b:<\/p>\n<ul>\n<li><strong>R\u016fzn\u00e9 velikosti a konfigurace p\u0159ep\u00edna\u010d\u016f<\/strong><\/li>\n<li><strong>Vlastn\u00ed grafika a podsv\u00edcen\u00ed<\/strong><\/li>\n<li><strong>Mo\u017enosti hmatov\u00e9 zp\u011btn\u00e9 vazby<\/strong><\/li>\n<li><strong>T\u011bsn\u011bn\u00ed a ochrana \u017eivotn\u00edho prost\u0159ed\u00ed<\/strong><\/li>\n<\/ul>\n<p><strong>Spolupr\u00e1ce se zku\u0161en\u00fdm v\u00fdrobcem membr\u00e1nov\u00fdch sp\u00edna\u010d\u016f<\/strong><\/p>\n<p>D\u00edky dlouholet\u00fdm zku\u0161enostem a z\u00e1vazku ke kvalit\u011b jsme d\u016fv\u011bryhodn\u00fdm zdrojem membr\u00e1nov\u00fdch sp\u00edna\u010d\u016f s vysokou \u017eivotnost\u00ed. N\u00e1\u0161 t\u00fdm odborn\u00edk\u016f v\u00e1m pom\u016f\u017ee navrhnout a vyrobit dokonal\u00e9 sp\u00edna\u010de pro va\u0161i aplikaci.<\/p>\n<p><strong>Kontaktujte n\u00e1s je\u0161t\u011b dnes<\/strong>\u00a0a dozv\u00edte se v\u00edce o na\u0161ich membr\u00e1nov\u00fdch sp\u00edna\u010d\u00edch s vysokou \u017eivotnost\u00ed a o tom, jak v\u00e1m m\u016f\u017eeme pomoci zv\u00fd\u0161it v\u00fdkon a spolehlivost va\u0161ich v\u00fdrobk\u016f.<\/p>","protected":false},"excerpt":{"rendered":"<p>Zvy\u0161te v\u00fdkonnost a u\u017eivatelsk\u00fd komfort sv\u00fdch produkt\u016f pomoc\u00ed na\u0161ich membr\u00e1nov\u00fdch sp\u00edna\u010d\u016f s vysokou \u017eivotnost\u00ed, kter\u00e9 jsou konstruov\u00e1ny tak, aby vydr\u017eely a\u017e 5 milion\u016f spu\u0161t\u011bn\u00ed. Tyto odoln\u00e9 sp\u00edna\u010de nab\u00edzej\u00ed v\u00fdjime\u010dnou spolehlivost a dlouhotrvaj\u00edc\u00ed v\u00fdkon, tak\u017ee jsou ide\u00e1ln\u00ed pro n\u00e1ro\u010dn\u00e9 aplikace.<\/p>","protected":false},"featured_media":1761,"template":"","meta":[],"product_brand":[],"product_cat":[40],"product_tag":[],"class_list":{"0":"post-1772","1":"product","2":"type-product","3":"status-publish","4":"has-post-thumbnail","6":"product_cat-membrane-switch","8":"first","9":"instock","10":"shipping-taxable","11":"product-type-simple"},"_links":{"self":[{"href":"https:\/\/membraneswitchmfg.com\/cs\/wp-json\/wp\/v2\/product\/1772","targetHints":{"allow":["GET"]}}],"collection":[{"href":"https:\/\/membraneswitchmfg.com\/cs\/wp-json\/wp\/v2\/product"}],"about":[{"href":"https:\/\/membraneswitchmfg.com\/cs\/wp-json\/wp\/v2\/types\/product"}],"wp:featuredmedia":[{"embeddable":true,"href":"https:\/\/membraneswitchmfg.com\/cs\/wp-json\/wp\/v2\/media\/1761"}],"wp:attachment":[{"href":"https:\/\/membraneswitchmfg.com\/cs\/wp-json\/wp\/v2\/media?parent=1772"}],"wp:term":[{"taxonomy":"product_brand","embeddable":true,"href":"https:\/\/membraneswitchmfg.com\/cs\/wp-json\/wp\/v2\/product_brand?post=1772"},{"taxonomy":"product_cat","embeddable":true,"href":"https:\/\/membraneswitchmfg.com\/cs\/wp-json\/wp\/v2\/product_cat?post=1772"},{"taxonomy":"product_tag","embeddable":true,"href":"https:\/\/membraneswitchmfg.com\/cs\/wp-json\/wp\/v2\/product_tag?post=1772"}],"curies":[{"name":"wp","href":"https:\/\/api.w.org\/{rel}","templated":true}]}}