{"id":1773,"date":"2024-06-24T05:57:57","date_gmt":"2024-06-24T05:57:57","guid":{"rendered":"https:\/\/membraneswitchmfg.com\/manufacturer\/silver-flex-membrane-switch\/"},"modified":"2024-06-25T13:26:16","modified_gmt":"2024-06-25T13:26:16","slug":"silver-flex-membrane-switch","status":"publish","type":"product","link":"https:\/\/membraneswitchmfg.com\/cs\/manufacturer\/silver-flex-membrane-switch\/","title":{"rendered":"Membr\u00e1nov\u00fd sp\u00edna\u010d Silver Flex"},"content":{"rendered":"<h2><strong><b>Membr\u00e1nov\u00e9 sp\u00edna\u010de Silver Flex: Spolehliv\u00e1 a cenov\u011b v\u00fdhodn\u00e1 \u0159e\u0161en\u00ed<\/b><\/strong><\/h2>\n<p><strong>Bezkonkuren\u010dn\u00ed v\u0161estrannost a v\u00fdkon<\/strong><\/p>\n<p>Membr\u00e1nov\u00e9 sp\u00edna\u010de Silver Flex jsou proslul\u00e9 sv\u00fdmi:<\/p>\n<ul>\n<li><strong>Tenk\u00fd a flexibiln\u00ed design pro snadnou integraci<\/strong><\/li>\n<li><strong>Hmatov\u00e1 zp\u011btn\u00e1 vazba pro lep\u0161\u00ed u\u017eivatelsk\u00fd z\u00e1\u017eitek<\/strong><\/li>\n<li><strong>Dlouh\u00e1 \u017eivotnost s miliony spu\u0161t\u011bn\u00ed<\/strong><\/li>\n<li><strong>Odolnost v\u016f\u010di vlhkosti, prachu a drsn\u00e9mu prost\u0159ed\u00ed<\/strong><\/li>\n<\/ul>\n<p><strong>N\u00e1kladov\u011b efektivn\u00ed \u0159e\u0161en\u00ed pro va\u0161e pot\u0159eby<\/strong><\/p>\n<p>Membr\u00e1nov\u00e9 p\u0159ep\u00edna\u010de Silver Flex nab\u00edzej\u00ed cenov\u011b v\u00fdhodn\u00e9 \u0159e\u0161en\u00ed bez sn\u00ed\u017een\u00ed kvality. Jsou ide\u00e1ln\u00ed pro aplikace, kde:<\/p>\n<ul>\n<li><strong>Rozpo\u010det je prvo\u0159ad\u00fdm z\u00e1jmem<\/strong><\/li>\n<li><strong>Je zapot\u0159eb\u00ed velk\u00e9 mno\u017estv\u00ed<\/strong><\/li>\n<li><strong>Prostorov\u00e1 omezen\u00ed jsou faktorem<\/strong><\/li>\n<\/ul>\n<p><strong>Aplikace<\/strong><\/p>\n<p>Membr\u00e1nov\u00e9 sp\u00edna\u010de Silver Flex se \u0161iroce pou\u017e\u00edvaj\u00ed v r\u016fzn\u00fdch pr\u016fmyslov\u00fdch odv\u011btv\u00edch, v\u010detn\u011b:<\/p>\n<ul>\n<li><strong>Spot\u0159ebn\u00ed elektronika<\/strong><\/li>\n<li><strong>Zdravotnick\u00e9 prost\u0159edky<\/strong><\/li>\n<li><strong>Pr\u016fmyslov\u00e9 \u0159\u00eddic\u00ed panely<\/strong><\/li>\n<li><strong>Spot\u0159ebi\u010de<\/strong><\/li>\n<li><strong>A mnoho dal\u0161\u00edch<\/strong><\/li>\n<\/ul>\n<p><strong>P\u0159izp\u016fsobiteln\u00e9 mo\u017enosti<\/strong><\/p>\n<p>Nab\u00edz\u00edme \u0161irokou \u0161k\u00e1lu mo\u017enost\u00ed p\u0159izp\u016fsoben\u00ed va\u0161im specifick\u00fdm pot\u0159eb\u00e1m, v\u010detn\u011b:<\/p>\n<ul>\n<li><strong>R\u016fzn\u00e9 velikosti a konfigurace p\u0159ep\u00edna\u010d\u016f<\/strong><\/li>\n<li><strong>Vlastn\u00ed grafika a podsv\u00edcen\u00ed<\/strong><\/li>\n<li><strong>Mo\u017enosti hmatov\u00e9 zp\u011btn\u00e9 vazby<\/strong><\/li>\n<li><strong>T\u011bsn\u011bn\u00ed a ochrana \u017eivotn\u00edho prost\u0159ed\u00ed<\/strong><\/li>\n<\/ul>\n<p><strong>Spolupr\u00e1ce s d\u016fv\u011bryhodn\u00fdm dodavatelem vodot\u011bsn\u00fdch membr\u00e1nov\u00fdch sp\u00edna\u010d\u016f<\/strong><\/p>\n<p>D\u00edky dlouholet\u00fdm zku\u0161enostem a z\u00e1vazku ke kvalit\u011b jsme va\u0161\u00edm spolehliv\u00fdm dodavatelem membr\u00e1nov\u00fdch sp\u00edna\u010d\u016f Silver Flex. N\u00e1\u0161 t\u00fdm odborn\u00edk\u016f v\u00e1m pom\u016f\u017ee navrhnout a vyrobit dokonal\u00e9 sp\u00edna\u010de pro va\u0161i aplikaci.<\/p>\n<p><strong>Kontaktujte n\u00e1s je\u0161t\u011b dnes<\/strong>\u00a0a dozv\u00edte se v\u00edce o na\u0161ich membr\u00e1nov\u00fdch sp\u00edna\u010d\u00edch Silver Flex a o tom, jak v\u00e1m m\u016f\u017eeme pomoci dos\u00e1hnout va\u0161ich produktov\u00fdch c\u00edl\u016f a z\u00e1rove\u0148 se vej\u00edt do rozpo\u010dtu.<\/p>","protected":false},"excerpt":{"rendered":"<p>Vyzkou\u0161ejte dokonalou rovnov\u00e1hu mezi v\u00fdkonem a cenovou dostupnost\u00ed s na\u0161imi membr\u00e1nov\u00fdmi p\u0159ep\u00edna\u010di Silver Flex. Tyto v\u0161estrann\u00e9 sp\u00edna\u010de nab\u00edzej\u00ed p\u0159\u00edjemn\u00fd hmat, citlivou odezvu a dlouhou \u017eivotnost, tak\u017ee jsou ide\u00e1ln\u00ed volbou pro \u0161irokou \u0161k\u00e1lu aplikac\u00ed.<\/p>","protected":false},"featured_media":1759,"template":"","meta":[],"product_brand":[],"product_cat":[40],"product_tag":[],"class_list":{"0":"post-1773","1":"product","2":"type-product","3":"status-publish","4":"has-post-thumbnail","6":"product_cat-membrane-switch","8":"first","9":"instock","10":"shipping-taxable","11":"product-type-simple"},"_links":{"self":[{"href":"https:\/\/membraneswitchmfg.com\/cs\/wp-json\/wp\/v2\/product\/1773","targetHints":{"allow":["GET"]}}],"collection":[{"href":"https:\/\/membraneswitchmfg.com\/cs\/wp-json\/wp\/v2\/product"}],"about":[{"href":"https:\/\/membraneswitchmfg.com\/cs\/wp-json\/wp\/v2\/types\/product"}],"wp:featuredmedia":[{"embeddable":true,"href":"https:\/\/membraneswitchmfg.com\/cs\/wp-json\/wp\/v2\/media\/1759"}],"wp:attachment":[{"href":"https:\/\/membraneswitchmfg.com\/cs\/wp-json\/wp\/v2\/media?parent=1773"}],"wp:term":[{"taxonomy":"product_brand","embeddable":true,"href":"https:\/\/membraneswitchmfg.com\/cs\/wp-json\/wp\/v2\/product_brand?post=1773"},{"taxonomy":"product_cat","embeddable":true,"href":"https:\/\/membraneswitchmfg.com\/cs\/wp-json\/wp\/v2\/product_cat?post=1773"},{"taxonomy":"product_tag","embeddable":true,"href":"https:\/\/membraneswitchmfg.com\/cs\/wp-json\/wp\/v2\/product_tag?post=1773"}],"curies":[{"name":"wp","href":"https:\/\/api.w.org\/{rel}","templated":true}]}}