{"id":1774,"date":"2024-06-24T05:57:57","date_gmt":"2024-06-24T05:57:57","guid":{"rendered":"https:\/\/membraneswitchmfg.com\/manufacturer\/copper-flex-membrane-switch\/"},"modified":"2024-06-25T13:28:19","modified_gmt":"2024-06-25T13:28:19","slug":"copper-flex-membrane-switch","status":"publish","type":"product","link":"https:\/\/membraneswitchmfg.com\/cs\/manufacturer\/copper-flex-membrane-switch\/","title":{"rendered":"Membr\u00e1nov\u00fd sp\u00edna\u010d Copper Flex"},"content":{"rendered":"<h2><strong><b>Membr\u00e1nov\u00e9 p\u0159ep\u00edna\u010de Copper Flex: Vynikaj\u00edc\u00ed v\u00fdkon pro n\u00e1ro\u010dn\u00e9 aplikace<\/b><\/strong><\/h2>\n<p><strong>Bezkonkuren\u010dn\u00ed odolnost a p\u0159esnost<\/strong><\/p>\n<p>Membr\u00e1nov\u00e9 p\u0159ep\u00edna\u010de Copper Flex jsou navr\u017eeny pro dokonalost a vyzna\u010duj\u00ed se:<\/p>\n<ul>\n<li><strong>Vysoce vodiv\u00e9 m\u011bd\u011bn\u00e9 stopy pro lep\u0161\u00ed p\u0159enos sign\u00e1lu<\/strong><\/li>\n<li><strong>P\u0159esn\u00e9 vzory obvod\u016f pro spolehliv\u00fd provoz<\/strong><\/li>\n<li><strong>Robustn\u00ed konstrukce pro odolnost v\u016f\u010di drsn\u00e9mu prost\u0159ed\u00ed<\/strong><\/li>\n<\/ul>\n<p><strong>Za\u017eijte v\u00fdhody<\/strong><\/p>\n<p>U membr\u00e1nov\u00fdch p\u0159ep\u00edna\u010d\u016f Copper Flex m\u016f\u017eete o\u010dek\u00e1vat:<\/p>\n<ul>\n<li><strong>Sn\u00ed\u017een\u00ed prostoj\u016f a n\u00e1klad\u016f na \u00fadr\u017ebu<\/strong><\/li>\n<li><strong>Vy\u0161\u0161\u00ed v\u00fdkon a spolehlivost v\u00fdrobk\u016f<\/strong><\/li>\n<li><strong>V\u011bt\u0161\u00ed spokojenost u\u017eivatel\u016f a lep\u0161\u00ed pov\u011bst zna\u010dky<\/strong><\/li>\n<\/ul>\n<p><strong>Aplikace<\/strong><\/p>\n<p>Membr\u00e1nov\u00e9 p\u0159ep\u00edna\u010de Copper Flex jsou vhodn\u00e9 pro \u0161irokou \u0161k\u00e1lu aplikac\u00ed, v\u010detn\u011b:<\/p>\n<ul>\n<li><strong>Pr\u016fmyslov\u00e9 \u0159\u00eddic\u00ed syst\u00e9my<\/strong><\/li>\n<li><strong>Zdravotnick\u00e9 prost\u0159edky<\/strong><\/li>\n<li><strong>Vojensk\u00e9 a leteck\u00e9 vybaven\u00ed<\/strong><\/li>\n<li><strong>Aplikace v drsn\u00e9m prost\u0159ed\u00ed<\/strong><\/li>\n<li><strong>A mnoho dal\u0161\u00edch<\/strong><\/li>\n<\/ul>\n<p><strong>P\u0159izp\u016fsobiteln\u00e1 \u0159e\u0161en\u00ed<\/strong><\/p>\n<p>Nab\u00edz\u00edme \u0161irokou \u0161k\u00e1lu mo\u017enost\u00ed p\u0159izp\u016fsoben\u00ed va\u0161im specifick\u00fdm pot\u0159eb\u00e1m, v\u010detn\u011b:<\/p>\n<ul>\n<li><strong>R\u016fzn\u00e9 velikosti a konfigurace p\u0159ep\u00edna\u010d\u016f<\/strong><\/li>\n<li><strong>Vlastn\u00ed grafika a podsv\u00edcen\u00ed<\/strong><\/li>\n<li><strong>Mo\u017enosti hmatov\u00e9 zp\u011btn\u00e9 vazby<\/strong><\/li>\n<li><strong>T\u011bsn\u011bn\u00ed a ochrana \u017eivotn\u00edho prost\u0159ed\u00ed<\/strong><\/li>\n<\/ul>\n<p><strong>Spolupr\u00e1ce se zku\u0161en\u00fdm dodavatelem vodot\u011bsn\u00fdch flexibiln\u00edch membr\u00e1nov\u00fdch sp\u00edna\u010d\u016f<\/strong><\/p>\n<p>D\u00edky dlouholet\u00fdm zku\u0161enostem a z\u00e1vazku ke kvalit\u011b jsme va\u0161\u00edm d\u016fv\u011bryhodn\u00fdm zdrojem pro m\u011bd\u011bn\u00e9 flexibiln\u00ed membr\u00e1nov\u00e9 p\u0159ep\u00edna\u010de. N\u00e1\u0161 t\u00fdm odborn\u00edk\u016f v\u00e1m pom\u016f\u017ee navrhnout a vyrobit dokonal\u00e9 p\u0159ep\u00edna\u010de pro va\u0161i aplikaci.<\/p>\n<p><strong>Kontaktujte n\u00e1s je\u0161t\u011b dnes<\/strong>\u00a0a dozv\u00edte se v\u00edce o na\u0161ich membr\u00e1nov\u00fdch p\u0159ep\u00edna\u010d\u00edch Copper Flex a o tom, jak v\u00e1m m\u016f\u017eeme pomoci dos\u00e1hnout vynikaj\u00edc\u00edho v\u00fdkonu a spolehlivosti ve va\u0161ich n\u00e1ro\u010dn\u00fdch aplikac\u00edch.<\/p>","protected":false},"excerpt":{"rendered":"<p>Zvy\u0161te v\u00fdkon sv\u00fdch produkt\u016f pomoc\u00ed na\u0161ich \u0161pi\u010dkov\u00fdch membr\u00e1nov\u00fdch p\u0159ep\u00edna\u010d\u016f Copper Flex, kter\u00e9 jsou navr\u017eeny tak, aby odolaly n\u00e1ro\u010dn\u00fdm podm\u00ednk\u00e1m. Tyto v\u00fdjime\u010dn\u00e9 p\u0159ep\u00edna\u010de nab\u00edzej\u00ed vynikaj\u00edc\u00ed odolnost, p\u0159esnost a dlouhodobou spolehlivost, co\u017e z nich \u010din\u00ed ide\u00e1ln\u00ed volbu pro kritick\u00e9 aplikace.<\/p>","protected":false},"featured_media":1747,"template":"","meta":[],"product_brand":[],"product_cat":[40],"product_tag":[],"class_list":{"0":"post-1774","1":"product","2":"type-product","3":"status-publish","4":"has-post-thumbnail","6":"product_cat-membrane-switch","8":"first","9":"instock","10":"shipping-taxable","11":"product-type-simple"},"_links":{"self":[{"href":"https:\/\/membraneswitchmfg.com\/cs\/wp-json\/wp\/v2\/product\/1774","targetHints":{"allow":["GET"]}}],"collection":[{"href":"https:\/\/membraneswitchmfg.com\/cs\/wp-json\/wp\/v2\/product"}],"about":[{"href":"https:\/\/membraneswitchmfg.com\/cs\/wp-json\/wp\/v2\/types\/product"}],"wp:featuredmedia":[{"embeddable":true,"href":"https:\/\/membraneswitchmfg.com\/cs\/wp-json\/wp\/v2\/media\/1747"}],"wp:attachment":[{"href":"https:\/\/membraneswitchmfg.com\/cs\/wp-json\/wp\/v2\/media?parent=1774"}],"wp:term":[{"taxonomy":"product_brand","embeddable":true,"href":"https:\/\/membraneswitchmfg.com\/cs\/wp-json\/wp\/v2\/product_brand?post=1774"},{"taxonomy":"product_cat","embeddable":true,"href":"https:\/\/membraneswitchmfg.com\/cs\/wp-json\/wp\/v2\/product_cat?post=1774"},{"taxonomy":"product_tag","embeddable":true,"href":"https:\/\/membraneswitchmfg.com\/cs\/wp-json\/wp\/v2\/product_tag?post=1774"}],"curies":[{"name":"wp","href":"https:\/\/api.w.org\/{rel}","templated":true}]}}