{"id":1776,"date":"2024-06-24T05:57:57","date_gmt":"2024-06-24T05:57:57","guid":{"rendered":"https:\/\/membraneswitchmfg.com\/manufacturer\/rubber-keypad-membrane-switch\/"},"modified":"2024-06-25T13:32:14","modified_gmt":"2024-06-25T13:32:14","slug":"rubber-keypad-membrane-switch","status":"publish","type":"product","link":"https:\/\/membraneswitchmfg.com\/cs\/manufacturer\/rubber-keypad-membrane-switch\/","title":{"rendered":"Membr\u00e1nov\u00fd sp\u00edna\u010d s gumovou kl\u00e1vesnic\u00ed"},"content":{"rendered":"<h2><strong><b>Membr\u00e1nov\u00fd sp\u00edna\u010d s gumovou kl\u00e1vesnic\u00ed: Zv\u00fd\u0161en\u00e1 odolnost a hmatov\u00e1 zp\u011btn\u00e1 vazba<\/b><\/strong><\/h2>\n<p><strong>Bezkonkuren\u010dn\u00ed odolnost a hmatov\u00e1 odezva<\/strong><\/p>\n<p>Membr\u00e1nov\u00e9 sp\u00edna\u010de s pry\u017eovou kl\u00e1vesnic\u00ed jsou navr\u017eeny pro dokonalost a vyzna\u010duj\u00ed se:<\/p>\n<ul>\n<li><strong>Vysoce kvalitn\u00ed silikonov\u00e1 pry\u017e pro vynikaj\u00edc\u00ed odolnost a pru\u017enost<\/strong><\/li>\n<li><strong>Hmatov\u00e9 kopule pro p\u0159\u00edjemn\u00e9 a citliv\u00e9 stisknut\u00ed kl\u00e1vesy<\/strong><\/li>\n<li><strong>Odolnost v\u016f\u010di vlhkosti, prachu a drsn\u00e9mu prost\u0159ed\u00ed<\/strong><\/li>\n<li><strong>Dlouh\u00e1 \u017eivotnost s miliony spu\u0161t\u011bn\u00ed<\/strong><\/li>\n<\/ul>\n<p><strong>Za\u017eijte v\u00fdhody<\/strong><\/p>\n<p>U membr\u00e1nov\u00fdch sp\u00edna\u010d\u016f s gumovou kl\u00e1vesnic\u00ed m\u016f\u017eete o\u010dek\u00e1vat:<\/p>\n<ul>\n<li><strong>Sn\u00ed\u017een\u00ed prostoj\u016f a n\u00e1klad\u016f na \u00fadr\u017ebu<\/strong><\/li>\n<li><strong>Zv\u00fd\u0161en\u00e1 spokojenost u\u017eivatel\u016f a pou\u017eitelnost produkt\u016f<\/strong><\/li>\n<li><strong>Vy\u0161\u0161\u00ed v\u00fdkon a spolehlivost v\u00fdrobk\u016f<\/strong><\/li>\n<\/ul>\n<p><strong>Aplikace<\/strong><\/p>\n<p>Membr\u00e1nov\u00e9 sp\u00edna\u010de s gumovou kl\u00e1vesnic\u00ed jsou vhodn\u00e9 pro \u0161irokou \u0161k\u00e1lu aplikac\u00ed, v\u010detn\u011b:<\/p>\n<ul>\n<li><strong>Spot\u0159ebn\u00ed elektronika<\/strong><\/li>\n<li><strong>Zdravotnick\u00e9 prost\u0159edky<\/strong><\/li>\n<li><strong>Pr\u016fmyslov\u00e9 \u0159\u00eddic\u00ed panely<\/strong><\/li>\n<li><strong>Telekomunika\u010dn\u00ed za\u0159\u00edzen\u00ed<\/strong><\/li>\n<li><strong>A mnoho dal\u0161\u00edch<\/strong><\/li>\n<\/ul>\n<p><strong>P\u0159izp\u016fsobiteln\u00e1 \u0159e\u0161en\u00ed<\/strong><\/p>\n<p>Nab\u00edz\u00edme \u0161irokou \u0161k\u00e1lu mo\u017enost\u00ed p\u0159izp\u016fsoben\u00ed va\u0161im specifick\u00fdm pot\u0159eb\u00e1m, v\u010detn\u011b:<\/p>\n<ul>\n<li><strong>R\u016fzn\u00e9 velikosti a konfigurace p\u0159ep\u00edna\u010d\u016f<\/strong><\/li>\n<li><strong>Vlastn\u00ed grafika a podsv\u00edcen\u00ed<\/strong><\/li>\n<li><strong>Mo\u017enosti hmatov\u00e9 zp\u011btn\u00e9 vazby<\/strong><\/li>\n<li><strong>T\u011bsn\u011bn\u00ed a ochrana \u017eivotn\u00edho prost\u0159ed\u00ed<\/strong><\/li>\n<\/ul>\n<p><strong>Spolupr\u00e1ce se zku\u0161en\u00fdm dodavatelem silikonov\u00fdch membr\u00e1nov\u00fdch sp\u00edna\u010d\u016f<\/strong><\/p>\n<p>D\u00edky dlouholet\u00fdm zku\u0161enostem a z\u00e1vazku ke kvalit\u011b jsme va\u0161\u00edm d\u016fv\u011bryhodn\u00fdm zdrojem gumov\u00fdch membr\u00e1nov\u00fdch sp\u00edna\u010d\u016f s kl\u00e1vesnic\u00ed. N\u00e1\u0161 t\u00fdm odborn\u00edk\u016f v\u00e1m pom\u016f\u017ee navrhnout a vyrobit dokonal\u00e9 sp\u00edna\u010de pro va\u0161i aplikaci.<\/p>\n<p><strong>Kontaktujte n\u00e1s je\u0161t\u011b dnes<\/strong>\u00a0a dozv\u00edte se v\u00edce o na\u0161ich membr\u00e1nov\u00fdch sp\u00edna\u010d\u00edch s gumovou kl\u00e1vesnic\u00ed a o tom, jak v\u00e1m m\u016f\u017eeme pomoci dos\u00e1hnout vynikaj\u00edc\u00edho v\u00fdkonu, trvanlivosti a spokojenosti u\u017eivatel\u016f va\u0161ich v\u00fdrobk\u016f.<\/p>","protected":false},"excerpt":{"rendered":"<p>Vyzkou\u0161ejte dokonalou kombinaci odolnosti a hmatov\u00e9 zp\u011btn\u00e9 vazby s na\u0161imi gumov\u00fdmi membr\u00e1nov\u00fdmi sp\u00edna\u010di kl\u00e1vesnice. Tyto v\u0161estrann\u00e9 sp\u00edna\u010de nab\u00edzej\u00ed komfortn\u00ed u\u017eivatelsk\u00fd z\u00e1\u017eitek, dlouhotrvaj\u00edc\u00ed v\u00fdkon a cenov\u011b v\u00fdhodn\u00e1 \u0159e\u0161en\u00ed pro \u0161irokou \u0161k\u00e1lu aplikac\u00ed.<\/p>","protected":false},"featured_media":1758,"template":"","meta":[],"product_brand":[],"product_cat":[40],"product_tag":[],"class_list":{"0":"post-1776","1":"product","2":"type-product","3":"status-publish","4":"has-post-thumbnail","6":"product_cat-membrane-switch","8":"first","9":"instock","10":"shipping-taxable","11":"product-type-simple"},"_links":{"self":[{"href":"https:\/\/membraneswitchmfg.com\/cs\/wp-json\/wp\/v2\/product\/1776","targetHints":{"allow":["GET"]}}],"collection":[{"href":"https:\/\/membraneswitchmfg.com\/cs\/wp-json\/wp\/v2\/product"}],"about":[{"href":"https:\/\/membraneswitchmfg.com\/cs\/wp-json\/wp\/v2\/types\/product"}],"wp:featuredmedia":[{"embeddable":true,"href":"https:\/\/membraneswitchmfg.com\/cs\/wp-json\/wp\/v2\/media\/1758"}],"wp:attachment":[{"href":"https:\/\/membraneswitchmfg.com\/cs\/wp-json\/wp\/v2\/media?parent=1776"}],"wp:term":[{"taxonomy":"product_brand","embeddable":true,"href":"https:\/\/membraneswitchmfg.com\/cs\/wp-json\/wp\/v2\/product_brand?post=1776"},{"taxonomy":"product_cat","embeddable":true,"href":"https:\/\/membraneswitchmfg.com\/cs\/wp-json\/wp\/v2\/product_cat?post=1776"},{"taxonomy":"product_tag","embeddable":true,"href":"https:\/\/membraneswitchmfg.com\/cs\/wp-json\/wp\/v2\/product_tag?post=1776"}],"curies":[{"name":"wp","href":"https:\/\/api.w.org\/{rel}","templated":true}]}}