{"id":1777,"date":"2024-06-24T05:57:57","date_gmt":"2024-06-24T05:57:57","guid":{"rendered":"https:\/\/membraneswitchmfg.com\/manufacturer\/graphic-overlay\/"},"modified":"2024-07-25T08:41:13","modified_gmt":"2024-07-25T08:41:13","slug":"graphic-overlay","status":"publish","type":"product","link":"https:\/\/membraneswitchmfg.com\/cs\/manufacturer\/graphic-overlay\/","title":{"rendered":"Grafick\u00e9 p\u0159ekryt\u00ed"},"content":{"rendered":"<h2><strong><b>Grafick\u00e9 p\u0159ekryvy: Zlep\u0161en\u00ed u\u017eivatelsk\u00e9ho z\u00e1\u017eitku a identity zna\u010dky<\/b><\/strong><\/h2>\n<p><strong>Zlep\u0161en\u00ed u\u017eivatelsk\u00fdch zku\u0161enost\u00ed<\/strong><\/p>\n<p>Grafick\u00e9 p\u0159ekryvy hraj\u00ed kl\u00ed\u010dovou roli p\u0159i zlep\u0161ov\u00e1n\u00ed u\u017eivatelsk\u00e9ho z\u00e1\u017eitku t\u00edm, \u017ee:<\/p>\n<ul>\n<li><strong>Poskytov\u00e1n\u00ed jasn\u00fdch pokyn\u016f a \u0161t\u00edtk\u016f<\/strong><\/li>\n<li><strong>Pr\u016fvodce u\u017eivateli p\u0159i ovl\u00e1d\u00e1n\u00ed a fungov\u00e1n\u00ed<\/strong><\/li>\n<li><strong>Zobrazen\u00ed varov\u00e1n\u00ed a bezpe\u010dnostn\u00edch informac\u00ed<\/strong><\/li>\n<li><strong>Vytvo\u0159en\u00ed intuitivn\u00edho a u\u017eivatelsky p\u0159\u00edv\u011btiv\u00e9ho rozhran\u00ed<\/strong><\/li>\n<\/ul>\n<p><strong>Zna\u010dka a identita<\/strong><\/p>\n<p>Grafick\u00e9 p\u0159ekryvy slou\u017e\u00ed jako mocn\u00fd n\u00e1stroj pro komunikaci zna\u010dky, proto\u017ee:<\/p>\n<ul>\n<li><strong>Zobrazen\u00ed loga spole\u010dnosti a prvk\u016f zna\u010dky<\/strong><\/li>\n<li><strong>Pos\u00edlen\u00ed identity zna\u010dky a sd\u011blen\u00ed<\/strong><\/li>\n<li><strong>Vytvo\u0159en\u00ed ucelen\u00e9 a profesion\u00e1ln\u00ed image zna\u010dky<\/strong><\/li>\n<\/ul>\n<p><strong>Aplikace<\/strong><\/p>\n<p>Grafick\u00e9 p\u0159ekryvy se \u0161iroce pou\u017e\u00edvaj\u00ed v r\u016fzn\u00fdch aplikac\u00edch, v\u010detn\u011b:<\/p>\n<ul>\n<li><strong>Pr\u016fmyslov\u00e9 \u0159\u00eddic\u00ed panely<\/strong><\/li>\n<li><strong>Zdravotnick\u00e9 prost\u0159edky<\/strong><\/li>\n<li><strong>Spot\u0159ebn\u00ed elektronika<\/strong><\/li>\n<li><strong>Spot\u0159ebi\u010de<\/strong><\/li>\n<li><strong>Stroje a za\u0159\u00edzen\u00ed<\/strong><\/li>\n<\/ul>\n<p><strong>P\u0159izp\u016fsobiteln\u00e1 \u0159e\u0161en\u00ed<\/strong><\/p>\n<p>Nab\u00edz\u00edme \u0161irokou \u0161k\u00e1lu mo\u017enost\u00ed p\u0159izp\u016fsoben\u00ed va\u0161im specifick\u00fdm pot\u0159eb\u00e1m, v\u010detn\u011b:<\/p>\n<ul>\n<li><strong>R\u016fzn\u00e9 materi\u00e1ly a povrchov\u00e9 \u00fapravy<\/strong><\/li>\n<li><strong>Vlastn\u00ed grafika a n\u00e1vrhy<\/strong><\/li>\n<li><strong>Mo\u017enosti podsv\u00edcen\u00ed a osv\u011btlen\u00ed<\/strong><\/li>\n<li><strong>Reli\u00e9fy a textury<\/strong><\/li>\n<\/ul>\n<p><strong>Spolupr\u00e1ce se zku\u0161en\u00fdm v\u00fdrobcem grafick\u00fdch p\u0159ekryv\u016f<\/strong><\/p>\n<p>D\u00edky dlouholet\u00fdm zku\u0161enostem a z\u00e1vazku ke kvalit\u011b jsme va\u0161\u00edm d\u016fv\u011bryhodn\u00fdm zdrojem pro zak\u00e1zkov\u00e9 grafick\u00e9 p\u0159ekryvy. N\u00e1\u0161 t\u00fdm odborn\u00edk\u016f v\u00e1m pom\u016f\u017ee navrhnout a vyrobit dokonal\u00e9 p\u0159ekryvy, kter\u00e9 zlep\u0161\u00ed funk\u010dnost va\u0161eho produktu, u\u017eivatelsk\u00fd komfort a identitu zna\u010dky.<\/p>\n<p><strong>Kontaktujte n\u00e1s je\u0161t\u011b dnes<\/strong>\u00a0a dozv\u00edte se v\u00edce o na\u0161ich grafick\u00fdch p\u0159ekryvech a o tom, jak v\u00e1m m\u016f\u017eeme pomoci vylep\u0161it va\u0161e produkty.<\/p>\n<p><strong>Dal\u0161\u00ed kl\u00ed\u010dov\u00e1 slova:<\/strong>\u00a0membr\u00e1nov\u00fd p\u0159ep\u00edna\u010d \u00farovn\u00ed, membr\u00e1nov\u00fd p\u0159ep\u00edna\u010d, grafick\u00e9 p\u0159ekryt\u00ed<\/p>\n<h2><strong><b>Jmenovky: Vylep\u0161ete identitu a funk\u010dnost sv\u00e9ho produktu<\/b><\/strong><\/h2>\n<p><strong>Vyzdvihn\u011bte identitu sv\u00e9ho produktu<\/strong><\/p>\n<p>Jmenovky hraj\u00ed z\u00e1sadn\u00ed roli p\u0159i vytv\u00e1\u0159en\u00ed identity va\u0161\u00ed zna\u010dky t\u00edm, \u017ee:<\/p>\n<ul>\n<li><strong>V\u00fdrazn\u00e9 zobrazen\u00ed loga a n\u00e1zvu va\u0161\u00ed spole\u010dnosti.<\/strong><\/li>\n<li><strong>Pos\u00edlen\u00ed sd\u011blen\u00ed a hodnot va\u0161\u00ed zna\u010dky<\/strong><\/li>\n<li><strong>Vytvo\u0159en\u00ed ucelen\u00e9 a profesion\u00e1ln\u00ed image zna\u010dky<\/strong><\/li>\n<\/ul>\n<p><strong>Zprost\u0159edkov\u00e1n\u00ed z\u00e1kladn\u00edch informac\u00ed<\/strong><\/p>\n<p>Jmenovky \u00fa\u010dinn\u011b sd\u011bluj\u00ed z\u00e1kladn\u00ed informace o v\u00fdrobku, v\u010detn\u011b:<\/p>\n<ul>\n<li><strong>N\u00e1zev produktu a \u010d\u00edslo modelu<\/strong><\/li>\n<li><strong>Regula\u010dn\u00ed ozna\u010den\u00ed a certifikace<\/strong><\/li>\n<li><strong>Provozn\u00ed pokyny a varov\u00e1n\u00ed<\/strong><\/li>\n<li><strong>Kontaktn\u00ed informace pro podporu<\/strong><\/li>\n<\/ul>\n<p><strong>Zlep\u0161en\u00ed funk\u010dnosti produktu<\/strong><\/p>\n<p>Jmenovky mohou obsahovat tak\u00e9 funk\u010dn\u00ed prvky, jako jsou:<\/p>\n<ul>\n<li><strong>Tla\u010d\u00edtkov\u00e9 membr\u00e1nov\u00e9 sp\u00edna\u010de pro interakci s u\u017eivatelem<\/strong><\/li>\n<li><strong>Indik\u00e1tory LED pro aktualizaci stavu<\/strong><\/li>\n<li><strong>\u0160t\u00edtky s \u010d\u00e1rov\u00fdm k\u00f3dem pro snadnou identifikaci<\/strong><\/li>\n<\/ul>\n<p><strong>Aplikace<\/strong><\/p>\n<p>Jmenovky jsou \u0161iroce pou\u017e\u00edv\u00e1ny v r\u016fzn\u00fdch aplikac\u00edch, v\u010detn\u011b:<\/p>\n<ul>\n<li><strong>Pr\u016fmyslov\u00e9 \u0159\u00eddic\u00ed panely<\/strong><\/li>\n<li><strong>Zdravotnick\u00e9 prost\u0159edky<\/strong><\/li>\n<li><strong>Spot\u0159ebn\u00ed elektronika<\/strong><\/li>\n<li><strong>Spot\u0159ebi\u010de<\/strong><\/li>\n<li><strong>Stroje a za\u0159\u00edzen\u00ed<\/strong><\/li>\n<\/ul>\n<p><strong>P\u0159izp\u016fsobiteln\u00e1 \u0159e\u0161en\u00ed<\/strong><\/p>\n<p>Nab\u00edz\u00edme \u0161irokou \u0161k\u00e1lu mo\u017enost\u00ed p\u0159izp\u016fsoben\u00ed va\u0161im specifick\u00fdm pot\u0159eb\u00e1m, v\u010detn\u011b:<\/p>\n<ul>\n<li><strong>R\u016fzn\u00e9 materi\u00e1ly a povrchov\u00e9 \u00fapravy<\/strong><\/li>\n<li><strong>Vlastn\u00ed grafika a n\u00e1vrhy<\/strong><\/li>\n<li><strong>Mo\u017enosti podsv\u00edcen\u00ed a osv\u011btlen\u00ed<\/strong><\/li>\n<li><strong>Reli\u00e9fy a textury<\/strong><\/li>\n<\/ul>\n<p><strong>Spolupr\u00e1ce se zku\u0161en\u00fdm v\u00fdrobcem \u0161t\u00edtk\u016f<\/strong><\/p>\n<p>D\u00edky dlouholet\u00fdm zku\u0161enostem a z\u00e1vazku ke kvalit\u011b jsme va\u0161\u00edm d\u016fv\u011bryhodn\u00fdm zdrojem \u0161t\u00edtk\u016f na zak\u00e1zku. N\u00e1\u0161 t\u00fdm odborn\u00edk\u016f v\u00e1m pom\u016f\u017ee navrhnout a vyrobit dokonal\u00e9 jmenovky, kter\u00e9 zv\u00fd\u0161\u00ed identitu, funk\u010dnost a estetick\u00fd vzhled va\u0161eho v\u00fdrobku.<\/p>\n<p><strong>Kontaktujte n\u00e1s je\u0161t\u011b dnes<\/strong>\u00a0a dozv\u00edte se v\u00edce o na\u0161ich \u0159e\u0161en\u00edch \u0161t\u00edtk\u016f a o tom, jak v\u00e1m m\u016f\u017eeme pomoci zv\u00fd\u0161it \u00farove\u0148 va\u0161ich produkt\u016f.<\/p>\n<p><strong>Dal\u0161\u00ed kl\u00ed\u010dov\u00e1 slova:<\/strong>\u00a0tla\u010d\u00edtkov\u00fd membr\u00e1nov\u00fd sp\u00edna\u010d, typ sp\u00edna\u010de membr\u00e1nov\u00fd, v\u00fdrobn\u00ed \u0161t\u00edtek<\/p>","protected":false},"excerpt":{"rendered":"<p>Grafick\u00e9 p\u0159ekryvy, zn\u00e1m\u00e9 tak\u00e9 jako jmenovky nebo p\u0159edn\u00ed panely, jsou z\u00e1kladn\u00edmi sou\u010d\u00e1stmi, kter\u00e9 zvy\u0161uj\u00ed u\u017eivatelsk\u00fd komfort a identitu zna\u010dky elektronick\u00fdch za\u0159\u00edzen\u00ed. Tyto tenk\u00e9 vrstvy plastov\u00e9ho nebo polymerov\u00e9ho materi\u00e1lu s vlastn\u00ed grafikou a textem jsou hladce integrov\u00e1ny do povrchu za\u0159\u00edzen\u00ed.<\/p>","protected":false},"featured_media":1749,"template":"","meta":[],"product_brand":[],"product_cat":[40],"product_tag":[],"class_list":{"0":"post-1777","1":"product","2":"type-product","3":"status-publish","4":"has-post-thumbnail","6":"product_cat-membrane-switch","8":"first","9":"instock","10":"shipping-taxable","11":"product-type-simple"},"_links":{"self":[{"href":"https:\/\/membraneswitchmfg.com\/cs\/wp-json\/wp\/v2\/product\/1777","targetHints":{"allow":["GET"]}}],"collection":[{"href":"https:\/\/membraneswitchmfg.com\/cs\/wp-json\/wp\/v2\/product"}],"about":[{"href":"https:\/\/membraneswitchmfg.com\/cs\/wp-json\/wp\/v2\/types\/product"}],"wp:featuredmedia":[{"embeddable":true,"href":"https:\/\/membraneswitchmfg.com\/cs\/wp-json\/wp\/v2\/media\/1749"}],"wp:attachment":[{"href":"https:\/\/membraneswitchmfg.com\/cs\/wp-json\/wp\/v2\/media?parent=1777"}],"wp:term":[{"taxonomy":"product_brand","embeddable":true,"href":"https:\/\/membraneswitchmfg.com\/cs\/wp-json\/wp\/v2\/product_brand?post=1777"},{"taxonomy":"product_cat","embeddable":true,"href":"https:\/\/membraneswitchmfg.com\/cs\/wp-json\/wp\/v2\/product_cat?post=1777"},{"taxonomy":"product_tag","embeddable":true,"href":"https:\/\/membraneswitchmfg.com\/cs\/wp-json\/wp\/v2\/product_tag?post=1777"}],"curies":[{"name":"wp","href":"https:\/\/api.w.org\/{rel}","templated":true}]}}