{"id":1781,"date":"2024-06-24T05:57:57","date_gmt":"2024-06-24T05:57:57","guid":{"rendered":"https:\/\/membraneswitchmfg.com\/manufacturer\/membrane-switch-back-support\/"},"modified":"2024-07-25T08:37:56","modified_gmt":"2024-07-25T08:37:56","slug":"membrane-switch-back-support","status":"publish","type":"product","link":"https:\/\/membraneswitchmfg.com\/cs\/manufacturer\/membrane-switch-back-support\/","title":{"rendered":"Membr\u00e1nov\u00fd sp\u00edna\u010d + z\u00e1dov\u00e1 op\u011brka"},"content":{"rendered":"<h2><strong><b>Membr\u00e1nov\u00fd sp\u00edna\u010d + z\u00e1dov\u00e1 op\u011brka: Zv\u00fd\u0161en\u00e1 odolnost a funk\u010dnost<\/b><\/strong><\/h2>\n<p><strong>Zv\u00fd\u0161en\u00e1 odolnost a stabilita<\/strong><\/p>\n<p>Zadn\u00ed podp\u011bra poskytuje membr\u00e1nov\u00e9mu sp\u00edna\u010di pevn\u00fd z\u00e1klad, co\u017e v\u00fdrazn\u011b zvy\u0161uje jeho odolnost a \u017eivotnost. To je v\u00fdhodn\u00e9 zejm\u00e9na v prost\u0159ed\u00ed, kde je sp\u00edna\u010d vystaven \u010dast\u00e9mu pou\u017e\u00edv\u00e1n\u00ed nebo drsn\u00fdm podm\u00ednk\u00e1m.<\/p>\n<ul>\n<li><strong>Odolnost proti deformaci a opot\u0159eben\u00ed<\/strong><\/li>\n<li><strong>Chr\u00e1n\u00ed sp\u00edna\u010d p\u0159ed n\u00e1razy a vibracemi<\/strong><\/li>\n<li><strong>Prodlu\u017euje \u017eivotnost p\u0159ep\u00edna\u010de<\/strong><\/li>\n<\/ul>\n<p><strong>Vylep\u0161en\u00e1 funk\u010dnost a mo\u017enosti mont\u00e1\u017ee<\/strong><\/p>\n<p>Zadn\u00ed podp\u011bra usnad\u0148uje bezpe\u010dnou a p\u0159esnou mont\u00e1\u017e membr\u00e1nov\u00e9ho sp\u00edna\u010de a zaji\u0161\u0165uje jeho spr\u00e1vn\u00e9 nastaven\u00ed a provoz. Umo\u017e\u0148uje tak\u00e9 integraci dal\u0161\u00edch komponent, jako jsou LED diody a konektory.<\/p>\n<ul>\n<li><strong>Umo\u017e\u0148uje zapu\u0161t\u011bnou nebo zv\u00fd\u0161enou mont\u00e1\u017e<\/strong><\/li>\n<li><strong>Poskytuje mont\u00e1\u017en\u00ed otvory a \u010depy<\/strong><\/li>\n<li><strong>Umo\u017e\u0148uje integraci elektroniky<\/strong><\/li>\n<\/ul>\n<p><strong>Vylep\u0161en\u00e1 estetika a profesion\u00e1ln\u00ed vzhled<\/strong><\/p>\n<p>Zadn\u00ed podp\u011bra zvy\u0161uje celkovou estetiku membr\u00e1nov\u00e9ho sp\u00edna\u010de a vytv\u00e1\u0159\u00ed profesion\u00e1ln\u011bj\u0161\u00ed a vizu\u00e1ln\u011b p\u0159ita\u017eliv\u011bj\u0161\u00ed vzhled. Lze ji p\u0159izp\u016fsobit pomoc\u00ed barev, textur a povrchov\u00fdch \u00faprav tak, aby odpov\u00eddala designu za\u0159\u00edzen\u00ed.<\/p>\n<ul>\n<li><strong>Elegantn\u00ed a modern\u00ed design<\/strong><\/li>\n<li><strong>R\u016fzn\u00e9 barvy a povrchov\u00e9 \u00fapravy<\/strong><\/li>\n<li><strong>P\u0159izp\u016fsobiteln\u00e1 grafika a loga<\/strong><\/li>\n<\/ul>\n<p><strong>Aplikace<\/strong><\/p>\n<p>Membr\u00e1nov\u00e9 sp\u00edna\u010de se zadn\u00ed op\u011brkou se \u0161iroce pou\u017e\u00edvaj\u00ed v r\u016fzn\u00fdch aplikac\u00edch, v\u010detn\u011b:<\/p>\n<ul>\n<li><strong>Pr\u016fmyslov\u00e9 \u0159\u00eddic\u00ed panely<\/strong><\/li>\n<li><strong>Zdravotnick\u00e9 prost\u0159edky<\/strong><\/li>\n<li><strong>Spot\u0159ebn\u00ed elektronika<\/strong><\/li>\n<li><strong>Telekomunika\u010dn\u00ed za\u0159\u00edzen\u00ed<\/strong><\/li>\n<li><strong>Dopravn\u00ed konzoly<\/strong><\/li>\n<\/ul>\n<p><strong>P\u0159izp\u016fsobiteln\u00e1 \u0159e\u0161en\u00ed<\/strong><\/p>\n<p>Nab\u00edz\u00edme \u0161irokou \u0161k\u00e1lu mo\u017enost\u00ed p\u0159izp\u016fsoben\u00ed va\u0161im specifick\u00fdm pot\u0159eb\u00e1m, v\u010detn\u011b:<\/p>\n<ul>\n<li><strong>R\u016fzn\u00e9 materi\u00e1ly op\u011brek zad (hlin\u00edk, plast atd.)<\/strong><\/li>\n<li><strong>Vlastn\u00ed rozm\u011bry a tvary<\/strong><\/li>\n<li><strong>V\u00fd\u0159ezy a otvory pro komponenty<\/strong><\/li>\n<li><strong>Povrchov\u00e9 \u00fapravy a povrchov\u00e9 \u00fapravy<\/strong><\/li>\n<\/ul>\n<p><strong>Spolupr\u00e1ce se zku\u0161en\u00fdm v\u00fdrobcem membr\u00e1nov\u00fdch sp\u00edna\u010d\u016f<\/strong><\/p>\n<p>D\u00edky dlouholet\u00fdm zku\u0161enostem a z\u00e1vazku ke kvalit\u011b jsme d\u016fv\u011bryhodn\u00fdm zdrojem zak\u00e1zkov\u00fdch membr\u00e1nov\u00fdch sp\u00edna\u010d\u016f se zadn\u00ed podporou. N\u00e1\u0161 t\u00fdm odborn\u00edk\u016f v\u00e1m pom\u016f\u017ee navrhnout a vyrobit dokonal\u00e9 sp\u00edna\u010de, kter\u00e9 zv\u00fd\u0161\u00ed odolnost, funk\u010dnost a estetick\u00fd vzhled va\u0161eho v\u00fdrobku.<\/p>\n<p><strong>Kontaktujte n\u00e1s je\u0161t\u011b dnes<\/strong>\u00a0a dozv\u00edte se v\u00edce o na\u0161ich \u0159e\u0161en\u00edch membr\u00e1nov\u00fdch sp\u00edna\u010d\u016f s podporou zad a o tom, jak v\u00e1m m\u016f\u017eeme pomoci zv\u00fd\u0161it \u00farove\u0148 va\u0161ich produkt\u016f.<\/p>\n<p><strong>Dal\u0161\u00ed kl\u00ed\u010dov\u00e1 slova:<\/strong>\u00a0flexibiln\u00ed membr\u00e1nov\u00fd sp\u00edna\u010d, vyp\u00edna\u010d s membr\u00e1nou<\/p>","protected":false},"excerpt":{"rendered":"<p>Membr\u00e1nov\u00e9 sp\u00edna\u010de ve spojen\u00ed se zadn\u00ed podp\u011brou p\u0159edstavuj\u00ed robustn\u00ed a univerz\u00e1ln\u00ed \u0159e\u0161en\u00ed u\u017eivatelsk\u00fdch rozhran\u00ed, kter\u00e9 kombinuje hmatovou zp\u011btnou vazbu membr\u00e1nov\u00fdch sp\u00edna\u010d\u016f se struktur\u00e1ln\u00ed integritou zadn\u00edho panelu. Tato integrace zvy\u0161uje odolnost, funk\u010dnost a estetick\u00fd vzhled sp\u00edna\u010de, tak\u017ee je ide\u00e1ln\u00ed pro \u0161irokou \u0161k\u00e1lu aplikac\u00ed.<\/p>","protected":false},"featured_media":1754,"template":"","meta":[],"product_brand":[],"product_cat":[40],"product_tag":[],"class_list":{"0":"post-1781","1":"product","2":"type-product","3":"status-publish","4":"has-post-thumbnail","6":"product_cat-membrane-switch","8":"first","9":"instock","10":"shipping-taxable","11":"product-type-simple"},"_links":{"self":[{"href":"https:\/\/membraneswitchmfg.com\/cs\/wp-json\/wp\/v2\/product\/1781","targetHints":{"allow":["GET"]}}],"collection":[{"href":"https:\/\/membraneswitchmfg.com\/cs\/wp-json\/wp\/v2\/product"}],"about":[{"href":"https:\/\/membraneswitchmfg.com\/cs\/wp-json\/wp\/v2\/types\/product"}],"wp:featuredmedia":[{"embeddable":true,"href":"https:\/\/membraneswitchmfg.com\/cs\/wp-json\/wp\/v2\/media\/1754"}],"wp:attachment":[{"href":"https:\/\/membraneswitchmfg.com\/cs\/wp-json\/wp\/v2\/media?parent=1781"}],"wp:term":[{"taxonomy":"product_brand","embeddable":true,"href":"https:\/\/membraneswitchmfg.com\/cs\/wp-json\/wp\/v2\/product_brand?post=1781"},{"taxonomy":"product_cat","embeddable":true,"href":"https:\/\/membraneswitchmfg.com\/cs\/wp-json\/wp\/v2\/product_cat?post=1781"},{"taxonomy":"product_tag","embeddable":true,"href":"https:\/\/membraneswitchmfg.com\/cs\/wp-json\/wp\/v2\/product_tag?post=1781"}],"curies":[{"name":"wp","href":"https:\/\/api.w.org\/{rel}","templated":true}]}}