{"id":1782,"date":"2024-06-24T05:57:57","date_gmt":"2024-06-24T05:57:57","guid":{"rendered":"https:\/\/membraneswitchmfg.com\/manufacturer\/membrane-switch-touch-screen\/"},"modified":"2024-06-25T13:51:39","modified_gmt":"2024-06-25T13:51:39","slug":"membrane-switch-touch-screen","status":"publish","type":"product","link":"https:\/\/membraneswitchmfg.com\/cs\/manufacturer\/membrane-switch-touch-screen\/","title":{"rendered":"Membr\u00e1nov\u00fd sp\u00edna\u010d + dotykov\u00e1 obrazovka"},"content":{"rendered":"<h2><strong><b>Membr\u00e1nov\u00fd sp\u00edna\u010d + dotykov\u00fd displej: Bezprobl\u00e9mov\u00e1 integrace pro lep\u0161\u00ed u\u017eivatelsk\u00fd z\u00e1\u017eitek<\/b><\/strong><\/h2>\n<p><strong>Vylep\u0161en\u00e9 u\u017eivatelsk\u00e9 prost\u0159ed\u00ed a p\u0159\u00edstupnost<\/strong><\/p>\n<p>Membr\u00e1nov\u00e9 sp\u00edna\u010de s dotykov\u00fdmi obrazovkami poskytuj\u00ed intuitivn\u011bj\u0161\u00ed a u\u017eivatelsky p\u0159\u00edv\u011btiv\u011bj\u0161\u00ed rozhran\u00ed t\u00edm, \u017ee:<\/p>\n<ul>\n<li><strong>Kombinace hmatov\u00e9 zp\u011btn\u00e9 vazby s vizu\u00e1ln\u00edmi sign\u00e1ly<\/strong><\/li>\n<li><strong>Umo\u017en\u011bn\u00ed snadn\u00e9 navigace a v\u00fdb\u011bru<\/strong><\/li>\n<li><strong>Uspokojen\u00ed \u0161ir\u0161\u00edho spektra preferenc\u00ed u\u017eivatel\u016f<\/strong><\/li>\n<\/ul>\n<p><strong>V\u011bt\u0161\u00ed funk\u010dnost a p\u0159izp\u016fsoben\u00ed<\/strong><\/p>\n<p>Tato integrace umo\u017e\u0148uje za\u010dlen\u011bn\u00ed pokro\u010dil\u00fdch funkc\u00ed, jako jsou:<\/p>\n<ul>\n<li><strong>P\u0159izp\u016fsobiteln\u00e1 grafika a ikony<\/strong><\/li>\n<li><strong>Interaktivn\u00ed nab\u00eddky a displeje<\/strong><\/li>\n<li><strong>Zad\u00e1v\u00e1n\u00ed a kontrola dat<\/strong><\/li>\n<\/ul>\n<p><strong>R\u016fzn\u00e9 mo\u017enosti designu<\/strong><\/p>\n<p>Membr\u00e1nov\u00e9 sp\u00edna\u010de s dotykov\u00fdmi obrazovkami lze p\u0159izp\u016fsobit specifick\u00fdm po\u017eadavk\u016fm na design, v\u010detn\u011b:<\/p>\n<ul>\n<li><strong>R\u016fzn\u00e9 velikosti a konfigurace p\u0159ep\u00edna\u010d\u016f<\/strong><\/li>\n<li><strong>Velikosti a technologie dotykov\u00fdch displej\u016f<\/strong><\/li>\n<li><strong>Mo\u017enosti podsv\u00edcen\u00ed a osv\u011btlen\u00ed<\/strong><\/li>\n<li><strong>Estetick\u00e1 integrace s designem za\u0159\u00edzen\u00ed<\/strong><\/li>\n<\/ul>\n<p><strong>Aplikace<\/strong><\/p>\n<p>Membr\u00e1nov\u00e9 sp\u00edna\u010de s dotykov\u00fdmi obrazovkami se \u0161iroce pou\u017e\u00edvaj\u00ed v r\u016fzn\u00fdch aplikac\u00edch, v\u010detn\u011b:<\/p>\n<ul>\n<li><strong>Pr\u016fmyslov\u00e9 \u0159\u00eddic\u00ed panely<\/strong><\/li>\n<li><strong>Zdravotnick\u00e9 prost\u0159edky<\/strong><\/li>\n<li><strong>Spot\u0159ebn\u00ed elektronika<\/strong><\/li>\n<li><strong>Dom\u00e1c\u00ed spot\u0159ebi\u010de<\/strong><\/li>\n<li><strong>Ve\u0159ejn\u00e9 kiosky<\/strong><\/li>\n<\/ul>\n<p><strong>P\u0159izp\u016fsobiteln\u00e1 \u0159e\u0161en\u00ed<\/strong><\/p>\n<p>Nab\u00edz\u00edme \u0161irokou \u0161k\u00e1lu mo\u017enost\u00ed p\u0159izp\u016fsoben\u00ed va\u0161im specifick\u00fdm pot\u0159eb\u00e1m, v\u010detn\u011b:<\/p>\n<ul>\n<li><strong>V\u00fdb\u011br materi\u00e1l\u016f a styl\u016f membr\u00e1nov\u00fdch sp\u00edna\u010d\u016f<\/strong><\/li>\n<li><strong>Technologie dotykov\u00e9 obrazovky a rozli\u0161en\u00ed<\/strong><\/li>\n<li><strong>Vlastn\u00ed grafika a n\u00e1vrh u\u017eivatelsk\u00e9ho rozhran\u00ed<\/strong><\/li>\n<li><strong>Integrace s dal\u0161\u00edmi komponentami<\/strong><\/li>\n<\/ul>\n<p><strong>Spolupr\u00e1ce se zku\u0161en\u00fdm v\u00fdrobcem membr\u00e1nov\u00fdch sp\u00edna\u010d\u016f a dotykov\u00fdch obrazovek<\/strong><\/p>\n<p>D\u00edky dlouholet\u00fdm zku\u0161enostem a z\u00e1vazku ke kvalit\u011b jsme d\u016fv\u011bryhodn\u00fdm zdrojem zak\u00e1zkov\u00fdch membr\u00e1nov\u00fdch sp\u00edna\u010d\u016f s dotykov\u00fdmi obrazovkami. N\u00e1\u0161 t\u00fdm odborn\u00edk\u016f v\u00e1m pom\u016f\u017ee navrhnout a vyrobit dokonal\u00e9 \u0159e\u0161en\u00ed, kter\u00e9 zv\u00fd\u0161\u00ed u\u017eivatelsk\u00fd komfort, funk\u010dnost a estetick\u00fd vzhled va\u0161eho produktu.<\/p>\n<p><strong>Kontaktujte n\u00e1s je\u0161t\u011b dnes<\/strong>\u00a0a dozv\u00edte se v\u00edce o na\u0161ich \u0159e\u0161en\u00edch membr\u00e1nov\u00fdch sp\u00edna\u010d\u016f a dotykov\u00fdch obrazovek a o tom, jak v\u00e1m m\u016f\u017eeme pomoci zv\u00fd\u0161it \u00farove\u0148 va\u0161ich produkt\u016f.<\/p>","protected":false},"excerpt":{"rendered":"<p>Membr\u00e1nov\u00e9 sp\u00edna\u010de a dotykov\u00e9 obrazovky lze hladce integrovat a vytvo\u0159it tak u\u017eivatelsk\u00e9 rozhran\u00ed, kter\u00e9 kombinuje hmatovou zp\u011btnou vazbu membr\u00e1nov\u00fdch sp\u00edna\u010d\u016f s vizu\u00e1ln\u00ed interaktivitou dotykov\u00fdch obrazovek. Tato inovativn\u00ed kombinace nab\u00edz\u00ed v\u0161estrann\u00e9 a u\u017eivatelsky p\u0159\u00edv\u011btiv\u00e9 \u0159e\u0161en\u00ed pro \u0161irokou \u0161k\u00e1lu aplikac\u00ed.<\/p>","protected":false},"featured_media":1762,"template":"","meta":[],"product_brand":[],"product_cat":[40],"product_tag":[],"class_list":{"0":"post-1782","1":"product","2":"type-product","3":"status-publish","4":"has-post-thumbnail","6":"product_cat-membrane-switch","8":"first","9":"instock","10":"shipping-taxable","11":"product-type-simple"},"_links":{"self":[{"href":"https:\/\/membraneswitchmfg.com\/cs\/wp-json\/wp\/v2\/product\/1782","targetHints":{"allow":["GET"]}}],"collection":[{"href":"https:\/\/membraneswitchmfg.com\/cs\/wp-json\/wp\/v2\/product"}],"about":[{"href":"https:\/\/membraneswitchmfg.com\/cs\/wp-json\/wp\/v2\/types\/product"}],"wp:featuredmedia":[{"embeddable":true,"href":"https:\/\/membraneswitchmfg.com\/cs\/wp-json\/wp\/v2\/media\/1762"}],"wp:attachment":[{"href":"https:\/\/membraneswitchmfg.com\/cs\/wp-json\/wp\/v2\/media?parent=1782"}],"wp:term":[{"taxonomy":"product_brand","embeddable":true,"href":"https:\/\/membraneswitchmfg.com\/cs\/wp-json\/wp\/v2\/product_brand?post=1782"},{"taxonomy":"product_cat","embeddable":true,"href":"https:\/\/membraneswitchmfg.com\/cs\/wp-json\/wp\/v2\/product_cat?post=1782"},{"taxonomy":"product_tag","embeddable":true,"href":"https:\/\/membraneswitchmfg.com\/cs\/wp-json\/wp\/v2\/product_tag?post=1782"}],"curies":[{"name":"wp","href":"https:\/\/api.w.org\/{rel}","templated":true}]}}