{"id":1783,"date":"2024-06-24T05:57:57","date_gmt":"2024-06-24T05:57:57","guid":{"rendered":"https:\/\/membraneswitchmfg.com\/manufacturer\/oca-membrane-switch-keypad\/"},"modified":"2024-06-25T14:00:06","modified_gmt":"2024-06-25T14:00:06","slug":"oca-membrane-switch-keypad","status":"publish","type":"product","link":"https:\/\/membraneswitchmfg.com\/cs\/manufacturer\/oca-membrane-switch-keypad\/","title":{"rendered":"Membr\u00e1nov\u00e1 sp\u00ednac\u00ed kl\u00e1vesnice OCA"},"content":{"rendered":"<h2><strong><b>Membr\u00e1nov\u00e1 sp\u00ednac\u00ed kl\u00e1vesnice OCA: Zv\u00fd\u0161en\u00e1 odolnost a hmatov\u00e1 odezva<\/b><\/strong><\/h2>\n<p><strong>Zv\u00fd\u0161en\u00e1 odolnost a vod\u011bodolnost<\/strong><\/p>\n<p>Membr\u00e1nov\u00e9 sp\u00ednac\u00ed kl\u00e1vesnice OCA jsou v\u00fdjime\u010dn\u011b odoln\u00e9, vydr\u017e\u00ed n\u00e1ro\u010dn\u00e9 podm\u00ednky a \u010dast\u00e9 pou\u017e\u00edv\u00e1n\u00ed. Vrstva OCA poskytuje ochrannou bari\u00e9ru proti vlhkosti, prachu a ne\u010distot\u00e1m, \u010d\u00edm\u017e prodlu\u017euje \u017eivotnost kl\u00e1vesnice.<\/p>\n<ul>\n<li><strong>Odolnost v\u016f\u010di vod\u011b, chemik\u00e1li\u00edm a UV z\u00e1\u0159en\u00ed<\/strong><\/li>\n<li><strong>Odol\u00e1v\u00e1 extr\u00e9mn\u00edm teplot\u00e1m a vibrac\u00edm<\/strong><\/li>\n<li><strong>Vhodn\u00e9 pro venkovn\u00ed a pr\u016fmyslov\u00e9 prost\u0159ed\u00ed<\/strong><\/li>\n<\/ul>\n<p><strong>Vynikaj\u00edc\u00ed hmatov\u00e1 odezva a jasn\u00e1 zp\u011btn\u00e1 vazba<\/strong><\/p>\n<p>Kl\u00e1vesnice s membr\u00e1nov\u00fdmi sp\u00edna\u010di OCA poskytuj\u00ed p\u0159esnou a konzistentn\u00ed hmatovou odezvu a zaji\u0161\u0165uj\u00ed p\u0159esn\u00e9 a spolehliv\u00e9 zad\u00e1v\u00e1n\u00ed u\u017eivatelsk\u00fdch \u00fadaj\u016f. Vrstva OCA zlep\u0161uje zdvih kl\u00e1ves a poskytuje jasnou odezvu kliknut\u00ed pro pozitivn\u00ed potvrzen\u00ed u\u017eivatelem.<\/p>\n<ul>\n<li><strong>P\u0159esn\u00e9 a konzistentn\u00ed ovl\u00e1d\u00e1n\u00ed kl\u00e1ves<\/strong><\/li>\n<li><strong>Jasn\u00e1 zp\u011btn\u00e1 vazba po kliknut\u00ed pro hmatov\u00e9 potvrzen\u00ed<\/strong><\/li>\n<li><strong>Minimalizuje chyby a zlep\u0161uje u\u017eivatelskou zku\u0161enost<\/strong><\/li>\n<\/ul>\n<p><strong>Vylep\u0161en\u00e1 vizu\u00e1ln\u00ed \u010distota a mo\u017enosti podsv\u00edcen\u00ed<\/strong><\/p>\n<p>Membr\u00e1nov\u00e9 sp\u00ednac\u00ed kl\u00e1vesnice OCA nab\u00edzej\u00ed v\u00fdjime\u010dnou vizu\u00e1ln\u00ed \u010distotu s jasn\u00fdmi popisky a symboly, kter\u00e9 jsou snadno \u010diteln\u00e9 i p\u0159i slab\u00e9m osv\u011btlen\u00ed. Vrstva OCA umo\u017e\u0148uje rovnom\u011brn\u00e9 podsv\u00edcen\u00ed, kter\u00e9 zaji\u0161\u0165uje jasnou viditelnost za zhor\u0161en\u00fdch sv\u011bteln\u00fdch podm\u00ednek.<\/p>\n<ul>\n<li><strong>Jasn\u00e9 a \u010diteln\u00e9 popisky a symboly<\/strong><\/li>\n<li><strong>Mo\u017enosti rovnom\u011brn\u00e9ho podsv\u00edcen\u00ed pro lep\u0161\u00ed viditelnost<\/strong><\/li>\n<li><strong>P\u0159izp\u016fsobiteln\u00e1 grafika a prvky zna\u010dky<\/strong><\/li>\n<\/ul>\n<p><strong>Aplikace<\/strong><\/p>\n<p>Membr\u00e1nov\u00e9 sp\u00ednac\u00ed kl\u00e1vesnice OCA se \u0161iroce pou\u017e\u00edvaj\u00ed v r\u016fzn\u00fdch aplikac\u00edch, v\u010detn\u011b:<\/p>\n<ul>\n<li><strong>Pr\u016fmyslov\u00e9 \u0159\u00eddic\u00ed panely<\/strong><\/li>\n<li><strong>Zdravotnick\u00e9 prost\u0159edky<\/strong><\/li>\n<li><strong>Spot\u0159ebn\u00ed elektronika<\/strong><\/li>\n<li><strong>Telekomunika\u010dn\u00ed za\u0159\u00edzen\u00ed<\/strong><\/li>\n<li><strong>Dopravn\u00ed konzoly<\/strong><\/li>\n<\/ul>\n<p><strong>P\u0159izp\u016fsobiteln\u00e1 \u0159e\u0161en\u00ed<\/strong><\/p>\n<p>Nab\u00edz\u00edme \u0161irokou \u0161k\u00e1lu mo\u017enost\u00ed p\u0159izp\u016fsoben\u00ed va\u0161im specifick\u00fdm pot\u0159eb\u00e1m, v\u010detn\u011b:<\/p>\n<ul>\n<li><strong>R\u016fzn\u00e9 velikosti, uspo\u0159\u00e1d\u00e1n\u00ed a konfigurace kl\u00ed\u010d\u016f<\/strong><\/li>\n<li><strong>Vlastn\u00ed grafika, legendy a prvky zna\u010dky<\/strong><\/li>\n<li><strong>Mo\u017enosti a barvy podsv\u00edcen\u00ed<\/strong><\/li>\n<li><strong>Integrace s dal\u0161\u00edmi komponentami<\/strong><\/li>\n<\/ul>\n<p><strong>Spolupr\u00e1ce se zku\u0161en\u00fdm v\u00fdrobcem membr\u00e1nov\u00fdch sp\u00edna\u010d\u016f OCA<\/strong><\/p>\n<p>D\u00edky dlouholet\u00fdm zku\u0161enostem a z\u00e1vazku ke kvalit\u011b jsme va\u0161\u00edm d\u016fv\u011bryhodn\u00fdm zdrojem pro zak\u00e1zkov\u00e9 membr\u00e1nov\u00e9 sp\u00ednac\u00ed kl\u00e1vesnice OCA. N\u00e1\u0161 t\u00fdm odborn\u00edk\u016f v\u00e1m pom\u016f\u017ee navrhnout a vyrobit dokonal\u00e9 kl\u00e1vesnice, kter\u00e9 zv\u00fd\u0161\u00ed odolnost, hmatovou odezvu, vizu\u00e1ln\u00ed \u010distotu a celkov\u00fd v\u00fdkon va\u0161eho v\u00fdrobku.<\/p>\n<p><strong>Kontaktujte n\u00e1s je\u0161t\u011b dnes<\/strong>\u00a0a dozv\u00edte se v\u00edce o na\u0161ich \u0159e\u0161en\u00edch membr\u00e1nov\u00fdch kl\u00e1vesnic OCA a o tom, jak v\u00e1m m\u016f\u017eeme pomoci zv\u00fd\u0161it \u00farove\u0148 va\u0161ich produkt\u016f.<\/p>","protected":false},"excerpt":{"rendered":"<p>Membr\u00e1nov\u00e9 sp\u00ednac\u00ed kl\u00e1vesnice OCA (Optically Clear Adhesive) p\u0159edstavuj\u00ed lep\u0161\u00ed alternativu k tradi\u010dn\u00edm membr\u00e1nov\u00fdm sp\u00ednac\u00edm kl\u00e1vesnic\u00edm a poskytuj\u00ed vy\u0161\u0161\u00ed odolnost, hmatovou odezvu a vizu\u00e1ln\u00ed \u010distotu. Tyto inovativn\u00ed kl\u00e1vesnice jsou ide\u00e1ln\u00ed pro aplikace vy\u017eaduj\u00edc\u00ed vysok\u00fd v\u00fdkon a spolehlivost v n\u00e1ro\u010dn\u00fdch prost\u0159ed\u00edch.<\/p>","protected":false},"featured_media":1756,"template":"","meta":[],"product_brand":[],"product_cat":[40],"product_tag":[],"class_list":{"0":"post-1783","1":"product","2":"type-product","3":"status-publish","4":"has-post-thumbnail","6":"product_cat-membrane-switch","8":"first","9":"instock","10":"shipping-taxable","11":"product-type-simple"},"_links":{"self":[{"href":"https:\/\/membraneswitchmfg.com\/cs\/wp-json\/wp\/v2\/product\/1783","targetHints":{"allow":["GET"]}}],"collection":[{"href":"https:\/\/membraneswitchmfg.com\/cs\/wp-json\/wp\/v2\/product"}],"about":[{"href":"https:\/\/membraneswitchmfg.com\/cs\/wp-json\/wp\/v2\/types\/product"}],"wp:featuredmedia":[{"embeddable":true,"href":"https:\/\/membraneswitchmfg.com\/cs\/wp-json\/wp\/v2\/media\/1756"}],"wp:attachment":[{"href":"https:\/\/membraneswitchmfg.com\/cs\/wp-json\/wp\/v2\/media?parent=1783"}],"wp:term":[{"taxonomy":"product_brand","embeddable":true,"href":"https:\/\/membraneswitchmfg.com\/cs\/wp-json\/wp\/v2\/product_brand?post=1783"},{"taxonomy":"product_cat","embeddable":true,"href":"https:\/\/membraneswitchmfg.com\/cs\/wp-json\/wp\/v2\/product_cat?post=1783"},{"taxonomy":"product_tag","embeddable":true,"href":"https:\/\/membraneswitchmfg.com\/cs\/wp-json\/wp\/v2\/product_tag?post=1783"}],"curies":[{"name":"wp","href":"https:\/\/api.w.org\/{rel}","templated":true}]}}