{"id":1784,"date":"2024-06-24T05:57:57","date_gmt":"2024-06-24T05:57:57","guid":{"rendered":"https:\/\/membraneswitchmfg.com\/manufacturer\/digital-printing-graphic-overlay\/"},"modified":"2024-06-25T13:50:44","modified_gmt":"2024-06-25T13:50:44","slug":"digital-printing-graphic-overlay","status":"publish","type":"product","link":"https:\/\/membraneswitchmfg.com\/cs\/manufacturer\/digital-printing-graphic-overlay\/","title":{"rendered":"Digit\u00e1ln\u00ed tisk Grafick\u00e9 p\u0159ekryt\u00ed"},"content":{"rendered":"<h2><strong><b>Digit\u00e1ln\u011b ti\u0161t\u011bn\u00e9 grafick\u00e9 p\u0159ekryvy: Vylep\u0161en\u00ed estetiky a funk\u010dnosti v\u00fdrobku<\/b><\/strong><\/h2>\n<p><strong>Zv\u00fd\u0161en\u00ed estetiky v\u00fdrobk\u016f<\/strong><\/p>\n<p>Grafick\u00e9 p\u0159ekryvy mohou v\u00fdrazn\u011b zlep\u0161it vzhled v\u00fdrobku t\u00edm, \u017ee:<\/p>\n<ul>\n<li><strong>Za\u010dlen\u011bn\u00ed loga spole\u010dnosti, prvk\u016f zna\u010dky a grafiky produkt\u016f.<\/strong><\/li>\n<li><strong>Vytvo\u0159en\u00ed ucelen\u00e9 a profesion\u00e1ln\u00ed image zna\u010dky<\/strong><\/li>\n<li><strong>Dod\u00e1n\u00ed elegance a sofistikovanosti<\/strong><\/li>\n<\/ul>\n<p><strong>Zlep\u0161en\u00ed funk\u010dnosti produktu<\/strong><\/p>\n<p>Grafick\u00e9 p\u0159ekryvy mohou tak\u00e9 zlep\u0161it funk\u010dnost produktu t\u00edm, \u017ee:<\/p>\n<ul>\n<li><strong>Poskytov\u00e1n\u00ed jasn\u00fdch pokyn\u016f a n\u00e1vod\u016f pro u\u017eivatele<\/strong><\/li>\n<li><strong>Identifikace tla\u010d\u00edtek, p\u0159ep\u00edna\u010d\u016f a dal\u0161\u00edch ovl\u00e1dac\u00edch prvk\u016f<\/strong><\/li>\n<li><strong>Zobrazen\u00ed stavov\u00fdch indik\u00e1tor\u016f a v\u00fdstra\u017en\u00fdch symbol\u016f<\/strong><\/li>\n<\/ul>\n<p>Digit\u00e1ln\u011b ti\u0161t\u011bn\u00fd grafick\u00fd p\u0159ekryv<\/p>\n<p>Digit\u00e1ln\u011b ti\u0161t\u011bn\u00e9 grafick\u00e9 p\u0159ekryvy lze aplikovat na r\u016fzn\u00e9 materi\u00e1ly, v\u010detn\u011b:<\/p>\n<ul>\n<li><strong>Plasty<\/strong><\/li>\n<li><strong>Kovy<\/strong><\/li>\n<li><strong>Sklo<\/strong><\/li>\n<li><strong>D\u0159evo<\/strong><\/li>\n<\/ul>\n<p>Tyto p\u0159ekryvy jsou tak\u00e9 velmi odoln\u00e9, vydr\u017e\u00ed n\u00e1ro\u010dn\u00e9 podm\u00ednky a \u010dast\u00e9 pou\u017e\u00edv\u00e1n\u00ed.<\/p>\n<p><strong>Aplikace<\/strong><\/p>\n<p>Grafick\u00e9 p\u0159ekryvy se \u0161iroce pou\u017e\u00edvaj\u00ed v r\u016fzn\u00fdch aplikac\u00edch, v\u010detn\u011b:<\/p>\n<ul>\n<li><strong>Pr\u016fmyslov\u00e9 \u0159\u00eddic\u00ed panely<\/strong><\/li>\n<li><strong>Zdravotnick\u00e9 prost\u0159edky<\/strong><\/li>\n<li><strong>Spot\u0159ebn\u00ed elektronika<\/strong><\/li>\n<li><strong>Spot\u0159ebi\u010de<\/strong><\/li>\n<li><strong>Stroje a za\u0159\u00edzen\u00ed<\/strong><\/li>\n<\/ul>\n<p><strong>P\u0159izp\u016fsobiteln\u00e1 \u0159e\u0161en\u00ed<\/strong><\/p>\n<p>Nab\u00edz\u00edme \u0161irokou \u0161k\u00e1lu mo\u017enost\u00ed p\u0159izp\u016fsoben\u00ed va\u0161im specifick\u00fdm pot\u0159eb\u00e1m, v\u010detn\u011b:<\/p>\n<ul>\n<li><strong>R\u016fzn\u00e9 materi\u00e1ly, povrchov\u00e9 \u00fapravy a tlou\u0161\u0165ky<\/strong><\/li>\n<li><strong>Vlastn\u00ed grafika, n\u00e1vrhy a text<\/strong><\/li>\n<li><strong>Mo\u017enosti podsv\u00edcen\u00ed a osv\u011btlen\u00ed<\/strong><\/li>\n<li><strong>Vysek\u00e1v\u00e1n\u00ed a slo\u017eit\u00e9 tvary<\/strong><\/li>\n<\/ul>\n<p><strong>Spolupr\u00e1ce se zku\u0161en\u00fdm v\u00fdrobcem grafick\u00fdch p\u0159ekryv\u016f<\/strong><\/p>\n<p>D\u00edky dlouholet\u00fdm zku\u0161enostem a z\u00e1vazku ke kvalit\u011b jsme va\u0161\u00edm d\u016fv\u011bryhodn\u00fdm zdrojem digit\u00e1ln\u011b ti\u0161t\u011bn\u00fdch grafick\u00fdch p\u0159ekryv\u016f na zak\u00e1zku. N\u00e1\u0161 t\u00fdm odborn\u00edk\u016f v\u00e1m pom\u016f\u017ee navrhnout a vyrobit dokonal\u00e9 p\u0159ekryvy, kter\u00e9 zv\u00fd\u0161\u00ed estetiku, funk\u010dnost a celkovou p\u0159ita\u017elivost va\u0161eho produktu.<\/p>\n<p><strong>Kontaktujte n\u00e1s je\u0161t\u011b dnes<\/strong>\u00a0a dozv\u00edte se v\u00edce o na\u0161ich grafick\u00fdch p\u0159ekryvech a o tom, jak v\u00e1m m\u016f\u017eeme pomoci vylep\u0161it va\u0161e produkty.<\/p>","protected":false},"excerpt":{"rendered":"<p>Digit\u00e1ln\u011b ti\u0161t\u011bn\u00e9 grafick\u00e9 p\u0159ekryvy jsou v\u0161estrann\u00fdm a n\u00e1kladov\u011b efektivn\u00edm \u0159e\u0161en\u00edm pro zlep\u0161en\u00ed estetiky a funk\u010dnosti \u0161irok\u00e9 \u0161k\u00e1ly v\u00fdrobk\u016f. Tyto odoln\u00e9 p\u0159ekryvy jsou na zak\u00e1zku poti\u0161t\u011bny grafikou, logy a textem ve vysok\u00e9m rozli\u0161en\u00ed a m\u011bn\u00ed oby\u010dejn\u00e9 povrchy na vizu\u00e1ln\u011b atraktivn\u00ed a informativn\u00ed rozhran\u00ed.<\/p>","protected":false},"featured_media":1748,"template":"","meta":[],"product_brand":[],"product_cat":[40],"product_tag":[],"class_list":{"0":"post-1784","1":"product","2":"type-product","3":"status-publish","4":"has-post-thumbnail","6":"product_cat-membrane-switch","8":"first","9":"instock","10":"shipping-taxable","11":"product-type-simple"},"_links":{"self":[{"href":"https:\/\/membraneswitchmfg.com\/cs\/wp-json\/wp\/v2\/product\/1784","targetHints":{"allow":["GET"]}}],"collection":[{"href":"https:\/\/membraneswitchmfg.com\/cs\/wp-json\/wp\/v2\/product"}],"about":[{"href":"https:\/\/membraneswitchmfg.com\/cs\/wp-json\/wp\/v2\/types\/product"}],"wp:featuredmedia":[{"embeddable":true,"href":"https:\/\/membraneswitchmfg.com\/cs\/wp-json\/wp\/v2\/media\/1748"}],"wp:attachment":[{"href":"https:\/\/membraneswitchmfg.com\/cs\/wp-json\/wp\/v2\/media?parent=1784"}],"wp:term":[{"taxonomy":"product_brand","embeddable":true,"href":"https:\/\/membraneswitchmfg.com\/cs\/wp-json\/wp\/v2\/product_brand?post=1784"},{"taxonomy":"product_cat","embeddable":true,"href":"https:\/\/membraneswitchmfg.com\/cs\/wp-json\/wp\/v2\/product_cat?post=1784"},{"taxonomy":"product_tag","embeddable":true,"href":"https:\/\/membraneswitchmfg.com\/cs\/wp-json\/wp\/v2\/product_tag?post=1784"}],"curies":[{"name":"wp","href":"https:\/\/api.w.org\/{rel}","templated":true}]}}