{"id":1785,"date":"2024-06-24T05:57:57","date_gmt":"2024-06-24T05:57:57","guid":{"rendered":"https:\/\/membraneswitchmfg.com\/manufacturer\/thru-hole-silver-flex-circuit\/"},"modified":"2024-06-25T13:49:55","modified_gmt":"2024-06-25T13:49:55","slug":"thru-hole-silver-flex-circuit","status":"publish","type":"product","link":"https:\/\/membraneswitchmfg.com\/cs\/manufacturer\/thru-hole-silver-flex-circuit\/","title":{"rendered":"Obvod THRU-HOLE Silver Flex"},"content":{"rendered":"<h2><strong><b>Obvody THRU-HOLE Silver Flex: Flexibiln\u00ed a spolehliv\u00e9 propojen\u00ed pro r\u016fzn\u00e9 aplikace<\/b><\/strong><\/h2>\n<p><strong>Zv\u00fd\u0161en\u00e1 flexibilita a p\u0159izp\u016fsobivost<\/strong><\/p>\n<p>St\u0159\u00edbrn\u00e9 flexibiln\u00ed obvody THRU-HOLE jsou vysoce flexibiln\u00ed a p\u0159izp\u016fsobuj\u00ed se slo\u017eit\u00fdm tvar\u016fm a geometri\u00edm. D\u00edky tomu jsou ide\u00e1ln\u00ed pro aplikace, kde je omezen\u00fd prostor nebo kde je vy\u017eadov\u00e1n pohyb.<\/p>\n<ul>\n<li><strong>P\u0159izp\u016fsoben\u00ed zak\u0159iven\u00fdm povrch\u016fm a st\u00edsn\u011bn\u00fdm prostor\u016fm<\/strong><\/li>\n<li><strong>Odolnost proti oh\u00fdb\u00e1n\u00ed, oh\u00fdb\u00e1n\u00ed a kroucen\u00ed<\/strong><\/li>\n<li><strong>Vhodn\u00e9 pro dynamick\u00e9 a mobiln\u00ed aplikace<\/strong><\/li>\n<\/ul>\n<p><strong>Spolehliv\u00e1 elektrick\u00e1 vodivost<\/strong><\/p>\n<p>Vodi\u010de se st\u0159\u00edbrn\u00fdm inkoustem zaji\u0161\u0165uj\u00ed n\u00edzk\u00fd odpor a vysokou proudovou kapacitu, co\u017e umo\u017e\u0148uje spolehliv\u00fd p\u0159enos sign\u00e1lu a distribuci energie.<\/p>\n<ul>\n<li><strong>Vynikaj\u00edc\u00ed vodivost pro efektivn\u00ed p\u0159enos sign\u00e1lu<\/strong><\/li>\n<li><strong>N\u00edzk\u00fd odpor pro minim\u00e1ln\u00ed ztr\u00e1ty v\u00fdkonu<\/strong><\/li>\n<li><strong>Vhodn\u00e9 pro n\u00e1ro\u010dn\u00e9 elektrick\u00e9 aplikace<\/strong><\/li>\n<\/ul>\n<p><strong>Robustn\u00ed pl\u00e1tovan\u00e9 pr\u016fchoz\u00ed otvory<\/strong><\/p>\n<p>Pr\u016fchoz\u00ed otvory zaji\u0161\u0165uj\u00ed pevn\u00e9 a spolehliv\u00e9 spojen\u00ed mezi r\u016fzn\u00fdmi vrstvami flexibiln\u00edho obvodu, \u010d\u00edm\u017e je zaji\u0161t\u011bna integrita sign\u00e1lu a stabilita obvodu.<\/p>\n<ul>\n<li><strong>Bezpe\u010dn\u00e9 p\u0159ipojen\u00ed pro spolehliv\u00fd p\u0159enos sign\u00e1lu<\/strong><\/li>\n<li><strong>Odolnost proti opot\u0159eben\u00ed pro dlouhodob\u00fd v\u00fdkon<\/strong><\/li>\n<li><strong>Vhodn\u00e9 pro drsn\u00e9 a n\u00e1ro\u010dn\u00e9 prost\u0159ed\u00ed<\/strong><\/li>\n<\/ul>\n<p><strong>Aplikace<\/strong><\/p>\n<p>St\u0159\u00edbrn\u00e9 flexibiln\u00ed obvody THRU-HOLE se \u0161iroce pou\u017e\u00edvaj\u00ed v r\u016fzn\u00fdch aplikac\u00edch, v\u010detn\u011b:<\/p>\n<ul>\n<li><strong>Membr\u00e1nov\u00e9 tla\u010d\u00edtkov\u00e9 sp\u00edna\u010de<\/strong><\/li>\n<li><strong>Zdravotnick\u00e9 prost\u0159edky<\/strong><\/li>\n<li><strong>Spot\u0159ebn\u00ed elektronika<\/strong><\/li>\n<li><strong>Pr\u016fmyslov\u00e9 \u0159\u00eddic\u00ed panely<\/strong><\/li>\n<li><strong>Automobilov\u00e1 a leteck\u00e1 za\u0159\u00edzen\u00ed<\/strong><\/li>\n<\/ul>\n<p><strong>P\u0159izp\u016fsobiteln\u00e1 \u0159e\u0161en\u00ed<\/strong><\/p>\n<p>Nab\u00edz\u00edme \u0161irokou \u0161k\u00e1lu mo\u017enost\u00ed p\u0159izp\u016fsoben\u00ed va\u0161im specifick\u00fdm pot\u0159eb\u00e1m, v\u010detn\u011b:<\/p>\n<ul>\n<li><strong>R\u016fzn\u00e1 uspo\u0159\u00e1d\u00e1n\u00ed a konfigurace obvod\u016f<\/strong><\/li>\n<li><strong>Vlastn\u00ed vzory a velikosti vodi\u010d\u016f<\/strong><\/li>\n<li><strong>R\u016fzn\u00e9 materi\u00e1ly a tlou\u0161\u0165ky<\/strong><\/li>\n<li><strong>Povrchov\u00e9 \u00fapravy a ochrann\u00e9 n\u00e1t\u011bry<\/strong><\/li>\n<\/ul>\n<p><strong>Spolupr\u00e1ce se zku\u0161en\u00fdm v\u00fdrobcem st\u0159\u00edbrn\u00fdch flexibiln\u00edch obvod\u016f THRU-HOLE<\/strong><\/p>\n<p>D\u00edky dlouholet\u00fdm zku\u0161enostem a z\u00e1vazku ke kvalit\u011b jsme va\u0161\u00edm spolehliv\u00fdm zdrojem pro zak\u00e1zkov\u00e9 st\u0159\u00edbrn\u00e9 flexi obvody THRU-HOLE. N\u00e1\u0161 t\u00fdm odborn\u00edk\u016f v\u00e1m pom\u016f\u017ee navrhnout a vyrobit dokonal\u00e9 obvody, kter\u00e9 spln\u00ed va\u0161e specifick\u00e9 aplika\u010dn\u00ed po\u017eadavky.<\/p>\n<p><strong>Kontaktujte n\u00e1s je\u0161t\u011b dnes<\/strong>\u00a0a dozv\u00edte se v\u00edce o na\u0161ich \u0159e\u0161en\u00edch THRU-HOLE Silver Flex Circuit a o tom, jak v\u00e1m m\u016f\u017eeme pomoci vylep\u0161it va\u0161e v\u00fdrobky.<\/p>","protected":false},"excerpt":{"rendered":"<p>St\u0159\u00edbrn\u00e9 flexibiln\u00ed obvody THRU-HOLE p\u0159edstavuj\u00ed univerz\u00e1ln\u00ed a spolehliv\u00e9 \u0159e\u0161en\u00ed pro propojen\u00ed v \u0161irok\u00e9 \u0161k\u00e1le aplikac\u00ed. Tyto flexibiln\u00ed obvody jsou vybaveny st\u0159\u00edbrn\u00fdmi inkoustov\u00fdmi vodi\u010di a pokoven\u00fdmi pr\u016fchoz\u00edmi otvory, kter\u00e9 zaji\u0161\u0165uj\u00ed vynikaj\u00edc\u00ed vodivost, flexibilitu a trvanlivost.<\/p>","protected":false},"featured_media":1760,"template":"","meta":[],"product_brand":[],"product_cat":[40],"product_tag":[],"class_list":{"0":"post-1785","1":"product","2":"type-product","3":"status-publish","4":"has-post-thumbnail","6":"product_cat-membrane-switch","8":"first","9":"instock","10":"shipping-taxable","11":"product-type-simple"},"_links":{"self":[{"href":"https:\/\/membraneswitchmfg.com\/cs\/wp-json\/wp\/v2\/product\/1785","targetHints":{"allow":["GET"]}}],"collection":[{"href":"https:\/\/membraneswitchmfg.com\/cs\/wp-json\/wp\/v2\/product"}],"about":[{"href":"https:\/\/membraneswitchmfg.com\/cs\/wp-json\/wp\/v2\/types\/product"}],"wp:featuredmedia":[{"embeddable":true,"href":"https:\/\/membraneswitchmfg.com\/cs\/wp-json\/wp\/v2\/media\/1760"}],"wp:attachment":[{"href":"https:\/\/membraneswitchmfg.com\/cs\/wp-json\/wp\/v2\/media?parent=1785"}],"wp:term":[{"taxonomy":"product_brand","embeddable":true,"href":"https:\/\/membraneswitchmfg.com\/cs\/wp-json\/wp\/v2\/product_brand?post=1785"},{"taxonomy":"product_cat","embeddable":true,"href":"https:\/\/membraneswitchmfg.com\/cs\/wp-json\/wp\/v2\/product_cat?post=1785"},{"taxonomy":"product_tag","embeddable":true,"href":"https:\/\/membraneswitchmfg.com\/cs\/wp-json\/wp\/v2\/product_tag?post=1785"}],"curies":[{"name":"wp","href":"https:\/\/api.w.org\/{rel}","templated":true}]}}