{"id":1787,"date":"2024-06-24T05:57:57","date_gmt":"2024-06-24T05:57:57","guid":{"rendered":"https:\/\/membraneswitchmfg.com\/manufacturer\/3d-printed-flexible-membrane-keypad\/"},"modified":"2024-08-07T00:48:26","modified_gmt":"2024-08-07T00:48:26","slug":"3d-printed-flexible-membrane-keypad","status":"publish","type":"product","link":"https:\/\/membraneswitchmfg.com\/cs\/manufacturer\/3d-printed-flexible-membrane-keypad\/","title":{"rendered":"3D ti\u0161t\u011bn\u00e1 flexibiln\u00ed membr\u00e1nov\u00e1 kl\u00e1vesnice"},"content":{"rendered":"<h2><strong><b>3D ti\u0161t\u011bn\u00e9 flexibiln\u00ed membr\u00e1nov\u00e9 kl\u00e1vesnice: Revoluce v u\u017eivatelsk\u00fdch rozhran\u00edch d\u00edky vlastn\u00edm n\u00e1vrh\u016fm<\/b><\/strong><\/h2>\n<p>\u00a0<\/p>\n<p><strong>Vytvo\u0159te si svobodu designu<\/strong><\/p>\n<p>3D ti\u0161t\u011bn\u00e9 flexibiln\u00ed membr\u00e1nov\u00e9 kl\u00e1vesnice se vyma\u0148uj\u00ed z tradi\u010dn\u00edch konstruk\u010dn\u00edch omezen\u00ed a umo\u017e\u0148uj\u00ed vytv\u00e1\u0159et:<\/p>\n<ul>\n<li>Slo\u017eit\u00e9 tvary a geometrie<\/li>\n<li>P\u0159izp\u016fsoben\u00e1 grafika a prvky zna\u010dky<\/li>\n<li>Ergonomick\u00e9 proveden\u00ed pro v\u011bt\u0161\u00ed pohodl\u00ed u\u017eivatele<\/li>\n<\/ul>\n<p>\u00a0<\/p>\n<p><strong>Funkcionalita a integrace na m\u00edru<\/strong><\/p>\n<p>3D tisk umo\u017e\u0148uje integraci dal\u0161\u00edch komponent p\u0159\u00edmo do kl\u00e1vesnice, jako jsou nap\u0159.:<\/p>\n<ul>\n<li>Senzory a LED diody<\/li>\n<li>Komunika\u010dn\u00ed moduly<\/li>\n<li>Dotykov\u00e9 displeje<\/li>\n<\/ul>\n<p>\u00a0<\/p>\n<p><strong>Zv\u00fd\u0161en\u00e1 flexibilita a odolnost<\/strong><\/p>\n<p>3D ti\u0161t\u011bn\u00e9 flexibiln\u00ed membr\u00e1nov\u00e9 kl\u00e1vesnice nab\u00edzej\u00ed v\u00fdjime\u010dnou flexibilitu, p\u0159izp\u016fsob\u00ed se zak\u0159iven\u00fdm povrch\u016fm a dynamick\u00e9mu prost\u0159ed\u00ed. Jsou tak\u00e9 vysoce odoln\u00e9, vydr\u017e\u00ed n\u00e1ro\u010dn\u00e9 podm\u00ednky a \u010dast\u00e9 pou\u017e\u00edv\u00e1n\u00ed.<\/p>\n<p>\u00a0<\/p>\n<p><strong>Aplikace<\/strong><\/p>\n<p>3D ti\u0161t\u011bn\u00e9 flexibiln\u00ed membr\u00e1nov\u00e9 kl\u00e1vesnice jsou ide\u00e1ln\u00ed pro nejr\u016fzn\u011bj\u0161\u00ed aplikace, v\u010detn\u011b:<\/p>\n<ul>\n<li>Pr\u016fmyslov\u00e9 \u0159\u00eddic\u00ed panely<\/li>\n<li>Zdravotnick\u00e9 prost\u0159edky<\/li>\n<li>Spot\u0159ebn\u00ed elektronika<\/li>\n<li>Nositeln\u00e1 technologie<\/li>\n<li>Automobilov\u00e9 a leteck\u00e9 aplikace<\/li>\n<\/ul>\n<p>\u00a0<\/p>\n<p><strong>P\u0159izp\u016fsobiteln\u00e1 \u0159e\u0161en\u00ed<\/strong><\/p>\n<p>Nab\u00edz\u00edme \u0161irokou \u0161k\u00e1lu mo\u017enost\u00ed p\u0159izp\u016fsoben\u00ed va\u0161im specifick\u00fdm pot\u0159eb\u00e1m, v\u010detn\u011b:<\/p>\n<ul>\n<li>V\u00fdb\u011br materi\u00e1l\u016f a vlastnost\u00ed<\/li>\n<li>P\u0159esn\u00fd design a prototypov\u00e1n\u00ed<\/li>\n<li>Integrace elektronick\u00fdch sou\u010d\u00e1stek<\/li>\n<li>Mo\u017enosti podsv\u00edcen\u00ed a osv\u011btlen\u00ed<\/li>\n<\/ul>\n<p>\u00a0<\/p>\n<p><strong>Spolupr\u00e1ce s odborn\u00edkem na 3D tisk a membr\u00e1nov\u00e9 kl\u00e1vesnice<\/strong><\/p>\n<p>D\u00edky dlouholet\u00fdm zku\u0161enostem s 3D tiskem a technologi\u00ed membr\u00e1nov\u00fdch kl\u00e1vesnic jsme va\u0161\u00edm spolehliv\u00fdm partnerem pro vytv\u00e1\u0159en\u00ed \u0159e\u0161en\u00ed na m\u00edru, kter\u00e1 p\u0159esn\u011b spl\u0148uj\u00ed va\u0161e po\u017eadavky. N\u00e1\u0161 t\u00fdm odborn\u00edk\u016f v\u00e1s provede procesem n\u00e1vrhu a zajist\u00ed, \u017ee dos\u00e1hnete dokonal\u00e9 kl\u00e1vesnice pro va\u0161i aplikaci.<\/p>\n<p>\u00a0<\/p>\n<p><a href=\"https:\/\/membraneswitchmfg.com\/cs\/contact\/\"><strong>Kontaktujte n\u00e1s je\u0161t\u011b dnes<\/strong>\u00a0<\/a>a dozv\u00edte se v\u00edce o na\u0161ich \u0159e\u0161en\u00edch 3D ti\u0161t\u011bn\u00fdch flexibiln\u00edch membr\u00e1nov\u00fdch kl\u00e1vesnic a o tom, jak v\u00e1m m\u016f\u017eeme pomoci revolu\u010dn\u011b zm\u011bnit va\u0161e u\u017eivatelsk\u00e1 rozhran\u00ed.<\/p>","protected":false},"excerpt":{"rendered":"<p>3D ti\u0161t\u011bn\u00e9 flexibiln\u00ed membr\u00e1nov\u00e9 kl\u00e1vesnice p\u0159edstavuj\u00ed p\u0159evratn\u00fd pokrok v technologii u\u017eivatelsk\u00e9ho rozhran\u00ed a nab\u00edzej\u00ed jedine\u010dnou kombinaci p\u0159izp\u016fsoben\u00ed, flexibility a odolnosti. Tyto inovativn\u00ed kl\u00e1vesnice jsou vyr\u00e1b\u011bny pomoc\u00ed pokro\u010dil\u00fdch technik 3D tisku, co\u017e umo\u017e\u0148uje vytv\u00e1\u0159et slo\u017eit\u00e9 designy a \u0159e\u0161en\u00ed na m\u00edru pro \u0161irokou \u0161k\u00e1lu aplikac\u00ed.<\/p>","protected":false},"featured_media":1763,"template":"","meta":[],"product_brand":[],"product_cat":[40],"product_tag":[],"class_list":{"0":"post-1787","1":"product","2":"type-product","3":"status-publish","4":"has-post-thumbnail","6":"product_cat-membrane-switch","8":"first","9":"instock","10":"shipping-taxable","11":"product-type-simple"},"_links":{"self":[{"href":"https:\/\/membraneswitchmfg.com\/cs\/wp-json\/wp\/v2\/product\/1787","targetHints":{"allow":["GET"]}}],"collection":[{"href":"https:\/\/membraneswitchmfg.com\/cs\/wp-json\/wp\/v2\/product"}],"about":[{"href":"https:\/\/membraneswitchmfg.com\/cs\/wp-json\/wp\/v2\/types\/product"}],"wp:featuredmedia":[{"embeddable":true,"href":"https:\/\/membraneswitchmfg.com\/cs\/wp-json\/wp\/v2\/media\/1763"}],"wp:attachment":[{"href":"https:\/\/membraneswitchmfg.com\/cs\/wp-json\/wp\/v2\/media?parent=1787"}],"wp:term":[{"taxonomy":"product_brand","embeddable":true,"href":"https:\/\/membraneswitchmfg.com\/cs\/wp-json\/wp\/v2\/product_brand?post=1787"},{"taxonomy":"product_cat","embeddable":true,"href":"https:\/\/membraneswitchmfg.com\/cs\/wp-json\/wp\/v2\/product_cat?post=1787"},{"taxonomy":"product_tag","embeddable":true,"href":"https:\/\/membraneswitchmfg.com\/cs\/wp-json\/wp\/v2\/product_tag?post=1787"}],"curies":[{"name":"wp","href":"https:\/\/api.w.org\/{rel}","templated":true}]}}