{"id":1788,"date":"2024-06-24T05:57:57","date_gmt":"2024-06-24T05:57:57","guid":{"rendered":"https:\/\/membraneswitchmfg.com\/manufacturer\/digitally-printed-graphics\/"},"modified":"2024-06-25T13:43:13","modified_gmt":"2024-06-25T13:43:13","slug":"digitally-printed-graphics","status":"publish","type":"product","link":"https:\/\/membraneswitchmfg.com\/cs\/manufacturer\/digitally-printed-graphics\/","title":{"rendered":"Digit\u00e1ln\u011b ti\u0161t\u011bn\u00e1 grafika"},"content":{"rendered":"<h2><strong><b>Digit\u00e1ln\u011b ti\u0161t\u011bn\u00e1 grafika: Vylep\u0161en\u00ed membr\u00e1nov\u00fdch sp\u00edna\u010d\u016f d\u00edky \u017eiv\u00fdm vzor\u016fm a trvanlivosti<\/b><\/strong><\/h2>\n<p><strong>Uvoln\u011bte kreativitu designu<\/strong><\/p>\n<p>Digit\u00e1ln\u00ed tisk umo\u017e\u0148uje vytv\u00e1\u0159et slo\u017eit\u00e9 vzory, komplexn\u00ed vzory a fotorealistick\u00e9 obr\u00e1zky, kter\u00e9 jsou omezeny pouze va\u0161\u00ed p\u0159edstavivost\u00ed. To otev\u00edr\u00e1 sv\u011bt mo\u017enost\u00ed p\u0159izp\u016fsoben\u00ed membr\u00e1nov\u00fdch sp\u00edna\u010d\u016f tak, aby odpov\u00eddaly identit\u011b jak\u00e9koli zna\u010dky nebo estetice v\u00fdrobku.<\/p>\n<ul>\n<li><strong>Za\u010dlen\u011bn\u00ed loga spole\u010dnosti, prvk\u016f zna\u010dky a grafiky produkt\u016f.<\/strong><\/li>\n<li><strong>Vytv\u00e1\u0159en\u00ed vizu\u00e1ln\u011b p\u0159ita\u017eliv\u00fdch a u\u017eivatelsky p\u0159\u00edv\u011btiv\u00fdch rozhran\u00ed<\/strong><\/li>\n<li><strong>Zlep\u0161en\u00ed diferenciace produkt\u016f a rozpoznatelnosti zna\u010dky<\/strong><\/li>\n<\/ul>\n<p><strong>Z\u00e1\u0159iv\u00e9 barvy a dlouhotrvaj\u00edc\u00ed dojmy<\/strong><\/p>\n<p>Digit\u00e1ln\u00ed tisk vyu\u017e\u00edv\u00e1 vysoce kvalitn\u00ed inkousty, kter\u00e9 vytv\u00e1\u0159ej\u00ed syt\u00e9, \u017eiv\u00e9 barvy odoln\u00e9 proti blednut\u00ed a opot\u0159eben\u00ed, a to i v n\u00e1ro\u010dn\u00fdch podm\u00ednk\u00e1ch. D\u00edky tomu si va\u0161e membr\u00e1nov\u00e9 sp\u00edna\u010de zachovaj\u00ed svou vizu\u00e1ln\u00ed p\u0159ita\u017elivost a p\u016fsobivost po dlouh\u00e1 l\u00e9ta.<\/p>\n<ul>\n<li><strong>Jasn\u00fd a z\u0159eteln\u00fd text a symboly<\/strong><\/li>\n<li><strong>Konzistentn\u00ed reprodukce barev nap\u0159\u00ed\u010d v\u00fdrobn\u00edmi s\u00e9riemi<\/strong><\/li>\n<li><strong>Odolnost proti po\u0161kr\u00e1b\u00e1n\u00ed, chemik\u00e1li\u00edm a UV z\u00e1\u0159en\u00ed<\/strong><\/li>\n<\/ul>\n<p><strong>Odoln\u00e1 a n\u00e1kladov\u011b efektivn\u00ed \u0159e\u0161en\u00ed<\/strong><\/p>\n<p>Digit\u00e1ln\u011b ti\u0161t\u011bn\u00e1 grafika je nejen vizu\u00e1ln\u011b ohromuj\u00edc\u00ed, ale tak\u00e9 velmi odoln\u00e1, odol\u00e1v\u00e1 \u010dast\u00e9mu pou\u017e\u00edv\u00e1n\u00ed a drsn\u00fdm \u010distic\u00edm prost\u0159edk\u016fm. To z nich \u010din\u00ed cenov\u011b v\u00fdhodn\u00e9 \u0159e\u0161en\u00ed pro membr\u00e1nov\u00e9 sp\u00edna\u010de s dlouhou \u017eivotnost\u00ed, kter\u00e9 si po dlouhou dobu zachov\u00e1vaj\u00ed sv\u016fj vzhled a funk\u010dnost.<\/p>\n<p><strong>Aplikace<\/strong><\/p>\n<p>Digit\u00e1ln\u011b ti\u0161t\u011bn\u00e1 grafika se \u0161iroce pou\u017e\u00edv\u00e1 v r\u016fzn\u00fdch aplikac\u00edch, v\u010detn\u011b:<\/p>\n<ul>\n<li><strong>Pr\u016fmyslov\u00e9 \u0159\u00eddic\u00ed panely<\/strong><\/li>\n<li><strong>Zdravotnick\u00e9 prost\u0159edky<\/strong><\/li>\n<li><strong>Spot\u0159ebn\u00ed elektronika<\/strong><\/li>\n<li><strong>Spot\u0159ebi\u010de<\/strong><\/li>\n<li><strong>Stroje a za\u0159\u00edzen\u00ed<\/strong><\/li>\n<\/ul>\n<p><strong>Spolupr\u00e1ce se zku\u0161en\u00fdm v\u00fdrobcem digit\u00e1ln\u00edho tisku a membr\u00e1nov\u00fdch sp\u00edna\u010d\u016f<\/strong><\/p>\n<p>D\u00edky dlouholet\u00fdm zku\u0161enostem v oblasti digit\u00e1ln\u00edho tisku a technologie membr\u00e1nov\u00fdch sp\u00edna\u010d\u016f jsme d\u016fv\u011bryhodn\u00fdm zdrojem vysoce kvalitn\u00edch membr\u00e1nov\u00fdch sp\u00edna\u010d\u016f s vlastn\u00edm potiskem. N\u00e1\u0161 t\u00fdm odborn\u00edk\u016f s v\u00e1mi bude \u00fazce spolupracovat, aby pochopil va\u0161e po\u017eadavky na design a dodal dokonal\u00e9 \u0159e\u0161en\u00ed pro vylep\u0161en\u00ed va\u0161ich v\u00fdrobk\u016f.<\/p>\n<p><strong>Kontaktujte n\u00e1s je\u0161t\u011b dnes<\/strong>\u00a0a dozv\u00edte se v\u00edce o na\u0161ich mo\u017enostech digit\u00e1ln\u00edho tisku a o tom, jak v\u00e1m m\u016f\u017eeme pomoci vylep\u0161it va\u0161e membr\u00e1nov\u00e9 sp\u00edna\u010de \u00fa\u017easnou grafikou a dlouhou \u017eivotnost\u00ed.<\/p>","protected":false},"excerpt":{"rendered":"<p>Digit\u00e1ln\u011b ti\u0161t\u011bn\u00e1 grafika zp\u016fsobila revoluci ve sv\u011bt\u011b membr\u00e1nov\u00fdch sp\u00edna\u010d\u016f a nab\u00edz\u00ed bezkonkuren\u010dn\u00ed flexibilitu designu, \u017eiv\u00e9 barvy a v\u00fdjime\u010dnou odolnost. Tato inovativn\u00ed technika tisku umo\u017e\u0148uje vytv\u00e1\u0159et grafiku s vysok\u00fdm rozli\u0161en\u00edm, loga a legendy, kter\u00e9 p\u0159em\u011b\u0148uj\u00ed b\u011b\u017en\u00e9 membr\u00e1nov\u00e9 sp\u00edna\u010de na vizu\u00e1ln\u011b p\u0159ita\u017eliv\u00e1 a informativn\u00ed u\u017eivatelsk\u00e1 rozhran\u00ed.<\/p>","protected":false},"featured_media":1764,"template":"","meta":[],"product_brand":[],"product_cat":[40],"product_tag":[],"class_list":{"0":"post-1788","1":"product","2":"type-product","3":"status-publish","4":"has-post-thumbnail","6":"product_cat-membrane-switch","8":"first","9":"instock","10":"shipping-taxable","11":"product-type-simple"},"_links":{"self":[{"href":"https:\/\/membraneswitchmfg.com\/cs\/wp-json\/wp\/v2\/product\/1788","targetHints":{"allow":["GET"]}}],"collection":[{"href":"https:\/\/membraneswitchmfg.com\/cs\/wp-json\/wp\/v2\/product"}],"about":[{"href":"https:\/\/membraneswitchmfg.com\/cs\/wp-json\/wp\/v2\/types\/product"}],"wp:featuredmedia":[{"embeddable":true,"href":"https:\/\/membraneswitchmfg.com\/cs\/wp-json\/wp\/v2\/media\/1764"}],"wp:attachment":[{"href":"https:\/\/membraneswitchmfg.com\/cs\/wp-json\/wp\/v2\/media?parent=1788"}],"wp:term":[{"taxonomy":"product_brand","embeddable":true,"href":"https:\/\/membraneswitchmfg.com\/cs\/wp-json\/wp\/v2\/product_brand?post=1788"},{"taxonomy":"product_cat","embeddable":true,"href":"https:\/\/membraneswitchmfg.com\/cs\/wp-json\/wp\/v2\/product_cat?post=1788"},{"taxonomy":"product_tag","embeddable":true,"href":"https:\/\/membraneswitchmfg.com\/cs\/wp-json\/wp\/v2\/product_tag?post=1788"}],"curies":[{"name":"wp","href":"https:\/\/api.w.org\/{rel}","templated":true}]}}