{"id":1789,"date":"2024-06-24T05:57:57","date_gmt":"2024-06-24T05:57:57","guid":{"rendered":"https:\/\/membraneswitchmfg.com\/manufacturer\/screen-printed-graphics\/"},"modified":"2024-06-25T13:37:37","modified_gmt":"2024-06-25T13:37:37","slug":"screen-printed-graphics","status":"publish","type":"product","link":"https:\/\/membraneswitchmfg.com\/cs\/manufacturer\/screen-printed-graphics\/","title":{"rendered":"S\u00edtotiskov\u00e1 grafika"},"content":{"rendered":"<h2><strong><b>S\u00edtotiskov\u00e1 grafika: Odoln\u00e1 a cenov\u011b v\u00fdhodn\u00e1 \u0159e\u0161en\u00ed pro p\u0159ekryvy membr\u00e1nov\u00fdch sp\u00edna\u010d\u016f<\/b><\/strong><\/h2>\n<p><strong>Odoln\u00e9 a s dlouhou \u017eivotnost\u00ed<\/strong><\/p>\n<p>S\u00edtotiskov\u00e1 grafika je zn\u00e1m\u00e1 svou v\u00fdjime\u010dnou odolnost\u00ed, odol\u00e1v\u00e1 drsn\u00fdm prost\u0159ed\u00edm, \u010dast\u00e9mu pou\u017e\u00edv\u00e1n\u00ed a agresivn\u00edm \u010distic\u00edm prost\u0159edk\u016fm. Inkoust pevn\u011b p\u0159ilne k materi\u00e1lu p\u0159ekryvu a odol\u00e1v\u00e1 vyblednut\u00ed, po\u0161kr\u00e1b\u00e1n\u00ed a chemik\u00e1li\u00edm.<\/p>\n<ul>\n<li><strong>Barvy a popisky s dlouhou \u017eivotnost\u00ed<\/strong><\/li>\n<li><strong>Vhodn\u00e9 pro venkovn\u00ed a pr\u016fmyslov\u00e9 aplikace<\/strong><\/li>\n<li><strong>Odoln\u00e9 proti opot\u0159eben\u00ed<\/strong><\/li>\n<\/ul>\n<p><strong>Cenov\u011b v\u00fdhodn\u00e9 pro velkoobjemovou v\u00fdrobu<\/strong><\/p>\n<p>S\u00edtotisk je zvl\u00e1\u0161t\u011b n\u00e1kladov\u011b efektivn\u00ed pro velkoobjemov\u00e9 v\u00fdrobn\u00ed s\u00e9rie, proto\u017ee n\u00e1klady na nastaven\u00ed jsou rozlo\u017eeny na velk\u00e9 mno\u017estv\u00ed jednotek. D\u00edky tomu je ide\u00e1ln\u00ed volbou pro aplikace vy\u017eaduj\u00edc\u00ed konzistentn\u00ed branding a vysokou \u00farove\u0148 odolnosti.<\/p>\n<ul>\n<li><strong>Ni\u017e\u0161\u00ed jednotkov\u00e9 n\u00e1klady pro velk\u00e9 objedn\u00e1vky<\/strong><\/li>\n<li><strong>Konzistentn\u00ed kvalita a vzhled<\/strong><\/li>\n<li><strong>Vhodn\u00e9 pro s\u00e9riovou v\u00fdrobu<\/strong><\/li>\n<\/ul>\n<p><strong>V\u0161estrannost a mo\u017enosti designu<\/strong><\/p>\n<p>S\u00edtotisk lze pou\u017e\u00edt s \u0161irokou \u0161k\u00e1lou materi\u00e1l\u016f, v\u010detn\u011b plast\u016f, kov\u016f a tkanin. Nab\u00edz\u00ed tak\u00e9 r\u016fzn\u00e9 mo\u017enosti designu, v\u010detn\u011b:<\/p>\n<ul>\n<li><strong>Jasn\u00fd a z\u0159eteln\u00fd text a symboly<\/strong><\/li>\n<li><strong>\u017div\u00e9 a konzistentn\u00ed barvy<\/strong><\/li>\n<li><strong>Slo\u017eit\u00e9 vzory a textury<\/strong><\/li>\n<\/ul>\n<p><strong>Aplikace<\/strong><\/p>\n<p>S\u00edtotiskov\u00e1 grafika je \u0161iroce pou\u017e\u00edv\u00e1na v r\u016fzn\u00fdch aplikac\u00edch, v\u010detn\u011b:<\/p>\n<ul>\n<li><strong>P\u0159ekryvy membr\u00e1nov\u00fdch sp\u00edna\u010d\u016f<\/strong><\/li>\n<li><strong>Ovl\u00e1dac\u00ed panely<\/strong><\/li>\n<li><strong>Zdravotnick\u00e9 prost\u0159edky<\/strong><\/li>\n<li><strong>Spot\u0159ebn\u00ed elektronika<\/strong><\/li>\n<li><strong>Spot\u0159ebi\u010de<\/strong><\/li>\n<\/ul>\n<p><strong>Spolupracujte se zku\u0161en\u00fdm v\u00fdrobcem s\u00edtotisku a membr\u00e1nov\u00fdch sp\u00edna\u010d\u016f<\/strong><\/p>\n<p>S dlouholet\u00fdmi zku\u0161enostmi v oblasti s\u00edtotisku a technologie membr\u00e1nov\u00fdch sp\u00edna\u010d\u016f jsme va\u0161\u00edm d\u016fv\u011bryhodn\u00fdm zdrojem vysoce kvalitn\u00edch membr\u00e1nov\u00fdch sp\u00edna\u010d\u016f s vlastn\u00edm potiskem. N\u00e1\u0161 t\u00fdm odborn\u00edk\u016f s v\u00e1mi bude \u00fazce spolupracovat, aby zajistil p\u0159esnou reprodukci va\u0161ich n\u00e1vrh\u016f a aby va\u0161e membr\u00e1nov\u00e9 sp\u00edna\u010de spl\u0148ovaly va\u0161e specifick\u00e9 po\u017eadavky na v\u00fdkon a odolnost.<\/p>\n<p><strong>Kontaktujte n\u00e1s je\u0161t\u011b dnes<\/strong>\u00a0Chcete-li se dozv\u011bd\u011bt v\u00edce o na\u0161ich mo\u017enostech s\u00edtotisku a o tom, jak v\u00e1m m\u016f\u017eeme pomoci vytvo\u0159it odoln\u00e9 a cenov\u011b v\u00fdhodn\u00e9 p\u0159ekryvy membr\u00e1nov\u00fdch sp\u00edna\u010d\u016f.<\/p>","protected":false},"excerpt":{"rendered":"<p>S\u00edtotiskov\u00e1 grafika nab\u00edz\u00ed osv\u011bd\u010denou a n\u00e1kladov\u011b efektivn\u00ed metodu pro vytv\u00e1\u0159en\u00ed odoln\u00fdch a vizu\u00e1ln\u011b atraktivn\u00edch p\u0159ekryv\u016f pro membr\u00e1nov\u00e9 sp\u00edna\u010de. Tato v\u0161estrann\u00e1 tiskov\u00e1 technika vyu\u017e\u00edv\u00e1 \u0161ablony a inkousty k p\u0159enosu n\u00e1vrh\u016f na r\u016fzn\u00e9 materi\u00e1ly, \u010d\u00edm\u017e zaji\u0161\u0165uje p\u0159esn\u00e9 a konzistentn\u00ed v\u00fdsledky.<\/p>","protected":false},"featured_media":1765,"template":"","meta":[],"product_brand":[],"product_cat":[40],"product_tag":[],"class_list":{"0":"post-1789","1":"product","2":"type-product","3":"status-publish","4":"has-post-thumbnail","6":"product_cat-membrane-switch","8":"first","9":"instock","10":"shipping-taxable","11":"product-type-simple"},"_links":{"self":[{"href":"https:\/\/membraneswitchmfg.com\/cs\/wp-json\/wp\/v2\/product\/1789","targetHints":{"allow":["GET"]}}],"collection":[{"href":"https:\/\/membraneswitchmfg.com\/cs\/wp-json\/wp\/v2\/product"}],"about":[{"href":"https:\/\/membraneswitchmfg.com\/cs\/wp-json\/wp\/v2\/types\/product"}],"wp:featuredmedia":[{"embeddable":true,"href":"https:\/\/membraneswitchmfg.com\/cs\/wp-json\/wp\/v2\/media\/1765"}],"wp:attachment":[{"href":"https:\/\/membraneswitchmfg.com\/cs\/wp-json\/wp\/v2\/media?parent=1789"}],"wp:term":[{"taxonomy":"product_brand","embeddable":true,"href":"https:\/\/membraneswitchmfg.com\/cs\/wp-json\/wp\/v2\/product_brand?post=1789"},{"taxonomy":"product_cat","embeddable":true,"href":"https:\/\/membraneswitchmfg.com\/cs\/wp-json\/wp\/v2\/product_cat?post=1789"},{"taxonomy":"product_tag","embeddable":true,"href":"https:\/\/membraneswitchmfg.com\/cs\/wp-json\/wp\/v2\/product_tag?post=1789"}],"curies":[{"name":"wp","href":"https:\/\/api.w.org\/{rel}","templated":true}]}}