{"id":1793,"date":"2024-06-24T05:57:58","date_gmt":"2024-06-24T05:57:58","guid":{"rendered":"https:\/\/membraneswitchmfg.com\/manufacturer\/ip68-waterproof-membrane-switch\/"},"modified":"2024-06-25T12:29:03","modified_gmt":"2024-06-25T12:29:03","slug":"ip68-waterproof-membrane-switch","status":"publish","type":"product","link":"https:\/\/membraneswitchmfg.com\/cs\/manufacturer\/ip68-waterproof-membrane-switch\/","title":{"rendered":"Vodot\u011bsn\u00fd membr\u00e1nov\u00fd sp\u00edna\u010d IP68"},"content":{"rendered":"<h2><strong><b>Vodot\u011bsn\u00e9 membr\u00e1nov\u00e9 sp\u00edna\u010de IP68: Zaji\u0161t\u011bn\u00ed spolehliv\u00e9ho provozu v n\u00e1ro\u010dn\u00fdch prost\u0159ed\u00edch<\/b><\/strong><\/h2>\n<p><strong>Bezkonkuren\u010dn\u00ed vodot\u011bsn\u00e1 ochrana<\/strong><\/p>\n<p>Vodot\u011bsn\u00e9 membr\u00e1nov\u00e9 sp\u00edna\u010de s kryt\u00edm IP68 jsou pe\u010dliv\u011b ut\u011bsn\u011bny a konstruov\u00e1ny tak, aby zabr\u00e1nily vniknut\u00ed vody, prachu nebo jin\u00fdch ne\u010distot. D\u00edky t\u00e9to v\u00fdjime\u010dn\u00e9 \u00farovni ochrany jsou ide\u00e1ln\u00ed pro pou\u017eit\u00ed v n\u00e1ro\u010dn\u00fdch prost\u0159ed\u00edch, jako jsou nap\u0159.:<\/p>\n<ul>\n<li><strong>Venkovn\u00ed aplikace:<\/strong>Informa\u010dn\u00ed kiosky, zna\u010den\u00ed, pr\u016fmyslov\u00e9 ovl\u00e1dac\u00ed panely<\/li>\n<li><strong>Mo\u0159sk\u00e9 prost\u0159ed\u00ed:<\/strong>Ovl\u00e1d\u00e1n\u00ed lod\u00ed, naviga\u010dn\u00ed syst\u00e9my, komunika\u010dn\u00ed za\u0159\u00edzen\u00ed<\/li>\n<li><strong>potravin\u00e1\u0159sk\u00fd a n\u00e1pojov\u00fd pr\u016fmysl:<\/strong>um\u00fdvac\u00ed prostory, ovl\u00e1dac\u00ed prvky stroj\u016f, balic\u00ed za\u0159\u00edzen\u00ed<\/li>\n<li><strong>L\u00e9ka\u0159sk\u00e9 a laboratorn\u00ed prost\u0159ed\u00ed:<\/strong>Steriln\u00ed prost\u0159ed\u00ed, chirurgick\u00e9 vybaven\u00ed, diagnostick\u00e9 p\u0159\u00edstroje<\/li>\n<\/ul>\n<p><strong>Odolnost a spolehlivost<\/strong><\/p>\n<p>Krom\u011b vodot\u011bsnosti jsou vodot\u011bsn\u00e9 membr\u00e1nov\u00e9 sp\u00edna\u010de s kryt\u00edm IP68 navr\u017eeny tak\u00e9 pro v\u00fdjime\u010dnou odolnost, odol\u00e1vaj\u00ed n\u00e1ro\u010dn\u00fdm provozn\u00edm podm\u00ednk\u00e1m, \u010dast\u00e9mu pou\u017e\u00edv\u00e1n\u00ed a agresivn\u00edm \u010distic\u00edm prost\u0159edk\u016fm. To zaji\u0161\u0165uje dlouhodob\u00fd v\u00fdkon a n\u00edzk\u00e9 celkov\u00e9 n\u00e1klady na vlastnictv\u00ed.<\/p>\n<ul>\n<li><strong>Odolnost proti po\u0161kr\u00e1b\u00e1n\u00ed, chemik\u00e1li\u00edm a UV z\u00e1\u0159en\u00ed<\/strong><\/li>\n<li><strong>\u0160irok\u00fd rozsah provozn\u00edch teplot<\/strong><\/li>\n<li><strong>Dlouh\u00e1 \u017eivotnost i v n\u00e1ro\u010dn\u00e9m prost\u0159ed\u00ed<\/strong><\/li>\n<\/ul>\n<p><strong>P\u0159izp\u016fsobiteln\u00e1 \u0159e\u0161en\u00ed<\/strong><\/p>\n<p>Nab\u00edz\u00edme \u0161irokou \u0161k\u00e1lu mo\u017enost\u00ed p\u0159izp\u016fsoben\u00ed vodot\u011bsn\u00fdch membr\u00e1nov\u00fdch sp\u00edna\u010d\u016f IP68, v\u010detn\u011b:<\/p>\n<ul>\n<li><strong>R\u016fzn\u00e9 velikosti a styly sp\u00edna\u010d\u016f<\/strong><\/li>\n<li><strong>Vlastn\u00ed grafika a legendy<\/strong><\/li>\n<li><strong>Mo\u017enosti podsv\u00edcen\u00ed a osv\u011btlen\u00ed<\/strong><\/li>\n<li><strong>Integrace dal\u0161\u00edch komponent<\/strong><\/li>\n<\/ul>\n<p><strong>Spolupr\u00e1ce se zku\u0161en\u00fdm v\u00fdrobcem vodot\u011bsn\u00fdch membr\u00e1nov\u00fdch sp\u00edna\u010d\u016f s kryt\u00edm IP68<\/strong><\/p>\n<p>D\u00edky dlouholet\u00fdm zku\u0161enostem v oblasti technologie vodot\u011bsn\u00fdch membr\u00e1nov\u00fdch sp\u00edna\u010d\u016f a z\u00e1vazku ke kvalit\u011b jsme va\u0161\u00edm d\u016fv\u011bryhodn\u00fdm zdrojem vodot\u011bsn\u00fdch membr\u00e1nov\u00fdch sp\u00edna\u010d\u016f s kryt\u00edm IP68 na m\u00edru. N\u00e1\u0161 t\u00fdm odborn\u00edk\u016f s v\u00e1mi bude \u00fazce spolupracovat, aby porozum\u011bl va\u0161im specifick\u00fdm pot\u0159eb\u00e1m a dodal \u0159e\u0161en\u00ed, kter\u00e1 zajist\u00ed spolehliv\u00fd provoz a dlouhotrvaj\u00edc\u00ed v\u00fdkon i v t\u011bch nejn\u00e1ro\u010dn\u011bj\u0161\u00edch prost\u0159ed\u00edch.<\/p>\n<p><strong>Kontaktujte n\u00e1s je\u0161t\u011b dnes<\/strong>\u00a0a dozv\u00edte se v\u00edce o na\u0161ich \u0159e\u0161en\u00edch vodot\u011bsn\u00fdch membr\u00e1nov\u00fdch sp\u00edna\u010d\u016f s kryt\u00edm IP68 a o tom, jak v\u00e1m m\u016f\u017eeme pomoci ochr\u00e1nit va\u0161e kritick\u00e1 za\u0159\u00edzen\u00ed a zajistit bezprobl\u00e9mov\u00fd provoz v jak\u00e9mkoli prost\u0159ed\u00ed.<\/p>","protected":false},"excerpt":{"rendered":"<p>V aplikac\u00edch, kde je probl\u00e9mem vystaven\u00ed vod\u011b, prachu a dal\u0161\u00edm n\u00e1ro\u010dn\u00fdm podm\u00ednk\u00e1m, poskytuj\u00ed vodot\u011bsn\u00e9 membr\u00e1nov\u00e9 sp\u00edna\u010de s kryt\u00edm IP68 dokonalou ochranu. Tyto robustn\u00ed sp\u00edna\u010de jsou navr\u017eeny tak, aby spl\u0148ovaly p\u0159\u00edsn\u00e9 po\u017eadavky normy IP68 pro ochranu proti vniknut\u00ed, a zaji\u0161\u0165uj\u00ed tak spolehliv\u00fd provoz i p\u0159i pono\u0159en\u00ed do vody nebo p\u0159i extr\u00e9mn\u00edm vniknut\u00ed prachu a ne\u010distot.<\/p>","protected":false},"featured_media":1769,"template":"","meta":[],"product_brand":[],"product_cat":[40],"product_tag":[],"class_list":{"0":"post-1793","1":"product","2":"type-product","3":"status-publish","4":"has-post-thumbnail","6":"product_cat-membrane-switch","8":"first","9":"instock","10":"shipping-taxable","11":"product-type-simple"},"_links":{"self":[{"href":"https:\/\/membraneswitchmfg.com\/cs\/wp-json\/wp\/v2\/product\/1793","targetHints":{"allow":["GET"]}}],"collection":[{"href":"https:\/\/membraneswitchmfg.com\/cs\/wp-json\/wp\/v2\/product"}],"about":[{"href":"https:\/\/membraneswitchmfg.com\/cs\/wp-json\/wp\/v2\/types\/product"}],"wp:featuredmedia":[{"embeddable":true,"href":"https:\/\/membraneswitchmfg.com\/cs\/wp-json\/wp\/v2\/media\/1769"}],"wp:attachment":[{"href":"https:\/\/membraneswitchmfg.com\/cs\/wp-json\/wp\/v2\/media?parent=1793"}],"wp:term":[{"taxonomy":"product_brand","embeddable":true,"href":"https:\/\/membraneswitchmfg.com\/cs\/wp-json\/wp\/v2\/product_brand?post=1793"},{"taxonomy":"product_cat","embeddable":true,"href":"https:\/\/membraneswitchmfg.com\/cs\/wp-json\/wp\/v2\/product_cat?post=1793"},{"taxonomy":"product_tag","embeddable":true,"href":"https:\/\/membraneswitchmfg.com\/cs\/wp-json\/wp\/v2\/product_tag?post=1793"}],"curies":[{"name":"wp","href":"https:\/\/api.w.org\/{rel}","templated":true}]}}