{"id":1794,"date":"2024-06-24T05:57:58","date_gmt":"2024-06-24T05:57:58","guid":{"rendered":"https:\/\/membraneswitchmfg.com\/manufacturer\/ip65-waterproof-membrane-switch\/"},"modified":"2024-06-25T13:14:18","modified_gmt":"2024-06-25T13:14:18","slug":"ip65-waterproof-membrane-switch","status":"publish","type":"product","link":"https:\/\/membraneswitchmfg.com\/cs\/manufacturer\/ip65-waterproof-membrane-switch\/","title":{"rendered":"Vodot\u011bsn\u00fd membr\u00e1nov\u00fd sp\u00edna\u010d s kryt\u00edm IP65"},"content":{"rendered":"<h2><strong><b>Vodot\u011bsn\u00e9 membr\u00e1nov\u00e9 sp\u00edna\u010de s kryt\u00edm IP65: Cenov\u011b dostupn\u00e1 ochrana pro ka\u017edodenn\u00ed pou\u017eit\u00ed<\/b><\/strong><\/h2>\n<p><strong>\u00da\u010dinn\u00e1 ochrana za p\u0159ijatelnou cenu<\/strong><\/p>\n<p>Vodot\u011bsn\u00e9 membr\u00e1nov\u00e9 sp\u00edna\u010de s kryt\u00edm IP65 poskytuj\u00ed rovnov\u00e1hu mezi ochranou a cenovou dostupnost\u00ed, tak\u017ee jsou ide\u00e1ln\u00ed volbou pro aplikace, kde je probl\u00e9mem ob\u010dasn\u00e9 vystaven\u00ed vod\u011b nebo prachu. D\u00edky sv\u00e9 \u00fa\u010dinnosti proti ka\u017edodenn\u00edmu post\u0159\u00edk\u00e1n\u00ed a prachu jsou vhodn\u00e9 pro:<\/p>\n<ul>\n<li><strong>Pr\u016fmyslov\u00e9 \u0159\u00eddic\u00ed panely<\/strong><\/li>\n<li><strong>Zdravotnick\u00e9 prost\u0159edky<\/strong><\/li>\n<li><strong>Spot\u0159ebn\u00ed elektronika<\/strong><\/li>\n<li><strong>Spot\u0159ebi\u010de<\/strong><\/li>\n<li><strong>Stroje a za\u0159\u00edzen\u00ed<\/strong><\/li>\n<\/ul>\n<p><strong>Odoln\u00e9 a spolehliv\u00e9<\/strong><\/p>\n<p>Navzdory sv\u00e9 cenov\u00e9 v\u00fdhodnosti si vodot\u011bsn\u00e9 membr\u00e1nov\u00e9 sp\u00edna\u010de s kryt\u00edm IP65 zachov\u00e1vaj\u00ed trvanlivost a spolehlivost o\u010dek\u00e1vanou od standardn\u00edch membr\u00e1nov\u00fdch sp\u00edna\u010d\u016f. Jsou odoln\u00e9 proti po\u0161kr\u00e1b\u00e1n\u00ed, chemik\u00e1li\u00edm a UV z\u00e1\u0159en\u00ed, co\u017e zaji\u0161\u0165uje jejich dlouhodobou funk\u010dnost.<\/p>\n<ul>\n<li><strong>Jasn\u00e1 a citliv\u00e1 hmatov\u00e1 zp\u011btn\u00e1 vazba<\/strong><\/li>\n<li><strong>Odolnost proti po\u0161kr\u00e1b\u00e1n\u00ed, chemik\u00e1li\u00edm a UV z\u00e1\u0159en\u00ed<\/strong><\/li>\n<li><strong>Vhodn\u00e9 pro vnit\u0159n\u00ed i venkovn\u00ed pou\u017eit\u00ed<\/strong><\/li>\n<\/ul>\n<p><strong>P\u0159izp\u016fsobiteln\u00e9 mo\u017enosti<\/strong><\/p>\n<p>Nab\u00edz\u00edme \u0159adu mo\u017enost\u00ed p\u0159izp\u016fsoben\u00ed vodot\u011bsn\u00fdch membr\u00e1nov\u00fdch sp\u00edna\u010d\u016f s kryt\u00edm IP65, v\u010detn\u011b:<\/p>\n<ul>\n<li><strong>R\u016fzn\u00e9 velikosti a styly sp\u00edna\u010d\u016f<\/strong><\/li>\n<li><strong>Vlastn\u00ed grafika a legendy<\/strong><\/li>\n<li><strong>Mo\u017enosti podsv\u00edcen\u00ed a osv\u011btlen\u00ed<\/strong><\/li>\n<li><strong>Integrace dal\u0161\u00edch komponent<\/strong><\/li>\n<\/ul>\n<p><strong>Spolupr\u00e1ce se zku\u0161en\u00fdm v\u00fdrobcem vodot\u011bsn\u00fdch membr\u00e1nov\u00fdch sp\u00edna\u010d\u016f s kryt\u00edm IP65<\/strong><\/p>\n<p>D\u00edky dlouholet\u00fdm zku\u0161enostem s technologi\u00ed vodot\u011bsn\u00fdch membr\u00e1nov\u00fdch sp\u00edna\u010d\u016f a z\u00e1vazku ke kvalit\u011b a cenov\u00e9 dostupnosti jsme va\u0161\u00edm d\u016fv\u011bryhodn\u00fdm zdrojem vodot\u011bsn\u00fdch membr\u00e1nov\u00fdch sp\u00edna\u010d\u016f s kryt\u00edm IP65 na m\u00edru. N\u00e1\u0161 t\u00fdm odborn\u00edk\u016f s v\u00e1mi bude \u00fazce spolupracovat, aby porozum\u011bl va\u0161im specifick\u00fdm pot\u0159eb\u00e1m a dodal v\u00e1m \u0159e\u0161en\u00ed, kter\u00e1 zajist\u00ed \u00fa\u010dinnou ochranu a dlouhodob\u00fd v\u00fdkon za konkurenceschopnou cenu.<\/p>\n<p><strong>Kontaktujte n\u00e1s je\u0161t\u011b dnes<\/strong>\u00a0a dozv\u00edte se v\u00edce o na\u0161ich \u0159e\u0161en\u00edch vodot\u011bsn\u00fdch membr\u00e1nov\u00fdch sp\u00edna\u010d\u016f s kryt\u00edm IP65 a o tom, jak v\u00e1m m\u016f\u017eeme pomoci ochr\u00e1nit va\u0161i elektroniku a zajistit bezprobl\u00e9mov\u00fd provoz v ka\u017edodenn\u00edm prost\u0159ed\u00ed.<\/p>","protected":false},"excerpt":{"rendered":"<p>Vodot\u011bsn\u00e9 membr\u00e1nov\u00e9 sp\u00edna\u010de s kryt\u00edm IP65 p\u0159edstavuj\u00ed cenov\u011b v\u00fdhodn\u00e9 \u0159e\u0161en\u00ed ochrany citliv\u00e9 elektroniky p\u0159ed vniknut\u00edm vody a prachu. Tyto v\u0161estrann\u00e9 sp\u00edna\u010de spl\u0148uj\u00ed normu IP65 pro ochranu proti vniknut\u00ed vody, jsou chr\u00e1n\u011bny proti n\u00edzkotlak\u00fdm proud\u016fm vody a vniknut\u00ed prachu, tak\u017ee jsou vhodn\u00e9 pro \u0161irokou \u0161k\u00e1lu aplikac\u00ed.<\/p>","protected":false},"featured_media":1770,"template":"","meta":[],"product_brand":[],"product_cat":[40],"product_tag":[],"class_list":{"0":"post-1794","1":"product","2":"type-product","3":"status-publish","4":"has-post-thumbnail","6":"product_cat-membrane-switch","8":"first","9":"instock","10":"shipping-taxable","11":"product-type-simple"},"_links":{"self":[{"href":"https:\/\/membraneswitchmfg.com\/cs\/wp-json\/wp\/v2\/product\/1794","targetHints":{"allow":["GET"]}}],"collection":[{"href":"https:\/\/membraneswitchmfg.com\/cs\/wp-json\/wp\/v2\/product"}],"about":[{"href":"https:\/\/membraneswitchmfg.com\/cs\/wp-json\/wp\/v2\/types\/product"}],"wp:featuredmedia":[{"embeddable":true,"href":"https:\/\/membraneswitchmfg.com\/cs\/wp-json\/wp\/v2\/media\/1770"}],"wp:attachment":[{"href":"https:\/\/membraneswitchmfg.com\/cs\/wp-json\/wp\/v2\/media?parent=1794"}],"wp:term":[{"taxonomy":"product_brand","embeddable":true,"href":"https:\/\/membraneswitchmfg.com\/cs\/wp-json\/wp\/v2\/product_brand?post=1794"},{"taxonomy":"product_cat","embeddable":true,"href":"https:\/\/membraneswitchmfg.com\/cs\/wp-json\/wp\/v2\/product_cat?post=1794"},{"taxonomy":"product_tag","embeddable":true,"href":"https:\/\/membraneswitchmfg.com\/cs\/wp-json\/wp\/v2\/product_tag?post=1794"}],"curies":[{"name":"wp","href":"https:\/\/api.w.org\/{rel}","templated":true}]}}