{"id":1795,"date":"2024-06-24T05:57:58","date_gmt":"2024-06-24T05:57:58","guid":{"rendered":"https:\/\/membraneswitchmfg.com\/manufacturer\/membrane-keypads-and-keyboards\/"},"modified":"2024-06-25T12:34:01","modified_gmt":"2024-06-25T12:34:01","slug":"membrane-keypads-and-keyboards","status":"publish","type":"product","link":"https:\/\/membraneswitchmfg.com\/cs\/manufacturer\/membrane-keypads-and-keyboards\/","title":{"rendered":"Membr\u00e1nov\u00e9 kl\u00e1vesnice a kl\u00e1vesnice"},"content":{"rendered":"<h2><strong><b>Membr\u00e1nov\u00e9 kl\u00e1vesnice a kl\u00e1vesnice: Spolehliv\u00e1 a cenov\u011b v\u00fdhodn\u00e1 vstupn\u00ed \u0159e\u0161en\u00ed<\/b><\/strong><\/h2>\n<p><strong>Odoln\u00e9 a cenov\u011b v\u00fdhodn\u00e9<\/strong><\/p>\n<p>Membr\u00e1nov\u00e9 kl\u00e1vesnice a kl\u00e1vesnice jsou zn\u00e1m\u00e9 svou odolnost\u00ed a cenovou dostupnost\u00ed. D\u00edky jednoduch\u00e9 konstrukci a absenci pohybliv\u00fdch \u010d\u00e1st\u00ed jsou m\u00e9n\u011b n\u00e1chyln\u00e9 k opot\u0159eben\u00ed, co\u017e prodlu\u017euje jejich \u017eivotnost. Nav\u00edc je v\u00fdrobn\u00ed proces relativn\u011b levn\u00fd, co\u017e vede k ni\u017e\u0161\u00edm n\u00e1klad\u016fm ve srovn\u00e1n\u00ed s jin\u00fdmi vstupn\u00edmi za\u0159\u00edzen\u00edmi.<\/p>\n<ul>\n<li><strong>Dlouh\u00e1 \u017eivotnost s minim\u00e1ln\u00ed \u00fadr\u017ebou<\/strong><\/li>\n<li><strong>N\u00e1kladov\u011b efektivn\u00ed \u0159e\u0161en\u00ed pro velkoobjemov\u00e9 aplikace<\/strong><\/li>\n<li><strong>Vhodn\u00e9 pro n\u00e1ro\u010dn\u00e9 prost\u0159ed\u00ed a \u010dast\u00e9 pou\u017e\u00edv\u00e1n\u00ed<\/strong><\/li>\n<\/ul>\n<p><strong>V\u0161estrann\u00e9 aplikace<\/strong><\/p>\n<p>Membr\u00e1nov\u00e9 kl\u00e1vesnice a kl\u00e1vesnice jsou v\u0161estrann\u00e1 vstupn\u00ed za\u0159\u00edzen\u00ed vhodn\u00e1 pro r\u016fzn\u00e9 aplikace, v\u010detn\u011b:<\/p>\n<ul>\n<li><strong>Pr\u016fmyslov\u00e9 \u0159\u00eddic\u00ed panely<\/strong><\/li>\n<li><strong>Zdravotnick\u00e9 prost\u0159edky<\/strong><\/li>\n<li><strong>Spot\u0159ebn\u00ed elektronika<\/strong><\/li>\n<li><strong>Spot\u0159ebi\u010de<\/strong><\/li>\n<li><strong>Prodejn\u00ed automaty<\/strong><\/li>\n<li><strong>Bankomaty (ATM)<\/strong><\/li>\n<\/ul>\n<p><strong>P\u0159izp\u016fsobiteln\u00e9 mo\u017enosti<\/strong><\/p>\n<p>Membr\u00e1nov\u00e9 kl\u00e1vesnice a kl\u00e1vesnice lze p\u0159izp\u016fsobit specifick\u00fdm po\u017eadavk\u016fm, v\u010detn\u011b:<\/p>\n<ul>\n<li><strong>R\u016fzn\u00e1 uspo\u0159\u00e1d\u00e1n\u00ed a velikosti kl\u00ed\u010d\u016f<\/strong><\/li>\n<li><strong>Vlastn\u00ed grafika a legendy<\/strong><\/li>\n<li><strong>Mo\u017enosti podsv\u00edcen\u00ed a osv\u011btlen\u00ed<\/strong><\/li>\n<li><strong>Integrace dal\u0161\u00edch komponent<\/strong><\/li>\n<\/ul>\n<p><strong>Spolupr\u00e1ce se zku\u0161en\u00fdm v\u00fdrobcem membr\u00e1nov\u00fdch kl\u00e1vesnic a kl\u00e1vesnic<\/strong><\/p>\n<p>D\u00edky dlouholet\u00fdm zku\u0161enostem v oblasti membr\u00e1nov\u00fdch kl\u00e1vesnic a kl\u00e1vesnicov\u00fdch technologi\u00ed jsme d\u016fv\u011bryhodn\u00fdm zdrojem vysoce kvalitn\u00edch vstupn\u00edch \u0159e\u0161en\u00ed na m\u00edru. N\u00e1\u0161 t\u00fdm odborn\u00edk\u016f s v\u00e1mi bude \u00fazce spolupracovat, aby porozum\u011bl va\u0161im specifick\u00fdm pot\u0159eb\u00e1m a dodal v\u00e1m \u0159e\u0161en\u00ed, kter\u00e1 zajist\u00ed spolehliv\u00fd v\u00fdkon, n\u00e1kladovou efektivitu a v\u0161estrannost.<\/p>\n<p><strong><a href=\"https:\/\/membraneswitchmfg.com\/cs\/contact\/\">Kontaktujte n\u00e1s <\/a>dnes<\/strong>\u00a0a dozv\u00edte se v\u00edce o na\u0161ich \u0159e\u0161en\u00edch membr\u00e1nov\u00fdch kl\u00e1vesnic a kl\u00e1vesnic a o tom, jak v\u00e1m m\u016f\u017eeme pomoci vytvo\u0159it u\u017eivatelsky p\u0159\u00edv\u011btiv\u00e1 a odoln\u00e1 vstupn\u00ed za\u0159\u00edzen\u00ed pro va\u0161e aplikace.<\/p>","protected":false},"excerpt":{"rendered":"<p>Membr\u00e1nov\u00e9 kl\u00e1vesnice a kl\u00e1vesnice p\u0159edstavuj\u00ed spolehliv\u00e9 a cenov\u011b v\u00fdhodn\u00e9 \u0159e\u0161en\u00ed pro \u0161irokou \u0161k\u00e1lu vstupn\u00edch aplikac\u00ed. Tato vstupn\u00ed za\u0159\u00edzen\u00ed vyu\u017e\u00edvaj\u00ed jedine\u010dnou konstrukci, kter\u00e1 vyu\u017e\u00edv\u00e1 membr\u00e1ny citliv\u00e9 na tlak a vodiv\u00e9 stopy pro registraci stisk\u016f kl\u00e1ves, co\u017e zaji\u0161\u0165uje hmatovou odezvu a dlouhou \u017eivotnost.<\/p>","protected":false},"featured_media":1751,"template":"","meta":[],"product_brand":[],"product_cat":[40],"product_tag":[],"class_list":{"0":"post-1795","1":"product","2":"type-product","3":"status-publish","4":"has-post-thumbnail","6":"product_cat-membrane-switch","8":"first","9":"instock","10":"shipping-taxable","11":"product-type-simple"},"_links":{"self":[{"href":"https:\/\/membraneswitchmfg.com\/cs\/wp-json\/wp\/v2\/product\/1795","targetHints":{"allow":["GET"]}}],"collection":[{"href":"https:\/\/membraneswitchmfg.com\/cs\/wp-json\/wp\/v2\/product"}],"about":[{"href":"https:\/\/membraneswitchmfg.com\/cs\/wp-json\/wp\/v2\/types\/product"}],"wp:featuredmedia":[{"embeddable":true,"href":"https:\/\/membraneswitchmfg.com\/cs\/wp-json\/wp\/v2\/media\/1751"}],"wp:attachment":[{"href":"https:\/\/membraneswitchmfg.com\/cs\/wp-json\/wp\/v2\/media?parent=1795"}],"wp:term":[{"taxonomy":"product_brand","embeddable":true,"href":"https:\/\/membraneswitchmfg.com\/cs\/wp-json\/wp\/v2\/product_brand?post=1795"},{"taxonomy":"product_cat","embeddable":true,"href":"https:\/\/membraneswitchmfg.com\/cs\/wp-json\/wp\/v2\/product_cat?post=1795"},{"taxonomy":"product_tag","embeddable":true,"href":"https:\/\/membraneswitchmfg.com\/cs\/wp-json\/wp\/v2\/product_tag?post=1795"}],"curies":[{"name":"wp","href":"https:\/\/api.w.org\/{rel}","templated":true}]}}