{"id":1975,"date":"2024-06-30T14:12:55","date_gmt":"2024-06-30T14:12:55","guid":{"rendered":"https:\/\/membraneswitchmfg.com\/?post_type=product&#038;p=1975"},"modified":"2024-06-30T14:19:38","modified_gmt":"2024-06-30T14:19:38","slug":"pc-print-label","status":"publish","type":"product","link":"https:\/\/membraneswitchmfg.com\/cs\/manufacturer\/pc-print-label\/","title":{"rendered":"Tisk \u0161t\u00edtku na PC"},"content":{"rendered":"<p data-sourcepos=\"3:1-3:59\"><strong>Tisk \u0161t\u00edtku na PC:<\/strong> Efektivn\u00ed \u0159e\u0161en\u00ed pro ozna\u010dov\u00e1n\u00ed<\/p>\n<p data-sourcepos=\"5:1-5:8\">PC Print Label je komplexn\u00ed softwarov\u00e9 \u0159e\u0161en\u00ed, kter\u00e9 zjednodu\u0161uje proces vytv\u00e1\u0159en\u00ed a tisku \u0161t\u00edtk\u016f pro \u0161irokou \u0161k\u00e1lu aplikac\u00ed. A\u0165 u\u017e pot\u0159ebujete ozna\u010dit produkty, p\u0159epravn\u00ed bal\u00ed\u010dky nebo organizovat z\u00e1soby, PC Print Label poskytuje n\u00e1stroje a flexibilitu pro snadnou spr\u00e1vu \u00fakol\u016f ozna\u010dov\u00e1n\u00ed.<\/p>\n<p data-sourcepos=\"7:1-7:17\"><strong>Kl\u00ed\u010dov\u00e9 vlastnosti:<\/strong><\/p>\n<ul data-sourcepos=\"9:1-9:23\">\n<li data-sourcepos=\"9:1-9:23\">\n<p data-sourcepos=\"9:3-9:144\"><strong>Intuitivn\u00ed design:<\/strong> PC Print Label se m\u016f\u017ee pochlubit u\u017eivatelsky p\u0159\u00edv\u011btiv\u00fdm rozhran\u00edm, kter\u00e9 usnad\u0148uje navrhov\u00e1n\u00ed a p\u0159izp\u016fsobov\u00e1n\u00ed \u0161t\u00edtk\u016f i za\u010d\u00ednaj\u00edc\u00edm u\u017eivatel\u016fm.<\/p>\n<\/li>\n<li data-sourcepos=\"11:1-11:46\">\n<p data-sourcepos=\"11:3-11:46\"><strong>Univerz\u00e1ln\u00ed \u0161ablony \u0161t\u00edtk\u016f:<\/strong> Vyberte si ze \u0161irok\u00e9 nab\u00eddky p\u0159edp\u0159ipraven\u00fdch \u0161ablon \u0161t\u00edtk\u016f nebo si vytvo\u0159te vlastn\u00ed jedine\u010dn\u00e9 n\u00e1vrhy pomoc\u00ed v\u00fdkonn\u00e9ho editoru \u0161t\u00edtk\u016f.<\/p>\n<\/li>\n<li data-sourcepos=\"13:1-14:0\">\n<p data-sourcepos=\"13:3-13:189\"><strong>Dynamick\u00e1 integrace dat:<\/strong> Importovat data z r\u016fzn\u00fdch zdroj\u016f, nap\u0159\u00edklad z tabulek nebo datab\u00e1z\u00ed, a p\u0159izp\u016fsobit tak \u0161t\u00edtky informacemi o produktech, \u00fadaji o z\u00e1kazn\u00edc\u00edch nebo dodac\u00edmi adresami.<\/p>\n<\/li>\n<li data-sourcepos=\"15:1-16:0\">\n<p data-sourcepos=\"15:3-15:116\"><strong>Generov\u00e1n\u00ed \u010d\u00e1rov\u00fdch k\u00f3d\u016f:<\/strong> Generov\u00e1n\u00ed a tisk \u010d\u00e1rov\u00fdch k\u00f3d\u016f pro efektivn\u00ed identifikaci produkt\u016f a spr\u00e1vu z\u00e1sob.<\/p>\n<\/li>\n<li data-sourcepos=\"17:1-17:140\">\n<p data-sourcepos=\"17:3-17:140\"><strong>Flexibiln\u00ed mo\u017enosti tisku:<\/strong> Tiskn\u011bte \u0161t\u00edtky na r\u016fzn\u00fdch tisk\u00e1rn\u00e1ch \u0161t\u00edtk\u016f, v\u010detn\u011b standardn\u00edch stoln\u00edch tisk\u00e1ren, specializovan\u00fdch tisk\u00e1ren \u0161t\u00edtk\u016f a pr\u016fmyslov\u00fdch tisk\u00e1ren \u0161t\u00edtk\u016f.<\/p>\n<\/li>\n<\/ul>","protected":false},"excerpt":{"rendered":"<p>D\u00edky sv\u00fdm rozs\u00e1hl\u00fdm funkc\u00edm a u\u017eivatelsky p\u0159\u00edv\u011btiv\u00e9mu rozhran\u00ed je PC Print Label nepostradateln\u00fdm n\u00e1strojem pro firmy i jednotlivce, kte\u0159\u00ed se spol\u00e9haj\u00ed na efektivn\u00ed a p\u0159esn\u00e9 \u0159e\u0161en\u00ed ozna\u010dov\u00e1n\u00ed. Zvy\u0161te svou produktivitu a organizaci \u0161t\u00edtkov\u00e1n\u00ed pomoc\u00ed n\u00e1stroje PC Print Label.<\/p>","protected":false},"featured_media":1976,"template":"","meta":[],"product_brand":[],"product_cat":[15],"product_tag":[],"class_list":{"0":"post-1975","1":"product","2":"type-product","3":"status-publish","4":"has-post-thumbnail","6":"product_cat-print-label","8":"first","9":"instock","10":"shipping-taxable","11":"product-type-simple"},"_links":{"self":[{"href":"https:\/\/membraneswitchmfg.com\/cs\/wp-json\/wp\/v2\/product\/1975","targetHints":{"allow":["GET"]}}],"collection":[{"href":"https:\/\/membraneswitchmfg.com\/cs\/wp-json\/wp\/v2\/product"}],"about":[{"href":"https:\/\/membraneswitchmfg.com\/cs\/wp-json\/wp\/v2\/types\/product"}],"wp:featuredmedia":[{"embeddable":true,"href":"https:\/\/membraneswitchmfg.com\/cs\/wp-json\/wp\/v2\/media\/1976"}],"wp:attachment":[{"href":"https:\/\/membraneswitchmfg.com\/cs\/wp-json\/wp\/v2\/media?parent=1975"}],"wp:term":[{"taxonomy":"product_brand","embeddable":true,"href":"https:\/\/membraneswitchmfg.com\/cs\/wp-json\/wp\/v2\/product_brand?post=1975"},{"taxonomy":"product_cat","embeddable":true,"href":"https:\/\/membraneswitchmfg.com\/cs\/wp-json\/wp\/v2\/product_cat?post=1975"},{"taxonomy":"product_tag","embeddable":true,"href":"https:\/\/membraneswitchmfg.com\/cs\/wp-json\/wp\/v2\/product_tag?post=1975"}],"curies":[{"name":"wp","href":"https:\/\/api.w.org\/{rel}","templated":true}]}}