{"id":1977,"date":"2024-06-30T14:21:59","date_gmt":"2024-06-30T14:21:59","guid":{"rendered":"https:\/\/membraneswitchmfg.com\/?post_type=product&#038;p=1977"},"modified":"2024-06-30T14:23:24","modified_gmt":"2024-06-30T14:23:24","slug":"pmma-print-label","status":"publish","type":"product","link":"https:\/\/membraneswitchmfg.com\/cs\/manufacturer\/pmma-print-label\/","title":{"rendered":"Tisk \u0161t\u00edtku z PMMA"},"content":{"rendered":"<p data-sourcepos=\"3:1-3:62\"><strong>Tisk \u0161t\u00edtku z PMMA: Odoln\u00e1 a univerz\u00e1ln\u00ed \u0159e\u0161en\u00ed pro ozna\u010dov\u00e1n\u00ed<\/strong><\/p>\n<p data-sourcepos=\"5:1-5:170\">\u0160t\u00edtky s potiskem PMMA, zn\u00e1m\u00e9 tak\u00e9 jako akrylov\u00e9 \u0161t\u00edtky s potiskem, jsou obl\u00edbenou volbou pro \u0161irokou \u0161k\u00e1lu etiketovac\u00edch aplikac\u00ed d\u00edky sv\u00e9 v\u00fdjime\u010dn\u00e9 odolnosti, v\u0161estrannosti a estetick\u00e9mu vzhledu. Tyto etikety se vyr\u00e1b\u011bj\u00ed z polymethylmetakryl\u00e1tu (PMMA), vysoce odoln\u00e9ho plastu, kter\u00fd je zn\u00e1m\u00fd svou pevnost\u00ed, odolnost\u00ed proti po\u0161kr\u00e1b\u00e1n\u00ed a chemik\u00e1li\u00edm a UV z\u00e1\u0159en\u00ed.<\/p>\n<p data-sourcepos=\"7:1-7:19\"><strong>Hlavn\u00ed v\u00fdhody:<\/strong><\/p>\n<ul data-sourcepos=\"9:1-9:131\">\n<li data-sourcepos=\"9:1-9:131\">\n<p class=\"\" data-sourcepos=\"9:3-9:226\"><strong class=\"\">Odolnost:<\/strong> \u0160t\u00edtky PMMA odol\u00e1vaj\u00ed n\u00e1ro\u010dn\u00fdm podm\u00ednk\u00e1m, tak\u017ee jsou ide\u00e1ln\u00ed pro venkovn\u00ed a pr\u016fmyslov\u00e9 aplikace. Jsou odoln\u00e9 v\u016f\u010di extr\u00e9mn\u00edm teplot\u00e1m, vlhkosti a chemik\u00e1li\u00edm, co\u017e zaji\u0161\u0165uje jejich dlouhou \u017eivotnost.<\/p>\n<\/li>\n<li data-sourcepos=\"11:1-12:0\">\n<p data-sourcepos=\"11:3-11:244\"><strong>V\u0161estrannost:<\/strong> \u0160t\u00edtky PMMA lze tisknout na r\u016fzn\u00e9 povrchy, v\u010detn\u011b plast\u016f, kov\u016f, skla a d\u0159eva. Jsou vhodn\u00e9 pro \u0161irokou \u0161k\u00e1lu aplikac\u00ed, od ozna\u010dov\u00e1n\u00ed v\u00fdrobk\u016f a sledov\u00e1n\u00ed majetku a\u017e po zna\u010den\u00ed a propaga\u010dn\u00ed displeje.<\/p>\n<\/li>\n<li data-sourcepos=\"13:1-14:0\">\n<p data-sourcepos=\"13:3-13:249\"><strong>Estetika:<\/strong> \u0160t\u00edtky PMMA maj\u00ed vysoce leskl\u00fd povrch, kter\u00fd vyza\u0159uje eleganci a sofistikovanost. Jsou k dispozici v r\u016fzn\u00fdch barv\u00e1ch a lze je potisknout slo\u017eit\u00fdmi vzory a logy, co\u017e zvy\u0161uje vizu\u00e1ln\u00ed p\u0159ita\u017elivost va\u0161ich v\u00fdrobk\u016f nebo zna\u010dky.<\/p>\n<\/li>\n<\/ul>\n<p data-sourcepos=\"15:1-15:54\"><strong>Tisk \u0161t\u00edtku z PMMA: P\u0159ednostn\u00ed volba pro n\u00e1ro\u010dn\u00e9 pot\u0159eby zna\u010den\u00ed<\/strong><\/p>\n<p data-sourcepos=\"17:1-17:278\">\u0160t\u00edtky s potiskem PMMA jsou preferovanou volbou pro aplikace, kter\u00e9 vy\u017eaduj\u00ed odolnost, v\u0161estrannost a eleganci. A\u0165 u\u017e pot\u0159ebujete \u0161t\u00edtky pro pr\u016fmyslov\u00e1 za\u0159\u00edzen\u00ed, venkovn\u00ed zna\u010den\u00ed nebo \u0161pi\u010dkov\u00e9 v\u00fdrobky, \u0161t\u00edtky PMMA v\u00e1m poskytnou v\u00fdjime\u010dn\u00fd v\u00fdkon a vizu\u00e1ln\u00ed p\u0159ita\u017elivost.<\/p>\n<p data-sourcepos=\"19:1-19:30\"><strong>Dal\u0161\u00ed \u00favahy:<\/strong><\/p>\n<ul data-sourcepos=\"21:1-24:0\">\n<li data-sourcepos=\"21:1-22:0\">\n<p data-sourcepos=\"21:3-21:227\"><strong>Zp\u016fsoby tisku:<\/strong> \u0160t\u00edtky PMMA lze tisknout r\u016fzn\u00fdmi metodami, v\u010detn\u011b digit\u00e1ln\u00edho tisku, s\u00edtotisku a laserov\u00e9ho tisku. Volba metody tisku z\u00e1vis\u00ed na po\u017eadovan\u00e9m designu \u0161t\u00edtku, mno\u017estv\u00ed a rozpo\u010dtu.<\/p>\n<\/li>\n<li data-sourcepos=\"23:1-24:0\">\n<p data-sourcepos=\"23:3-23:226\"><strong>Mo\u017enosti lepen\u00ed:<\/strong> \u0160t\u00edtky PMMA jsou k dispozici s r\u016fzn\u00fdmi druhy lepidel, v\u010detn\u011b permanentn\u00edch, odstraniteln\u00fdch a p\u0159em\u00edstiteln\u00fdch lepidel. Vyberte si lepidlo, kter\u00e9 nejl\u00e9pe vyhovuje va\u0161\u00ed aplikaci a po\u017eadavk\u016fm na povrch.<\/p>\n<\/li>\n<\/ul>","protected":false},"excerpt":{"rendered":"<p>D\u00edky sv\u00e9 vynikaj\u00edc\u00ed odolnosti, v\u0161estrannosti a estetick\u00e9mu vzhledu jsou etikety s potiskem PMMA d\u016fv\u011bryhodnou volbou pro podniky i jednotlivce, kte\u0159\u00ed hledaj\u00ed vysoce kvalitn\u00ed \u0159e\u0161en\u00ed pro ozna\u010dov\u00e1n\u00ed. Zvolte si pro sv\u016fj p\u0159\u00ed\u0161t\u00ed projekt ozna\u010dov\u00e1n\u00ed etikety PMMA a poznejte rozd\u00edl ve v\u00fdkonu a vizu\u00e1ln\u00edm dojmu.<\/p>","protected":false},"featured_media":1978,"template":"","meta":[],"product_brand":[],"product_cat":[15],"product_tag":[],"class_list":{"0":"post-1977","1":"product","2":"type-product","3":"status-publish","4":"has-post-thumbnail","6":"product_cat-print-label","8":"first","9":"instock","10":"shipping-taxable","11":"product-type-simple"},"_links":{"self":[{"href":"https:\/\/membraneswitchmfg.com\/cs\/wp-json\/wp\/v2\/product\/1977","targetHints":{"allow":["GET"]}}],"collection":[{"href":"https:\/\/membraneswitchmfg.com\/cs\/wp-json\/wp\/v2\/product"}],"about":[{"href":"https:\/\/membraneswitchmfg.com\/cs\/wp-json\/wp\/v2\/types\/product"}],"wp:featuredmedia":[{"embeddable":true,"href":"https:\/\/membraneswitchmfg.com\/cs\/wp-json\/wp\/v2\/media\/1978"}],"wp:attachment":[{"href":"https:\/\/membraneswitchmfg.com\/cs\/wp-json\/wp\/v2\/media?parent=1977"}],"wp:term":[{"taxonomy":"product_brand","embeddable":true,"href":"https:\/\/membraneswitchmfg.com\/cs\/wp-json\/wp\/v2\/product_brand?post=1977"},{"taxonomy":"product_cat","embeddable":true,"href":"https:\/\/membraneswitchmfg.com\/cs\/wp-json\/wp\/v2\/product_cat?post=1977"},{"taxonomy":"product_tag","embeddable":true,"href":"https:\/\/membraneswitchmfg.com\/cs\/wp-json\/wp\/v2\/product_tag?post=1977"}],"curies":[{"name":"wp","href":"https:\/\/api.w.org\/{rel}","templated":true}]}}