{"id":1979,"date":"2024-06-30T14:30:58","date_gmt":"2024-06-30T14:30:58","guid":{"rendered":"https:\/\/membraneswitchmfg.com\/?post_type=product&#038;p=1979"},"modified":"2024-06-30T14:31:27","modified_gmt":"2024-06-30T14:31:27","slug":"acrylic-print-label","status":"publish","type":"product","link":"https:\/\/membraneswitchmfg.com\/cs\/manufacturer\/acrylic-print-label\/","title":{"rendered":"\u0160t\u00edtek s akrylov\u00fdm potiskem"},"content":{"rendered":"<p data-sourcepos=\"3:1-3:60\"><strong>\u0160t\u00edtek s akrylov\u00fdm potiskem: Spojen\u00ed odolnosti a elegance<\/strong><\/p>\n<p data-sourcepos=\"5:1-5:7\">Akrylov\u00e9 etikety s potiskem, zn\u00e1m\u00e9 tak\u00e9 jako etikety s potiskem PMMA, nab\u00edzej\u00ed jedine\u010dnou kombinaci odolnosti, v\u0161estrannosti a estetick\u00e9ho vzhledu, co\u017e z nich \u010din\u00ed obl\u00edbenou volbu pro \u0161irokou \u0161k\u00e1lu etiketovac\u00edch aplikac\u00ed. Tyto \u0161t\u00edtky jsou vyrobeny z polymetylmetakryl\u00e1tu (PMMA), vysoce odoln\u00e9ho plastu, kter\u00fd je zn\u00e1m\u00fd svou v\u00fdjime\u010dnou pevnost\u00ed, odolnost\u00ed proti po\u0161kr\u00e1b\u00e1n\u00ed a chemik\u00e1li\u00edm a UV z\u00e1\u0159en\u00ed.<\/p>\n<p data-sourcepos=\"7:1-7:19\"><strong>Hlavn\u00ed v\u00fdhody:<\/strong><\/p>\n<ul data-sourcepos=\"9:1-13:122\">\n<li data-sourcepos=\"9:1-10:0\">\n<p data-sourcepos=\"9:3-9:274\"><strong>Trval\u00fd v\u00fdkon:<\/strong> Akrylov\u00e9 etikety s potiskem odol\u00e1vaj\u00ed n\u00e1ro\u010dn\u00fdm podm\u00ednk\u00e1m, tak\u017ee jsou ide\u00e1ln\u00ed pro venkovn\u00ed a pr\u016fmyslov\u00e9 aplikace. Jsou odoln\u00e9 v\u016f\u010di extr\u00e9mn\u00edm teplot\u00e1m, vlhkosti a chemik\u00e1li\u00edm, co\u017e zaji\u0161\u0165uje jejich dlouhotrvaj\u00edc\u00ed v\u00fdkon i v n\u00e1ro\u010dn\u00fdch podm\u00ednk\u00e1ch.<\/p>\n<\/li>\n<li data-sourcepos=\"11:1-12:0\">\n<p data-sourcepos=\"11:3-11:293\"><strong>P\u0159izp\u016fsoben\u00ed r\u016fzn\u00fdm povrch\u016fm:<\/strong> \u0160t\u00edtky s akrylov\u00fdm potiskem pevn\u011b p\u0159ilnou k r\u016fzn\u00fdm povrch\u016fm, v\u010detn\u011b plastu, kovu, skla a d\u0159eva. D\u00edky t\u00e9to univerz\u00e1lnosti jsou vhodn\u00e9 pro \u0161irok\u00e9 spektrum aplikac\u00ed, od ozna\u010dov\u00e1n\u00ed v\u00fdrobk\u016f a sledov\u00e1n\u00ed majetku a\u017e po zna\u010den\u00ed a propaga\u010dn\u00ed displeje.<\/p>\n<\/li>\n<li data-sourcepos=\"13:1-13:122\">\n<p data-sourcepos=\"13:3-13:122\"><strong>Vylep\u0161en\u00e1 vizu\u00e1ln\u00ed p\u0159ita\u017elivost:<\/strong> Akrylov\u00e9 etikety s potiskem se vyzna\u010duj\u00ed leskl\u00fdm povrchem, kter\u00fd vyza\u0159uje eleganci a sofistikovanost. Jsou k dispozici v \u0161irok\u00e9 \u0161k\u00e1le barev a lze je potisknout slo\u017eit\u00fdmi vzory a logy, kter\u00e9 dodaj\u00ed va\u0161im v\u00fdrobk\u016fm nebo zna\u010dce n\u00e1dech rafinovanosti.<\/p>\n<\/li>\n<\/ul>\n<p data-sourcepos=\"15:1-15:74\"><strong>\u0160t\u00edtek s akrylov\u00fdm potiskem: P\u0159ednostn\u00ed volba pro n\u00e1ro\u010dn\u00e9 pot\u0159eby zna\u010den\u00ed<\/strong><\/p>\n<p data-sourcepos=\"17:1-17:287\">Pokud je nejd\u016fle\u017eit\u011bj\u0161\u00ed trvanlivost, v\u0161estrannost a estetick\u00fd vzhled, jsou akrylov\u00e9 etikety s potiskem preferovanou volbou. A\u0165 u\u017e pot\u0159ebujete \u0161t\u00edtky pro pr\u016fmyslov\u00e1 za\u0159\u00edzen\u00ed, venkovn\u00ed zna\u010den\u00ed nebo \u0161pi\u010dkov\u00e9 v\u00fdrobky, akrylov\u00e9 tiskov\u00e9 \u0161t\u00edtky v\u00e1m poskytnou v\u00fdjime\u010dn\u00fd v\u00fdkon a vizu\u00e1ln\u00ed dojem.<\/p>\n<p data-sourcepos=\"19:1-19:30\"><strong>Dal\u0161\u00ed \u00favahy:<\/strong><\/p>\n<ul data-sourcepos=\"21:1-24:0\">\n<li data-sourcepos=\"21:1-22:0\">\n<p data-sourcepos=\"21:3-21:236\"><strong>Zp\u016fsoby tisku:<\/strong> Akrylov\u00e9 etikety lze tisknout r\u016fzn\u00fdmi metodami, v\u010detn\u011b digit\u00e1ln\u00edho tisku, s\u00edtotisku a laserov\u00e9ho tisku. Volba metody tisku z\u00e1vis\u00ed na po\u017eadovan\u00e9m designu \u0161t\u00edtku, mno\u017estv\u00ed a rozpo\u010dtu.<\/p>\n<\/li>\n<li data-sourcepos=\"23:1-24:0\">\n<p data-sourcepos=\"23:3-23:226\"><strong>Mo\u017enosti lepen\u00ed:<\/strong> Akrylov\u00e9 \u0161t\u00edtky s potiskem se dod\u00e1vaj\u00ed s r\u016fzn\u00fdmi mo\u017enostmi lepen\u00ed, v\u010detn\u011b permanentn\u00edch, odstraniteln\u00fdch a p\u0159em\u00edstiteln\u00fdch lepidel. Vyberte si lepidlo, kter\u00e9 nejl\u00e9pe vyhovuje va\u0161im po\u017eadavk\u016fm na pou\u017eit\u00ed a povrch.<\/p>\n<\/li>\n<\/ul>","protected":false},"excerpt":{"rendered":"<div class=\"response-container ng-tns-c4213264577-106 ng-star-inserted response-container-has-multiple-responses\">\n<div class=\"presented-response-container ng-tns-c4213264577-106\">\n<div class=\"response-container-content ng-tns-c4213264577-106 tunable-selection-with-avatar\">\n<div class=\"response-content ng-tns-c4213264577-106\">\n<div class=\"markdown markdown-main-panel\" dir=\"ltr\">\n<p data-sourcepos=\"27:1-27:303\">D\u00edky sv\u00e9 vynikaj\u00edc\u00ed odolnosti, v\u0161estrannosti a estetick\u00e9mu vzhledu jsou akrylov\u00e9 \u0161t\u00edtky d\u016fv\u011bryhodnou volbou pro firmy i jednotlivce, kte\u0159\u00ed hledaj\u00ed vysoce kvalitn\u00ed \u0159e\u0161en\u00ed pro ozna\u010dov\u00e1n\u00ed. Zvolte si pro sv\u016fj p\u0159\u00ed\u0161t\u00ed projekt ozna\u010dov\u00e1n\u00ed akrylov\u00e9 tiskov\u00e9 etikety a poznejte rozd\u00edl ve v\u00fdkonu a vizu\u00e1ln\u00edm dojmu.<\/p>\n<\/div>\n<\/div>\n<\/div>\n<\/div>\n<\/div>","protected":false},"featured_media":1980,"template":"","meta":[],"product_brand":[],"product_cat":[15],"product_tag":[],"class_list":{"0":"post-1979","1":"product","2":"type-product","3":"status-publish","4":"has-post-thumbnail","6":"product_cat-print-label","8":"first","9":"instock","10":"shipping-taxable","11":"product-type-simple"},"_links":{"self":[{"href":"https:\/\/membraneswitchmfg.com\/cs\/wp-json\/wp\/v2\/product\/1979","targetHints":{"allow":["GET"]}}],"collection":[{"href":"https:\/\/membraneswitchmfg.com\/cs\/wp-json\/wp\/v2\/product"}],"about":[{"href":"https:\/\/membraneswitchmfg.com\/cs\/wp-json\/wp\/v2\/types\/product"}],"wp:featuredmedia":[{"embeddable":true,"href":"https:\/\/membraneswitchmfg.com\/cs\/wp-json\/wp\/v2\/media\/1980"}],"wp:attachment":[{"href":"https:\/\/membraneswitchmfg.com\/cs\/wp-json\/wp\/v2\/media?parent=1979"}],"wp:term":[{"taxonomy":"product_brand","embeddable":true,"href":"https:\/\/membraneswitchmfg.com\/cs\/wp-json\/wp\/v2\/product_brand?post=1979"},{"taxonomy":"product_cat","embeddable":true,"href":"https:\/\/membraneswitchmfg.com\/cs\/wp-json\/wp\/v2\/product_cat?post=1979"},{"taxonomy":"product_tag","embeddable":true,"href":"https:\/\/membraneswitchmfg.com\/cs\/wp-json\/wp\/v2\/product_tag?post=1979"}],"curies":[{"name":"wp","href":"https:\/\/api.w.org\/{rel}","templated":true}]}}