{"id":2225,"date":"2024-07-22T14:19:03","date_gmt":"2024-07-22T14:19:03","guid":{"rendered":"https:\/\/membraneswitchmfg.com\/manufacturer\/silicone-keypad\/"},"modified":"2024-07-25T05:39:12","modified_gmt":"2024-07-25T05:39:12","slug":"silicone-keypad","status":"publish","type":"product","link":"https:\/\/membraneswitchmfg.com\/cs\/manufacturer\/silicone-keypad\/","title":{"rendered":"Silikonov\u00e1 kl\u00e1vesnice"},"content":{"rendered":"<h3><strong>Silikonov\u00e1 kl\u00e1vesnice Kl\u00ed\u010dov\u00e9 vlastnosti:<\/strong><\/h3>\n<p>1.Durability: Na\u0161e kl\u00e1vesnice jsou vyrobeny z vysoce kvalitn\u00ed silikonov\u00e9 pry\u017ee a jsou odoln\u00e9 v\u016f\u010di extr\u00e9mn\u00edm teplot\u00e1m, vlhkosti a opot\u0159eben\u00ed, co\u017e zaru\u010duje dlouhou \u017eivotnost a odolnost v jak\u00e9mkoli prost\u0159ed\u00ed.<\/p>\n<p>\u017divotnost na\u0161ich silikonov\u00fdch kl\u00e1ves m\u016f\u017ee dos\u00e1hnout:<\/p>\n<ul>\n<li>1000K kr\u00e1t<\/li>\n<li>2000K kr\u00e1t<\/li>\n<li>5000K kr\u00e1t <strong>(nejdel\u0161\u00ed \u017eivotnost v oboru)<\/strong><\/li>\n<\/ul>\n<p>2.Hmatov\u00e1 zp\u011btn\u00e1 vazba: Tyto kl\u00e1vesnice jsou navr\u017eeny s ohledem na p\u0159esnost a poskytuj\u00ed vynikaj\u00edc\u00ed hmatovou zp\u011btnou vazbu, kter\u00e1 zlep\u0161uje u\u017eivatelsk\u00fd z\u00e1\u017eitek t\u00edm, \u017ee p\u0159i ka\u017ed\u00e9m stisknut\u00ed reaguje na dotyk a p\u0159in\u00e1\u0161\u00ed uspokojen\u00ed.<\/p>\n<p>3.P\u0159izp\u016fsobitelnost: Na\u0161e silikonov\u00e9 kl\u00e1vesnice jsou k dispozici v r\u016fzn\u00fdch tvarech, velikostech a barv\u00e1ch a lze je p\u0159izp\u016fsobit konkr\u00e9tn\u00edm pot\u0159eb\u00e1m va\u0161eho projektu. K dispozici jsou tak\u00e9 vlastn\u00ed legendy, mo\u017enosti podsv\u00edcen\u00ed a r\u016fzn\u00e9 \u00farovn\u011b tvrdosti.Celkov\u00e9 rozm\u011bry odpov\u00eddaj\u00ed pr\u016fmyslov\u00fdm standard\u016fm M1, M2 a M3.<\/p>\n<p>4.V\u0161estrannost: V\u0161estrannost: Ide\u00e1ln\u00ed pro aplikace ve spot\u0159ebn\u00ed elektronice, l\u00e9ka\u0159sk\u00fdch p\u0159\u00edstroj\u00edch, pr\u016fmyslov\u00fdch \u0159\u00eddic\u00edch syst\u00e9mech, automobilov\u00fdch syst\u00e9mech a dal\u0161\u00edch. Silikonov\u00fd materi\u00e1l nab\u00edz\u00ed vynikaj\u00edc\u00ed flexibilitu, tak\u017ee je vhodn\u00fd pro slo\u017eit\u00e9 n\u00e1vrhy a uspo\u0159\u00e1d\u00e1n\u00ed.<\/p>\n<p>5.Snadn\u00e1 integrace: Na\u0161e kl\u00e1vesnice jsou navr\u017eeny pro bezprobl\u00e9movou integraci a jsou kompatibiln\u00ed s r\u016fzn\u00fdmi typy rozhran\u00ed, v\u010detn\u011b \u0159e\u0161en\u00ed pro mont\u00e1\u017e na desku plo\u0161n\u00fdch spoj\u016f a membr\u00e1nov\u00fdch sp\u00edna\u010d\u016f.<\/p>\n<p>6.Zero-defect black spot control: D\u00edky pokro\u010dil\u00fdm v\u00fdrobn\u00edm proces\u016fm a p\u0159\u00edsn\u00fdm syst\u00e9m\u016fm kontroly kvality dosahuj\u00ed na\u0161e silikonov\u00e9 kl\u00e1vesnice nulov\u00fdch vzhledov\u00fdch vad, \u010d\u00edm\u017e je zaji\u0161t\u011bno, \u017ee ka\u017ed\u00fd v\u00fdrobek dosahuje nejvy\u0161\u0161\u00edch standard\u016f kvality vzhledu.<\/p>\n<p>&nbsp;<\/p>\n<h3><strong>Silikonov\u00e1 kl\u00e1vesnice Aplikace:<\/strong><\/h3>\n<p>1.Spot\u0159ebn\u00ed elektronika: Vhodn\u00fd pro d\u00e1lkov\u00e9 ovlada\u010de, hern\u00ed za\u0159\u00edzen\u00ed a kapesn\u00ed p\u0159\u00edstroje.<\/p>\n<p>2.Zdravotnick\u00e9 prost\u0159edky: Ide\u00e1ln\u00ed pro monitory pacient\u016f, diagnostick\u00e1 za\u0159\u00edzen\u00ed a nositelnou zdravotn\u00ed techniku.<\/p>\n<p>3.Pr\u016fmyslov\u00e9 \u0159\u00edzen\u00ed: Dostate\u010dn\u011b robustn\u00ed pro ovl\u00e1d\u00e1n\u00ed stroj\u016f, p\u0159\u00edstrojov\u00fdch panel\u016f a venkovn\u00edch za\u0159\u00edzen\u00ed.<\/p>\n<p>4.Automobilov\u00e9 syst\u00e9my: Automobilov\u00e9 syst\u00e9my: spolehliv\u00e9 pro ovl\u00e1d\u00e1n\u00ed p\u0159\u00edstrojov\u00e9 desky, informa\u010dn\u00ed a z\u00e1bavn\u00ed syst\u00e9my a bezkl\u00ed\u010dov\u00e9 vstupn\u00ed syst\u00e9my.<\/p>","protected":false},"excerpt":{"rendered":"<p>Vyzkou\u0161ejte si vrcholn\u00e9 uspokojen\u00ed z dotyku a funk\u010dnosti s na\u0161imi silikonov\u00fdmi kl\u00e1vesnicemi. Tyto kl\u00e1vesnice jsou ur\u010deny pro \u0161irokou \u0161k\u00e1lu aplikac\u00ed, od spot\u0159ebn\u00ed elektroniky a\u017e po pr\u016fmyslov\u00e9 stroje, a nab\u00edzej\u00ed bezkonkuren\u010dn\u00ed v\u00fdkon, spolehlivost a p\u0159izp\u016fsoben\u00ed.A\u0165 u\u017e se pou\u017e\u00edvaj\u00ed ve spot\u0159ebn\u00ed elektronice, zdravotnick\u00fdch za\u0159\u00edzen\u00edch nebo pr\u016fmyslov\u00e9m \u0159\u00edzen\u00ed, m\u016f\u017eete se spolehnout na na\u0161e silikonov\u00e9 kl\u00e1vesnice, kter\u00e9 poskytuj\u00ed bezchybn\u00fd vzhled a vynikaj\u00edc\u00ed u\u017eivatelsk\u00fd z\u00e1\u017eitek.<\/p>","protected":false},"featured_media":1735,"template":"","meta":[],"product_brand":[],"product_cat":[39],"product_tag":[],"class_list":{"0":"post-2225","1":"product","2":"type-product","3":"status-publish","4":"has-post-thumbnail","6":"product_cat-silicone-rubber","8":"first","9":"instock","10":"shipping-taxable","11":"product-type-simple"},"_links":{"self":[{"href":"https:\/\/membraneswitchmfg.com\/cs\/wp-json\/wp\/v2\/product\/2225","targetHints":{"allow":["GET"]}}],"collection":[{"href":"https:\/\/membraneswitchmfg.com\/cs\/wp-json\/wp\/v2\/product"}],"about":[{"href":"https:\/\/membraneswitchmfg.com\/cs\/wp-json\/wp\/v2\/types\/product"}],"wp:featuredmedia":[{"embeddable":true,"href":"https:\/\/membraneswitchmfg.com\/cs\/wp-json\/wp\/v2\/media\/1735"}],"wp:attachment":[{"href":"https:\/\/membraneswitchmfg.com\/cs\/wp-json\/wp\/v2\/media?parent=2225"}],"wp:term":[{"taxonomy":"product_brand","embeddable":true,"href":"https:\/\/membraneswitchmfg.com\/cs\/wp-json\/wp\/v2\/product_brand?post=2225"},{"taxonomy":"product_cat","embeddable":true,"href":"https:\/\/membraneswitchmfg.com\/cs\/wp-json\/wp\/v2\/product_cat?post=2225"},{"taxonomy":"product_tag","embeddable":true,"href":"https:\/\/membraneswitchmfg.com\/cs\/wp-json\/wp\/v2\/product_tag?post=2225"}],"curies":[{"name":"wp","href":"https:\/\/api.w.org\/{rel}","templated":true}]}}