{"id":2226,"date":"2024-07-22T14:19:04","date_gmt":"2024-07-22T14:19:04","guid":{"rendered":"https:\/\/membraneswitchmfg.com\/manufacturer\/silicone-protectors\/"},"modified":"2024-07-25T08:30:07","modified_gmt":"2024-07-25T08:30:07","slug":"silicone-protectors","status":"publish","type":"product","link":"https:\/\/membraneswitchmfg.com\/cs\/manufacturer\/silicone-protectors\/","title":{"rendered":"Silikonov\u00e9 chr\u00e1ni\u010de"},"content":{"rendered":"<h2><strong>Silikonov\u00e9 chr\u00e1ni\u010de Kl\u00ed\u010dov\u00e9 vlastnosti:<\/strong><\/h2>\n<p>1.Precise Color Tolerance Control: Pomoc\u00ed vysoce p\u0159esn\u00fdch barevn\u00fdch spektrofotometr\u016f kontrolujeme toleranci barev v r\u00e1mci pr\u016fmyslov\u00fdch standard\u016f Delta 1, Delta 2 a Delta 3, \u010d\u00edm\u017e zaji\u0161\u0165ujeme konzistenci barev v ka\u017ed\u00e9 \u0161ar\u017ei v\u00fdrobk\u016f.<\/p>\n<p>2.High-Quality Silicone Material: Na\u0161e pouzdra jsou vyrobena z prvot\u0159\u00eddn\u00edho silikonov\u00e9ho materi\u00e1lu a vyzna\u010duj\u00ed se vynikaj\u00edc\u00ed trvanlivost\u00ed, pru\u017enost\u00ed a odolnost\u00ed proti st\u00e1rnut\u00ed, \u010d\u00edm\u017e poskytuj\u00ed dlouhotrvaj\u00edc\u00ed ochranu.<\/p>\n<p>3.\u0160irok\u00e1 \u0161k\u00e1la barevn\u00fdch mo\u017enost\u00ed: Nab\u00edz\u00edme bohat\u00fd v\u00fdb\u011br barev, kter\u00e9 spl\u0148uj\u00ed r\u016fzn\u00e9 pot\u0159eby z\u00e1kazn\u00edk\u016f. A\u0165 u\u017e se jedn\u00e1 o z\u00e1\u0159iv\u00e9 barvy nebo tlumen\u00e9 neutr\u00e1ln\u00ed barvy, ka\u017ed\u00e1 si zachov\u00e1v\u00e1 konzistentn\u00ed odst\u00edn a vizu\u00e1ln\u00ed efekt.<\/p>\n<p>4.Vynikaj\u00edc\u00ed ochrana: Na\u0161e pouzdra jsou navr\u017eena tak, aby dob\u0159e padla, poskytuj\u00ed komplexn\u00ed ochranu, \u00fa\u010dinn\u011b zabra\u0148uj\u00ed po\u0161kr\u00e1b\u00e1n\u00ed, n\u00e1raz\u016fm a opot\u0159eben\u00ed a prodlu\u017euj\u00ed tak \u017eivotnost va\u0161ich za\u0159\u00edzen\u00ed.<\/p>\n<p>5.Pohodln\u00fd pocit: Povrch silikonov\u00e9ho pouzdra je hladk\u00fd a poskytuje pohodln\u00e9 uchopen\u00ed. Protiskluzov\u00fd design zvy\u0161uje stabilitu p\u0159i dr\u017een\u00ed.<\/p>\n<h3><strong>Silikonov\u00e9 chr\u00e1ni\u010de Aplikace:<\/strong><\/h3>\n<p>1.Spot\u0159ebn\u00ed elektronika: Ide\u00e1ln\u00ed pro chytr\u00e9 telefony, tablety a dal\u0161\u00ed p\u0159enosn\u00e1 za\u0159\u00edzen\u00ed, kter\u00e1 nab\u00edzej\u00ed spolehlivou ochranu a stylov\u00fd vzhled.<\/p>\n<p>2.Dom\u00e1c\u00ed spot\u0159ebi\u010de: Vhodn\u00e9 pro d\u00e1lkov\u00e9 ovlada\u010de, chytr\u00e1 dom\u00e1c\u00ed za\u0159\u00edzen\u00ed a dal\u0161\u00ed za\u0159\u00edzen\u00ed, kter\u00e1 chr\u00e1n\u00ed p\u0159ed ka\u017edodenn\u00edm opot\u0159eben\u00edm.<\/p>\n<p>3.Zdravotnick\u00e9 prost\u0159edky: Zdravotnick\u00e9 prost\u0159edky: bezpe\u010dn\u00fd, netoxick\u00fd silikonov\u00fd materi\u00e1l je vhodn\u00fd pro ochranu zdravotnick\u00fdch prost\u0159edk\u016f, zaji\u0161\u0165uje \u010distotu a bezpe\u010dnost.<\/p>\n<p>4.Pr\u016fmyslov\u00e9 aplikace: Vhodn\u00e9 pro r\u016fzn\u00e1 pr\u016fmyslov\u00e1 za\u0159\u00edzen\u00ed, kter\u00e1 vy\u017eaduj\u00ed ochranu, spolehliv\u00e9 st\u00edn\u011bn\u00ed a odolnost.<\/p>","protected":false},"excerpt":{"rendered":"<p>Na\u0161e silikonov\u00e9 chr\u00e1ni\u010de vynikaj\u00ed nejen ochrannou funk\u010dnost\u00ed, ale tak\u00e9 \u0161pi\u010dkovou barevnou st\u00e1lost\u00ed. Vyu\u017e\u00edv\u00e1n\u00edm pokro\u010dil\u00e9 barevn\u00e9 spektrofotometrie zaji\u0161\u0165ujeme, \u017ee barevn\u00e1 tolerance ka\u017ed\u00e9ho pouzdra je kontrolov\u00e1na v r\u00e1mci pr\u016fmyslov\u00fdch standard\u016f, co\u017e poskytuje vizu\u00e1ln\u011b dokonalou jednotnost a vysoce kvalitn\u00ed vzhled.Jsme odhodl\u00e1ni dod\u00e1vat silikonov\u00e9 chr\u00e1ni\u010de nejvy\u0161\u0161\u00ed kvality a zajistit, aby ka\u017ed\u00fd v\u00fdrobek splnil va\u0161e o\u010dek\u00e1v\u00e1n\u00ed. D\u00edky pokro\u010dil\u00e9 v\u00fdrobn\u00ed technologii a p\u0159\u00edsn\u00fdm syst\u00e9m\u016fm kontroly kvality nab\u00edz\u00edme barevn\u011b konzistentn\u00ed, odoln\u00e1 a funk\u010dn\u00ed ochrann\u00e1 pouzdra. A\u0165 u\u017e pot\u0159ebujete standardn\u00ed v\u00fdrobky nebo \u0159e\u0161en\u00ed na m\u00edru, dok\u00e1\u017eeme vyhov\u011bt va\u0161im pot\u0159eb\u00e1m a pomoci va\u0161im za\u0159\u00edzen\u00edm z\u016fstat v optim\u00e1ln\u00edm stavu.<\/p>","protected":false},"featured_media":2212,"template":"","meta":[],"product_brand":[],"product_cat":[39],"product_tag":[],"class_list":{"0":"post-2226","1":"product","2":"type-product","3":"status-publish","4":"has-post-thumbnail","6":"product_cat-silicone-rubber","8":"first","9":"instock","10":"shipping-taxable","11":"product-type-simple"},"_links":{"self":[{"href":"https:\/\/membraneswitchmfg.com\/cs\/wp-json\/wp\/v2\/product\/2226","targetHints":{"allow":["GET"]}}],"collection":[{"href":"https:\/\/membraneswitchmfg.com\/cs\/wp-json\/wp\/v2\/product"}],"about":[{"href":"https:\/\/membraneswitchmfg.com\/cs\/wp-json\/wp\/v2\/types\/product"}],"wp:featuredmedia":[{"embeddable":true,"href":"https:\/\/membraneswitchmfg.com\/cs\/wp-json\/wp\/v2\/media\/2212"}],"wp:attachment":[{"href":"https:\/\/membraneswitchmfg.com\/cs\/wp-json\/wp\/v2\/media?parent=2226"}],"wp:term":[{"taxonomy":"product_brand","embeddable":true,"href":"https:\/\/membraneswitchmfg.com\/cs\/wp-json\/wp\/v2\/product_brand?post=2226"},{"taxonomy":"product_cat","embeddable":true,"href":"https:\/\/membraneswitchmfg.com\/cs\/wp-json\/wp\/v2\/product_cat?post=2226"},{"taxonomy":"product_tag","embeddable":true,"href":"https:\/\/membraneswitchmfg.com\/cs\/wp-json\/wp\/v2\/product_tag?post=2226"}],"curies":[{"name":"wp","href":"https:\/\/api.w.org\/{rel}","templated":true}]}}