{"id":2227,"date":"2024-07-22T14:19:04","date_gmt":"2024-07-22T14:19:04","guid":{"rendered":"https:\/\/membraneswitchmfg.com\/manufacturer\/silicone-gasket\/"},"modified":"2024-07-25T06:04:54","modified_gmt":"2024-07-25T06:04:54","slug":"silicone-gasket","status":"publish","type":"product","link":"https:\/\/membraneswitchmfg.com\/cs\/manufacturer\/silicone-gasket\/","title":{"rendered":"Silikonov\u00e9 t\u011bsn\u011bn\u00ed"},"content":{"rendered":"<h2><strong>Kl\u00ed\u010dov\u00e9 vlastnosti:<\/strong><\/h2>\n<p>1.High-Temperature Resistance: Na\u0161e silikonov\u00e1 t\u011bsn\u011bn\u00ed odol\u00e1vaj\u00ed extr\u00e9mn\u00edm teplot\u00e1m v rozmez\u00ed od -60 \u00b0C do 230 \u00b0C, tak\u017ee jsou vhodn\u00e1 jak do prost\u0159ed\u00ed s vysok\u00fdmi teplotami, tak do mrazu.<\/p>\n<p>2.Excellent Flexibilita a pru\u017enost: D\u00edky p\u0159irozen\u00e9 pru\u017enosti silikonu se na\u0161e t\u011bsn\u011bn\u00ed p\u0159izp\u016fsob\u00ed nepravideln\u00fdm povrch\u016fm a zajist\u00ed t\u011bsn\u00e9 a spolehliv\u00e9 ut\u011bsn\u011bn\u00ed i p\u0159i vysok\u00e9m tlaku.<\/p>\n<p>3.Vynikaj\u00edc\u00ed chemick\u00e1 odolnost: Na\u0161e silikonov\u00e1 t\u011bsn\u011bn\u00ed jsou odoln\u00e1 v\u016f\u010di \u0161irok\u00e9 \u0161k\u00e1le chemik\u00e1li\u00ed, olej\u016f a rozpou\u0161t\u011bdel a zachov\u00e1vaj\u00ed si svou integritu a v\u00fdkonnost i v t\u011bch nejn\u00e1ro\u010dn\u011bj\u0161\u00edch prost\u0159ed\u00edch.<\/p>\n<p>4.Long-Lasting Durability: T\u011bsn\u011bn\u00ed jsou navr\u017eena s ohledem na dlouhou \u017eivotnost a odol\u00e1vaj\u00ed st\u00e1rnut\u00ed, pov\u011btrnostn\u00edm vliv\u016fm a UV z\u00e1\u0159en\u00ed, \u010d\u00edm\u017e zaji\u0161\u0165uj\u00ed prodlou\u017eenou \u017eivotnost s minim\u00e1ln\u00ed \u00fadr\u017ebou.<\/p>\n<p>5.FDA a l\u00e9ka\u0159sk\u00e9 mo\u017enosti: Na\u0161e silikonov\u00e1 t\u011bsn\u011bn\u00ed jsou k dispozici v potravin\u00e1\u0159sk\u00e9 a l\u00e9ka\u0159sk\u00e9 t\u0159\u00edd\u011b a jsou bezpe\u010dn\u00e1 pro pou\u017eit\u00ed v potravin\u00e1\u0159stv\u00ed, farmaceutick\u00e9m pr\u016fmyslu a zdravotnictv\u00ed.<\/p>\n<h2><strong>Silikonov\u00e9 t\u011bsn\u011bn\u00ed Pou\u017eit\u00ed:<\/strong><\/h2>\n<p>1.Automobilov\u00fd pr\u016fmysl: Ide\u00e1ln\u00ed pro motory, p\u0159evodovky a v\u00fdfukov\u00e9 syst\u00e9my, kter\u00e9 zaji\u0161\u0165uj\u00ed spolehliv\u00e9 ut\u011bsn\u011bn\u00ed v extr\u00e9mn\u00edch podm\u00ednk\u00e1ch.<\/p>\n<p>2.Pr\u016fmyslov\u00e1 za\u0159\u00edzen\u00ed: Vhodn\u00e9 pro \u010derpadla, kompresory a stroje, kter\u00e9 zabra\u0148uj\u00ed \u00fanik\u016fm a zaji\u0161\u0165uj\u00ed efektivn\u00ed provoz.<\/p>\n<p>3.J\u00eddlo a n\u00e1poje: V p\u0159\u00edpad\u011b potravin\u00e1\u0159sk\u00fdch za\u0159\u00edzen\u00ed je ide\u00e1ln\u00ed pro ut\u011bsn\u011bn\u00ed a zaji\u0161t\u011bn\u00ed hygienick\u00fdch a bezpe\u010dnostn\u00edch standard\u016f.<\/p>\n<p>4.Zdravotnick\u00e9 prost\u0159edky: Bezpe\u010dn\u00e9 pro pou\u017eit\u00ed ve zdravotnick\u00fdch p\u0159\u00edstroj\u00edch a za\u0159\u00edzen\u00edch, kter\u00e9 zaji\u0161\u0165uj\u00ed spolehliv\u00e9 ut\u011bsn\u011bn\u00ed v kritick\u00fdch aplikac\u00edch.<\/p>\n<p>5.Elektronika: \u00da\u010dinn\u00e9 pro ut\u011bsn\u011bn\u00ed elektronick\u00fdch sk\u0159\u00edn\u00ed, kter\u00e9 chr\u00e1n\u00ed citliv\u00e9 komponenty p\u0159ed vlhkost\u00ed a prachem.<\/p>","protected":false},"excerpt":{"rendered":"<p>Objevte dokonal\u00e9 \u0159e\u0161en\u00ed t\u011bsn\u011bn\u00ed s na\u0161imi pr\u00e9miov\u00fdmi silikonov\u00fdmi t\u011bsn\u011bn\u00edmi. Tato t\u011bsn\u011bn\u00ed jsou navr\u017eena tak, aby poskytovala v\u00fdjime\u010dn\u00fd v\u00fdkon a spl\u0148ovala p\u0159\u00edsn\u00e9 po\u017eadavky r\u016fzn\u00fdch pr\u016fmyslov\u00fdch odv\u011btv\u00ed, a zaji\u0161\u0165uj\u00ed tak v\u017edy dokonal\u00e9 t\u011bsn\u011bn\u00ed. A\u0165 u\u017e chcete zv\u00fd\u0161it odolnost sv\u00e9ho za\u0159\u00edzen\u00ed nebo zajistit t\u011bsnost prost\u0159ed\u00ed, na\u0161e silikonov\u00e1 t\u011bsn\u011bn\u00ed jsou ide\u00e1ln\u00ed volbou. n\u00e1\u0161 z\u00e1vazek ke kvalit\u011b a inovac\u00edm zaji\u0161\u0165uje, \u017ee na\u0161e silikonov\u00e1 t\u011bsn\u011bn\u00ed spl\u0148uj\u00ed nejvy\u0161\u0161\u00ed pr\u016fmyslov\u00e9 standardy. Nab\u00edz\u00edme \u0161irokou \u0161k\u00e1lu velikost\u00ed, tvar\u016f a mo\u017enost\u00ed p\u0159izp\u016fsoben\u00ed va\u0161im specifick\u00fdm pot\u0159eb\u00e1m. D\u00edky na\u0161emu t\u00fdmu odborn\u00edk\u016f a pokro\u010dil\u00fdm v\u00fdrobn\u00edm proces\u016fm poskytujeme t\u011bsn\u011bn\u00ed, kter\u00e1 poskytuj\u00ed st\u00e1l\u00fd v\u00fdkon a spolehlivost.<\/p>","protected":false},"featured_media":2216,"template":"","meta":[],"product_brand":[],"product_cat":[39],"product_tag":[],"class_list":{"0":"post-2227","1":"product","2":"type-product","3":"status-publish","4":"has-post-thumbnail","6":"product_cat-silicone-rubber","8":"first","9":"instock","10":"shipping-taxable","11":"product-type-simple"},"_links":{"self":[{"href":"https:\/\/membraneswitchmfg.com\/cs\/wp-json\/wp\/v2\/product\/2227","targetHints":{"allow":["GET"]}}],"collection":[{"href":"https:\/\/membraneswitchmfg.com\/cs\/wp-json\/wp\/v2\/product"}],"about":[{"href":"https:\/\/membraneswitchmfg.com\/cs\/wp-json\/wp\/v2\/types\/product"}],"wp:featuredmedia":[{"embeddable":true,"href":"https:\/\/membraneswitchmfg.com\/cs\/wp-json\/wp\/v2\/media\/2216"}],"wp:attachment":[{"href":"https:\/\/membraneswitchmfg.com\/cs\/wp-json\/wp\/v2\/media?parent=2227"}],"wp:term":[{"taxonomy":"product_brand","embeddable":true,"href":"https:\/\/membraneswitchmfg.com\/cs\/wp-json\/wp\/v2\/product_brand?post=2227"},{"taxonomy":"product_cat","embeddable":true,"href":"https:\/\/membraneswitchmfg.com\/cs\/wp-json\/wp\/v2\/product_cat?post=2227"},{"taxonomy":"product_tag","embeddable":true,"href":"https:\/\/membraneswitchmfg.com\/cs\/wp-json\/wp\/v2\/product_tag?post=2227"}],"curies":[{"name":"wp","href":"https:\/\/api.w.org\/{rel}","templated":true}]}}