{"id":2228,"date":"2024-07-22T14:19:04","date_gmt":"2024-07-22T14:19:04","guid":{"rendered":"https:\/\/membraneswitchmfg.com\/manufacturer\/silicon-pad\/"},"modified":"2024-07-25T08:35:32","modified_gmt":"2024-07-25T08:35:32","slug":"silicone-pad","status":"publish","type":"product","link":"https:\/\/membraneswitchmfg.com\/cs\/manufacturer\/silicone-pad\/","title":{"rendered":"Silikonov\u00e1 podlo\u017eka"},"content":{"rendered":"<h2><strong>Silikonov\u00e1 podlo\u017eka Kl\u00ed\u010dov\u00e9 vlastnosti:<\/strong><\/h2>\n<p>1.Superior Durability: Na\u0161e podlo\u017eky jsou vyrobeny z vysoce kvalitn\u00ed silikonov\u00e9 pry\u017ee a jsou odoln\u00e9 v\u016f\u010di extr\u00e9mn\u00edm teplot\u00e1m, UV z\u00e1\u0159en\u00ed a opot\u0159eben\u00ed, co\u017e zaru\u010duje dlouhotrvaj\u00edc\u00ed v\u00fdkon i v t\u011bch nejn\u00e1ro\u010dn\u011bj\u0161\u00edch podm\u00ednk\u00e1ch.<\/p>\n<p>2.Vynikaj\u00edc\u00ed flexibilita: D\u00edky p\u0159irozen\u00e9 pru\u017enosti silikonu se na\u0161e chr\u00e1ni\u010de p\u0159izp\u016fsobuj\u00ed nepravideln\u00fdm povrch\u016fm a udr\u017euj\u00ed sv\u016fj tvar, \u010d\u00edm\u017e poskytuj\u00ed st\u00e1lou ochranu a tlumen\u00ed.<\/p>\n<p>3.Tepeln\u00fd management: D\u00edky vynikaj\u00edc\u00ed tepeln\u00e9 vodivosti jsou na\u0161e silikonov\u00e9 podlo\u017eky ide\u00e1ln\u00ed pro aplikace vy\u017eaduj\u00edc\u00ed \u00fa\u010dinn\u00fd odvod tepla, jako je elektronika a LED osv\u011btlen\u00ed.<\/p>\n<p>4.Vibration Dampening: Na\u0161e podlo\u017eky jsou navr\u017eeny tak, aby absorbovaly a tlumily vibrace, sni\u017euj\u00ed hluk a mechanick\u00e9 r\u00e1zy, chr\u00e1n\u00ed citliv\u00e9 sou\u010d\u00e1sti a zlep\u0161uj\u00ed \u017eivotnost va\u0161eho za\u0159\u00edzen\u00ed.<\/p>\n<p>5.P\u0159izp\u016fsobiteln\u00e9 mo\u017enosti: Na\u0161e silikonov\u00e9 podlo\u017eky jsou k dispozici v r\u016fzn\u00fdch tlou\u0161\u0165k\u00e1ch, velikostech a stupn\u00edch tvrdosti, tak\u017ee je lze p\u0159izp\u016fsobit konkr\u00e9tn\u00edm pot\u0159eb\u00e1m va\u0161eho projektu. K dispozici jsou tak\u00e9 vlastn\u00ed tvary a mo\u017enosti v\u00fdseku.<\/p>\n<p>6.Chemical Resistance: D\u00edky odolnosti v\u016f\u010di \u0161irok\u00e9 \u0161k\u00e1le chemik\u00e1li\u00ed, olej\u016f a rozpou\u0161t\u011bdel si na\u0161e silikonov\u00e9 podlo\u017eky zachov\u00e1vaj\u00ed svou integritu a v\u00fdkonnost v n\u00e1ro\u010dn\u00fdch podm\u00ednk\u00e1ch.<\/p>\n<h2><strong>Aplikace silikonov\u00e9 podlo\u017eky:<\/strong><\/h2>\n<p>1.Elektronika: Ide\u00e1ln\u00ed pro tepeln\u00fd management v elektronick\u00fdch za\u0159\u00edzen\u00edch, kter\u00fd zaji\u0161\u0165uje \u00fa\u010dinn\u00fd p\u0159enos tepla a ochranu citliv\u00fdch komponent.<\/p>\n<p>2.Automobilov\u00fd pr\u016fmysl: Vhodn\u00fd pro pou\u017eit\u00ed v motorech, p\u0159evodovk\u00e1ch a dal\u0161\u00edch automobilov\u00fdch syst\u00e9mech, kde nab\u00edz\u00ed tlumen\u00ed vibrac\u00ed a tepeln\u00fd management.<\/p>\n<p>3.Pr\u016fmyslov\u00e1 za\u0159\u00edzen\u00ed: Vhodn\u00fd pro stroje a za\u0159\u00edzen\u00ed vy\u017eaduj\u00edc\u00ed tlumen\u00ed, sn\u00ed\u017een\u00ed hluku a ochranu p\u0159ed mechanick\u00fdmi n\u00e1razy.<\/p>\n<p>4.Zdravotnick\u00e9 prost\u0159edky: Zdravotnick\u00e9 prost\u0159edky: Bezpe\u010dn\u00e9 pro pou\u017eit\u00ed ve zdravotnick\u00e9m vybaven\u00ed, nab\u00edz\u00ed spolehliv\u00e9 tlumen\u00ed a ochranu choulostiv\u00fdch n\u00e1stroj\u016f.<\/p>\n<p>5.Spot\u0159ebn\u00ed zbo\u017e\u00ed: Ide\u00e1ln\u00ed pro dom\u00e1c\u00ed spot\u0159ebi\u010de, n\u00e1bytek a dal\u0161\u00ed spot\u0159ebn\u00ed v\u00fdrobky, kter\u00e9 poskytuj\u00ed tlumen\u00ed a ochranu.<\/p>","protected":false},"excerpt":{"rendered":"<p>Na\u0161e silikonov\u00e9 podlo\u017eky nab\u00edzej\u00ed dokonalou kombinaci odolnosti, flexibility a vysoce v\u00fdkonn\u00e9ho tlumen\u00ed pro \u0161irokou \u0161k\u00e1lu aplikac\u00ed. A\u0165 u\u017e pot\u0159ebujete spolehliv\u00fd tepeln\u00fd management, tlumen\u00ed vibrac\u00ed nebo ochrann\u00e9 polstrov\u00e1n\u00ed, na\u0161e silikonov\u00e9 podlo\u017eky jsou navr\u017eeny tak, aby spl\u0148ovaly va\u0161e specifick\u00e9 po\u017eadavky s v\u00fdjime\u010dnou kvalitou a konzistenc\u00ed.N\u00e1\u0161 z\u00e1vazek ke kvalit\u011b a inovac\u00edm zaji\u0161\u0165uje, \u017ee na\u0161e silikonov\u00e9 podlo\u017eky spl\u0148uj\u00ed nejvy\u0161\u0161\u00ed pr\u016fmyslov\u00e9 standardy. Nab\u00edz\u00edme \u0161irokou \u0161k\u00e1lu mo\u017enost\u00ed, kter\u00e9 vyhovuj\u00ed va\u0161im specifick\u00fdm pot\u0159eb\u00e1m, a n\u00e1\u0161 t\u00fdm odborn\u00edk\u016f se sna\u017e\u00ed dod\u00e1vat produkty, kter\u00e9 p\u0159ed\u010d\u00ed va\u0161e o\u010dek\u00e1v\u00e1n\u00ed. A\u0165 u\u017e pot\u0159ebujete standardn\u00ed podlo\u017eky nebo pln\u011b p\u0159izp\u016fsoben\u00e1 \u0159e\u0161en\u00ed, m\u00e1me odborn\u00e9 znalosti a zdroje, abychom v\u00e1m poskytli dokonal\u00e9 \u0159e\u0161en\u00ed tlumen\u00ed pro va\u0161i aplikaci.<\/p>","protected":false},"featured_media":2220,"template":"","meta":[],"product_brand":[],"product_cat":[39],"product_tag":[],"class_list":{"0":"post-2228","1":"product","2":"type-product","3":"status-publish","4":"has-post-thumbnail","6":"product_cat-silicone-rubber","8":"first","9":"instock","10":"shipping-taxable","11":"product-type-simple"},"_links":{"self":[{"href":"https:\/\/membraneswitchmfg.com\/cs\/wp-json\/wp\/v2\/product\/2228","targetHints":{"allow":["GET"]}}],"collection":[{"href":"https:\/\/membraneswitchmfg.com\/cs\/wp-json\/wp\/v2\/product"}],"about":[{"href":"https:\/\/membraneswitchmfg.com\/cs\/wp-json\/wp\/v2\/types\/product"}],"wp:featuredmedia":[{"embeddable":true,"href":"https:\/\/membraneswitchmfg.com\/cs\/wp-json\/wp\/v2\/media\/2220"}],"wp:attachment":[{"href":"https:\/\/membraneswitchmfg.com\/cs\/wp-json\/wp\/v2\/media?parent=2228"}],"wp:term":[{"taxonomy":"product_brand","embeddable":true,"href":"https:\/\/membraneswitchmfg.com\/cs\/wp-json\/wp\/v2\/product_brand?post=2228"},{"taxonomy":"product_cat","embeddable":true,"href":"https:\/\/membraneswitchmfg.com\/cs\/wp-json\/wp\/v2\/product_cat?post=2228"},{"taxonomy":"product_tag","embeddable":true,"href":"https:\/\/membraneswitchmfg.com\/cs\/wp-json\/wp\/v2\/product_tag?post=2228"}],"curies":[{"name":"wp","href":"https:\/\/api.w.org\/{rel}","templated":true}]}}