{"id":2438,"date":"2024-09-20T06:37:42","date_gmt":"2024-09-20T06:37:42","guid":{"rendered":"https:\/\/membraneswitchmfg.com\/?post_type=product&#038;p=2438"},"modified":"2024-09-20T06:40:01","modified_gmt":"2024-09-20T06:40:01","slug":"in-mold-electronics-ime","status":"publish","type":"product","link":"https:\/\/membraneswitchmfg.com\/cs\/manufacturer\/in-mold-electronics-ime\/","title":{"rendered":"In-Mold Electronics (IME)"},"content":{"rendered":"<h2>In-Mold Electronics (IME): Revolu\u010dn\u00ed technologie<\/h2>\n<h3 data-sourcepos=\"5:1-5:24\">Kl\u00ed\u010dov\u00e9 v\u00fdhody In-Mold Electronics<strong>:<\/strong><\/h3>\n<ul>\n<li><span class=\"citation-2 recitation\">Sn\u00ed\u017een\u00e9 n\u00e1klady na mont\u00e1\u017e:<\/span><span class=\"citation-2 recitation citation-end-2\"> Integrac\u00ed elektronick\u00fdch sou\u010d\u00e1stek p\u0159\u00edmo do plastov\u00e9ho d\u00edlu eliminuje IME pot\u0159ebu samostatn\u00fdch mont\u00e1\u017en\u00edch krok\u016f, co\u017e v\u00fdrazn\u011b sni\u017euje v\u00fdrobn\u00ed n\u00e1klady.<\/span><\/li>\n<li>Vylep\u0161en\u00e1 odolnost: <span class=\"citation-3 recitation citation-end-3\">IME vytv\u00e1\u0159\u00ed siln\u00e9 spojen\u00ed mezi elektronick\u00fdmi sou\u010d\u00e1stkami a plastov\u00fdm d\u00edlem, \u010d\u00edm\u017e zvy\u0161uje odolnost a odolnost v\u016f\u010di vliv\u016fm prost\u0159ed\u00ed.<\/span><\/li>\n<li>Men\u0161\u00ed tvarov\u00fd faktor: <span class=\"citation-4 recitation citation-end-4\">IME umo\u017e\u0148uje vytv\u00e1\u0159et ten\u010d\u00ed a kompaktn\u011bj\u0161\u00ed elektronick\u00e1 za\u0159\u00edzen\u00ed, d\u00edky \u010demu\u017e jsou p\u0159enosn\u011bj\u0161\u00ed a esteticky p\u0159\u00edjemn\u011bj\u0161\u00ed.<\/span><\/li>\n<li>Vylep\u0161en\u00e1 estetika: IME lze pou\u017e\u00edt k vytv\u00e1\u0159en\u00ed bezprobl\u00e9mov\u00fdch a vizu\u00e1ln\u011b atraktivn\u00edch design\u016f, kter\u00e9 hladce integruj\u00ed elektronick\u00e9 sou\u010d\u00e1stky do celkov\u00e9ho vzhledu produktu.<\/li>\n<li>Vylep\u0161en\u00e1 spolehlivost: <span class=\"citation-5 recitation citation-end-5\">Eliminac\u00ed extern\u00edch p\u0159ipojen\u00ed a mont\u00e1\u017en\u00edch krok\u016f m\u016f\u017ee IME zv\u00fd\u0161it spolehlivost a \u017eivotnost elektronick\u00fdch produkt\u016f.<\/span><\/li>\n<\/ul>\n<h3 data-sourcepos=\"13:1-13:24\">Aplikace In-Mold Electronics:<\/h3>\n<ul data-sourcepos=\"15:1-19:0\">\n<li data-sourcepos=\"15:1-15:100\">Spot\u0159ebn\u00ed elektronika: Kl\u00e1vesnice, d\u00e1lkov\u00e9 ovlada\u010de, automobilov\u00e9 palubn\u00ed desky a nositeln\u00e1 za\u0159\u00edzen\u00ed.<\/li>\n<li data-sourcepos=\"16:1-16:110\">L\u00e9ka\u0159sk\u00e9 p\u0159\u00edstroje: <span class=\"citation-6 recitation citation-end-6\">Diagnostick\u00e9 vybaven\u00ed, syst\u00e9my monitorov\u00e1n\u00ed pacient\u016f a implantabiln\u00ed za\u0159\u00edzen\u00ed.<\/span><\/li>\n<li data-sourcepos=\"16:1-16:110\">Automobilov\u00fd pr\u016fmysl: <span class=\"citation-7 recitation citation-end-7\">Ovl\u00e1dac\u00ed panely, p\u0159\u00edstrojov\u00e9 desky a dve\u0159n\u00ed panely.<\/span><\/li>\n<li data-sourcepos=\"16:1-16:110\">Pr\u016fmyslov\u00e1 automatizace: Ovl\u00e1dac\u00ed panely, senzory a dal\u0161\u00ed automatiza\u010dn\u00ed komponenty.<\/li>\n<\/ul>","protected":false},"excerpt":{"rendered":"<p><span class=\"citation-0 recitation\">In-Mold Electronics (IME)<\/span><span class=\"citation-0 recitation citation-end-0\"> je v\u00fdrobn\u00ed proces, kter\u00fd integruje elektronick\u00e9 sou\u010d\u00e1stky p\u0159\u00edmo do plastov\u00fdch d\u00edl\u016f b\u011bhem procesu lisov\u00e1n\u00ed.<\/span> <span class=\"citation-1 recitation citation-end-1\">Tato inovativn\u00ed technika nab\u00edz\u00ed \u0159adu v\u00fdhod oproti tradi\u010dn\u00edm mont\u00e1\u017en\u00edm metod\u00e1m, co\u017e z n\u00ed \u010din\u00ed obl\u00edbenou volbu pro r\u016fzn\u00e1 pr\u016fmyslov\u00e1 odv\u011btv\u00ed.<\/span><\/p>\n<p><span class=\"citation-8 recitation citation-end-8\">IME je \u0161pi\u010dkov\u00e1 technologie, kter\u00e1 nab\u00edz\u00ed v\u00fdznamn\u00e9 v\u00fdhody z hlediska n\u00e1klad\u016f, trvanlivosti, designu a spolehlivosti.<\/span> Jak se technologie neust\u00e1le vyv\u00edj\u00ed, m\u016f\u017eeme v budoucnu o\u010dek\u00e1vat je\u0161t\u011b inovativn\u011bj\u0161\u00ed aplikace.<\/p>","protected":false},"featured_media":2439,"template":"","meta":[],"product_brand":[],"product_cat":[40],"product_tag":[],"class_list":{"0":"post-2438","1":"product","2":"type-product","3":"status-publish","4":"has-post-thumbnail","6":"product_cat-membrane-switch","8":"first","9":"instock","10":"shipping-taxable","11":"product-type-simple"},"_links":{"self":[{"href":"https:\/\/membraneswitchmfg.com\/cs\/wp-json\/wp\/v2\/product\/2438","targetHints":{"allow":["GET"]}}],"collection":[{"href":"https:\/\/membraneswitchmfg.com\/cs\/wp-json\/wp\/v2\/product"}],"about":[{"href":"https:\/\/membraneswitchmfg.com\/cs\/wp-json\/wp\/v2\/types\/product"}],"wp:featuredmedia":[{"embeddable":true,"href":"https:\/\/membraneswitchmfg.com\/cs\/wp-json\/wp\/v2\/media\/2439"}],"wp:attachment":[{"href":"https:\/\/membraneswitchmfg.com\/cs\/wp-json\/wp\/v2\/media?parent=2438"}],"wp:term":[{"taxonomy":"product_brand","embeddable":true,"href":"https:\/\/membraneswitchmfg.com\/cs\/wp-json\/wp\/v2\/product_brand?post=2438"},{"taxonomy":"product_cat","embeddable":true,"href":"https:\/\/membraneswitchmfg.com\/cs\/wp-json\/wp\/v2\/product_cat?post=2438"},{"taxonomy":"product_tag","embeddable":true,"href":"https:\/\/membraneswitchmfg.com\/cs\/wp-json\/wp\/v2\/product_tag?post=2438"}],"curies":[{"name":"wp","href":"https:\/\/api.w.org\/{rel}","templated":true}]}}