{"id":1686,"date":"2024-06-22T14:56:03","date_gmt":"2024-06-22T14:56:03","guid":{"rendered":"https:\/\/membraneswitchmfg.com\/manufacturer\/ul-high-temperature-resistant-certification-label\/"},"modified":"2024-06-26T00:55:30","modified_gmt":"2024-06-26T00:55:30","slug":"ul-high-temperature-resistant-certification-label","status":"publish","type":"product","link":"https:\/\/membraneswitchmfg.com\/da\/manufacturer\/ul-high-temperature-resistant-certification-label\/","title":{"rendered":"UL-certificeringsm\u00e6rke til modstandsdygtighed over for h\u00f8je temperaturer"},"content":{"rendered":"<h2 class=\"\" data-sourcepos=\"1:1-1:109\">UL-certificeringsm\u00e6rker, der er modstandsdygtige over for h\u00f8je temperaturer: Sikring af sikkerhed og holdbarhed i ekstreme milj\u00f8er<\/h2>\n<p data-sourcepos=\"3:1-3:104\">Beskyt dine produkter og dit brand med UL-certificerede h\u00f8jtemperaturetiketter, der kan modst\u00e5 barske forhold.<\/p>\n<p data-sourcepos=\"5:1-5:49\"><strong>Uovertruffen holdbarhed til ekstreme milj\u00f8er<\/strong><\/p>\n<p data-sourcepos=\"7:1-7:155\">Vores UL-certificerede, h\u00f8jtemperaturbestandige etiketter er fremstillet af f\u00f8rsteklasses materialer, der kan modst\u00e5 kontinuerlig eksponering for temperaturer fra -40 \u00b0C til 500 \u00b0C (-40 \u00b0F til 932 \u00b0F). De er modstandsdygtige over for falmning, rivning og kemisk nedbrydning, hvilket g\u00f8r dem ideelle til brug i en lang r\u00e6kke applikationer.<\/p>\n<p data-sourcepos=\"9:1-9:38\"><strong>UL-certificering giver ro i sindet<\/strong><\/p>\n<p data-sourcepos=\"11:1-11:62\">Vores UL-labels, der t\u00e5ler h\u00f8je temperaturer, er grundigt testet og certificeret af Underwriters Laboratories (UL), en globalt anerkendt leder inden for sikkerhedsstandarder. Denne certificering sikrer, at vores labels lever op til de h\u00f8jeste standarder for holdbarhed, ydeevne og sikkerhed.<\/p>\n<p data-sourcepos=\"13:1-13:89\"><strong>Samarbejd med kinesiske leverand\u00f8rer af stregkodeprintere om overlegen kvalitet og ekspertise<\/strong><\/p>\n<p data-sourcepos=\"15:1-15:207\">Hos China Label Barcode Printer Suppliers er vi forpligtet til at give vores kunder UL-h\u00f8jtemperaturbestandige etiketter af h\u00f8jeste kvalitet og ekspertisen til at opfylde deres specifikke anvendelsesbehov.<\/p>\n<p data-sourcepos=\"17:1-17:82\"><strong>Kontakt os i dag<\/strong> for at f\u00e5 mere at vide om vores UL-h\u00f8jtemperaturbestandige etiketter.<\/p>","protected":false},"excerpt":{"rendered":"<p>UL-m\u00e6rket for modstandsdygtighed over for h\u00f8je temperaturer bekr\u00e6fter, at produktet er testet og certificeret af UL (Underwriters Laboratories) til at modst\u00e5 h\u00f8je temperaturer sikkert.<\/p>","protected":false},"featured_media":1660,"template":"","meta":[],"product_brand":[],"product_cat":[15],"product_tag":[],"class_list":{"0":"post-1686","1":"product","2":"type-product","3":"status-publish","4":"has-post-thumbnail","6":"product_cat-print-label","8":"first","9":"instock","10":"shipping-taxable","11":"product-type-simple"},"_links":{"self":[{"href":"https:\/\/membraneswitchmfg.com\/da\/wp-json\/wp\/v2\/product\/1686","targetHints":{"allow":["GET"]}}],"collection":[{"href":"https:\/\/membraneswitchmfg.com\/da\/wp-json\/wp\/v2\/product"}],"about":[{"href":"https:\/\/membraneswitchmfg.com\/da\/wp-json\/wp\/v2\/types\/product"}],"wp:featuredmedia":[{"embeddable":true,"href":"https:\/\/membraneswitchmfg.com\/da\/wp-json\/wp\/v2\/media\/1660"}],"wp:attachment":[{"href":"https:\/\/membraneswitchmfg.com\/da\/wp-json\/wp\/v2\/media?parent=1686"}],"wp:term":[{"taxonomy":"product_brand","embeddable":true,"href":"https:\/\/membraneswitchmfg.com\/da\/wp-json\/wp\/v2\/product_brand?post=1686"},{"taxonomy":"product_cat","embeddable":true,"href":"https:\/\/membraneswitchmfg.com\/da\/wp-json\/wp\/v2\/product_cat?post=1686"},{"taxonomy":"product_tag","embeddable":true,"href":"https:\/\/membraneswitchmfg.com\/da\/wp-json\/wp\/v2\/product_tag?post=1686"}],"curies":[{"name":"wp","href":"https:\/\/api.w.org\/{rel}","templated":true}]}}