{"id":1687,"date":"2024-06-22T14:56:03","date_gmt":"2024-06-22T14:56:03","guid":{"rendered":"https:\/\/membraneswitchmfg.com\/manufacturer\/csa-high-temperature-resistant-certification-label\/"},"modified":"2024-06-26T00:55:06","modified_gmt":"2024-06-26T00:55:06","slug":"csa-high-temperature-resistant-certification-label","status":"publish","type":"product","link":"https:\/\/membraneswitchmfg.com\/da\/manufacturer\/csa-high-temperature-resistant-certification-label\/","title":{"rendered":"CSA-certificeringsm\u00e6rke til modstandsdygtighed over for h\u00f8je temperaturer"},"content":{"rendered":"<h2 class=\"\" data-sourcepos=\"1:1-1:108\">CSA-certificeringsm\u00e6rker, der er modstandsdygtige over for h\u00f8je temperaturer: Sikring af overholdelse og sikkerhed i barske milj\u00f8er<\/h2>\n<p data-sourcepos=\"3:1-3:119\">Beskyt dine produkter og dit brand med CSA-certificerede, h\u00f8jtemperaturbestandige etiketter, der kan modst\u00e5 ekstreme forhold.<\/p>\n<p data-sourcepos=\"5:1-5:51\"><strong>Uovertruffen holdbarhed til kr\u00e6vende milj\u00f8er<\/strong><\/p>\n<p data-sourcepos=\"7:1-7:152\">Vores CSA-labels, der t\u00e5ler h\u00f8je temperaturer, er konstrueret til at modst\u00e5 de mest udfordrende forhold og sikrer, at dine produktoplysninger forbliver klare, synlige og i overensstemmelse med reglerne, selv n\u00e5r de uds\u00e6ttes for intens varme, barske kemikalier og slid. Disse labels er fremstillet af f\u00f8rsteklasses materialer og kan modst\u00e5 kontinuerlig eksponering for temperaturer fra -40 \u00b0C til 500 \u00b0C (-40 \u00b0F til 932 \u00b0F).<\/p>\n<p data-sourcepos=\"9:1-9:23\"><strong>CSA-certificering giver ro i sindet<\/strong><\/p>\n<p data-sourcepos=\"11:1-11:433\">Vores CSA-labels, der t\u00e5ler h\u00f8je temperaturer, er grundigt testet og certificeret af Canadian Standards Association (CSA), som er en globalt anerkendt leder inden for sikkerhedsstandarder. Denne certificering sikrer, at vores labels lever op til de h\u00f8jeste standarder for holdbarhed, ydeevne og sikkerhed, s\u00e5 du kan v\u00e6re sikker p\u00e5, at din produktidentifikation og sikkerhedsm\u00e6rkning forbliver intakt selv i de mest kr\u00e6vende milj\u00f8er.<\/p>\n<p data-sourcepos=\"13:1-13:42\"><strong>Ideel til en bred vifte af applikationer<\/strong><\/p>\n<p data-sourcepos=\"15:1-15:91\">Vores CSA-labels, der er modstandsdygtige over for h\u00f8je temperaturer, er ideelle til brug i en lang r\u00e6kke applikationer, bl.a:<\/p>\n<ul data-sourcepos=\"17:1-22:0\">\n<li data-sourcepos=\"17:1-17:36\">Industrielle maskiner og udstyr<\/li>\n<li data-sourcepos=\"18:1-18:37\">Komponenter til biler og rumfart<\/li>\n<li data-sourcepos=\"19:1-19:28\">Hvidevarer og elektronik<\/li>\n<li data-sourcepos=\"20:1-20:17\">Medicinsk udstyr<\/li>\n<li data-sourcepos=\"21:1-22:0\">Udend\u00f8rs skiltning og etiketter<\/li>\n<\/ul>\n<p data-sourcepos=\"23:1-23:89\"><strong>Samarbejd med kinesiske leverand\u00f8rer af stregkodeprintere om overlegen kvalitet og ekspertise<\/strong><\/p>\n<p data-sourcepos=\"25:1-25:353\">Hos China Label Barcode Printer Suppliers er vi forpligtet til at give vores kunder CSA-labels af h\u00f8jeste kvalitet, der t\u00e5ler h\u00f8je temperaturer, og ekspertisen til at opfylde deres specifikke anvendelsesbehov. Vores team af erfarne fagfolk kan hj\u00e6lpe dig med at v\u00e6lge det rigtige labelmateriale, kl\u00e6bemiddel og udskrivningsmuligheder til dine unikke krav.<\/p>\n<p data-sourcepos=\"27:1-27:181\"><strong>Kontakt os i dag<\/strong> for at f\u00e5 mere at vide om vores CSA-labels, der t\u00e5ler h\u00f8je temperaturer, og hvordan vi kan hj\u00e6lpe dig med at beskytte dine produkter og dit brand i selv de mest udfordrende milj\u00f8er.<\/p>","protected":false},"excerpt":{"rendered":"<p>CSA-m\u00e6rket for modstandsdygtighed over for h\u00f8je temperaturer betyder, at produktet er blevet testet og certificeret af CSA (Canadian Standards Association) til at modst\u00e5 h\u00f8je temperaturer effektivt og sikkert.<\/p>","protected":false},"featured_media":1653,"template":"","meta":[],"product_brand":[],"product_cat":[15],"product_tag":[],"class_list":{"0":"post-1687","1":"product","2":"type-product","3":"status-publish","4":"has-post-thumbnail","6":"product_cat-print-label","8":"first","9":"instock","10":"shipping-taxable","11":"product-type-simple"},"_links":{"self":[{"href":"https:\/\/membraneswitchmfg.com\/da\/wp-json\/wp\/v2\/product\/1687","targetHints":{"allow":["GET"]}}],"collection":[{"href":"https:\/\/membraneswitchmfg.com\/da\/wp-json\/wp\/v2\/product"}],"about":[{"href":"https:\/\/membraneswitchmfg.com\/da\/wp-json\/wp\/v2\/types\/product"}],"wp:featuredmedia":[{"embeddable":true,"href":"https:\/\/membraneswitchmfg.com\/da\/wp-json\/wp\/v2\/media\/1653"}],"wp:attachment":[{"href":"https:\/\/membraneswitchmfg.com\/da\/wp-json\/wp\/v2\/media?parent=1687"}],"wp:term":[{"taxonomy":"product_brand","embeddable":true,"href":"https:\/\/membraneswitchmfg.com\/da\/wp-json\/wp\/v2\/product_brand?post=1687"},{"taxonomy":"product_cat","embeddable":true,"href":"https:\/\/membraneswitchmfg.com\/da\/wp-json\/wp\/v2\/product_cat?post=1687"},{"taxonomy":"product_tag","embeddable":true,"href":"https:\/\/membraneswitchmfg.com\/da\/wp-json\/wp\/v2\/product_tag?post=1687"}],"curies":[{"name":"wp","href":"https:\/\/api.w.org\/{rel}","templated":true}]}}