{"id":1688,"date":"2024-06-22T14:56:03","date_gmt":"2024-06-22T14:56:03","guid":{"rendered":"https:\/\/membraneswitchmfg.com\/manufacturer\/outdoor-sun-and-weather-resistant-certification-label\/"},"modified":"2024-06-26T00:54:35","modified_gmt":"2024-06-26T00:54:35","slug":"outdoor-sun-and-weather-resistant-certification-label","status":"publish","type":"product","link":"https:\/\/membraneswitchmfg.com\/da\/manufacturer\/outdoor-sun-and-weather-resistant-certification-label\/","title":{"rendered":"Udend\u00f8rs sol- og vejrbestandigt certificeringsm\u00e6rke"},"content":{"rendered":"<h2 class=\"\" data-sourcepos=\"1:1-1:103\">Udend\u00f8rs sol- og vejrbestandige certificeringsm\u00e6rker: Varig beskyttelse af din udend\u00f8rs skiltning<\/h2>\n<p data-sourcepos=\"3:1-3:110\">Beskyt din udend\u00f8rs skiltning og dine labels mod de barske elementer med vores holdbare og vejrbestandige certificeringslabels. Vores labels er designet til at modst\u00e5 den ubarmhjertige sol, regn, vind og ekstreme temperaturer og sikrer, at dine vigtige budskaber forbliver klare, synlige og i overensstemmelse med reglerne i mange \u00e5r fremover.<\/p>\n<p data-sourcepos=\"5:1-5:49\"><strong>Uovertruffen holdbarhed til udend\u00f8rs milj\u00f8er<\/strong><\/p>\n<p data-sourcepos=\"7:1-7:266\">Vores udend\u00f8rs sol- og vejrbestandige certificeringsetiketter er fremstillet af f\u00f8rsteklasses materialer og ved hj\u00e6lp af avancerede trykteknikker og er bygget til at holde. De er modstandsdygtige over for falmning, rivning og kemisk nedbrydning, selv i de mest kr\u00e6vende udend\u00f8rsmilj\u00f8er.<\/p>\n<p data-sourcepos=\"9:1-9:50\"><strong>Ideel til en bred vifte af udend\u00f8rs applikationer<\/strong><\/p>\n<p data-sourcepos=\"11:1-11:113\">Vores udend\u00f8rs sol- og vejrbestandige certificeringsm\u00e6rker er ideelle til en lang r\u00e6kke anvendelser, bl.a:<\/p>\n<ul data-sourcepos=\"13:1-18:0\">\n<li data-sourcepos=\"13:1-13:35\"><strong>Etiketter til produktidentifikation<\/strong><\/li>\n<li data-sourcepos=\"14:1-14:38\"><strong>Sikkerhedsadvarsler og instruktioner<\/strong><\/li>\n<li data-sourcepos=\"15:1-15:36\"><strong>M\u00e6rkning af overholdelse af regler<\/strong><\/li>\n<li data-sourcepos=\"16:1-16:27\"><strong>Etiketter til sporing af aktiver<\/strong><\/li>\n<li data-sourcepos=\"17:1-18:0\"><strong>Reklame- og markedsf\u00f8ringsskilte<\/strong><\/li>\n<\/ul>\n<p data-sourcepos=\"19:1-19:89\"><strong>Samarbejd med kinesiske leverand\u00f8rer af stregkodeprintere om overlegen kvalitet og ekspertise<\/strong><\/p>\n<p data-sourcepos=\"21:1-21:183\">Hos China Label Barcode Printer Suppliers er vi forpligtet til at give vores kunder udend\u00f8rs sol- og vejrbestandige certificeringsetiketter af h\u00f8jeste kvalitet og ekspertisen til at opfylde deres specifikke anvendelsesbehov. Vores team af erfarne fagfolk kan hj\u00e6lpe dig med at v\u00e6lge det rigtige labelmateriale, kl\u00e6bemiddel og udskrivningsmuligheder til dine unikke krav.<\/p>\n<p data-sourcepos=\"23:1-23:182\"><strong>Kontakt os i dag<\/strong> for at f\u00e5 mere at vide om vores udend\u00f8rs sol- og vejrbestandige certificeringsm\u00e6rker, og hvordan vi kan hj\u00e6lpe dig med at beskytte dine udend\u00f8rs skilte og m\u00e6rker mod elementerne.<\/p>","protected":false},"excerpt":{"rendered":"<p>Det udend\u00f8rs sol- og vejrbestandige certificeringsm\u00e6rke viser, at produktet er blevet testet og certificeret til at modst\u00e5 uds\u00e6ttelse for sollys og forskellige vejrforhold, samtidig med at det bevarer sin ydeevne og holdbarhed.<\/p>","protected":false},"featured_media":1655,"template":"","meta":[],"product_brand":[],"product_cat":[15],"product_tag":[],"class_list":{"0":"post-1688","1":"product","2":"type-product","3":"status-publish","4":"has-post-thumbnail","6":"product_cat-print-label","8":"first","9":"instock","10":"shipping-taxable","11":"product-type-simple"},"_links":{"self":[{"href":"https:\/\/membraneswitchmfg.com\/da\/wp-json\/wp\/v2\/product\/1688","targetHints":{"allow":["GET"]}}],"collection":[{"href":"https:\/\/membraneswitchmfg.com\/da\/wp-json\/wp\/v2\/product"}],"about":[{"href":"https:\/\/membraneswitchmfg.com\/da\/wp-json\/wp\/v2\/types\/product"}],"wp:featuredmedia":[{"embeddable":true,"href":"https:\/\/membraneswitchmfg.com\/da\/wp-json\/wp\/v2\/media\/1655"}],"wp:attachment":[{"href":"https:\/\/membraneswitchmfg.com\/da\/wp-json\/wp\/v2\/media?parent=1688"}],"wp:term":[{"taxonomy":"product_brand","embeddable":true,"href":"https:\/\/membraneswitchmfg.com\/da\/wp-json\/wp\/v2\/product_brand?post=1688"},{"taxonomy":"product_cat","embeddable":true,"href":"https:\/\/membraneswitchmfg.com\/da\/wp-json\/wp\/v2\/product_cat?post=1688"},{"taxonomy":"product_tag","embeddable":true,"href":"https:\/\/membraneswitchmfg.com\/da\/wp-json\/wp\/v2\/product_tag?post=1688"}],"curies":[{"name":"wp","href":"https:\/\/api.w.org\/{rel}","templated":true}]}}