{"id":1689,"date":"2024-06-22T14:56:03","date_gmt":"2024-06-22T14:56:03","guid":{"rendered":"https:\/\/membraneswitchmfg.com\/manufacturer\/outdoor-warning-signs\/"},"modified":"2024-06-26T00:53:33","modified_gmt":"2024-06-26T00:53:33","slug":"outdoor-warning-signs","status":"publish","type":"product","link":"https:\/\/membraneswitchmfg.com\/da\/manufacturer\/outdoor-warning-signs\/","title":{"rendered":"Udend\u00f8rs advarselsskilte"},"content":{"rendered":"<h2 class=\"\" data-sourcepos=\"1:1-1:84\">Udend\u00f8rs advarselsskilte: Forbedring af sikkerhed og kommunikation i udend\u00f8rsmilj\u00f8er<\/h2>\n<p data-sourcepos=\"3:1-3:144\">Kommuniker effektivt potentielle farer og vigtige oplysninger i udend\u00f8rs omgivelser med vores holdbare og tilpassede udend\u00f8rs advarselsskilte. Vores skilte er designet til at modst\u00e5 udfordringerne i udend\u00f8rs milj\u00f8er og sikrer, at dine budskaber forbliver klare, synlige og opsigtsv\u00e6kkende, selv under barske vejrforhold.<\/p>\n<p data-sourcepos=\"5:1-5:49\"><strong>Uovertruffen holdbarhed til udend\u00f8rs milj\u00f8er<\/strong><\/p>\n<p data-sourcepos=\"7:1-7:133\">Vores udend\u00f8rs advarselsskilte er fremstillet af materialer af h\u00f8j kvalitet og ved hj\u00e6lp af avancerede trykteknikker, og de er bygget til at holde. De er modstandsdygtige over for falmning, rivning og kemisk nedbrydning, hvilket sikrer, at dine budskaber forbliver synlige og effektive i mange \u00e5r fremover.<\/p>\n<p data-sourcepos=\"9:1-9:44\"><strong>Kan tilpasses til at opfylde dine specifikke behov<\/strong><\/p>\n<p data-sourcepos=\"11:1-11:86\">Vi tilbyder en bred vifte af tilpasningsmuligheder for at opfylde dine specifikke behov, herunder:<\/p>\n<ul data-sourcepos=\"13:1-17:0\">\n<li data-sourcepos=\"13:1-13:60\"><strong>Forskellige st\u00f8rrelser og former for at im\u00f8dekomme ethvert budskab<\/strong><\/li>\n<li data-sourcepos=\"14:1-14:49\"><strong>Fuldfarvetryk til visualiseringer med stor effekt<\/strong><\/li>\n<li data-sourcepos=\"15:1-15:67\"><strong>Tekst og grafik, der kan tilpasses, s\u00e5 du kan formidle dit budskab tydeligt<\/strong><\/li>\n<li data-sourcepos=\"16:1-17:0\"><strong>Valg af materialer, der passer til dit milj\u00f8<\/strong><\/li>\n<\/ul>\n<p data-sourcepos=\"18:1-18:50\"><strong>Ideel til en bred vifte af udend\u00f8rs applikationer<\/strong><\/p>\n<p data-sourcepos=\"20:1-20:80\">Vores udend\u00f8rs advarselsskilte er ideelle til en lang r\u00e6kke anvendelser, herunder:<\/p>\n<ul data-sourcepos=\"22:1-22:10\">\n<li data-sourcepos=\"22:1-22:10\"><strong>Sikkerhedsadvarsler og instruktioner<\/strong><\/li>\n<li data-sourcepos=\"23:1-23:36\"><strong>M\u00e6rkning af overholdelse af regler<\/strong><\/li>\n<li data-sourcepos=\"24:1-24:47\"><strong>Skiltning af farer og advarsler<\/strong><\/li>\n<li data-sourcepos=\"25:1-25:43\"><strong>Vejledende og informativ skiltning<\/strong><\/li>\n<li data-sourcepos=\"26:1-27:0\"><strong>Skiltning p\u00e5 byggepladsen<\/strong><\/li>\n<\/ul>\n<p data-sourcepos=\"28:1-28:89\"><strong>Samarbejd med kinesiske leverand\u00f8rer af stregkodeprintere om overlegen kvalitet og ekspertise<\/strong><\/p>\n<p data-sourcepos=\"30:1-30:309\">Hos China Label Barcode Printer Suppliers er vi forpligtet til at give vores kunder udend\u00f8rs advarselsskilte af h\u00f8jeste kvalitet og ekspertisen til at opfylde deres specifikke anvendelsesbehov. Vores team af erfarne fagfolk kan hj\u00e6lpe dig med at designe og skabe de perfekte skilte til dine unikke krav.<\/p>\n<p data-sourcepos=\"32:1-32:148\"><strong>Kontakt os i dag<\/strong> for at l\u00e6re mere om vores udend\u00f8rs advarselsskilte, og hvordan vi kan hj\u00e6lpe dig med at forbedre sikkerheden og kommunikationen i udend\u00f8rs milj\u00f8er.<\/p>","protected":false},"excerpt":{"rendered":"<p>Udend\u00f8rs advarselsskilte er specialdesignede skilte, der placeres i udend\u00f8rs milj\u00f8er for at kommunikere farer, give instruktioner eller formidle vigtig information. Disse skilte er afg\u00f8rende for at opretholde sikkerhed og orden i omr\u00e5der, hvor milj\u00f8faktorer og potentielle farer udg\u00f8r en risiko for mennesker eller ejendom.<\/p>","protected":false},"featured_media":1656,"template":"","meta":[],"product_brand":[],"product_cat":[15],"product_tag":[],"class_list":{"0":"post-1689","1":"product","2":"type-product","3":"status-publish","4":"has-post-thumbnail","6":"product_cat-print-label","8":"first","9":"instock","10":"shipping-taxable","11":"product-type-simple"},"_links":{"self":[{"href":"https:\/\/membraneswitchmfg.com\/da\/wp-json\/wp\/v2\/product\/1689","targetHints":{"allow":["GET"]}}],"collection":[{"href":"https:\/\/membraneswitchmfg.com\/da\/wp-json\/wp\/v2\/product"}],"about":[{"href":"https:\/\/membraneswitchmfg.com\/da\/wp-json\/wp\/v2\/types\/product"}],"wp:featuredmedia":[{"embeddable":true,"href":"https:\/\/membraneswitchmfg.com\/da\/wp-json\/wp\/v2\/media\/1656"}],"wp:attachment":[{"href":"https:\/\/membraneswitchmfg.com\/da\/wp-json\/wp\/v2\/media?parent=1689"}],"wp:term":[{"taxonomy":"product_brand","embeddable":true,"href":"https:\/\/membraneswitchmfg.com\/da\/wp-json\/wp\/v2\/product_brand?post=1689"},{"taxonomy":"product_cat","embeddable":true,"href":"https:\/\/membraneswitchmfg.com\/da\/wp-json\/wp\/v2\/product_cat?post=1689"},{"taxonomy":"product_tag","embeddable":true,"href":"https:\/\/membraneswitchmfg.com\/da\/wp-json\/wp\/v2\/product_tag?post=1689"}],"curies":[{"name":"wp","href":"https:\/\/api.w.org\/{rel}","templated":true}]}}