{"id":1693,"date":"2024-06-22T14:56:03","date_gmt":"2024-06-22T14:56:03","guid":{"rendered":"https:\/\/membraneswitchmfg.com\/manufacturer\/removable-non-residual-electrostatic-film-label\/"},"modified":"2024-06-25T14:49:18","modified_gmt":"2024-06-25T14:49:18","slug":"removable-non-residual-electrostatic-film-label","status":"publish","type":"product","link":"https:\/\/membraneswitchmfg.com\/da\/manufacturer\/removable-non-residual-electrostatic-film-label\/","title":{"rendered":"Aftagelig, ikke-resterende elektrostatisk folie-etiket"},"content":{"rendered":"<h2 class=\"\" data-sourcepos=\"3:1-3:94\">Aftagelige elektrostatiske folielabels, der ikke g\u00e5r i stykker: Alsidige og genanvendelige m\u00e6rkningsl\u00f8sninger<\/h2>\n<p data-sourcepos=\"5:1-5:318\">Omfavn bekvemmeligheden ved genanvendelig m\u00e6rkning med vores aftagelige, ikke-resterende elektrostatiske folieetiketter. Disse alsidige etiketter er en problemfri l\u00f8sning til midlertidig skiltning, produktidentifikation og reklamebeskeder, og de kl\u00e6ber sikkert p\u00e5 en lang r\u00e6kke overflader uden at efterlade kl\u00e6brige rester.<\/p>\n<p data-sourcepos=\"7:1-7:52\"><strong>Uovertruffen alsidighed til midlertidige anvendelser<\/strong><\/p>\n<p data-sourcepos=\"9:1-9:162\">Vores aftagelige, ikke-fastsiddende elektrostatiske folieetiketter er ideelle til anvendelser, hvor etiketterne ofte skal fjernes og genplaceres. De er perfekte til:<\/p>\n<ul data-sourcepos=\"11:1-16:0\">\n<li data-sourcepos=\"11:1-11:36\"><strong>Detail- og reklameskiltning<\/strong><\/li>\n<li data-sourcepos=\"12:1-12:38\"><strong>M\u00e6rkning af lager og inventar<\/strong><\/li>\n<li data-sourcepos=\"13:1-13:40\"><strong>Midlertidig kontor- og eventskiltning<\/strong><\/li>\n<li data-sourcepos=\"14:1-14:41\"><strong>Produktm\u00e6rkning og -identifikation<\/strong><\/li>\n<li data-sourcepos=\"15:1-16:0\"><strong>Uddannelses- og instruktionsskiltning<\/strong><\/li>\n<\/ul>\n<p data-sourcepos=\"17:1-17:29\"><strong>Genanvendelig og fri for rester<\/strong><\/p>\n<p data-sourcepos=\"19:1-19:284\">Disse etiketter er fremstillet af elektrostatisk film af h\u00f8j kvalitet og kl\u00e6ber sikkert p\u00e5 glatte overflader uden brug af kl\u00e6bemidler. De kan nemt fjernes og genplaceres uden at efterlade kl\u00e6brige rester, hvilket g\u00f8r dem til et b\u00e6redygtigt og milj\u00f8venligt m\u00e6rkningsvalg.<\/p>\n<p data-sourcepos=\"21:1-21:2\"><strong>Kompatibel med et bredt udvalg af printere<\/strong><\/p>\n<p data-sourcepos=\"23:1-23:243\">Vores aftagelige elektrostatiske folielabels er kompatible med en lang r\u00e6kke inkjet- og laserprintere, s\u00e5 du kan lave dine egne labels in-house. De f\u00e5s i mange forskellige st\u00f8rrelser og former, s\u00e5 de passer til dine specifikke behov.<\/p>\n<p data-sourcepos=\"25:1-25:89\"><strong>Samarbejd med kinesiske leverand\u00f8rer af stregkodeprintere om overlegen kvalitet og ekspertise<\/strong><\/p>\n<p data-sourcepos=\"27:1-27:360\">Hos China Label Barcode Printer Suppliers er vi forpligtet til at give vores kunder aftagelige, ikke-residuale elektrostatiske folielabels af h\u00f8jeste kvalitet og ekspertisen til at opfylde deres specifikke anvendelsesbehov. Vores team af erfarne fagfolk kan hj\u00e6lpe dig med at v\u00e6lge det rigtige labelmateriale, st\u00f8rrelse og udskrivningsmuligheder til dine unikke krav.<\/p>\n<p data-sourcepos=\"29:1-29:170\"><strong>Kontakt os i dag<\/strong> for at f\u00e5 mere at vide om vores aftagelige, ikke-resterende elektrostatiske folieetiketter, og hvordan vi kan hj\u00e6lpe dig med at str\u00f8mline dine etiketteringsprocesser og reducere spild.<\/p>","protected":false},"excerpt":{"rendered":"<p>Aftagelige, ikke-resterende elektrostatiske folielabels er en type label, der kl\u00e6ber til overflader ved hj\u00e6lp af statisk elektricitet i stedet for kl\u00e6bemiddel. Denne unikke egenskab g\u00f8r, at de nemt kan s\u00e6ttes p\u00e5 og fjernes uden at efterlade kl\u00e6brige rester eller skader.<\/p>","protected":false},"featured_media":1658,"template":"","meta":[],"product_brand":[],"product_cat":[15],"product_tag":[],"class_list":{"0":"post-1693","1":"product","2":"type-product","3":"status-publish","4":"has-post-thumbnail","6":"product_cat-print-label","8":"first","9":"instock","10":"shipping-taxable","11":"product-type-simple"},"_links":{"self":[{"href":"https:\/\/membraneswitchmfg.com\/da\/wp-json\/wp\/v2\/product\/1693","targetHints":{"allow":["GET"]}}],"collection":[{"href":"https:\/\/membraneswitchmfg.com\/da\/wp-json\/wp\/v2\/product"}],"about":[{"href":"https:\/\/membraneswitchmfg.com\/da\/wp-json\/wp\/v2\/types\/product"}],"wp:featuredmedia":[{"embeddable":true,"href":"https:\/\/membraneswitchmfg.com\/da\/wp-json\/wp\/v2\/media\/1658"}],"wp:attachment":[{"href":"https:\/\/membraneswitchmfg.com\/da\/wp-json\/wp\/v2\/media?parent=1693"}],"wp:term":[{"taxonomy":"product_brand","embeddable":true,"href":"https:\/\/membraneswitchmfg.com\/da\/wp-json\/wp\/v2\/product_brand?post=1693"},{"taxonomy":"product_cat","embeddable":true,"href":"https:\/\/membraneswitchmfg.com\/da\/wp-json\/wp\/v2\/product_cat?post=1693"},{"taxonomy":"product_tag","embeddable":true,"href":"https:\/\/membraneswitchmfg.com\/da\/wp-json\/wp\/v2\/product_tag?post=1693"}],"curies":[{"name":"wp","href":"https:\/\/api.w.org\/{rel}","templated":true}]}}