{"id":1694,"date":"2024-06-22T14:56:04","date_gmt":"2024-06-22T14:56:04","guid":{"rendered":"https:\/\/membraneswitchmfg.com\/manufacturer\/listing-card-product-manual\/"},"modified":"2024-06-25T14:40:27","modified_gmt":"2024-06-25T14:40:27","slug":"listing-card-product-manual","status":"publish","type":"product","link":"https:\/\/membraneswitchmfg.com\/da\/manufacturer\/listing-card-product-manual\/","title":{"rendered":"Listekort og produktmanual"},"content":{"rendered":"<h2 class=\"\" data-sourcepos=\"1:1-1:87\">Listekort og produktmanualer: Forbedring af produktpr\u00e6sentation og brandidentitet<\/h2>\n<p data-sourcepos=\"3:1-3:108\">L\u00f8ft din produktpr\u00e6sentation og brandidentitet med vores listekort og produktmanualer i h\u00f8j kvalitet. Disse vigtige v\u00e6rkt\u00f8jer giver v\u00e6rdifuld information til kunderne, forbedrer deres indk\u00f8bsoplevelse og fremmer brandloyalitet.<\/p>\n<p data-sourcepos=\"5:1-5:56\"><strong>Liste over kort: Tydelig og kortfattet produktinformation<\/strong><\/p>\n<p data-sourcepos=\"7:1-7:21\">Listekort giver et kortfattet og informativt overblik over dine produkter og giver vigtige detaljer p\u00e5 et \u00f8jeblik. De er ideelle til:<\/p>\n<ul data-sourcepos=\"9:1-12:0\">\n<li data-sourcepos=\"9:1-9:64\"><strong>Visning af produktnavne, -beskrivelser og -specifikationer<\/strong><\/li>\n<li data-sourcepos=\"10:1-10:44\"><strong>Fremh\u00e6ver n\u00f8glefunktioner og fordele<\/strong><\/li>\n<li data-sourcepos=\"11:1-12:0\"><strong>Pr\u00e6sentation af produktbilleder og branding<\/strong><\/li>\n<\/ul>\n<p data-sourcepos=\"13:1-13:48\"><strong>Produktmanualer: Omfattende brugervejledning<\/strong><\/p>\n<p data-sourcepos=\"15:1-15:23\">Produktmanualer giver omfattende instruktioner og vejledning til dine produkter, hvilket sikrer kundetilfredshed og reducerer supportomkostningerne. De omfatter:<\/p>\n<ul data-sourcepos=\"17:1-21:0\">\n<li data-sourcepos=\"17:1-17:50\"><strong>Detaljerede installations- og ops\u00e6tningsinstruktioner<\/strong><\/li>\n<li data-sourcepos=\"18:1-18:39\"><strong>Trin-for-trin betjeningsprocedurer<\/strong><\/li>\n<li data-sourcepos=\"19:1-19:35\"><strong>Tips til fejlfinding og ofte stillede sp\u00f8rgsm\u00e5l<\/strong><\/li>\n<li data-sourcepos=\"20:1-21:0\"><strong>Sikkerhedsadvarsler og forholdsregler<\/strong><\/li>\n<\/ul>\n<p data-sourcepos=\"22:1-22:89\"><strong>Samarbejd med kinesiske leverand\u00f8rer af stregkodeprintere om overlegen kvalitet og ekspertise<\/strong><\/p>\n<p data-sourcepos=\"24:1-24:316\">Hos China Label Barcode Printer Suppliers er vi forpligtet til at give vores kunder listekort og produktmanualer af h\u00f8jeste kvalitet. Vores team af erfarne fagfolk kan hj\u00e6lpe dig med at designe og skabe brugerdefinerede materialer, der passer til din brandidentitet og effektivt kommunikerer produktinformation.<\/p>\n<p data-sourcepos=\"26:1-26:62\"><strong>Kontakt os i dag<\/strong> for at f\u00e5 mere at vide om vores listekort og produktmanualer, og hvordan vi kan hj\u00e6lpe dig med at forbedre din produktpr\u00e6sentation, forbedre kundeoplevelsen og styrke dit brand.<\/p>\n<p data-sourcepos=\"28:1-28:150\"><strong>Yderligere n\u00f8gleord:<\/strong> sd card printer labels, id card label printer, label card printer, print labels til julekort, printede paplabels<\/p>","protected":false},"excerpt":{"rendered":"<p>Et listekort eller en produktmanual er et dokument, der giver detaljerede oplysninger om et produkt eller en service. Det bruges typisk af virksomheder til at informere kunderne om deres produkters funktioner, fordele og specifikationer.<\/p>","protected":false},"featured_media":1657,"template":"","meta":[],"product_brand":[],"product_cat":[15],"product_tag":[],"class_list":{"0":"post-1694","1":"product","2":"type-product","3":"status-publish","4":"has-post-thumbnail","6":"product_cat-print-label","8":"first","9":"instock","10":"shipping-taxable","11":"product-type-simple"},"_links":{"self":[{"href":"https:\/\/membraneswitchmfg.com\/da\/wp-json\/wp\/v2\/product\/1694","targetHints":{"allow":["GET"]}}],"collection":[{"href":"https:\/\/membraneswitchmfg.com\/da\/wp-json\/wp\/v2\/product"}],"about":[{"href":"https:\/\/membraneswitchmfg.com\/da\/wp-json\/wp\/v2\/types\/product"}],"wp:featuredmedia":[{"embeddable":true,"href":"https:\/\/membraneswitchmfg.com\/da\/wp-json\/wp\/v2\/media\/1657"}],"wp:attachment":[{"href":"https:\/\/membraneswitchmfg.com\/da\/wp-json\/wp\/v2\/media?parent=1694"}],"wp:term":[{"taxonomy":"product_brand","embeddable":true,"href":"https:\/\/membraneswitchmfg.com\/da\/wp-json\/wp\/v2\/product_brand?post=1694"},{"taxonomy":"product_cat","embeddable":true,"href":"https:\/\/membraneswitchmfg.com\/da\/wp-json\/wp\/v2\/product_cat?post=1694"},{"taxonomy":"product_tag","embeddable":true,"href":"https:\/\/membraneswitchmfg.com\/da\/wp-json\/wp\/v2\/product_tag?post=1694"}],"curies":[{"name":"wp","href":"https:\/\/api.w.org\/{rel}","templated":true}]}}