{"id":1772,"date":"2024-06-24T05:57:57","date_gmt":"2024-06-24T05:57:57","guid":{"rendered":"https:\/\/membraneswitchmfg.com\/manufacturer\/high-life-membrane-switches-with-5-million-times\/"},"modified":"2024-06-25T13:24:08","modified_gmt":"2024-06-25T13:24:08","slug":"high-life-membrane-switches-with-5-million-times","status":"publish","type":"product","link":"https:\/\/membraneswitchmfg.com\/da\/manufacturer\/high-life-membrane-switches-with-5-million-times\/","title":{"rendered":"Membranafbrydere med h\u00f8j levetid og 5 millioner gange"},"content":{"rendered":"<h2><strong><b>Membranafbrydere med h\u00f8j levetid og 5 millioner gange levetid<\/b><\/strong><\/h2>\n<p><strong>Uovertruffen holdbarhed og p\u00e5lidelighed<\/strong><\/p>\n<p>Vores membranafbrydere med lang levetid er bygget til at holde ud:<\/p>\n<ul>\n<li><strong>Robust konstruktion med f\u00f8rsteklasses materialer<\/strong><\/li>\n<li><strong>Pr\u00e6cisionsfremstillede komponenter for ensartet ydeevne<\/strong><\/li>\n<li><strong>Grundig testning for at sikre langvarig p\u00e5lidelighed<\/strong><\/li>\n<\/ul>\n<p><strong>Oplev forskellen<\/strong><\/p>\n<p>Med vores membranafbrydere med lang levetid kan du forvente:<\/p>\n<ul>\n<li><strong>Reducerede vedligeholdelsesomkostninger og nedetid<\/strong><\/li>\n<li><strong>Forbedret brugertilfredshed og produktomd\u00f8mme<\/strong><\/li>\n<li><strong>Ro i sindet ved at vide, at dit produkt vil fungere i mange \u00e5r fremover<\/strong><\/li>\n<\/ul>\n<p><strong>Anvendelser<\/strong><\/p>\n<p>Vores membranafbrydere med lang levetid er velegnede til en lang r\u00e6kke anvendelser, bl.a:<\/p>\n<ul>\n<li><strong>Industrielle kontrolpaneler<\/strong><\/li>\n<li><strong>Medicinsk udstyr<\/strong><\/li>\n<li><strong>Forbrugerelektronik<\/strong><\/li>\n<li><strong>Transportudstyr<\/strong><\/li>\n<li><strong>Og mange flere<\/strong><\/li>\n<\/ul>\n<p><strong>Tilpassede l\u00f8sninger<\/strong><\/p>\n<p>Vi tilbyder en bred vifte af tilpasningsmuligheder for at opfylde dine specifikke behov, herunder:<\/p>\n<ul>\n<li><strong>Forskellige st\u00f8rrelser og konfigurationer af kontakter<\/strong><\/li>\n<li><strong>Brugerdefineret grafik og baggrundsbelysning<\/strong><\/li>\n<li><strong>Muligheder for taktil feedback<\/strong><\/li>\n<li><strong>Forsegling og beskyttelse af milj\u00f8et<\/strong><\/li>\n<\/ul>\n<p><strong>Samarbejd med en erfaren producent af membranafbrydere<\/strong><\/p>\n<p>Med mange \u00e5rs erfaring og en forpligtelse til kvalitet er vi din p\u00e5lidelige kilde til membranafbrydere med lang levetid. Vores team af eksperter kan hj\u00e6lpe dig med at designe og fremstille de perfekte kontakter til din applikation.<\/p>\n<p><strong>Kontakt os i dag<\/strong>\u00a0for at f\u00e5 mere at vide om vores membranafbrydere med lang levetid, og hvordan vi kan hj\u00e6lpe dig med at forbedre dit produkts ydeevne og p\u00e5lidelighed.<\/p>","protected":false},"excerpt":{"rendered":"<p>L\u00f8ft dit produkts ydeevne og brugeroplevelse med vores membranafbrydere med lang levetid, der er konstrueret til at modst\u00e5 op til 5 millioner aktiveringer. Disse holdbare kontakter tilbyder enest\u00e5ende p\u00e5lidelighed og langvarig ydeevne, hvilket g\u00f8r dem ideelle til kr\u00e6vende anvendelser.<\/p>","protected":false},"featured_media":1761,"template":"","meta":[],"product_brand":[],"product_cat":[40],"product_tag":[],"class_list":{"0":"post-1772","1":"product","2":"type-product","3":"status-publish","4":"has-post-thumbnail","6":"product_cat-membrane-switch","8":"first","9":"instock","10":"shipping-taxable","11":"product-type-simple"},"_links":{"self":[{"href":"https:\/\/membraneswitchmfg.com\/da\/wp-json\/wp\/v2\/product\/1772","targetHints":{"allow":["GET"]}}],"collection":[{"href":"https:\/\/membraneswitchmfg.com\/da\/wp-json\/wp\/v2\/product"}],"about":[{"href":"https:\/\/membraneswitchmfg.com\/da\/wp-json\/wp\/v2\/types\/product"}],"wp:featuredmedia":[{"embeddable":true,"href":"https:\/\/membraneswitchmfg.com\/da\/wp-json\/wp\/v2\/media\/1761"}],"wp:attachment":[{"href":"https:\/\/membraneswitchmfg.com\/da\/wp-json\/wp\/v2\/media?parent=1772"}],"wp:term":[{"taxonomy":"product_brand","embeddable":true,"href":"https:\/\/membraneswitchmfg.com\/da\/wp-json\/wp\/v2\/product_brand?post=1772"},{"taxonomy":"product_cat","embeddable":true,"href":"https:\/\/membraneswitchmfg.com\/da\/wp-json\/wp\/v2\/product_cat?post=1772"},{"taxonomy":"product_tag","embeddable":true,"href":"https:\/\/membraneswitchmfg.com\/da\/wp-json\/wp\/v2\/product_tag?post=1772"}],"curies":[{"name":"wp","href":"https:\/\/api.w.org\/{rel}","templated":true}]}}