{"id":1773,"date":"2024-06-24T05:57:57","date_gmt":"2024-06-24T05:57:57","guid":{"rendered":"https:\/\/membraneswitchmfg.com\/manufacturer\/silver-flex-membrane-switch\/"},"modified":"2024-06-25T13:26:16","modified_gmt":"2024-06-25T13:26:16","slug":"silver-flex-membrane-switch","status":"publish","type":"product","link":"https:\/\/membraneswitchmfg.com\/da\/manufacturer\/silver-flex-membrane-switch\/","title":{"rendered":"Silver Flex Membrane Switch"},"content":{"rendered":"<h2><strong><b>Silver Flex membranafbrydere: P\u00e5lidelige og omkostningseffektive l\u00f8sninger<\/b><\/strong><\/h2>\n<p><strong>Uovertruffen alsidighed og ydeevne<\/strong><\/p>\n<p>Silver Flex Membrane Switches er kendt for deres:<\/p>\n<ul>\n<li><strong>Tyndt og fleksibelt design for nem integration<\/strong><\/li>\n<li><strong>Taktil feedback giver bedre brugeroplevelse<\/strong><\/li>\n<li><strong>Lang levetid med millioner af aktiveringer<\/strong><\/li>\n<li><strong>Modstandsdygtig over for fugt, st\u00f8v og barske milj\u00f8er<\/strong><\/li>\n<\/ul>\n<p><strong>Omkostningseffektive l\u00f8sninger til dine behov<\/strong><\/p>\n<p>Silver Flex Membrane Switches tilbyder en omkostningseffektiv l\u00f8sning uden at g\u00e5 p\u00e5 kompromis med kvaliteten. De er ideelle til applikationer, hvor:<\/p>\n<ul>\n<li><strong>Budget er en prim\u00e6r bekymring<\/strong><\/li>\n<li><strong>Der er brug for store m\u00e6ngder<\/strong><\/li>\n<li><strong>Pladsbegr\u00e6nsninger er en faktor<\/strong><\/li>\n<\/ul>\n<p><strong>Anvendelser<\/strong><\/p>\n<p>Silver Flex Membrane Switches bruges i vid udstr\u00e6kning i forskellige brancher, herunder:<\/p>\n<ul>\n<li><strong>Forbrugerelektronik<\/strong><\/li>\n<li><strong>Medicinsk udstyr<\/strong><\/li>\n<li><strong>Industrielle kontrolpaneler<\/strong><\/li>\n<li><strong>Hvidevarer<\/strong><\/li>\n<li><strong>Og mange flere<\/strong><\/li>\n<\/ul>\n<p><strong>Muligheder, der kan tilpasses<\/strong><\/p>\n<p>Vi tilbyder en bred vifte af tilpasningsmuligheder for at opfylde dine specifikke behov, herunder:<\/p>\n<ul>\n<li><strong>Forskellige st\u00f8rrelser og konfigurationer af kontakter<\/strong><\/li>\n<li><strong>Brugerdefineret grafik og baggrundsbelysning<\/strong><\/li>\n<li><strong>Muligheder for taktil feedback<\/strong><\/li>\n<li><strong>Forsegling og beskyttelse af milj\u00f8et<\/strong><\/li>\n<\/ul>\n<p><strong>Samarbejd med en p\u00e5lidelig leverand\u00f8r af vandt\u00e6tte membrankontakter<\/strong><\/p>\n<p>Med mange \u00e5rs erfaring og en forpligtelse til kvalitet er vi din p\u00e5lidelige leverand\u00f8r af Silver Flex Membrane Switches. Vores team af eksperter kan hj\u00e6lpe dig med at designe og fremstille de perfekte kontakter til din applikation.<\/p>\n<p><strong>Kontakt os i dag<\/strong>\u00a0for at l\u00e6re mere om vores Silver Flex Membrane Switches, og hvordan vi kan hj\u00e6lpe dig med at n\u00e5 dine produktm\u00e5l, mens du holder dig inden for budgettet.<\/p>","protected":false},"excerpt":{"rendered":"<p>Oplev den perfekte balance mellem ydeevne og prisvenlighed med vores Silver Flex Membrane Switches. Disse alsidige kontakter giver en taktil, responsiv f\u00f8lelse og langvarig holdbarhed, hvilket g\u00f8r dem til et ideelt valg til en bred vifte af applikationer.<\/p>","protected":false},"featured_media":1759,"template":"","meta":[],"product_brand":[],"product_cat":[40],"product_tag":[],"class_list":{"0":"post-1773","1":"product","2":"type-product","3":"status-publish","4":"has-post-thumbnail","6":"product_cat-membrane-switch","8":"first","9":"instock","10":"shipping-taxable","11":"product-type-simple"},"_links":{"self":[{"href":"https:\/\/membraneswitchmfg.com\/da\/wp-json\/wp\/v2\/product\/1773","targetHints":{"allow":["GET"]}}],"collection":[{"href":"https:\/\/membraneswitchmfg.com\/da\/wp-json\/wp\/v2\/product"}],"about":[{"href":"https:\/\/membraneswitchmfg.com\/da\/wp-json\/wp\/v2\/types\/product"}],"wp:featuredmedia":[{"embeddable":true,"href":"https:\/\/membraneswitchmfg.com\/da\/wp-json\/wp\/v2\/media\/1759"}],"wp:attachment":[{"href":"https:\/\/membraneswitchmfg.com\/da\/wp-json\/wp\/v2\/media?parent=1773"}],"wp:term":[{"taxonomy":"product_brand","embeddable":true,"href":"https:\/\/membraneswitchmfg.com\/da\/wp-json\/wp\/v2\/product_brand?post=1773"},{"taxonomy":"product_cat","embeddable":true,"href":"https:\/\/membraneswitchmfg.com\/da\/wp-json\/wp\/v2\/product_cat?post=1773"},{"taxonomy":"product_tag","embeddable":true,"href":"https:\/\/membraneswitchmfg.com\/da\/wp-json\/wp\/v2\/product_tag?post=1773"}],"curies":[{"name":"wp","href":"https:\/\/api.w.org\/{rel}","templated":true}]}}