{"id":1775,"date":"2024-06-24T05:57:57","date_gmt":"2024-06-24T05:57:57","guid":{"rendered":"https:\/\/membraneswitchmfg.com\/manufacturer\/pcb-membrane-switch\/"},"modified":"2024-06-25T11:50:52","modified_gmt":"2024-06-25T11:50:52","slug":"pcb-membrane-switch","status":"publish","type":"product","link":"https:\/\/membraneswitchmfg.com\/da\/manufacturer\/pcb-membrane-switch\/","title":{"rendered":"PCB-membranafbryder"},"content":{"rendered":"<h2><strong><b>PCB-membranafbryder: En fusion af ydeevne og alsidighed<\/b><\/strong><\/h2>\n<p><strong>Uovertruffen ydeevne og alsidighed<\/strong><\/p>\n<p>PCB-membranafbrydere er kendt for deres:<\/p>\n<ul>\n<li><strong>Tyndt og let design for nem integration<\/strong><\/li>\n<li><strong>Taktil feedback for bedre brugerinteraktion<\/strong><\/li>\n<li><strong>Lang levetid med millioner af aktiveringer<\/strong><\/li>\n<li><strong>Modstandsdygtig over for fugt, st\u00f8v og barske milj\u00f8er<\/strong><\/li>\n<li><strong>Problemfri integration med printkort til avancerede funktioner<\/strong><\/li>\n<\/ul>\n<p><strong>Omkostningseffektive l\u00f8sninger til dine behov<\/strong><\/p>\n<p>PCB-membranafbrydere tilbyder en balance mellem ydeevne og overkommelige priser, hvilket g\u00f8r dem ideelle til applikationer, hvor:<\/p>\n<ul>\n<li><strong>Budget er en prim\u00e6r bekymring<\/strong><\/li>\n<li><strong>Der er brug for store m\u00e6ngder<\/strong><\/li>\n<li><strong>Pladsbegr\u00e6nsninger er en faktor<\/strong><\/li>\n<li><strong>Der er brug for avancerede funktioner<\/strong><\/li>\n<\/ul>\n<p><strong>Anvendelser<\/strong><\/p>\n<p>PCB-membranafbrydere bruges i vid udstr\u00e6kning i forskellige industrier, herunder:<\/p>\n<ul>\n<li><strong>Forbrugerelektronik<\/strong><\/li>\n<li><strong>Medicinsk udstyr<\/strong><\/li>\n<li><strong>Industrielle kontrolpaneler<\/strong><\/li>\n<li><strong>Hvidevarer<\/strong><\/li>\n<li><strong>Og mange flere<\/strong><\/li>\n<\/ul>\n<p><strong>Muligheder, der kan tilpasses<\/strong><\/p>\n<p>Vi tilbyder en bred vifte af tilpasningsmuligheder for at opfylde dine specifikke behov, herunder:<\/p>\n<ul>\n<li><strong>Forskellige st\u00f8rrelser og konfigurationer af kontakter<\/strong><\/li>\n<li><strong>Brugerdefineret grafik og baggrundsbelysning<\/strong><\/li>\n<li><strong>Muligheder for taktil feedback<\/strong><\/li>\n<li><strong>Forsegling og beskyttelse af milj\u00f8et<\/strong><\/li>\n<\/ul>\n<p><strong>Samarbejd med en erfaren producent af printkort til membranafbrydere<\/strong><\/p>\n<p>Med mange \u00e5rs erfaring og en forpligtelse til kvalitet er vi din p\u00e5lidelige producent af PCB-membranafbrydere. Vores team af eksperter kan hj\u00e6lpe dig med at designe og fremstille de perfekte kontakter til din applikation.<\/p>\n<p><strong><a href=\"https:\/\/membraneswitchmfg.com\/da\/contact\/\">Kontakt os <\/a>i dag<\/strong>\u00a0for at l\u00e6re mere om vores PCB-membranafbrydere, og hvordan vi kan hj\u00e6lpe dig med at n\u00e5 dine produktm\u00e5l, mens du holder dig inden for budgettet.<\/p>","protected":false},"excerpt":{"rendered":"<p>L\u00f8ft din brugergr\u00e6nseflade med vores PCB-membrankontakter, der kombinerer PCB's pr\u00e6cision med den taktile feedback fra membrankontakter. Disse alsidige kontakter giver en problemfri brugeroplevelse, forbedret holdbarhed og omkostningseffektive l\u00f8sninger til en lang r\u00e6kke anvendelser.<\/p>","protected":false},"featured_media":1757,"template":"","meta":[],"product_brand":[],"product_cat":[40],"product_tag":[],"class_list":{"0":"post-1775","1":"product","2":"type-product","3":"status-publish","4":"has-post-thumbnail","6":"product_cat-membrane-switch","8":"first","9":"instock","10":"shipping-taxable","11":"product-type-simple"},"_links":{"self":[{"href":"https:\/\/membraneswitchmfg.com\/da\/wp-json\/wp\/v2\/product\/1775","targetHints":{"allow":["GET"]}}],"collection":[{"href":"https:\/\/membraneswitchmfg.com\/da\/wp-json\/wp\/v2\/product"}],"about":[{"href":"https:\/\/membraneswitchmfg.com\/da\/wp-json\/wp\/v2\/types\/product"}],"wp:featuredmedia":[{"embeddable":true,"href":"https:\/\/membraneswitchmfg.com\/da\/wp-json\/wp\/v2\/media\/1757"}],"wp:attachment":[{"href":"https:\/\/membraneswitchmfg.com\/da\/wp-json\/wp\/v2\/media?parent=1775"}],"wp:term":[{"taxonomy":"product_brand","embeddable":true,"href":"https:\/\/membraneswitchmfg.com\/da\/wp-json\/wp\/v2\/product_brand?post=1775"},{"taxonomy":"product_cat","embeddable":true,"href":"https:\/\/membraneswitchmfg.com\/da\/wp-json\/wp\/v2\/product_cat?post=1775"},{"taxonomy":"product_tag","embeddable":true,"href":"https:\/\/membraneswitchmfg.com\/da\/wp-json\/wp\/v2\/product_tag?post=1775"}],"curies":[{"name":"wp","href":"https:\/\/api.w.org\/{rel}","templated":true}]}}