{"id":1776,"date":"2024-06-24T05:57:57","date_gmt":"2024-06-24T05:57:57","guid":{"rendered":"https:\/\/membraneswitchmfg.com\/manufacturer\/rubber-keypad-membrane-switch\/"},"modified":"2024-06-25T13:32:14","modified_gmt":"2024-06-25T13:32:14","slug":"rubber-keypad-membrane-switch","status":"publish","type":"product","link":"https:\/\/membraneswitchmfg.com\/da\/manufacturer\/rubber-keypad-membrane-switch\/","title":{"rendered":"Membranafbryder med gummitastatur"},"content":{"rendered":"<h2><strong><b>Membranafbryder med gummitastatur: Forbedret holdbarhed og taktil feedback<\/b><\/strong><\/h2>\n<p><strong>Uovertruffen holdbarhed og taktil respons<\/strong><\/p>\n<p>Membranafbrydere med gummitastatur er konstrueret til at v\u00e6re fremragende:<\/p>\n<ul>\n<li><strong>Silikongummi af h\u00f8j kvalitet giver overlegen holdbarhed og fleksibilitet<\/strong><\/li>\n<li><strong>Taktile kupler giver et tilfredsstillende og responsivt tastetryk<\/strong><\/li>\n<li><strong>Modstandsdygtig over for fugt, st\u00f8v og barske milj\u00f8er<\/strong><\/li>\n<li><strong>Lang levetid med millioner af aktiveringer<\/strong><\/li>\n<\/ul>\n<p><strong>Oplev fordelene<\/strong><\/p>\n<p>Med gummitastatur-membranafbrydere kan du forvente:<\/p>\n<ul>\n<li><strong>Reduceret nedetid og vedligeholdelsesomkostninger<\/strong><\/li>\n<li><strong>Forbedret brugertilfredshed og produktanvendelighed<\/strong><\/li>\n<li><strong>Forbedret produktydelse og p\u00e5lidelighed<\/strong><\/li>\n<\/ul>\n<p><strong>Anvendelser<\/strong><\/p>\n<p>Membranafbrydere med gummitastatur er velegnede til en lang r\u00e6kke anvendelser, bl.a:<\/p>\n<ul>\n<li><strong>Forbrugerelektronik<\/strong><\/li>\n<li><strong>Medicinsk udstyr<\/strong><\/li>\n<li><strong>Industrielle kontrolpaneler<\/strong><\/li>\n<li><strong>Telekommunikationsudstyr<\/strong><\/li>\n<li><strong>Og mange flere<\/strong><\/li>\n<\/ul>\n<p><strong>Tilpassede l\u00f8sninger<\/strong><\/p>\n<p>Vi tilbyder en bred vifte af tilpasningsmuligheder for at opfylde dine specifikke behov, herunder:<\/p>\n<ul>\n<li><strong>Forskellige st\u00f8rrelser og konfigurationer af kontakter<\/strong><\/li>\n<li><strong>Brugerdefineret grafik og baggrundsbelysning<\/strong><\/li>\n<li><strong>Muligheder for taktil feedback<\/strong><\/li>\n<li><strong>Forsegling og beskyttelse af milj\u00f8et<\/strong><\/li>\n<\/ul>\n<p><strong>Samarbejd med en erfaren leverand\u00f8r af silikonemembraner<\/strong><\/p>\n<p>Med mange \u00e5rs ekspertise og en forpligtelse til kvalitet er vi din p\u00e5lidelige kilde til gummitastatur-membranafbrydere. Vores team af eksperter kan hj\u00e6lpe dig med at designe og fremstille de perfekte kontakter til din applikation.<\/p>\n<p><strong>Kontakt os i dag<\/strong>\u00a0for at l\u00e6re mere om vores gummitastatur-membranafbrydere, og hvordan vi kan hj\u00e6lpe dig med at opn\u00e5 overlegen ydeevne, holdbarhed og brugertilfredshed i dine produkter.<\/p>","protected":false},"excerpt":{"rendered":"<p>Oplev den perfekte blanding af holdbarhed og taktil feedback med vores Rubber Keypad Membrane Switches. Disse alsidige kontakter giver en behagelig brugeroplevelse, langvarig ydeevne og omkostningseffektive l\u00f8sninger til en bred vifte af applikationer.<\/p>","protected":false},"featured_media":1758,"template":"","meta":[],"product_brand":[],"product_cat":[40],"product_tag":[],"class_list":{"0":"post-1776","1":"product","2":"type-product","3":"status-publish","4":"has-post-thumbnail","6":"product_cat-membrane-switch","8":"first","9":"instock","10":"shipping-taxable","11":"product-type-simple"},"_links":{"self":[{"href":"https:\/\/membraneswitchmfg.com\/da\/wp-json\/wp\/v2\/product\/1776","targetHints":{"allow":["GET"]}}],"collection":[{"href":"https:\/\/membraneswitchmfg.com\/da\/wp-json\/wp\/v2\/product"}],"about":[{"href":"https:\/\/membraneswitchmfg.com\/da\/wp-json\/wp\/v2\/types\/product"}],"wp:featuredmedia":[{"embeddable":true,"href":"https:\/\/membraneswitchmfg.com\/da\/wp-json\/wp\/v2\/media\/1758"}],"wp:attachment":[{"href":"https:\/\/membraneswitchmfg.com\/da\/wp-json\/wp\/v2\/media?parent=1776"}],"wp:term":[{"taxonomy":"product_brand","embeddable":true,"href":"https:\/\/membraneswitchmfg.com\/da\/wp-json\/wp\/v2\/product_brand?post=1776"},{"taxonomy":"product_cat","embeddable":true,"href":"https:\/\/membraneswitchmfg.com\/da\/wp-json\/wp\/v2\/product_cat?post=1776"},{"taxonomy":"product_tag","embeddable":true,"href":"https:\/\/membraneswitchmfg.com\/da\/wp-json\/wp\/v2\/product_tag?post=1776"}],"curies":[{"name":"wp","href":"https:\/\/api.w.org\/{rel}","templated":true}]}}