{"id":1777,"date":"2024-06-24T05:57:57","date_gmt":"2024-06-24T05:57:57","guid":{"rendered":"https:\/\/membraneswitchmfg.com\/manufacturer\/graphic-overlay\/"},"modified":"2024-07-25T08:41:13","modified_gmt":"2024-07-25T08:41:13","slug":"graphic-overlay","status":"publish","type":"product","link":"https:\/\/membraneswitchmfg.com\/da\/manufacturer\/graphic-overlay\/","title":{"rendered":"Grafisk overlay"},"content":{"rendered":"<h2><strong><b>Grafiske overlejringer: Forbedring af brugeroplevelsen og brandidentiteten<\/b><\/strong><\/h2>\n<p><strong>Forbedring af brugeroplevelsen<\/strong><\/p>\n<p>Grafiske overlays spiller en afg\u00f8rende rolle i at forbedre brugeroplevelsen ved at:<\/p>\n<ul>\n<li><strong>S\u00f8rg for klare instruktioner og etiketter<\/strong><\/li>\n<li><strong>Guider brugerne gennem betjening og funktion<\/strong><\/li>\n<li><strong>Visning af advarsler og sikkerhedsoplysninger<\/strong><\/li>\n<li><strong>At skabe en intuitiv og brugervenlig gr\u00e6nseflade<\/strong><\/li>\n<\/ul>\n<p><strong>Branding og identitet<\/strong><\/p>\n<p>Grafiske overlays fungerer som st\u00e6rke v\u00e6rkt\u00f8jer til brandkommunikation:<\/p>\n<ul>\n<li><strong>Visning af firmalogoer og branding-elementer<\/strong><\/li>\n<li><strong>Styrkelse af brandets identitet og budskaber<\/strong><\/li>\n<li><strong>At skabe et sammenh\u00e6ngende og professionelt brandimage<\/strong><\/li>\n<\/ul>\n<p><strong>Anvendelser<\/strong><\/p>\n<p>Grafiske overlays bruges i vid udstr\u00e6kning i en lang r\u00e6kke applikationer, bl.a:<\/p>\n<ul>\n<li><strong>Industrielle kontrolpaneler<\/strong><\/li>\n<li><strong>Medicinsk udstyr<\/strong><\/li>\n<li><strong>Forbrugerelektronik<\/strong><\/li>\n<li><strong>Hvidevarer<\/strong><\/li>\n<li><strong>Maskiner og udstyr<\/strong><\/li>\n<\/ul>\n<p><strong>Tilpassede l\u00f8sninger<\/strong><\/p>\n<p>Vi tilbyder en bred vifte af tilpasningsmuligheder for at opfylde dine specifikke behov, herunder:<\/p>\n<ul>\n<li><strong>Forskellige materialer og overflader<\/strong><\/li>\n<li><strong>Brugerdefineret grafik og design<\/strong><\/li>\n<li><strong>Baggrundsbelysning og belysningsmuligheder<\/strong><\/li>\n<li><strong>Pr\u00e6gning og teksturer<\/strong><\/li>\n<\/ul>\n<p><strong>Samarbejd med en erfaren producent af grafiske overlay<\/strong><\/p>\n<p>Med mange \u00e5rs ekspertise og en forpligtelse til kvalitet er vi din p\u00e5lidelige kilde til brugerdefinerede grafiske overlays. Vores team af eksperter kan hj\u00e6lpe dig med at designe og fremstille de perfekte overlays til at forbedre dit produkts funktionalitet, brugeroplevelse og brandidentitet.<\/p>\n<p><strong>Kontakt os i dag<\/strong>\u00a0for at l\u00e6re mere om vores grafiske overlay-l\u00f8sninger, og hvordan vi kan hj\u00e6lpe dig med at l\u00f8fte dine produkter.<\/p>\n<p><strong>Yderligere n\u00f8gleord:<\/strong>\u00a0membran-niveauafbryder, afbrydermembran, grafisk overlay<\/p>\n<h2><strong><b>Navneskilte: Forbedr dit produkts identitet og funktionalitet<\/b><\/strong><\/h2>\n<p><strong>L\u00f8ft dit produkts identitet<\/strong><\/p>\n<p>Navneskilte spiller en vigtig rolle i at etablere din brandidentitet ved at:<\/p>\n<ul>\n<li><strong>Fremtr\u00e6dende visning af dit firmalogo og brandnavn<\/strong><\/li>\n<li><strong>Styrke dit brands budskaber og v\u00e6rdier<\/strong><\/li>\n<li><strong>At skabe et sammenh\u00e6ngende og professionelt brandimage<\/strong><\/li>\n<\/ul>\n<p><strong>Formidle vigtig information<\/strong><\/p>\n<p>Navneskilte kommunikerer effektivt vigtige produktoplysninger, herunder:<\/p>\n<ul>\n<li><strong>Produktnavn og modelnummer<\/strong><\/li>\n<li><strong>Lovpligtige markeringer og certificeringer<\/strong><\/li>\n<li><strong>Driftsinstruktioner og advarsler<\/strong><\/li>\n<li><strong>Kontaktoplysninger til support<\/strong><\/li>\n<\/ul>\n<p><strong>Forbedre produktets funktionalitet<\/strong><\/p>\n<p>Navneskilte kan ogs\u00e5 indeholde funktionelle elementer som f.eks:<\/p>\n<ul>\n<li><strong>Trykknap-membranafbrydere til brugerinteraktion<\/strong><\/li>\n<li><strong>LED-indikatorer til statusopdateringer<\/strong><\/li>\n<li><strong>Stregkodeetiketter til nem identifikation<\/strong><\/li>\n<\/ul>\n<p><strong>Anvendelser<\/strong><\/p>\n<p>Navneskilte bruges i vid udstr\u00e6kning i en r\u00e6kke forskellige applikationer, herunder:<\/p>\n<ul>\n<li><strong>Industrielle kontrolpaneler<\/strong><\/li>\n<li><strong>Medicinsk udstyr<\/strong><\/li>\n<li><strong>Forbrugerelektronik<\/strong><\/li>\n<li><strong>Hvidevarer<\/strong><\/li>\n<li><strong>Maskiner og udstyr<\/strong><\/li>\n<\/ul>\n<p><strong>Tilpassede l\u00f8sninger<\/strong><\/p>\n<p>Vi tilbyder en bred vifte af tilpasningsmuligheder for at opfylde dine specifikke behov, herunder:<\/p>\n<ul>\n<li><strong>Forskellige materialer og overflader<\/strong><\/li>\n<li><strong>Brugerdefineret grafik og design<\/strong><\/li>\n<li><strong>Baggrundsbelysning og belysningsmuligheder<\/strong><\/li>\n<li><strong>Pr\u00e6gning og teksturer<\/strong><\/li>\n<\/ul>\n<p><strong>Samarbejd med en erfaren producent af navneskilte<\/strong><\/p>\n<p>Med mange \u00e5rs ekspertise og en forpligtelse til kvalitet er vi din p\u00e5lidelige kilde til specialfremstillede navneskilte. Vores team af eksperter kan hj\u00e6lpe dig med at designe og fremstille de perfekte navneskilte til at forbedre dit produkts identitet, funktionalitet og \u00e6stetiske appel.<\/p>\n<p><strong>Kontakt os i dag<\/strong>\u00a0for at l\u00e6re mere om vores navneskiltel\u00f8sninger, og hvordan vi kan hj\u00e6lpe dig med at l\u00f8fte dine produkter.<\/p>\n<p><strong>Yderligere n\u00f8gleord:<\/strong>\u00a0Trykknap-membranafbryder, afbrydertype membran, Navneskilt<\/p>","protected":false},"excerpt":{"rendered":"<p>Grafiske overlays, ogs\u00e5 kendt som navneskilte eller frontpaneler, er vigtige komponenter, der l\u00f8fter brugeroplevelsen og brandidentiteten p\u00e5 elektroniske enheder. Disse tynde lag af plast- eller polymermateriale med specialtrykt grafik og tekst integreres problemfrit p\u00e5 enhedens overflade.<\/p>","protected":false},"featured_media":1749,"template":"","meta":[],"product_brand":[],"product_cat":[40],"product_tag":[],"class_list":{"0":"post-1777","1":"product","2":"type-product","3":"status-publish","4":"has-post-thumbnail","6":"product_cat-membrane-switch","8":"first","9":"instock","10":"shipping-taxable","11":"product-type-simple"},"_links":{"self":[{"href":"https:\/\/membraneswitchmfg.com\/da\/wp-json\/wp\/v2\/product\/1777","targetHints":{"allow":["GET"]}}],"collection":[{"href":"https:\/\/membraneswitchmfg.com\/da\/wp-json\/wp\/v2\/product"}],"about":[{"href":"https:\/\/membraneswitchmfg.com\/da\/wp-json\/wp\/v2\/types\/product"}],"wp:featuredmedia":[{"embeddable":true,"href":"https:\/\/membraneswitchmfg.com\/da\/wp-json\/wp\/v2\/media\/1749"}],"wp:attachment":[{"href":"https:\/\/membraneswitchmfg.com\/da\/wp-json\/wp\/v2\/media?parent=1777"}],"wp:term":[{"taxonomy":"product_brand","embeddable":true,"href":"https:\/\/membraneswitchmfg.com\/da\/wp-json\/wp\/v2\/product_brand?post=1777"},{"taxonomy":"product_cat","embeddable":true,"href":"https:\/\/membraneswitchmfg.com\/da\/wp-json\/wp\/v2\/product_cat?post=1777"},{"taxonomy":"product_tag","embeddable":true,"href":"https:\/\/membraneswitchmfg.com\/da\/wp-json\/wp\/v2\/product_tag?post=1777"}],"curies":[{"name":"wp","href":"https:\/\/api.w.org\/{rel}","templated":true}]}}