{"id":1780,"date":"2024-06-24T05:57:57","date_gmt":"2024-06-24T05:57:57","guid":{"rendered":"https:\/\/membraneswitchmfg.com\/manufacturer\/membrane-switch-with-backlighting\/"},"modified":"2024-06-25T13:56:06","modified_gmt":"2024-06-25T13:56:06","slug":"membrane-switch-with-backlighting","status":"publish","type":"product","link":"https:\/\/membraneswitchmfg.com\/da\/manufacturer\/membrane-switch-with-backlighting\/","title":{"rendered":"Membranafbryder med baggrundsbelysning"},"content":{"rendered":"<h2><strong><b>Membranafbrydere med baggrundsbelysning: Forbedret synlighed og brugeroplevelse<\/b><\/strong><\/h2>\n<p><strong>Forbedret synlighed i milj\u00f8er med lav belysning<\/strong><\/p>\n<p>Baggrundsbelyste membranafbrydere sikrer, at taster og tekster er let synlige, selv i svagt oplyste eller m\u00f8rke omgivelser. Det er is\u00e6r vigtigt i applikationer, hvor enheder betjenes under d\u00e5rlige lysforhold, som f.eks:<\/p>\n<ul>\n<li><strong>Medicinsk udstyr<\/strong><\/li>\n<li><strong>Industrielle kontrolpaneler<\/strong><\/li>\n<li><strong>Luft- og rumfartsudstyr<\/strong><\/li>\n<li><strong>Milit\u00e6re anvendelser<\/strong><\/li>\n<li><strong>Forbrugerelektronik<\/strong><\/li>\n<\/ul>\n<p><strong>Forbedret brugeroplevelse<\/strong><\/p>\n<p>Baggrundsbelyste membrankontakter \u00f8ger ikke kun synligheden, men forbedrer ogs\u00e5 den samlede brugeroplevelse:<\/p>\n<ul>\n<li><strong>Reducerer fejl og forbedrer n\u00f8jagtigheden<\/strong><\/li>\n<li><strong>Guider brugerne gennem betjening og funktion<\/strong><\/li>\n<li><strong>Skabe en mere intuitiv og brugervenlig gr\u00e6nseflade<\/strong><\/li>\n<li><strong>Tilf\u00f8jer et strejf af elegance og raffinement til enheden<\/strong><\/li>\n<\/ul>\n<p><strong>Forskellige muligheder for baggrundsbelysning<\/strong><\/p>\n<p>Membranafbrydere med baggrundsbelysning tilbyder en bred vifte af tilpasningsmuligheder, herunder:<\/p>\n<ul>\n<li><strong>Forskellige LED-farver og -intensiteter<\/strong><\/li>\n<li><strong>Ensartet eller zoneopdelt baggrundsbelysning<\/strong><\/li>\n<li><strong>Statiske eller dynamiske lyseffekter<\/strong><\/li>\n<li><strong>Brugerdefineret grafik og ikoner<\/strong><\/li>\n<\/ul>\n<p><strong>Samarbejd med en erfaren producent af baggrundsbelyste membrankontakter<\/strong><\/p>\n<p>Med mange \u00e5rs ekspertise og en forpligtelse til kvalitet er vi din p\u00e5lidelige kilde til brugerdefinerede baggrundsbelyste membrankontakter. Vores team af eksperter kan hj\u00e6lpe dig med at designe og fremstille de perfekte kontakter til at forbedre dit produkts synlighed, brugeroplevelse og overordnede \u00e6stetiske appel.<\/p>\n<p><strong>Kontakt os i dag<\/strong>\u00a0for at f\u00e5 mere at vide om vores baggrundsbelyste membranafbryderl\u00f8sninger, og hvordan vi kan hj\u00e6lpe dig med at l\u00f8fte dine produkter.<\/p>","protected":false},"excerpt":{"rendered":"<p>Membrankontakter med baggrundsbelysning forbedrer brugeroplevelsen og funktionaliteten af elektroniske enheder ved at give klar synlighed under d\u00e5rlige lysforhold. Disse innovative kontakter kombinerer den taktile feedback fra traditionelle membrankontakter med lysstyrken fra LED'er, hvilket skaber en brugervenlig og visuelt tiltalende gr\u00e6nseflade.<\/p>","protected":false},"featured_media":1752,"template":"","meta":[],"product_brand":[],"product_cat":[40],"product_tag":[],"class_list":{"0":"post-1780","1":"product","2":"type-product","3":"status-publish","4":"has-post-thumbnail","6":"product_cat-membrane-switch","8":"first","9":"instock","10":"shipping-taxable","11":"product-type-simple"},"_links":{"self":[{"href":"https:\/\/membraneswitchmfg.com\/da\/wp-json\/wp\/v2\/product\/1780","targetHints":{"allow":["GET"]}}],"collection":[{"href":"https:\/\/membraneswitchmfg.com\/da\/wp-json\/wp\/v2\/product"}],"about":[{"href":"https:\/\/membraneswitchmfg.com\/da\/wp-json\/wp\/v2\/types\/product"}],"wp:featuredmedia":[{"embeddable":true,"href":"https:\/\/membraneswitchmfg.com\/da\/wp-json\/wp\/v2\/media\/1752"}],"wp:attachment":[{"href":"https:\/\/membraneswitchmfg.com\/da\/wp-json\/wp\/v2\/media?parent=1780"}],"wp:term":[{"taxonomy":"product_brand","embeddable":true,"href":"https:\/\/membraneswitchmfg.com\/da\/wp-json\/wp\/v2\/product_brand?post=1780"},{"taxonomy":"product_cat","embeddable":true,"href":"https:\/\/membraneswitchmfg.com\/da\/wp-json\/wp\/v2\/product_cat?post=1780"},{"taxonomy":"product_tag","embeddable":true,"href":"https:\/\/membraneswitchmfg.com\/da\/wp-json\/wp\/v2\/product_tag?post=1780"}],"curies":[{"name":"wp","href":"https:\/\/api.w.org\/{rel}","templated":true}]}}