{"id":1781,"date":"2024-06-24T05:57:57","date_gmt":"2024-06-24T05:57:57","guid":{"rendered":"https:\/\/membraneswitchmfg.com\/manufacturer\/membrane-switch-back-support\/"},"modified":"2024-07-25T08:37:56","modified_gmt":"2024-07-25T08:37:56","slug":"membrane-switch-back-support","status":"publish","type":"product","link":"https:\/\/membraneswitchmfg.com\/da\/manufacturer\/membrane-switch-back-support\/","title":{"rendered":"Membrankontakt + rygst\u00f8tte"},"content":{"rendered":"<h2><strong><b>Membrankontakt + rygst\u00f8tte: Forbedret holdbarhed og funktionalitet<\/b><\/strong><\/h2>\n<p><strong>Forbedret holdbarhed og stabilitet<\/strong><\/p>\n<p>Rygst\u00f8tte giver et stift fundament for membrankontakten, hvilket forbedrer dens holdbarhed og levetid betydeligt. Det er is\u00e6r en fordel i milj\u00f8er, hvor kontakten uds\u00e6ttes for hyppig brug eller barske forhold.<\/p>\n<ul>\n<li><strong>Modst\u00e5r deformation og slid<\/strong><\/li>\n<li><strong>Beskytter kontakten mod st\u00f8d og vibrationer<\/strong><\/li>\n<li><strong>Forl\u00e6nger switchens levetid<\/strong><\/li>\n<\/ul>\n<p><strong>Forbedret funktionalitet og monteringsmuligheder<\/strong><\/p>\n<p>Bagst\u00f8tten g\u00f8r det muligt at montere membrankontakten sikkert og pr\u00e6cist og sikrer korrekt justering og betjening. Den giver ogs\u00e5 mulighed for at integrere ekstra komponenter, som f.eks. lysdioder og stik.<\/p>\n<ul>\n<li><strong>Muligg\u00f8r indbygget eller h\u00e6vet montering<\/strong><\/li>\n<li><strong>Indeholder monteringshuller og bolte<\/strong><\/li>\n<li><strong>Giver mulighed for integration af elektronik<\/strong><\/li>\n<\/ul>\n<p><strong>Forbedret \u00e6stetik og professionelt udseende<\/strong><\/p>\n<p>Rygst\u00f8tte forbedrer membrankontaktens overordnede \u00e6stetik og skaber et mere professionelt og visuelt tiltalende udseende. Den kan tilpasses med farver, teksturer og finish, s\u00e5 den matcher enhedens design.<\/p>\n<ul>\n<li><strong>Elegant og moderne design<\/strong><\/li>\n<li><strong>Forskellige farver og overflader<\/strong><\/li>\n<li><strong>Grafik og logoer, der kan tilpasses<\/strong><\/li>\n<\/ul>\n<p><strong>Anvendelser<\/strong><\/p>\n<p>Membranafbrydere med rygst\u00f8tte bruges i vid udstr\u00e6kning i forskellige applikationer, herunder:<\/p>\n<ul>\n<li><strong>Industrielle kontrolpaneler<\/strong><\/li>\n<li><strong>Medicinsk udstyr<\/strong><\/li>\n<li><strong>Forbrugerelektronik<\/strong><\/li>\n<li><strong>Telekommunikationsudstyr<\/strong><\/li>\n<li><strong>Konsoller til transport<\/strong><\/li>\n<\/ul>\n<p><strong>Tilpassede l\u00f8sninger<\/strong><\/p>\n<p>Vi tilbyder en bred vifte af tilpasningsmuligheder for at opfylde dine specifikke behov, herunder:<\/p>\n<ul>\n<li><strong>Forskellige materialer til rygst\u00f8tte (aluminium, plast osv.)<\/strong><\/li>\n<li><strong>Tilpassede dimensioner og former<\/strong><\/li>\n<li><strong>Udsk\u00e6ringer og huller til komponenter<\/strong><\/li>\n<li><strong>Overfladebehandlinger og finish<\/strong><\/li>\n<\/ul>\n<p><strong>Samarbejd med en erfaren producent af membranafbrydere<\/strong><\/p>\n<p>Med mange \u00e5rs ekspertise og en forpligtelse til kvalitet er vi din p\u00e5lidelige kilde til brugerdefinerede membrankontakter med rygst\u00f8tte. Vores team af eksperter kan hj\u00e6lpe dig med at designe og fremstille de perfekte kontakter til at forbedre dit produkts holdbarhed, funktionalitet og \u00e6stetiske appel.<\/p>\n<p><strong>Kontakt os i dag<\/strong>\u00a0for at l\u00e6re mere om vores membrankontaktl\u00f8sninger med back support, og hvordan vi kan hj\u00e6lpe dig med at l\u00f8fte dine produkter.<\/p>\n<p><strong>Yderligere n\u00f8gleord:<\/strong>\u00a0fleksibel membrankontakt, t\u00e6nd\/sluk-membrankontakt<\/p>","protected":false},"excerpt":{"rendered":"<p>Membrankontakter parret med bagst\u00f8tte giver en robust og alsidig l\u00f8sning til brugergr\u00e6nseflader, der kombinerer den taktile feedback fra membrankontakter med den strukturelle integritet fra et bagpanel. Denne integration forbedrer kontaktens holdbarhed, funktionalitet og \u00e6stetiske appel, hvilket g\u00f8r den ideel til en lang r\u00e6kke anvendelser.<\/p>","protected":false},"featured_media":1754,"template":"","meta":[],"product_brand":[],"product_cat":[40],"product_tag":[],"class_list":{"0":"post-1781","1":"product","2":"type-product","3":"status-publish","4":"has-post-thumbnail","6":"product_cat-membrane-switch","8":"first","9":"instock","10":"shipping-taxable","11":"product-type-simple"},"_links":{"self":[{"href":"https:\/\/membraneswitchmfg.com\/da\/wp-json\/wp\/v2\/product\/1781","targetHints":{"allow":["GET"]}}],"collection":[{"href":"https:\/\/membraneswitchmfg.com\/da\/wp-json\/wp\/v2\/product"}],"about":[{"href":"https:\/\/membraneswitchmfg.com\/da\/wp-json\/wp\/v2\/types\/product"}],"wp:featuredmedia":[{"embeddable":true,"href":"https:\/\/membraneswitchmfg.com\/da\/wp-json\/wp\/v2\/media\/1754"}],"wp:attachment":[{"href":"https:\/\/membraneswitchmfg.com\/da\/wp-json\/wp\/v2\/media?parent=1781"}],"wp:term":[{"taxonomy":"product_brand","embeddable":true,"href":"https:\/\/membraneswitchmfg.com\/da\/wp-json\/wp\/v2\/product_brand?post=1781"},{"taxonomy":"product_cat","embeddable":true,"href":"https:\/\/membraneswitchmfg.com\/da\/wp-json\/wp\/v2\/product_cat?post=1781"},{"taxonomy":"product_tag","embeddable":true,"href":"https:\/\/membraneswitchmfg.com\/da\/wp-json\/wp\/v2\/product_tag?post=1781"}],"curies":[{"name":"wp","href":"https:\/\/api.w.org\/{rel}","templated":true}]}}