{"id":1782,"date":"2024-06-24T05:57:57","date_gmt":"2024-06-24T05:57:57","guid":{"rendered":"https:\/\/membraneswitchmfg.com\/manufacturer\/membrane-switch-touch-screen\/"},"modified":"2024-06-25T13:51:39","modified_gmt":"2024-06-25T13:51:39","slug":"membrane-switch-touch-screen","status":"publish","type":"product","link":"https:\/\/membraneswitchmfg.com\/da\/manufacturer\/membrane-switch-touch-screen\/","title":{"rendered":"Membrankontakt + ber\u00f8ringssk\u00e6rm"},"content":{"rendered":"<h2><strong><b>Membrankontakt + Touchsk\u00e6rm: Problemfri integration for forbedret brugeroplevelse<\/b><\/strong><\/h2>\n<p><strong>Forbedret brugeroplevelse og tilg\u00e6ngelighed<\/strong><\/p>\n<p>Membrankontakter med touchsk\u00e6rme giver en mere intuitiv og brugervenlig gr\u00e6nseflade ved at:<\/p>\n<ul>\n<li><strong>Kombinere taktil feedback med visuelle signaler<\/strong><\/li>\n<li><strong>Muligg\u00f8re nem navigation og valg<\/strong><\/li>\n<li><strong>Im\u00f8dekomme en bredere vifte af brugerpr\u00e6ferencer<\/strong><\/li>\n<\/ul>\n<p><strong>\u00d8get funktionalitet og tilpasning<\/strong><\/p>\n<p>Denne integration giver mulighed for indarbejdelse af avancerede funktioner, s\u00e5som:<\/p>\n<ul>\n<li><strong>Brugerdefinerbar grafik og ikoner<\/strong><\/li>\n<li><strong>Interaktive menuer og displays<\/strong><\/li>\n<li><strong>Dataindtastning og kontrol<\/strong><\/li>\n<\/ul>\n<p><strong>Udvalg af designmuligheder<\/strong><\/p>\n<p>Membrankontakter med touchsk\u00e6rme kan tilpasses til at opfylde specifikke designkrav, herunder:<\/p>\n<ul>\n<li><strong>Forskellige st\u00f8rrelser og konfigurationer af kontakter<\/strong><\/li>\n<li><strong>Touchsk\u00e6rmens displayst\u00f8rrelser og teknologier<\/strong><\/li>\n<li><strong>Baggrundsbelysning og belysningsmuligheder<\/strong><\/li>\n<li><strong>\u00c6stetisk integration med enhedens design<\/strong><\/li>\n<\/ul>\n<p><strong>Anvendelser<\/strong><\/p>\n<p>Membrankontakter med touchsk\u00e6rme bruges i vid udstr\u00e6kning i forskellige applikationer, herunder:<\/p>\n<ul>\n<li><strong>Industrielle kontrolpaneler<\/strong><\/li>\n<li><strong>Medicinsk udstyr<\/strong><\/li>\n<li><strong>Forbrugerelektronik<\/strong><\/li>\n<li><strong>Husholdningsapparater<\/strong><\/li>\n<li><strong>Offentlige kiosker<\/strong><\/li>\n<\/ul>\n<p><strong>Tilpassede l\u00f8sninger<\/strong><\/p>\n<p>Vi tilbyder en bred vifte af tilpasningsmuligheder for at opfylde dine specifikke behov, herunder:<\/p>\n<ul>\n<li><strong>Valg af membrankontaktmaterialer og -stile<\/strong><\/li>\n<li><strong>Touchsk\u00e6rmsteknologi og opl\u00f8sning<\/strong><\/li>\n<li><strong>Brugerdefineret grafik og brugergr\u00e6nsefladedesign<\/strong><\/li>\n<li><strong>Integration med yderligere komponenter<\/strong><\/li>\n<\/ul>\n<p><strong>Samarbejd med en erfaren producent af membrankontakter og touchsk\u00e6rme<\/strong><\/p>\n<p>Med mange \u00e5rs ekspertise og en forpligtelse til kvalitet er vi din p\u00e5lidelige kilde til brugerdefinerede membrankontakter med touchsk\u00e6rme. Vores team af eksperter kan hj\u00e6lpe dig med at designe og fremstille den perfekte l\u00f8sning til at forbedre dit produkts brugeroplevelse, funktionalitet og \u00e6stetiske appel.<\/p>\n<p><strong>Kontakt os i dag<\/strong>\u00a0for at l\u00e6re mere om vores membrankontakt- og touchsk\u00e6rml\u00f8sninger, og hvordan vi kan hj\u00e6lpe dig med at l\u00f8fte dine produkter.<\/p>","protected":false},"excerpt":{"rendered":"<p>Membrankontakter og ber\u00f8ringssk\u00e6rme kan integreres problemfrit for at skabe en brugergr\u00e6nseflade, der kombinerer den taktile feedback fra membrankontakter med den visuelle interaktivitet fra ber\u00f8ringssk\u00e6rme. Denne innovative kombination tilbyder en alsidig og brugervenlig l\u00f8sning til en bred vifte af applikationer.<\/p>","protected":false},"featured_media":1762,"template":"","meta":[],"product_brand":[],"product_cat":[40],"product_tag":[],"class_list":{"0":"post-1782","1":"product","2":"type-product","3":"status-publish","4":"has-post-thumbnail","6":"product_cat-membrane-switch","8":"first","9":"instock","10":"shipping-taxable","11":"product-type-simple"},"_links":{"self":[{"href":"https:\/\/membraneswitchmfg.com\/da\/wp-json\/wp\/v2\/product\/1782","targetHints":{"allow":["GET"]}}],"collection":[{"href":"https:\/\/membraneswitchmfg.com\/da\/wp-json\/wp\/v2\/product"}],"about":[{"href":"https:\/\/membraneswitchmfg.com\/da\/wp-json\/wp\/v2\/types\/product"}],"wp:featuredmedia":[{"embeddable":true,"href":"https:\/\/membraneswitchmfg.com\/da\/wp-json\/wp\/v2\/media\/1762"}],"wp:attachment":[{"href":"https:\/\/membraneswitchmfg.com\/da\/wp-json\/wp\/v2\/media?parent=1782"}],"wp:term":[{"taxonomy":"product_brand","embeddable":true,"href":"https:\/\/membraneswitchmfg.com\/da\/wp-json\/wp\/v2\/product_brand?post=1782"},{"taxonomy":"product_cat","embeddable":true,"href":"https:\/\/membraneswitchmfg.com\/da\/wp-json\/wp\/v2\/product_cat?post=1782"},{"taxonomy":"product_tag","embeddable":true,"href":"https:\/\/membraneswitchmfg.com\/da\/wp-json\/wp\/v2\/product_tag?post=1782"}],"curies":[{"name":"wp","href":"https:\/\/api.w.org\/{rel}","templated":true}]}}