{"id":1784,"date":"2024-06-24T05:57:57","date_gmt":"2024-06-24T05:57:57","guid":{"rendered":"https:\/\/membraneswitchmfg.com\/manufacturer\/digital-printing-graphic-overlay\/"},"modified":"2024-06-25T13:50:44","modified_gmt":"2024-06-25T13:50:44","slug":"digital-printing-graphic-overlay","status":"publish","type":"product","link":"https:\/\/membraneswitchmfg.com\/da\/manufacturer\/digital-printing-graphic-overlay\/","title":{"rendered":"Digital udskrivning af grafisk overlay"},"content":{"rendered":"<h2><strong><b>Digitalt trykte grafiske overlejringer: Forbedring af produktets \u00e6stetik og funktionalitet<\/b><\/strong><\/h2>\n<p><strong>L\u00f8ft produktets \u00e6stetik<\/strong><\/p>\n<p>Grafiske overlays kan forbedre et produkts udseende betydeligt ved:<\/p>\n<ul>\n<li><strong>Indarbejdelse af firmalogoer, branding-elementer og produktgrafik<\/strong><\/li>\n<li><strong>At skabe et sammenh\u00e6ngende og professionelt brandimage<\/strong><\/li>\n<li><strong>Tilf\u00f8jer et strejf af elegance og raffinement<\/strong><\/li>\n<\/ul>\n<p><strong>Forbedre produktets funktionalitet<\/strong><\/p>\n<p>Grafiske overlays kan ogs\u00e5 forbedre produktets funktionalitet ved:<\/p>\n<ul>\n<li><strong>Giv klare instruktioner og brugervejledning<\/strong><\/li>\n<li><strong>Identifikation af knapper, kontakter og andre betjeningselementer<\/strong><\/li>\n<li><strong>Visning af statusindikatorer og advarselssymboler<\/strong><\/li>\n<\/ul>\n<p>Digitalt trykt grafisk overlay<\/p>\n<p>Digitalt printede grafiske overlays kan anvendes p\u00e5 forskellige materialer, bl.a:<\/p>\n<ul>\n<li><strong>Plast<\/strong><\/li>\n<li><strong>Metaller<\/strong><\/li>\n<li><strong>Glas<\/strong><\/li>\n<li><strong>Tr\u00e6<\/strong><\/li>\n<\/ul>\n<p>Disse overlays er ogs\u00e5 meget holdbare og kan modst\u00e5 barske forhold og hyppig brug.<\/p>\n<p><strong>Anvendelser<\/strong><\/p>\n<p>Grafiske overlays bruges i vid udstr\u00e6kning i forskellige applikationer, herunder:<\/p>\n<ul>\n<li><strong>Industrielle kontrolpaneler<\/strong><\/li>\n<li><strong>Medicinsk udstyr<\/strong><\/li>\n<li><strong>Forbrugerelektronik<\/strong><\/li>\n<li><strong>Hvidevarer<\/strong><\/li>\n<li><strong>Maskiner og udstyr<\/strong><\/li>\n<\/ul>\n<p><strong>Tilpassede l\u00f8sninger<\/strong><\/p>\n<p>Vi tilbyder en bred vifte af tilpasningsmuligheder for at opfylde dine specifikke behov, herunder:<\/p>\n<ul>\n<li><strong>Forskellige materialer, overflader og tykkelser<\/strong><\/li>\n<li><strong>Brugerdefineret grafik, design og tekst<\/strong><\/li>\n<li><strong>Baggrundsbelysning og belysningsmuligheder<\/strong><\/li>\n<li><strong>Udstansning og komplicerede former<\/strong><\/li>\n<\/ul>\n<p><strong>Samarbejd med en erfaren producent af grafiske overlay<\/strong><\/p>\n<p>Med mange \u00e5rs ekspertise og en forpligtelse til kvalitet er vi din p\u00e5lidelige kilde til brugerdefinerede digitaltrykte grafiske overlays. Vores team af eksperter kan hj\u00e6lpe dig med at designe og fremstille de perfekte overlays til at forbedre dit produkts \u00e6stetik, funktionalitet og generelle tiltr\u00e6kningskraft.<\/p>\n<p><strong>Kontakt os i dag<\/strong>\u00a0for at l\u00e6re mere om vores grafiske overlay-l\u00f8sninger, og hvordan vi kan hj\u00e6lpe dig med at l\u00f8fte dine produkter.<\/p>","protected":false},"excerpt":{"rendered":"<p>Digitaltrykte grafiske overlay er en alsidig og omkostningseffektiv l\u00f8sning til at forbedre \u00e6stetikken og funktionaliteten i en lang r\u00e6kke produkter. Disse holdbare overlays specialtrykkes med grafik, logoer og tekst i h\u00f8j opl\u00f8sning og forvandler almindelige overflader til visuelt tiltalende og informative gr\u00e6nseflader.<\/p>","protected":false},"featured_media":1748,"template":"","meta":[],"product_brand":[],"product_cat":[40],"product_tag":[],"class_list":{"0":"post-1784","1":"product","2":"type-product","3":"status-publish","4":"has-post-thumbnail","6":"product_cat-membrane-switch","8":"first","9":"instock","10":"shipping-taxable","11":"product-type-simple"},"_links":{"self":[{"href":"https:\/\/membraneswitchmfg.com\/da\/wp-json\/wp\/v2\/product\/1784","targetHints":{"allow":["GET"]}}],"collection":[{"href":"https:\/\/membraneswitchmfg.com\/da\/wp-json\/wp\/v2\/product"}],"about":[{"href":"https:\/\/membraneswitchmfg.com\/da\/wp-json\/wp\/v2\/types\/product"}],"wp:featuredmedia":[{"embeddable":true,"href":"https:\/\/membraneswitchmfg.com\/da\/wp-json\/wp\/v2\/media\/1748"}],"wp:attachment":[{"href":"https:\/\/membraneswitchmfg.com\/da\/wp-json\/wp\/v2\/media?parent=1784"}],"wp:term":[{"taxonomy":"product_brand","embeddable":true,"href":"https:\/\/membraneswitchmfg.com\/da\/wp-json\/wp\/v2\/product_brand?post=1784"},{"taxonomy":"product_cat","embeddable":true,"href":"https:\/\/membraneswitchmfg.com\/da\/wp-json\/wp\/v2\/product_cat?post=1784"},{"taxonomy":"product_tag","embeddable":true,"href":"https:\/\/membraneswitchmfg.com\/da\/wp-json\/wp\/v2\/product_tag?post=1784"}],"curies":[{"name":"wp","href":"https:\/\/api.w.org\/{rel}","templated":true}]}}