{"id":1787,"date":"2024-06-24T05:57:57","date_gmt":"2024-06-24T05:57:57","guid":{"rendered":"https:\/\/membraneswitchmfg.com\/manufacturer\/3d-printed-flexible-membrane-keypad\/"},"modified":"2024-08-07T00:48:26","modified_gmt":"2024-08-07T00:48:26","slug":"3d-printed-flexible-membrane-keypad","status":"publish","type":"product","link":"https:\/\/membraneswitchmfg.com\/da\/manufacturer\/3d-printed-flexible-membrane-keypad\/","title":{"rendered":"3D-printet tastatur med fleksibel membran"},"content":{"rendered":"<h2><strong><b>3D-printede fleksible membrantastaturer: Revolutionerer brugergr\u00e6nseflader med brugerdefinerede designs<\/b><\/strong><\/h2>\n<p>\u00a0<\/p>\n<p><strong>G\u00f8r design til frihed<\/strong><\/p>\n<p>3D-printede fleksible membrantastaturer frig\u00f8r sig fra traditionelle designbegr\u00e6nsninger og g\u00f8r det muligt at skabe nye:<\/p>\n<ul>\n<li>Indviklede former og geometrier<\/li>\n<li>Tilpasset grafik og branding-elementer<\/li>\n<li>Ergonomisk design for \u00f8get brugerkomfort<\/li>\n<\/ul>\n<p>\u00a0<\/p>\n<p><strong>Skr\u00e6ddersyet funktionalitet og integration<\/strong><\/p>\n<p>3D-printning g\u00f8r det muligt at integrere yderligere komponenter direkte i tastaturet, f.eks:<\/p>\n<ul>\n<li>Sensorer og lysdioder<\/li>\n<li>Kommunikationsmoduler<\/li>\n<li>Ber\u00f8ringsf\u00f8lsomme sk\u00e6rme<\/li>\n<\/ul>\n<p>\u00a0<\/p>\n<p><strong>Forbedret fleksibilitet og holdbarhed<\/strong><\/p>\n<p>3D-printede fleksible membrantastaturer giver enest\u00e5ende fleksibilitet, tilpasser sig buede overflader og tilpasser sig dynamiske milj\u00f8er. De er ogs\u00e5 meget holdbare og kan modst\u00e5 barske forhold og hyppig brug.<\/p>\n<p>\u00a0<\/p>\n<p><strong>Anvendelser<\/strong><\/p>\n<p>3D-printede fleksible membrantastaturer er ideelle til en lang r\u00e6kke anvendelser, bl.a:<\/p>\n<ul>\n<li>Industrielle kontrolpaneler<\/li>\n<li>Medicinsk udstyr<\/li>\n<li>Forbrugerelektronik<\/li>\n<li>B\u00e6rbar teknologi<\/li>\n<li>Bil- og rumfartsapplikationer<\/li>\n<\/ul>\n<p>\u00a0<\/p>\n<p><strong>Tilpassede l\u00f8sninger<\/strong><\/p>\n<p>Vi tilbyder en bred vifte af tilpasningsmuligheder for at opfylde dine specifikke behov, herunder:<\/p>\n<ul>\n<li>Valg af materialer og egenskaber<\/li>\n<li>Pr\u00e6cisionsdesign og fremstilling af prototyper<\/li>\n<li>Integration af elektroniske komponenter<\/li>\n<li>Baggrundsbelysning og belysningsmuligheder<\/li>\n<\/ul>\n<p>\u00a0<\/p>\n<p><strong>Samarbejd med en ekspert i 3D-print og membrantastaturer<\/strong><\/p>\n<p>Med mange \u00e5rs erfaring inden for 3D-print og membrantastaturteknologi er vi din betroede partner til at skabe tilpassede l\u00f8sninger, der opfylder dine n\u00f8jagtige krav. Vores team af eksperter vil guide dig gennem designprocessen og sikre, at du f\u00e5r det perfekte tastatur til din applikation.<\/p>\n<p>\u00a0<\/p>\n<p><a href=\"https:\/\/membraneswitchmfg.com\/da\/contact\/\"><strong>Kontakt os i dag<\/strong>\u00a0<\/a>for at l\u00e6re mere om vores 3D-printede fleksible membrantastaturl\u00f8sninger, og hvordan vi kan hj\u00e6lpe dig med at revolutionere dine brugergr\u00e6nseflader.<\/p>","protected":false},"excerpt":{"rendered":"<p>3D-printede fleksible membrantastaturer repr\u00e6senterer et banebrydende fremskridt inden for brugergr\u00e6nsefladeteknologi og tilbyder en unik blanding af tilpasning, fleksibilitet og holdbarhed. Disse innovative tastaturer er fremstillet ved hj\u00e6lp af avancerede 3D-printteknikker, som g\u00f8r det muligt at skabe komplekse designs og skr\u00e6ddersyede l\u00f8sninger til en lang r\u00e6kke anvendelsesomr\u00e5der.<\/p>","protected":false},"featured_media":1763,"template":"","meta":[],"product_brand":[],"product_cat":[40],"product_tag":[],"class_list":{"0":"post-1787","1":"product","2":"type-product","3":"status-publish","4":"has-post-thumbnail","6":"product_cat-membrane-switch","8":"first","9":"instock","10":"shipping-taxable","11":"product-type-simple"},"_links":{"self":[{"href":"https:\/\/membraneswitchmfg.com\/da\/wp-json\/wp\/v2\/product\/1787","targetHints":{"allow":["GET"]}}],"collection":[{"href":"https:\/\/membraneswitchmfg.com\/da\/wp-json\/wp\/v2\/product"}],"about":[{"href":"https:\/\/membraneswitchmfg.com\/da\/wp-json\/wp\/v2\/types\/product"}],"wp:featuredmedia":[{"embeddable":true,"href":"https:\/\/membraneswitchmfg.com\/da\/wp-json\/wp\/v2\/media\/1763"}],"wp:attachment":[{"href":"https:\/\/membraneswitchmfg.com\/da\/wp-json\/wp\/v2\/media?parent=1787"}],"wp:term":[{"taxonomy":"product_brand","embeddable":true,"href":"https:\/\/membraneswitchmfg.com\/da\/wp-json\/wp\/v2\/product_brand?post=1787"},{"taxonomy":"product_cat","embeddable":true,"href":"https:\/\/membraneswitchmfg.com\/da\/wp-json\/wp\/v2\/product_cat?post=1787"},{"taxonomy":"product_tag","embeddable":true,"href":"https:\/\/membraneswitchmfg.com\/da\/wp-json\/wp\/v2\/product_tag?post=1787"}],"curies":[{"name":"wp","href":"https:\/\/api.w.org\/{rel}","templated":true}]}}