{"id":1788,"date":"2024-06-24T05:57:57","date_gmt":"2024-06-24T05:57:57","guid":{"rendered":"https:\/\/membraneswitchmfg.com\/manufacturer\/digitally-printed-graphics\/"},"modified":"2024-06-25T13:43:13","modified_gmt":"2024-06-25T13:43:13","slug":"digitally-printed-graphics","status":"publish","type":"product","link":"https:\/\/membraneswitchmfg.com\/da\/manufacturer\/digitally-printed-graphics\/","title":{"rendered":"Digitalt trykt grafik"},"content":{"rendered":"<h2><strong><b>Digitalt trykt grafik: Forbedring af membranafbrydere med levende design og holdbarhed<\/b><\/strong><\/h2>\n<p><strong>Slip designkreativiteten l\u00f8s<\/strong><\/p>\n<p>Digitaltryk giver mulighed for at skabe indviklede designs, komplekse m\u00f8nstre og fotorealistiske billeder, som kun er begr\u00e6nset af din fantasi. Det \u00e5bner op for en verden af muligheder for at tilpasse membranafbrydere, s\u00e5 de matcher enhver brandidentitet eller produkt\u00e6stetik.<\/p>\n<ul>\n<li><strong>Indarbejd firmalogoer, branding-elementer og produktgrafik<\/strong><\/li>\n<li><strong>Skab visuelt tiltalende og brugervenlige gr\u00e6nseflader<\/strong><\/li>\n<li><strong>Forbedre produktdifferentiering og brandgenkendelse<\/strong><\/li>\n<\/ul>\n<p><strong>Levende farver og langvarige indtryk<\/strong><\/p>\n<p>Digitaltryk bruger bl\u00e6k af h\u00f8j kvalitet, der giver rige, levende farver, som modst\u00e5r falmning og slid, selv i barske milj\u00f8er. Det sikrer, at dine membrankontakter bevarer deres visuelle appel og effekt i mange \u00e5r fremover.<\/p>\n<ul>\n<li><strong>Skarp og tydelig tekst og symboler<\/strong><\/li>\n<li><strong>Ensartet farvegengivelse p\u00e5 tv\u00e6rs af produktionsk\u00f8rsler<\/strong><\/li>\n<li><strong>Modstandsdygtig over for ridser, kemikalier og UV-str\u00e5ler<\/strong><\/li>\n<\/ul>\n<p><strong>Holdbare og omkostningseffektive l\u00f8sninger<\/strong><\/p>\n<p>Digitalt trykt grafik er ikke kun visuelt imponerende, men ogs\u00e5 meget holdbart og kan modst\u00e5 hyppig brug og skrappe reng\u00f8ringsmidler. Det g\u00f8r dem til en omkostningseffektiv l\u00f8sning til langtidsholdbare membranafbrydere, der bevarer deres udseende og funktionalitet over tid.<\/p>\n<p><strong>Anvendelser<\/strong><\/p>\n<p>Digitalt trykt grafik bruges i vid udstr\u00e6kning i en r\u00e6kke forskellige applikationer, herunder:<\/p>\n<ul>\n<li><strong>Industrielle kontrolpaneler<\/strong><\/li>\n<li><strong>Medicinsk udstyr<\/strong><\/li>\n<li><strong>Forbrugerelektronik<\/strong><\/li>\n<li><strong>Hvidevarer<\/strong><\/li>\n<li><strong>Maskiner og udstyr<\/strong><\/li>\n<\/ul>\n<p><strong>Samarbejd med en erfaren producent af digitalprint og membrankontakter<\/strong><\/p>\n<p>Med mange \u00e5rs ekspertise inden for digitaltryk og membranafbryderteknologi er vi din p\u00e5lidelige kilde til specialtrykte membranafbrydere af h\u00f8j kvalitet. Vores team af eksperter vil arbejde t\u00e6t sammen med dig for at forst\u00e5 dine designkrav og levere den perfekte l\u00f8sning til at forbedre dine produkter.<\/p>\n<p><strong>Kontakt os i dag<\/strong>\u00a0for at f\u00e5 mere at vide om vores muligheder for digitaltryk, og hvordan vi kan hj\u00e6lpe dig med at l\u00f8fte dine membrankontakter med fantastisk grafik og lang holdbarhed.<\/p>","protected":false},"excerpt":{"rendered":"<p>Digitalt trykt grafik har revolutioneret verdenen af membranafbrydere og tilbyder uovertruffen designfleksibilitet, levende farver og enest\u00e5ende holdbarhed. Denne innovative printteknik g\u00f8r det muligt at skabe grafik, logoer og tekster i h\u00f8j opl\u00f8sning, som forvandler almindelige membrankontakter til visuelt tiltalende og informative brugergr\u00e6nseflader.<\/p>","protected":false},"featured_media":1764,"template":"","meta":[],"product_brand":[],"product_cat":[40],"product_tag":[],"class_list":{"0":"post-1788","1":"product","2":"type-product","3":"status-publish","4":"has-post-thumbnail","6":"product_cat-membrane-switch","8":"first","9":"instock","10":"shipping-taxable","11":"product-type-simple"},"_links":{"self":[{"href":"https:\/\/membraneswitchmfg.com\/da\/wp-json\/wp\/v2\/product\/1788","targetHints":{"allow":["GET"]}}],"collection":[{"href":"https:\/\/membraneswitchmfg.com\/da\/wp-json\/wp\/v2\/product"}],"about":[{"href":"https:\/\/membraneswitchmfg.com\/da\/wp-json\/wp\/v2\/types\/product"}],"wp:featuredmedia":[{"embeddable":true,"href":"https:\/\/membraneswitchmfg.com\/da\/wp-json\/wp\/v2\/media\/1764"}],"wp:attachment":[{"href":"https:\/\/membraneswitchmfg.com\/da\/wp-json\/wp\/v2\/media?parent=1788"}],"wp:term":[{"taxonomy":"product_brand","embeddable":true,"href":"https:\/\/membraneswitchmfg.com\/da\/wp-json\/wp\/v2\/product_brand?post=1788"},{"taxonomy":"product_cat","embeddable":true,"href":"https:\/\/membraneswitchmfg.com\/da\/wp-json\/wp\/v2\/product_cat?post=1788"},{"taxonomy":"product_tag","embeddable":true,"href":"https:\/\/membraneswitchmfg.com\/da\/wp-json\/wp\/v2\/product_tag?post=1788"}],"curies":[{"name":"wp","href":"https:\/\/api.w.org\/{rel}","templated":true}]}}