{"id":1789,"date":"2024-06-24T05:57:57","date_gmt":"2024-06-24T05:57:57","guid":{"rendered":"https:\/\/membraneswitchmfg.com\/manufacturer\/screen-printed-graphics\/"},"modified":"2024-06-25T13:37:37","modified_gmt":"2024-06-25T13:37:37","slug":"screen-printed-graphics","status":"publish","type":"product","link":"https:\/\/membraneswitchmfg.com\/da\/manufacturer\/screen-printed-graphics\/","title":{"rendered":"Serigrafisk trykt grafik"},"content":{"rendered":"<h2><strong><b>Serigraferede grafikker: Holdbare og omkostningseffektive l\u00f8sninger til membranomskifteroverlejringer<\/b><\/strong><\/h2>\n<p><strong>Holdbar og langtidsholdbar<\/strong><\/p>\n<p>Serigraferede grafikker er kendt for deres exceptionelle holdbarhed, der modst\u00e5r barske milj\u00f8er, hyppig brug og aggressive reng\u00f8ringsmidler. Bl\u00e6kket h\u00e6fter fast p\u00e5 overlejringsmaterialet og modst\u00e5r falmning, ridser og kemikalier.<\/p>\n<ul>\n<li><strong>Langtidsholdbare farver og legender<\/strong><\/li>\n<li><strong>Velegnet til udend\u00f8rs og industrielle applikationer<\/strong><\/li>\n<li><strong>Modstandsdygtig over for slitage<\/strong><\/li>\n<\/ul>\n<p><strong>Omkostningseffektiv til h\u00f8jvolumenproduktion<\/strong><\/p>\n<p>Serigrafi er s\u00e6rligt omkostningseffektivt til h\u00f8jvolumenproduktion, da ops\u00e6tningsomkostningerne fordeles over et stort antal enheder. Dette g\u00f8r det til et ideelt valg til applikationer, der kr\u00e6ver ensartet branding og et h\u00f8jt niveau af holdbarhed.<\/p>\n<ul>\n<li><strong>Lavere enhedsomkostninger for store ordrer<\/strong><\/li>\n<li><strong>Ensartet kvalitet og udseende<\/strong><\/li>\n<li><strong>Velegnet til masseproduktion<\/strong><\/li>\n<\/ul>\n<p><strong>Alsidighed og designmuligheder<\/strong><\/p>\n<p>Serigrafi kan bruges med en bred vifte af materialer, herunder plast, metaller og tekstiler. Det tilbyder ogs\u00e5 en r\u00e6kke designmuligheder, herunder:<\/p>\n<ul>\n<li><strong>Skarp og tydelig tekst og symboler<\/strong><\/li>\n<li><strong>Levende og ensartede farver<\/strong><\/li>\n<li><strong>Indviklede m\u00f8nstre og teksturer<\/strong><\/li>\n<\/ul>\n<p><strong>Anvendelser<\/strong><\/p>\n<p>Serigraferede grafikker bruges i vid udstr\u00e6kning i en bred vifte af applikationer, herunder:<\/p>\n<ul>\n<li><strong>Membranomskifteroverlejringer<\/strong><\/li>\n<li><strong>Kontrolpaneler<\/strong><\/li>\n<li><strong>Medicinsk udstyr<\/strong><\/li>\n<li><strong>Forbrugerelektronik<\/strong><\/li>\n<li><strong>Hvidevarer<\/strong><\/li>\n<\/ul>\n<p><strong>Samarbejd med en erfaren producent af serigrafi og membranomskiftere<\/strong><\/p>\n<p>Med mange \u00e5rs ekspertise inden for serigrafi og membranomskifterteknologi er vi din betroede kilde til h\u00f8jkvalitets, specialtrykte membranomskifteroverlejringer. Vores team af eksperter vil arbejde t\u00e6t sammen med dig for at sikre, at dine designs reproduceres n\u00f8jagtigt, og at dine membranomskiftere opfylder dine specifikke krav til ydeevne og holdbarhed.<\/p>\n<p><strong>Kontakt os i dag<\/strong>\u00a0for at l\u00e6re mere om vores serigrafifunktioner, og hvordan vi kan hj\u00e6lpe dig med at skabe holdbare og omkostningseffektive membranomskifteroverlejringer.<\/p>","protected":false},"excerpt":{"rendered":"<p>Serigrafisk trykte grafikker tilbyder en gennempr\u00f8vet og omkostningseffektiv metode til at skabe holdbare og visuelt tiltalende overlays til membrankontakter. Denne alsidige trykteknik bruger stencils og bl\u00e6k til at overf\u00f8re designs til en r\u00e6kke forskellige materialer, hvilket sikrer pr\u00e6cise og ensartede resultater.<\/p>","protected":false},"featured_media":1765,"template":"","meta":[],"product_brand":[],"product_cat":[40],"product_tag":[],"class_list":{"0":"post-1789","1":"product","2":"type-product","3":"status-publish","4":"has-post-thumbnail","6":"product_cat-membrane-switch","8":"first","9":"instock","10":"shipping-taxable","11":"product-type-simple"},"_links":{"self":[{"href":"https:\/\/membraneswitchmfg.com\/da\/wp-json\/wp\/v2\/product\/1789","targetHints":{"allow":["GET"]}}],"collection":[{"href":"https:\/\/membraneswitchmfg.com\/da\/wp-json\/wp\/v2\/product"}],"about":[{"href":"https:\/\/membraneswitchmfg.com\/da\/wp-json\/wp\/v2\/types\/product"}],"wp:featuredmedia":[{"embeddable":true,"href":"https:\/\/membraneswitchmfg.com\/da\/wp-json\/wp\/v2\/media\/1765"}],"wp:attachment":[{"href":"https:\/\/membraneswitchmfg.com\/da\/wp-json\/wp\/v2\/media?parent=1789"}],"wp:term":[{"taxonomy":"product_brand","embeddable":true,"href":"https:\/\/membraneswitchmfg.com\/da\/wp-json\/wp\/v2\/product_brand?post=1789"},{"taxonomy":"product_cat","embeddable":true,"href":"https:\/\/membraneswitchmfg.com\/da\/wp-json\/wp\/v2\/product_cat?post=1789"},{"taxonomy":"product_tag","embeddable":true,"href":"https:\/\/membraneswitchmfg.com\/da\/wp-json\/wp\/v2\/product_tag?post=1789"}],"curies":[{"name":"wp","href":"https:\/\/api.w.org\/{rel}","templated":true}]}}